{"id":10200,"date":"2011-12-07T13:54:11","date_gmt":"2011-12-07T13:54:11","guid":{"rendered":"http:\/\/devweb.rjrinnovations.com\/soutien\/"},"modified":"2016-10-13T10:18:55","modified_gmt":"2016-10-13T14:18:55","slug":"soutien","status":"publish","type":"page","link":"https:\/\/www.rjrinnovations.com\/fr\/soutien\/","title":{"rendered":"Soutien"},"content":{"rendered":"<div class=\"fusion-fullwidth fullwidth-box fusion-builder-row-1 hundred-percent-fullwidth non-hundred-percent-height-scrolling\" style=\"--awb-border-radius-top-left:0px;--awb-border-radius-top-right:0px;--awb-border-radius-bottom-right:0px;--awb-border-radius-bottom-left:0px;--awb-overflow:visible;--awb-padding-right:20px;--awb-padding-left:20px;--awb-flex-wrap:wrap;\" ><div class=\"fusion-builder-row fusion-row\"><div class=\"fusion-layout-column fusion_builder_column fusion-builder-column-0 fusion_builder_column_1_5 1_5 fusion-one-fifth fusion-column-first\" style=\"--awb-bg-size:cover;width:16.8%; margin-right: 4%;\"><div class=\"fusion-column-wrapper fusion-flex-column-wrapper-legacy\"><div class=\"fusion-text fusion-text-1\"><p><a href=\"\/fr\/soutien\/support-a-valeur-ajoutee\/\"><img decoding=\"async\" class=\"lazyload aligncenter wp-image-13702\" src=\"http:\/\/www.rjrinnovations.com\/wp-content\/uploads\/2011\/12\/Value-Added-Supprt-FR1.jpg\" data-orig-src=\"http:\/\/www.rjrinnovations.com\/wp-content\/uploads\/2011\/12\/Value-Added-Supprt-FR1.jpg\" alt=\"\" width=\"300\" height=\"263\" srcset=\"data:image\/svg+xml,%3Csvg%20xmlns%3D%27http%3A%2F%2Fwww.w3.org%2F2000%2Fsvg%27%20width%3D%27300%27%20height%3D%27263%27%20viewBox%3D%270%200%20300%20263%27%3E%3Crect%20width%3D%27300%27%20height%3D%27263%27%20fill-opacity%3D%220%22%2F%3E%3C%2Fsvg%3E\" data-srcset=\"https:\/\/www.rjrinnovations.com\/wp-content\/uploads\/2011\/12\/Value-Added-Supprt-FR1-150x131.jpg 150w, https:\/\/www.rjrinnovations.com\/wp-content\/uploads\/2011\/12\/Value-Added-Supprt-FR1-200x175.jpg 200w, https:\/\/www.rjrinnovations.com\/wp-content\/uploads\/2011\/12\/Value-Added-Supprt-FR1.jpg 800w\" data-sizes=\"auto\" data-orig-sizes=\"(max-width: 300px) 100vw, 300px\" \/><\/a><\/p>\n<\/div><div class=\"fusion-clearfix\"><\/div><\/div><\/div><div class=\"fusion-layout-column fusion_builder_column fusion-builder-column-1 fusion_builder_column_1_5 1_5 fusion-one-fifth\" style=\"--awb-bg-size:cover;width:16.8%; margin-right: 4%;\"><div class=\"fusion-column-wrapper fusion-flex-column-wrapper-legacy\"><div class=\"fusion-text fusion-text-2\"><p><a href=\"\/fr\/soutien\/support-de-niveau-1\/\"><img decoding=\"async\" class=\"lazyload aligncenter wp-image-13697\" src=\"http:\/\/www.rjrinnovations.com\/wp-content\/uploads\/2011\/12\/Level1FR.jpg\" data-orig-src=\"http:\/\/www.rjrinnovations.com\/wp-content\/uploads\/2011\/12\/Level1FR.jpg\" alt=\"Level1FR\" width=\"300\" height=\"263\" srcset=\"data:image\/svg+xml,%3Csvg%20xmlns%3D%27http%3A%2F%2Fwww.w3.org%2F2000%2Fsvg%27%20width%3D%27300%27%20height%3D%27263%27%20viewBox%3D%270%200%20300%20263%27%3E%3Crect%20width%3D%27300%27%20height%3D%27263%27%20fill-opacity%3D%220%22%2F%3E%3C%2Fsvg%3E\" data-srcset=\"https:\/\/www.rjrinnovations.com\/wp-content\/uploads\/2011\/12\/Level1FR-150x131.jpg 150w, https:\/\/www.rjrinnovations.com\/wp-content\/uploads\/2011\/12\/Level1FR-200x175.jpg 200w, https:\/\/www.rjrinnovations.com\/wp-content\/uploads\/2011\/12\/Level1FR.jpg 800w\" data-sizes=\"auto\" data-orig-sizes=\"(max-width: 300px) 100vw, 300px\" \/><\/a><\/p>\n<\/div><div class=\"fusion-clearfix\"><\/div><\/div><\/div><div class=\"fusion-layout-column fusion_builder_column fusion-builder-column-2 fusion_builder_column_1_5 1_5 fusion-one-fifth\" style=\"--awb-bg-size:cover;width:16.8%; margin-right: 4%;\"><div class=\"fusion-column-wrapper fusion-flex-column-wrapper-legacy\"><div class=\"fusion-text fusion-text-3\"><p><a href=\"\/fr\/soutien\/support-etendu\/\"><img decoding=\"async\" class=\"lazyload aligncenter wp-image-13699\" src=\"http:\/\/www.rjrinnovations.com\/wp-content\/uploads\/2011\/12\/XSupportFR.jpg\" data-orig-src=\"http:\/\/www.rjrinnovations.com\/wp-content\/uploads\/2011\/12\/XSupportFR.jpg\" alt=\"XSupportFR\" width=\"300\" height=\"263\" srcset=\"data:image\/svg+xml,%3Csvg%20xmlns%3D%27http%3A%2F%2Fwww.w3.org%2F2000%2Fsvg%27%20width%3D%27300%27%20height%3D%27263%27%20viewBox%3D%270%200%20300%20263%27%3E%3Crect%20width%3D%27300%27%20height%3D%27263%27%20fill-opacity%3D%220%22%2F%3E%3C%2Fsvg%3E\" data-srcset=\"https:\/\/www.rjrinnovations.com\/wp-content\/uploads\/2011\/12\/XSupportFR-150x131.jpg 150w, https:\/\/www.rjrinnovations.com\/wp-content\/uploads\/2011\/12\/XSupportFR-200x175.jpg 200w, https:\/\/www.rjrinnovations.com\/wp-content\/uploads\/2011\/12\/XSupportFR.jpg 800w\" data-sizes=\"auto\" data-orig-sizes=\"(max-width: 300px) 100vw, 300px\" \/><\/a><\/p>\n<\/div><div class=\"fusion-clearfix\"><\/div><\/div><\/div><div class=\"fusion-layout-column fusion_builder_column fusion-builder-column-3 fusion_builder_column_1_5 1_5 fusion-one-fifth\" style=\"--awb-bg-size:cover;width:16.8%; margin-right: 4%;\"><div class=\"fusion-column-wrapper fusion-flex-column-wrapper-legacy\"><div class=\"fusion-text fusion-text-4\"><p><a href=\"\/fr\/services\/services-geres\/\"><img decoding=\"async\" class=\"lazyload aligncenter wp-image-13704\" src=\"http:\/\/www.rjrinnovations.com\/wp-content\/uploads\/2011\/12\/MSFR.jpg\" data-orig-src=\"http:\/\/www.rjrinnovations.com\/wp-content\/uploads\/2011\/12\/MSFR.jpg\" alt=\"\" width=\"300\" height=\"263\" srcset=\"data:image\/svg+xml,%3Csvg%20xmlns%3D%27http%3A%2F%2Fwww.w3.org%2F2000%2Fsvg%27%20width%3D%27300%27%20height%3D%27263%27%20viewBox%3D%270%200%20300%20263%27%3E%3Crect%20width%3D%27300%27%20height%3D%27263%27%20fill-opacity%3D%220%22%2F%3E%3C%2Fsvg%3E\" data-srcset=\"https:\/\/www.rjrinnovations.com\/wp-content\/uploads\/2011\/12\/MSFR-150x131.jpg 150w, https:\/\/www.rjrinnovations.com\/wp-content\/uploads\/2011\/12\/MSFR-200x175.jpg 200w, https:\/\/www.rjrinnovations.com\/wp-content\/uploads\/2011\/12\/MSFR.jpg 800w\" data-sizes=\"auto\" data-orig-sizes=\"(max-width: 300px) 100vw, 300px\" \/><\/a><\/p>\n<\/div><div class=\"fusion-clearfix\"><\/div><\/div><\/div><div class=\"fusion-layout-column fusion_builder_column fusion-builder-column-4 fusion_builder_column_1_5 1_5 fusion-one-fifth fusion-column-last\" style=\"--awb-bg-size:cover;width:16.8%;\"><div class=\"fusion-column-wrapper fusion-flex-column-wrapper-legacy\"><div class=\"fusion-text fusion-text-5\"><p><a href=\"\/fr\/soutien\/support-durgence-sur-site\/\"><img decoding=\"async\" class=\"lazyload aligncenter wp-image-13706\" src=\"http:\/\/www.rjrinnovations.com\/wp-content\/uploads\/2011\/12\/Emergency.jpg\" data-orig-src=\"http:\/\/www.rjrinnovations.com\/wp-content\/uploads\/2011\/12\/Emergency.jpg\" alt=\"Emergency\" width=\"300\" height=\"263\" srcset=\"data:image\/svg+xml,%3Csvg%20xmlns%3D%27http%3A%2F%2Fwww.w3.org%2F2000%2Fsvg%27%20width%3D%27300%27%20height%3D%27263%27%20viewBox%3D%270%200%20300%20263%27%3E%3Crect%20width%3D%27300%27%20height%3D%27263%27%20fill-opacity%3D%220%22%2F%3E%3C%2Fsvg%3E\" data-srcset=\"https:\/\/www.rjrinnovations.com\/wp-content\/uploads\/2011\/12\/Emergency-150x131.jpg 150w, https:\/\/www.rjrinnovations.com\/wp-content\/uploads\/2011\/12\/Emergency-200x175.jpg 200w, https:\/\/www.rjrinnovations.com\/wp-content\/uploads\/2011\/12\/Emergency.jpg 800w\" data-sizes=\"auto\" data-orig-sizes=\"(max-width: 300px) 100vw, 300px\" \/><\/a><\/p>\n<\/div><div class=\"fusion-clearfix\"><\/div><\/div><\/div><div class=\"fusion-layout-column fusion_builder_column fusion-builder-column-5 fusion_builder_column_1_4 1_4 fusion-one-fourth fusion-column-first\" style=\"--awb-bg-size:cover;width:22%; margin-right: 4%;\"><div class=\"fusion-column-wrapper fusion-flex-column-wrapper-legacy\"><div class=\"fusion-clearfix\"><\/div><\/div><\/div><div class=\"fusion-layout-column fusion_builder_column fusion-builder-column-6 fusion_builder_column_1_2 1_2 fusion-one-half\" style=\"--awb-bg-size:cover;width:48%; margin-right: 4%;\"><div class=\"fusion-column-wrapper fusion-flex-column-wrapper-legacy\"><div class=\"fusion-text fusion-text-6\"><p>RJR Innovations fournit des services de soutien de haute qualit\u00e9 qui r\u00e9pondent \u00e0 tous les aspects de vos besoins en mati\u00e8re de cycle de vie pour vos\u00a0applications\u00a0logicielles. Avec RJR, vous jumelez votre\u00a0logiciel\u00a0avec un acc\u00e8s \u00e0 des services et\u00a0soutien reconnus parmi les meilleurs\u00a0dans le domaine.<\/p>\n<p>RJR offre une vaste gamme de services \u2013 d&#8217;un soutien auto-r\u00e9soudre en ligne \u00e0 des services proactifs de support \u00e9tendu &#8211;\u00a0vous permettant\u00a0de choisir les services qui r\u00e9pondent les mieux \u00e0 vos besoins d&#8217;affaires.<\/p>\n<\/div><div class=\"fusion-clearfix\"><\/div><\/div><\/div><div class=\"fusion-layout-column fusion_builder_column fusion-builder-column-7 fusion_builder_column_1_4 1_4 fusion-one-fourth fusion-column-last\" style=\"--awb-bg-size:cover;width:22%;\"><div class=\"fusion-column-wrapper fusion-flex-column-wrapper-legacy\"><div class=\"fusion-clearfix\"><\/div><\/div><\/div><\/div><\/div>\n","protected":false},"excerpt":{"rendered":"","protected":false},"author":26,"featured_media":0,"parent":0,"menu_order":0,"comment_status":"closed","ping_status":"open","template":"100-width.php","meta":{"footnotes":""},"class_list":["post-10200","page","type-page","status-publish","hentry"],"yoast_head":"<!-- This site is optimized with the Yoast SEO plugin v27.3 - https:\/\/yoast.com\/product\/yoast-seo-wordpress\/ -->\n<title>Support Solutions - RJR Innovations<\/title>\n<meta name=\"description\" content=\"RJR Innovations provides high quality Support Services that address all aspects of your software application life-cycle needs\" \/>\n<meta name=\"robots\" content=\"index, follow, max-snippet:-1, max-image-preview:large, max-video-preview:-1\" \/>\n<link rel=\"canonical\" href=\"https:\/\/www.rjrinnovations.com\/fr\/soutien\/\" \/>\n<meta property=\"og:locale\" content=\"fr_FR\" \/>\n<meta property=\"og:type\" content=\"article\" \/>\n<meta property=\"og:title\" content=\"Support Solutions - RJR Innovations\" \/>\n<meta property=\"og:description\" content=\"RJR Innovations provides high quality Support Services that address all aspects of your software application life-cycle needs\" \/>\n<meta property=\"og:url\" content=\"https:\/\/www.rjrinnovations.com\/fr\/soutien\/\" \/>\n<meta property=\"og:site_name\" content=\"RJR Innovations\" \/>\n<meta property=\"article:publisher\" content=\"https:\/\/www.facebook.com\/RJR-Innovations-107107129324171\/\" \/>\n<meta property=\"article:modified_time\" content=\"2016-10-13T14:18:55+00:00\" \/>\n<meta property=\"og:image\" content=\"https:\/\/www.rjrinnovations.com\/wp-content\/uploads\/2011\/12\/Value-Added-Supprt-FR1.jpg\" \/>\n\t<meta property=\"og:image:width\" content=\"800\" \/>\n\t<meta property=\"og:image:height\" content=\"700\" \/>\n\t<meta property=\"og:image:type\" content=\"image\/jpeg\" \/>\n<meta name=\"twitter:card\" content=\"summary_large_image\" \/>\n<meta name=\"twitter:site\" content=\"@RJRInnovations\" \/>\n<script type=\"application\/ld+json\" class=\"yoast-schema-graph\">{\"@context\":\"https:\\\/\\\/schema.org\",\"@graph\":[{\"@type\":\"WebPage\",\"@id\":\"https:\\\/\\\/www.rjrinnovations.com\\\/fr\\\/soutien\\\/\",\"url\":\"https:\\\/\\\/www.rjrinnovations.com\\\/fr\\\/soutien\\\/\",\"name\":\"Support Solutions - RJR Innovations\",\"isPartOf\":{\"@id\":\"https:\\\/\\\/www.rjrinnovations.com\\\/#website\"},\"primaryImageOfPage\":{\"@id\":\"https:\\\/\\\/www.rjrinnovations.com\\\/fr\\\/soutien\\\/#primaryimage\"},\"image\":{\"@id\":\"https:\\\/\\\/www.rjrinnovations.com\\\/fr\\\/soutien\\\/#primaryimage\"},\"thumbnailUrl\":\"http:\\\/\\\/www.rjrinnovations.com\\\/wp-content\\\/uploads\\\/2011\\\/12\\\/Value-Added-Supprt-FR1.jpg\",\"datePublished\":\"2011-12-07T13:54:11+00:00\",\"dateModified\":\"2016-10-13T14:18:55+00:00\",\"description\":\"RJR Innovations provides high quality Support Services that address all aspects of your software application life-cycle needs\",\"breadcrumb\":{\"@id\":\"https:\\\/\\\/www.rjrinnovations.com\\\/fr\\\/soutien\\\/#breadcrumb\"},\"inLanguage\":\"fr-FR\",\"potentialAction\":[{\"@type\":\"ReadAction\",\"target\":[\"https:\\\/\\\/www.rjrinnovations.com\\\/fr\\\/soutien\\\/\"]}]},{\"@type\":\"ImageObject\",\"inLanguage\":\"fr-FR\",\"@id\":\"https:\\\/\\\/www.rjrinnovations.com\\\/fr\\\/soutien\\\/#primaryimage\",\"url\":\"http:\\\/\\\/www.rjrinnovations.com\\\/wp-content\\\/uploads\\\/2011\\\/12\\\/Value-Added-Supprt-FR1.jpg\",\"contentUrl\":\"http:\\\/\\\/www.rjrinnovations.com\\\/wp-content\\\/uploads\\\/2011\\\/12\\\/Value-Added-Supprt-FR1.jpg\"},{\"@type\":\"BreadcrumbList\",\"@id\":\"https:\\\/\\\/www.rjrinnovations.com\\\/fr\\\/soutien\\\/#breadcrumb\",\"itemListElement\":[{\"@type\":\"ListItem\",\"position\":1,\"name\":\"Home\",\"item\":\"https:\\\/\\\/www.rjrinnovations.com\\\/fr\\\/\"},{\"@type\":\"ListItem\",\"position\":2,\"name\":\"Soutien\"}]},{\"@type\":\"WebSite\",\"@id\":\"https:\\\/\\\/www.rjrinnovations.com\\\/#website\",\"url\":\"https:\\\/\\\/www.rjrinnovations.com\\\/\",\"name\":\"RJR Innovations\",\"description\":\"Connect your business... All of IT\",\"publisher\":{\"@id\":\"https:\\\/\\\/www.rjrinnovations.com\\\/#organization\"},\"potentialAction\":[{\"@type\":\"SearchAction\",\"target\":{\"@type\":\"EntryPoint\",\"urlTemplate\":\"https:\\\/\\\/www.rjrinnovations.com\\\/?s={search_term_string}\"},\"query-input\":{\"@type\":\"PropertyValueSpecification\",\"valueRequired\":true,\"valueName\":\"search_term_string\"}}],\"inLanguage\":\"fr-FR\"},{\"@type\":\"Organization\",\"@id\":\"https:\\\/\\\/www.rjrinnovations.com\\\/#organization\",\"name\":\"RJR Innovations\",\"url\":\"https:\\\/\\\/www.rjrinnovations.com\\\/\",\"logo\":{\"@type\":\"ImageObject\",\"inLanguage\":\"fr-FR\",\"@id\":\"https:\\\/\\\/www.rjrinnovations.com\\\/#\\\/schema\\\/logo\\\/image\\\/\",\"url\":\"https:\\\/\\\/www.rjrinnovations.com\\\/wp-content\\\/uploads\\\/2015\\\/07\\\/RJR_Logo_Blue_Text_400x263.png\",\"contentUrl\":\"https:\\\/\\\/www.rjrinnovations.com\\\/wp-content\\\/uploads\\\/2015\\\/07\\\/RJR_Logo_Blue_Text_400x263.png\",\"width\":400,\"height\":237,\"caption\":\"RJR Innovations\"},\"image\":{\"@id\":\"https:\\\/\\\/www.rjrinnovations.com\\\/#\\\/schema\\\/logo\\\/image\\\/\"},\"sameAs\":[\"https:\\\/\\\/www.facebook.com\\\/RJR-Innovations-107107129324171\\\/\",\"https:\\\/\\\/x.com\\\/RJRInnovations\",\"https:\\\/\\\/www.linkedin.com\\\/company\\\/rjr-innovations\",\"https:\\\/\\\/www.youtube.com\\\/user\\\/RJRInnovations\"]}]}<\/script>\n<!-- \/ Yoast SEO plugin. -->","yoast_head_json":{"title":"Support Solutions - RJR Innovations","description":"RJR Innovations provides high quality Support Services that address all aspects of your software application life-cycle needs","robots":{"index":"index","follow":"follow","max-snippet":"max-snippet:-1","max-image-preview":"max-image-preview:large","max-video-preview":"max-video-preview:-1"},"canonical":"https:\/\/www.rjrinnovations.com\/fr\/soutien\/","og_locale":"fr_FR","og_type":"article","og_title":"Support Solutions - RJR Innovations","og_description":"RJR Innovations provides high quality Support Services that address all aspects of your software application life-cycle needs","og_url":"https:\/\/www.rjrinnovations.com\/fr\/soutien\/","og_site_name":"RJR Innovations","article_publisher":"https:\/\/www.facebook.com\/RJR-Innovations-107107129324171\/","article_modified_time":"2016-10-13T14:18:55+00:00","og_image":[{"width":800,"height":700,"url":"https:\/\/www.rjrinnovations.com\/wp-content\/uploads\/2011\/12\/Value-Added-Supprt-FR1.jpg","type":"image\/jpeg"}],"twitter_card":"summary_large_image","twitter_site":"@RJRInnovations","schema":{"@context":"https:\/\/schema.org","@graph":[{"@type":"WebPage","@id":"https:\/\/www.rjrinnovations.com\/fr\/soutien\/","url":"https:\/\/www.rjrinnovations.com\/fr\/soutien\/","name":"Support Solutions - RJR Innovations","isPartOf":{"@id":"https:\/\/www.rjrinnovations.com\/#website"},"primaryImageOfPage":{"@id":"https:\/\/www.rjrinnovations.com\/fr\/soutien\/#primaryimage"},"image":{"@id":"https:\/\/www.rjrinnovations.com\/fr\/soutien\/#primaryimage"},"thumbnailUrl":"http:\/\/www.rjrinnovations.com\/wp-content\/uploads\/2011\/12\/Value-Added-Supprt-FR1.jpg","datePublished":"2011-12-07T13:54:11+00:00","dateModified":"2016-10-13T14:18:55+00:00","description":"RJR Innovations provides high quality Support Services that address all aspects of your software application life-cycle needs","breadcrumb":{"@id":"https:\/\/www.rjrinnovations.com\/fr\/soutien\/#breadcrumb"},"inLanguage":"fr-FR","potentialAction":[{"@type":"ReadAction","target":["https:\/\/www.rjrinnovations.com\/fr\/soutien\/"]}]},{"@type":"ImageObject","inLanguage":"fr-FR","@id":"https:\/\/www.rjrinnovations.com\/fr\/soutien\/#primaryimage","url":"http:\/\/www.rjrinnovations.com\/wp-content\/uploads\/2011\/12\/Value-Added-Supprt-FR1.jpg","contentUrl":"http:\/\/www.rjrinnovations.com\/wp-content\/uploads\/2011\/12\/Value-Added-Supprt-FR1.jpg"},{"@type":"BreadcrumbList","@id":"https:\/\/www.rjrinnovations.com\/fr\/soutien\/#breadcrumb","itemListElement":[{"@type":"ListItem","position":1,"name":"Home","item":"https:\/\/www.rjrinnovations.com\/fr\/"},{"@type":"ListItem","position":2,"name":"Soutien"}]},{"@type":"WebSite","@id":"https:\/\/www.rjrinnovations.com\/#website","url":"https:\/\/www.rjrinnovations.com\/","name":"RJR Innovations","description":"Connect your business... All of IT","publisher":{"@id":"https:\/\/www.rjrinnovations.com\/#organization"},"potentialAction":[{"@type":"SearchAction","target":{"@type":"EntryPoint","urlTemplate":"https:\/\/www.rjrinnovations.com\/?s={search_term_string}"},"query-input":{"@type":"PropertyValueSpecification","valueRequired":true,"valueName":"search_term_string"}}],"inLanguage":"fr-FR"},{"@type":"Organization","@id":"https:\/\/www.rjrinnovations.com\/#organization","name":"RJR Innovations","url":"https:\/\/www.rjrinnovations.com\/","logo":{"@type":"ImageObject","inLanguage":"fr-FR","@id":"https:\/\/www.rjrinnovations.com\/#\/schema\/logo\/image\/","url":"https:\/\/www.rjrinnovations.com\/wp-content\/uploads\/2015\/07\/RJR_Logo_Blue_Text_400x263.png","contentUrl":"https:\/\/www.rjrinnovations.com\/wp-content\/uploads\/2015\/07\/RJR_Logo_Blue_Text_400x263.png","width":400,"height":237,"caption":"RJR Innovations"},"image":{"@id":"https:\/\/www.rjrinnovations.com\/#\/schema\/logo\/image\/"},"sameAs":["https:\/\/www.facebook.com\/RJR-Innovations-107107129324171\/","https:\/\/x.com\/RJRInnovations","https:\/\/www.linkedin.com\/company\/rjr-innovations","https:\/\/www.youtube.com\/user\/RJRInnovations"]}]}},"_links":{"self":[{"href":"https:\/\/www.rjrinnovations.com\/fr\/wp-json\/wp\/v2\/pages\/10200","targetHints":{"allow":["GET"]}}],"collection":[{"href":"https:\/\/www.rjrinnovations.com\/fr\/wp-json\/wp\/v2\/pages"}],"about":[{"href":"https:\/\/www.rjrinnovations.com\/fr\/wp-json\/wp\/v2\/types\/page"}],"author":[{"embeddable":true,"href":"https:\/\/www.rjrinnovations.com\/fr\/wp-json\/wp\/v2\/users\/26"}],"replies":[{"embeddable":true,"href":"https:\/\/www.rjrinnovations.com\/fr\/wp-json\/wp\/v2\/comments?post=10200"}],"version-history":[{"count":0,"href":"https:\/\/www.rjrinnovations.com\/fr\/wp-json\/wp\/v2\/pages\/10200\/revisions"}],"wp:attachment":[{"href":"https:\/\/www.rjrinnovations.com\/fr\/wp-json\/wp\/v2\/media?parent=10200"}],"curies":[{"name":"wp","href":"https:\/\/api.w.org\/{rel}","templated":true}]}}