{"id":10208,"date":"2012-03-19T05:14:58","date_gmt":"2012-03-19T08:44:58","guid":{"rendered":"http:\/\/devweb.rjrinnovations.com\/strategie-de-gestion-des-actifs\/"},"modified":"2020-08-07T09:46:29","modified_gmt":"2020-08-07T13:46:29","slug":"strategie-de-gestion-des-actifs","status":"publish","type":"page","link":"https:\/\/www.rjrinnovations.com\/fr\/solutions\/strategie-de-gestion-des-actifs\/","title":{"rendered":"Strat\u00e9gie de gestion des actifs"},"content":{"rendered":"<div class=\"fusion-fullwidth fullwidth-box fusion-builder-row-1 hundred-percent-fullwidth non-hundred-percent-height-scrolling\" style=\"--awb-border-radius-top-left:0px;--awb-border-radius-top-right:0px;--awb-border-radius-bottom-right:0px;--awb-border-radius-bottom-left:0px;--awb-overflow:visible;--awb-flex-wrap:wrap;\" ><div class=\"fusion-builder-row fusion-row\"><div class=\"fusion-layout-column fusion_builder_column fusion-builder-column-0 fusion_builder_column_1_1 1_1 fusion-one-full fusion-column-first fusion-column-last fusion-column-no-min-height\" style=\"--awb-bg-size:cover;--awb-margin-top:0px;--awb-margin-bottom:0px;\"><div class=\"fusion-column-wrapper fusion-flex-column-wrapper-legacy\"><div class=\"fusion-text fusion-text-1\"><h1>Gestion des actifs<\/h1>\n<p><img decoding=\"async\" class=\"lazyload wp-image-37537 size-full alignleft\" src=\"https:\/\/rjrinnovations.com\/wp-content\/uploads\/2020\/08\/pexels-anthony-shkraba-4348401.jpg\" data-orig-src=\"https:\/\/rjrinnovations.com\/wp-content\/uploads\/2020\/08\/pexels-anthony-shkraba-4348401.jpg\" alt=\"\" width=\"300\" height=\"201\" srcset=\"data:image\/svg+xml,%3Csvg%20xmlns%3D%27http%3A%2F%2Fwww.w3.org%2F2000%2Fsvg%27%20width%3D%27300%27%20height%3D%27201%27%20viewBox%3D%270%200%20300%20201%27%3E%3Crect%20width%3D%27300%27%20height%3D%27201%27%20fill-opacity%3D%220%22%2F%3E%3C%2Fsvg%3E\" data-srcset=\"https:\/\/www.rjrinnovations.com\/wp-content\/uploads\/2020\/08\/pexels-anthony-shkraba-4348401-150x101.jpg 150w, https:\/\/www.rjrinnovations.com\/wp-content\/uploads\/2020\/08\/pexels-anthony-shkraba-4348401-200x134.jpg 200w, https:\/\/www.rjrinnovations.com\/wp-content\/uploads\/2020\/08\/pexels-anthony-shkraba-4348401.jpg 300w\" data-sizes=\"auto\" data-orig-sizes=\"(max-width: 300px) 100vw, 300px\" \/><\/p>\n<div id=\"id1\">\n<p>Au sein du syst\u00e8me Information Technology Infrastructure Library (ITIL), la gestion des actifs devient beaucoup plus importante. Les biens couverts par la gestion des actifs sont contr\u00f4l\u00e9s par la gestion de configuration qui identifie aussi la nature et l\u2019importance des relations entre les biens\u2014en d\u2019autres termes, les \u00e9l\u00e9ments de configuration (\u00c9C).<\/p>\n<p>La gestion des actifs est la cl\u00e9 pour \u00e9tablir et conserver de meilleures pratiques, am\u00e9liorer les niveaux de services pour les biens et g\u00e9rer le risque de service et les ressources TI de fa\u00e7on efficace et \u00e9conomique.<\/p>\n<\/div>\n<\/div><div class=\"fusion-text fusion-text-2\"><h3>Produits connexes<\/h3>\n<p>\u2022 \u00a0 \u00a0\u00a0<a href=\"\/fr\/produits\/bmc\/\" target=\"_blank\" rel=\"noopener noreferrer\">BMC Client Management<\/a><br \/>\n\u2022 \u00a0 \u00a0\u00a0Remedy CMDB<br \/>\n\u2022 \u00a0 \u00a0\u00a0Remedy Asset Management<\/p>\n<\/div><div class=\"fusion-clearfix\"><\/div><\/div><\/div><div class=\"fusion-layout-column fusion_builder_column fusion-builder-column-1 fusion_builder_column_1_1 1_1 fusion-one-full fusion-column-first fusion-column-last fusion-column-no-min-height\" style=\"--awb-bg-size:cover;--awb-margin-top:0px;--awb-margin-bottom:0px;\"><div class=\"fusion-column-wrapper fusion-flex-column-wrapper-legacy\"><div class=\"accordian fusion-accordian\" style=\"--awb-border-size:1px;--awb-icon-size:13px;--awb-content-font-size:16px;--awb-icon-alignment:left;--awb-hover-color:#f9f9f9;--awb-border-color:#cccccc;--awb-background-color:#ffffff;--awb-divider-color:#e3e3e3;--awb-divider-hover-color:#e3e3e3;--awb-icon-color:#ffffff;--awb-title-color:#ff8800;--awb-content-color:#4c4c4c;--awb-icon-box-color:#fdbc16;--awb-toggle-hover-accent-color:#0a162f;--awb-title-font-family:&quot;Open Sans&quot;;--awb-title-font-weight:600;--awb-title-font-style:normal;--awb-title-font-size:17px;--awb-content-font-family:&quot;Open Sans&quot;;--awb-content-font-style:normal;--awb-content-font-weight:400;\"><div class=\"panel-group fusion-toggle-icon-boxed\" id=\"accordion-10208-1\"><div class=\"fusion-panel panel-default panel-a06dbf5dce935ec63 fusion-toggle-has-divider\"><div class=\"panel-heading\"><h4 class=\"panel-title toggle\" id=\"toggle_a06dbf5dce935ec63\"><a aria-expanded=\"false\" aria-controls=\"a06dbf5dce935ec63\" role=\"button\" data-toggle=\"collapse\" data-parent=\"#accordion-10208-1\" data-target=\"#a06dbf5dce935ec63\" href=\"#a06dbf5dce935ec63\"><span class=\"fusion-toggle-icon-wrapper\" aria-hidden=\"true\"><i class=\"fa-fusion-box active-icon awb-icon-minus\" aria-hidden=\"true\"><\/i><i class=\"fa-fusion-box inactive-icon awb-icon-plus\" aria-hidden=\"true\"><\/i><\/span><span class=\"fusion-toggle-heading\">Pour en savoir plus<\/span><\/a><\/h4><\/div><div id=\"a06dbf5dce935ec63\" class=\"panel-collapse collapse \" aria-labelledby=\"toggle_a06dbf5dce935ec63\"><div class=\"panel-body toggle-content fusion-clearfix\">Une bonne strat\u00e9gie de gestion des actifs peut facilement g\u00e9rer les biens de votre entreprise, suivre leur emplacement, leur affectation et les co\u00fbts qui leur sont reli\u00e9s. L\u2019aspect le plus difficile de la gestion des actifs est de conserver la base de donn\u00e9es \u00e0 jour.<\/p>\n<p>L\u2019utilisation d\u2019une solution de codes \u00e0 barres ou d\u2019identification par radiofr\u00e9quence (RFID) pour aider au processus d\u2019affectation et de r\u00e9affectation assure que la base de donn\u00e9es est gard\u00e9e \u00e0 jour. Elle permet aussi d\u2019\u00e9viter une op\u00e9ration annuelle on\u00e9reuse de rapprochement d\u2019inventaire, \u00e9pargnant du temps et de l\u2019argent et augmentant votre productivit\u00e9. RJR offre une approche compl\u00e8te pour faciliter le contr\u00f4le et les \u00e9conomies de co\u00fbts en g\u00e9rant le cycle de vie de vos biens de TI. La strat\u00e9gie de gestion des actifs RJR prend en compte les aspects physiques, financiers et contractuels de tous les biens TI tout au long de leur vie.<\/p>\n<p>La gestion des actifs est l\u2019une des composantes de bases pour aider les organisations \u00e0 atteindre la maturit\u00e9 de la gestion du service TI. Lorsque vous mettez en oeuvre un processus de gestion des biens, vous obtenez une meilleure compr\u00e9hension des biens de votre infrastructure ce qui am\u00e9liore votre capacit\u00e9 \u00e0 offrir des processus de gestion du service TI et \u00e0 mieux g\u00e9rer le risque et les ressources TI. Les organisations qui disposent d\u2019un processus de gestion des actifs peuvent rapidement am\u00e9liorer ce processus en un processus de gestion de la configuration, ce qui accro\u00eet la capacit\u00e9 de la TI afin de r\u00e9pondre aux besoins de l\u2019entreprise et d\u2019offrir une valeur d\u2019affaires.<\/div><\/div><\/div><\/div><\/div><div class=\"fusion-text fusion-text-3\"><\/div><div class=\"fusion-clearfix\"><\/div><\/div><\/div><\/div><\/div>\n","protected":false},"excerpt":{"rendered":"","protected":false},"author":26,"featured_media":0,"parent":10192,"menu_order":0,"comment_status":"closed","ping_status":"closed","template":"","meta":{"footnotes":""},"class_list":["post-10208","page","type-page","status-publish","hentry"],"yoast_head":"<!-- This site is optimized with the Yoast SEO plugin v27.3 - https:\/\/yoast.com\/product\/yoast-seo-wordpress\/ -->\n<title>Strat\u00e9gie de gestion des actifs<\/title>\n<meta name=\"description\" content=\"Asset Management is key to establishing and maintaining best practices, improving asset service levels and managing service risk and IT resources.\" \/>\n<meta name=\"robots\" content=\"index, follow, max-snippet:-1, max-image-preview:large, max-video-preview:-1\" \/>\n<link rel=\"canonical\" href=\"https:\/\/www.rjrinnovations.com\/fr\/solutions\/strategie-de-gestion-des-actifs\/\" \/>\n<meta property=\"og:locale\" content=\"fr_FR\" \/>\n<meta property=\"og:type\" content=\"article\" \/>\n<meta property=\"og:title\" content=\"Strat\u00e9gie de gestion des actifs\" \/>\n<meta property=\"og:description\" content=\"Asset Management is key to establishing and maintaining best practices, improving asset service levels and managing service risk and IT resources.\" \/>\n<meta property=\"og:url\" content=\"https:\/\/www.rjrinnovations.com\/fr\/solutions\/strategie-de-gestion-des-actifs\/\" \/>\n<meta property=\"og:site_name\" content=\"RJR Innovations\" \/>\n<meta property=\"article:publisher\" content=\"https:\/\/www.facebook.com\/RJR-Innovations-107107129324171\/\" \/>\n<meta property=\"article:modified_time\" content=\"2020-08-07T13:46:29+00:00\" \/>\n<meta property=\"og:image\" content=\"https:\/\/www.rjrinnovations.com\/wp-content\/uploads\/2020\/08\/pexels-anthony-shkraba-4348401.jpg\" \/>\n\t<meta property=\"og:image:width\" content=\"300\" \/>\n\t<meta property=\"og:image:height\" content=\"201\" \/>\n\t<meta property=\"og:image:type\" content=\"image\/jpeg\" \/>\n<meta name=\"twitter:card\" content=\"summary_large_image\" \/>\n<meta name=\"twitter:site\" content=\"@RJRInnovations\" \/>\n<script type=\"application\/ld+json\" class=\"yoast-schema-graph\">{\"@context\":\"https:\\\/\\\/schema.org\",\"@graph\":[{\"@type\":\"WebPage\",\"@id\":\"https:\\\/\\\/www.rjrinnovations.com\\\/fr\\\/solutions\\\/strategie-de-gestion-des-actifs\\\/\",\"url\":\"https:\\\/\\\/www.rjrinnovations.com\\\/fr\\\/solutions\\\/strategie-de-gestion-des-actifs\\\/\",\"name\":\"Strat\u00e9gie de gestion des actifs\",\"isPartOf\":{\"@id\":\"https:\\\/\\\/www.rjrinnovations.com\\\/#website\"},\"primaryImageOfPage\":{\"@id\":\"https:\\\/\\\/www.rjrinnovations.com\\\/fr\\\/solutions\\\/strategie-de-gestion-des-actifs\\\/#primaryimage\"},\"image\":{\"@id\":\"https:\\\/\\\/www.rjrinnovations.com\\\/fr\\\/solutions\\\/strategie-de-gestion-des-actifs\\\/#primaryimage\"},\"thumbnailUrl\":\"https:\\\/\\\/rjrinnovations.com\\\/wp-content\\\/uploads\\\/2020\\\/08\\\/pexels-anthony-shkraba-4348401.jpg\",\"datePublished\":\"2012-03-19T08:44:58+00:00\",\"dateModified\":\"2020-08-07T13:46:29+00:00\",\"description\":\"Asset Management is key to establishing and maintaining best practices, improving asset service levels and managing service risk and IT resources.\",\"breadcrumb\":{\"@id\":\"https:\\\/\\\/www.rjrinnovations.com\\\/fr\\\/solutions\\\/strategie-de-gestion-des-actifs\\\/#breadcrumb\"},\"inLanguage\":\"fr-FR\",\"potentialAction\":[{\"@type\":\"ReadAction\",\"target\":[\"https:\\\/\\\/www.rjrinnovations.com\\\/fr\\\/solutions\\\/strategie-de-gestion-des-actifs\\\/\"]}]},{\"@type\":\"ImageObject\",\"inLanguage\":\"fr-FR\",\"@id\":\"https:\\\/\\\/www.rjrinnovations.com\\\/fr\\\/solutions\\\/strategie-de-gestion-des-actifs\\\/#primaryimage\",\"url\":\"https:\\\/\\\/rjrinnovations.com\\\/wp-content\\\/uploads\\\/2020\\\/08\\\/pexels-anthony-shkraba-4348401.jpg\",\"contentUrl\":\"https:\\\/\\\/rjrinnovations.com\\\/wp-content\\\/uploads\\\/2020\\\/08\\\/pexels-anthony-shkraba-4348401.jpg\"},{\"@type\":\"BreadcrumbList\",\"@id\":\"https:\\\/\\\/www.rjrinnovations.com\\\/fr\\\/solutions\\\/strategie-de-gestion-des-actifs\\\/#breadcrumb\",\"itemListElement\":[{\"@type\":\"ListItem\",\"position\":1,\"name\":\"Home\",\"item\":\"https:\\\/\\\/www.rjrinnovations.com\\\/fr\\\/\"},{\"@type\":\"ListItem\",\"position\":2,\"name\":\"Business Management Solutions\",\"item\":\"https:\\\/\\\/www.rjrinnovations.com\\\/fr\\\/solutions\\\/\"},{\"@type\":\"ListItem\",\"position\":3,\"name\":\"Strat\u00e9gie de gestion des actifs\"}]},{\"@type\":\"WebSite\",\"@id\":\"https:\\\/\\\/www.rjrinnovations.com\\\/#website\",\"url\":\"https:\\\/\\\/www.rjrinnovations.com\\\/\",\"name\":\"RJR Innovations\",\"description\":\"Connect your business... All of IT\",\"publisher\":{\"@id\":\"https:\\\/\\\/www.rjrinnovations.com\\\/#organization\"},\"potentialAction\":[{\"@type\":\"SearchAction\",\"target\":{\"@type\":\"EntryPoint\",\"urlTemplate\":\"https:\\\/\\\/www.rjrinnovations.com\\\/?s={search_term_string}\"},\"query-input\":{\"@type\":\"PropertyValueSpecification\",\"valueRequired\":true,\"valueName\":\"search_term_string\"}}],\"inLanguage\":\"fr-FR\"},{\"@type\":\"Organization\",\"@id\":\"https:\\\/\\\/www.rjrinnovations.com\\\/#organization\",\"name\":\"RJR Innovations\",\"url\":\"https:\\\/\\\/www.rjrinnovations.com\\\/\",\"logo\":{\"@type\":\"ImageObject\",\"inLanguage\":\"fr-FR\",\"@id\":\"https:\\\/\\\/www.rjrinnovations.com\\\/#\\\/schema\\\/logo\\\/image\\\/\",\"url\":\"https:\\\/\\\/www.rjrinnovations.com\\\/wp-content\\\/uploads\\\/2015\\\/07\\\/RJR_Logo_Blue_Text_400x263.png\",\"contentUrl\":\"https:\\\/\\\/www.rjrinnovations.com\\\/wp-content\\\/uploads\\\/2015\\\/07\\\/RJR_Logo_Blue_Text_400x263.png\",\"width\":400,\"height\":237,\"caption\":\"RJR Innovations\"},\"image\":{\"@id\":\"https:\\\/\\\/www.rjrinnovations.com\\\/#\\\/schema\\\/logo\\\/image\\\/\"},\"sameAs\":[\"https:\\\/\\\/www.facebook.com\\\/RJR-Innovations-107107129324171\\\/\",\"https:\\\/\\\/x.com\\\/RJRInnovations\",\"https:\\\/\\\/www.linkedin.com\\\/company\\\/rjr-innovations\",\"https:\\\/\\\/www.youtube.com\\\/user\\\/RJRInnovations\"]}]}<\/script>\n<!-- \/ Yoast SEO plugin. -->","yoast_head_json":{"title":"Strat\u00e9gie de gestion des actifs","description":"Asset Management is key to establishing and maintaining best practices, improving asset service levels and managing service risk and IT resources.","robots":{"index":"index","follow":"follow","max-snippet":"max-snippet:-1","max-image-preview":"max-image-preview:large","max-video-preview":"max-video-preview:-1"},"canonical":"https:\/\/www.rjrinnovations.com\/fr\/solutions\/strategie-de-gestion-des-actifs\/","og_locale":"fr_FR","og_type":"article","og_title":"Strat\u00e9gie de gestion des actifs","og_description":"Asset Management is key to establishing and maintaining best practices, improving asset service levels and managing service risk and IT resources.","og_url":"https:\/\/www.rjrinnovations.com\/fr\/solutions\/strategie-de-gestion-des-actifs\/","og_site_name":"RJR Innovations","article_publisher":"https:\/\/www.facebook.com\/RJR-Innovations-107107129324171\/","article_modified_time":"2020-08-07T13:46:29+00:00","og_image":[{"width":300,"height":201,"url":"https:\/\/www.rjrinnovations.com\/wp-content\/uploads\/2020\/08\/pexels-anthony-shkraba-4348401.jpg","type":"image\/jpeg"}],"twitter_card":"summary_large_image","twitter_site":"@RJRInnovations","schema":{"@context":"https:\/\/schema.org","@graph":[{"@type":"WebPage","@id":"https:\/\/www.rjrinnovations.com\/fr\/solutions\/strategie-de-gestion-des-actifs\/","url":"https:\/\/www.rjrinnovations.com\/fr\/solutions\/strategie-de-gestion-des-actifs\/","name":"Strat\u00e9gie de gestion des actifs","isPartOf":{"@id":"https:\/\/www.rjrinnovations.com\/#website"},"primaryImageOfPage":{"@id":"https:\/\/www.rjrinnovations.com\/fr\/solutions\/strategie-de-gestion-des-actifs\/#primaryimage"},"image":{"@id":"https:\/\/www.rjrinnovations.com\/fr\/solutions\/strategie-de-gestion-des-actifs\/#primaryimage"},"thumbnailUrl":"https:\/\/rjrinnovations.com\/wp-content\/uploads\/2020\/08\/pexels-anthony-shkraba-4348401.jpg","datePublished":"2012-03-19T08:44:58+00:00","dateModified":"2020-08-07T13:46:29+00:00","description":"Asset Management is key to establishing and maintaining best practices, improving asset service levels and managing service risk and IT resources.","breadcrumb":{"@id":"https:\/\/www.rjrinnovations.com\/fr\/solutions\/strategie-de-gestion-des-actifs\/#breadcrumb"},"inLanguage":"fr-FR","potentialAction":[{"@type":"ReadAction","target":["https:\/\/www.rjrinnovations.com\/fr\/solutions\/strategie-de-gestion-des-actifs\/"]}]},{"@type":"ImageObject","inLanguage":"fr-FR","@id":"https:\/\/www.rjrinnovations.com\/fr\/solutions\/strategie-de-gestion-des-actifs\/#primaryimage","url":"https:\/\/rjrinnovations.com\/wp-content\/uploads\/2020\/08\/pexels-anthony-shkraba-4348401.jpg","contentUrl":"https:\/\/rjrinnovations.com\/wp-content\/uploads\/2020\/08\/pexels-anthony-shkraba-4348401.jpg"},{"@type":"BreadcrumbList","@id":"https:\/\/www.rjrinnovations.com\/fr\/solutions\/strategie-de-gestion-des-actifs\/#breadcrumb","itemListElement":[{"@type":"ListItem","position":1,"name":"Home","item":"https:\/\/www.rjrinnovations.com\/fr\/"},{"@type":"ListItem","position":2,"name":"Business Management Solutions","item":"https:\/\/www.rjrinnovations.com\/fr\/solutions\/"},{"@type":"ListItem","position":3,"name":"Strat\u00e9gie de gestion des actifs"}]},{"@type":"WebSite","@id":"https:\/\/www.rjrinnovations.com\/#website","url":"https:\/\/www.rjrinnovations.com\/","name":"RJR Innovations","description":"Connect your business... All of IT","publisher":{"@id":"https:\/\/www.rjrinnovations.com\/#organization"},"potentialAction":[{"@type":"SearchAction","target":{"@type":"EntryPoint","urlTemplate":"https:\/\/www.rjrinnovations.com\/?s={search_term_string}"},"query-input":{"@type":"PropertyValueSpecification","valueRequired":true,"valueName":"search_term_string"}}],"inLanguage":"fr-FR"},{"@type":"Organization","@id":"https:\/\/www.rjrinnovations.com\/#organization","name":"RJR Innovations","url":"https:\/\/www.rjrinnovations.com\/","logo":{"@type":"ImageObject","inLanguage":"fr-FR","@id":"https:\/\/www.rjrinnovations.com\/#\/schema\/logo\/image\/","url":"https:\/\/www.rjrinnovations.com\/wp-content\/uploads\/2015\/07\/RJR_Logo_Blue_Text_400x263.png","contentUrl":"https:\/\/www.rjrinnovations.com\/wp-content\/uploads\/2015\/07\/RJR_Logo_Blue_Text_400x263.png","width":400,"height":237,"caption":"RJR Innovations"},"image":{"@id":"https:\/\/www.rjrinnovations.com\/#\/schema\/logo\/image\/"},"sameAs":["https:\/\/www.facebook.com\/RJR-Innovations-107107129324171\/","https:\/\/x.com\/RJRInnovations","https:\/\/www.linkedin.com\/company\/rjr-innovations","https:\/\/www.youtube.com\/user\/RJRInnovations"]}]}},"_links":{"self":[{"href":"https:\/\/www.rjrinnovations.com\/fr\/wp-json\/wp\/v2\/pages\/10208","targetHints":{"allow":["GET"]}}],"collection":[{"href":"https:\/\/www.rjrinnovations.com\/fr\/wp-json\/wp\/v2\/pages"}],"about":[{"href":"https:\/\/www.rjrinnovations.com\/fr\/wp-json\/wp\/v2\/types\/page"}],"author":[{"embeddable":true,"href":"https:\/\/www.rjrinnovations.com\/fr\/wp-json\/wp\/v2\/users\/26"}],"replies":[{"embeddable":true,"href":"https:\/\/www.rjrinnovations.com\/fr\/wp-json\/wp\/v2\/comments?post=10208"}],"version-history":[{"count":0,"href":"https:\/\/www.rjrinnovations.com\/fr\/wp-json\/wp\/v2\/pages\/10208\/revisions"}],"up":[{"embeddable":true,"href":"https:\/\/www.rjrinnovations.com\/fr\/wp-json\/wp\/v2\/pages\/10192"}],"wp:attachment":[{"href":"https:\/\/www.rjrinnovations.com\/fr\/wp-json\/wp\/v2\/media?parent=10208"}],"curies":[{"name":"wp","href":"https:\/\/api.w.org\/{rel}","templated":true}]}}