{"id":10214,"date":"2012-03-19T05:42:24","date_gmt":"2012-03-19T05:42:24","guid":{"rendered":"http:\/\/devweb.rjrinnovations.com\/strategie-bdgc\/"},"modified":"2020-08-07T09:53:11","modified_gmt":"2020-08-07T13:53:11","slug":"strategie-bdgc","status":"publish","type":"page","link":"https:\/\/www.rjrinnovations.com\/fr\/solutions\/strategie-bdgc\/","title":{"rendered":"Strat\u00e9gie BDGC"},"content":{"rendered":"<div class=\"fusion-fullwidth fullwidth-box fusion-builder-row-1 hundred-percent-fullwidth non-hundred-percent-height-scrolling\" style=\"--awb-border-radius-top-left:0px;--awb-border-radius-top-right:0px;--awb-border-radius-bottom-right:0px;--awb-border-radius-bottom-left:0px;--awb-overflow:visible;--awb-flex-wrap:wrap;\" ><div class=\"fusion-builder-row fusion-row\"><div class=\"fusion-layout-column fusion_builder_column fusion-builder-column-0 fusion_builder_column_1_1 1_1 fusion-one-full fusion-column-first fusion-column-last fusion-column-no-min-height\" style=\"--awb-bg-size:cover;--awb-margin-top:0px;--awb-margin-bottom:0px;\"><div class=\"fusion-column-wrapper fusion-flex-column-wrapper-legacy\"><div class=\"fusion-text fusion-text-1\"><h1>Base de donn\u00e9es de gestion des configurations<\/h1>\n<\/div><div class=\"fusion-text fusion-text-2\"><div id=\"id1\">\n<p><img decoding=\"async\" class=\"lazyload wp-image-37555 size-full alignleft\" src=\"https:\/\/rjrinnovations.com\/wp-content\/uploads\/2020\/08\/pexels-christina-morillo-1181341.jpg\" data-orig-src=\"https:\/\/rjrinnovations.com\/wp-content\/uploads\/2020\/08\/pexels-christina-morillo-1181341.jpg\" alt=\"\" width=\"300\" height=\"200\" srcset=\"data:image\/svg+xml,%3Csvg%20xmlns%3D%27http%3A%2F%2Fwww.w3.org%2F2000%2Fsvg%27%20width%3D%27300%27%20height%3D%27200%27%20viewBox%3D%270%200%20300%20200%27%3E%3Crect%20width%3D%27300%27%20height%3D%27200%27%20fill-opacity%3D%220%22%2F%3E%3C%2Fsvg%3E\" data-srcset=\"https:\/\/www.rjrinnovations.com\/wp-content\/uploads\/2020\/08\/pexels-christina-morillo-1181341-150x100.jpg 150w, https:\/\/www.rjrinnovations.com\/wp-content\/uploads\/2020\/08\/pexels-christina-morillo-1181341-200x133.jpg 200w, https:\/\/www.rjrinnovations.com\/wp-content\/uploads\/2020\/08\/pexels-christina-morillo-1181341.jpg 300w\" data-sizes=\"auto\" data-orig-sizes=\"(max-width: 300px) 100vw, 300px\" \/><\/p>\n<p>Si vous souhaitez conna\u00eetre du succ\u00e8s et maintenir votre avantage comp\u00e9titif, vous devez investir dans des initiatives \u00e9prouv\u00e9es conformes aux standards de l\u2019industrie et aux pratiques exemplaires mises de l\u2019avant par l\u2019Information Technology Infrastructure Library (ITIL).<\/p>\n<p>La Base de donn\u00e9es de gestion des configurations (BDGC) se trouve au c\u0153ur de la Solution De Gestion D\u2019affaires (SGA) de RJR. En tant que partie int\u00e9grante de l\u2019ITIL, elle se veut la fondation m\u00eame de l\u2019int\u00e9gration et du partage de l\u2019information \u00e0 travers de multiples processus et solutions.<\/p>\n<p>Sous cet environnement, vous pouvez accro\u00eetre votre rendement afin d\u2019atteindre et de d\u00e9montrer le respect des politiques corporatives et des r\u00e8glements gouvernementaux.<\/p>\n<\/div>\n<\/div><div class=\"fusion-text fusion-text-3\"><h3>Produits connexes<\/h3>\n<p>\u2022 \u00a0 \u00a0\u00a0<a href=\"\/fr\/produits\/bmc\/\">BMC Client Management<\/a><br \/>\n\u2022 \u00a0 \u00a0\u00a0Remedy CMDB<br \/>\n\u2022 \u00a0 \u00a0\u00a0<a href=\"\/fr\/produits\/bmc\/\">FootPrints Service Core<\/a><\/p>\n<\/div><div class=\"fusion-clearfix\"><\/div><\/div><\/div><div class=\"fusion-layout-column fusion_builder_column fusion-builder-column-1 fusion_builder_column_1_1 1_1 fusion-one-full fusion-column-first fusion-column-last fusion-column-no-min-height\" style=\"--awb-bg-size:cover;--awb-margin-top:0px;--awb-margin-bottom:0px;\"><div class=\"fusion-column-wrapper fusion-flex-column-wrapper-legacy\"><div class=\"accordian fusion-accordian\" style=\"--awb-border-size:1px;--awb-icon-size:13px;--awb-content-font-size:16px;--awb-icon-alignment:left;--awb-hover-color:#f9f9f9;--awb-border-color:#cccccc;--awb-background-color:#ffffff;--awb-divider-color:#e3e3e3;--awb-divider-hover-color:#e3e3e3;--awb-icon-color:#ffffff;--awb-title-color:#ff8800;--awb-content-color:#4c4c4c;--awb-icon-box-color:#fdbc16;--awb-toggle-hover-accent-color:#0a162f;--awb-title-font-family:&quot;Open Sans&quot;;--awb-title-font-weight:600;--awb-title-font-style:normal;--awb-title-font-size:17px;--awb-content-font-family:&quot;Open Sans&quot;;--awb-content-font-style:normal;--awb-content-font-weight:400;\"><div class=\"panel-group fusion-toggle-icon-boxed\" id=\"accordion-10214-1\"><div class=\"fusion-panel panel-default panel-957baca2e2fa1bc74 fusion-toggle-has-divider\"><div class=\"panel-heading\"><h4 class=\"panel-title toggle\" id=\"toggle_957baca2e2fa1bc74\"><a aria-expanded=\"false\" aria-controls=\"957baca2e2fa1bc74\" role=\"button\" data-toggle=\"collapse\" data-parent=\"#accordion-10214-1\" data-target=\"#957baca2e2fa1bc74\" href=\"#957baca2e2fa1bc74\"><span class=\"fusion-toggle-icon-wrapper\" aria-hidden=\"true\"><i class=\"fa-fusion-box active-icon awb-icon-minus\" aria-hidden=\"true\"><\/i><i class=\"fa-fusion-box inactive-icon awb-icon-plus\" aria-hidden=\"true\"><\/i><\/span><span class=\"fusion-toggle-heading\">Pour en savoir plus<\/span><\/a><\/h4><\/div><div id=\"957baca2e2fa1bc74\" class=\"panel-collapse collapse \" aria-labelledby=\"toggle_957baca2e2fa1bc74\"><div class=\"panel-body toggle-content fusion-clearfix\">En tant que source de r\u00e9f\u00e9rence unique, la BDGC facilite l\u2019int\u00e9gration et le synchronisme entre les processus de l\u2019ITIL, qui contribuent et utilisent l\u2019information trouv\u00e9e dans la BDGC. La BDGC retient de fa\u00e7on automatique toute information identitaire essentielle. Ceci inclut tous les usagers qui acc\u00e8dent aux syst\u00e8mes et aux applications, et le jumelage des usagers \u00e0 leur profil d\u2019affaires, tel que leur d\u00e9partement, leurs fonctions, et leurs coordonn\u00e9es. Votre d\u00e9partement TI peut utiliser ces donn\u00e9es afin de prendre des d\u00e9cisions d\u2019affaires \u00e9clair\u00e9es et de prioriser les actions \u00e0 prendre.<\/p>\n<p>Par la d\u00e9finition d\u2019un ensemble d\u2019\u00e9l\u00e9ments de configuration (\u00c9C), la BDGC entretient toutes les composantes de votre environnement TI \u2014 ressources technologiques, documentation, services et processus TI \u2014 en tant qu\u2019\u00c9C dans la base de donn\u00e9es. La BDGC est \u00e9galement le centre d\u2019archivage de l\u2019information amass\u00e9e par entr\u00e9e manuelle et par l\u2019entremise d\u2019outils de d\u00e9couverte automatis\u00e9s qui amassent et mettent en forme les informations reli\u00e9es \u00e0 la configuration. La BDGC f\u00e9d\u00e9r\u00e9e permet de visionner d\u2019un seul coup d\u2019oeil toutes les donn\u00e9es de l\u2019infrastructure TI \u00e9parpill\u00e9es dans les multiples centres d\u2019archivage de votre organisation.<\/p>\n<p>Il n\u2019est pas n\u00e9cessaire de transf\u00e9rer ces donn\u00e9es \u00e0 la BDGC, la f\u00e9d\u00e9ration vous permet de garder le contr\u00f4le de ces donn\u00e9es tout en les gardant accessibles. La BDGC vous permet d\u2019am\u00e9liorer le support \u00e0 vos principaux processus d\u2019affaires, d\u2019accro\u00eetre la visibilit\u00e9 au sein de l\u2019organisation gr\u00e2ce \u00e0 une vue centralis\u00e9e de tous les \u00c9C, tout en vous assurant que vos informations d\u2019affaires demeurent exactes, \u00e0 jour et disponibles.<\/div><\/div><\/div><\/div><\/div><div class=\"fusion-text fusion-text-4\"><\/div><div class=\"fusion-clearfix\"><\/div><\/div><\/div><\/div><\/div>\n","protected":false},"excerpt":{"rendered":"","protected":false},"author":26,"featured_media":0,"parent":10192,"menu_order":0,"comment_status":"closed","ping_status":"open","template":"","meta":{"footnotes":""},"class_list":["post-10214","page","type-page","status-publish","hentry"],"yoast_head":"<!-- This site is optimized with the Yoast SEO plugin v27.3 - https:\/\/yoast.com\/product\/yoast-seo-wordpress\/ -->\n<title>Configuration Management Database - RJR Innovations<\/title>\n<meta name=\"description\" content=\"The Configuration Management Database (CMDB) lies at the heart of RJR Business Management Solutions (BMS).\" \/>\n<meta name=\"robots\" content=\"index, follow, max-snippet:-1, max-image-preview:large, max-video-preview:-1\" \/>\n<link rel=\"canonical\" href=\"https:\/\/www.rjrinnovations.com\/fr\/solutions\/strategie-bdgc\/\" \/>\n<meta property=\"og:locale\" content=\"fr_FR\" \/>\n<meta property=\"og:type\" content=\"article\" \/>\n<meta property=\"og:title\" content=\"Configuration Management Database - RJR Innovations\" \/>\n<meta property=\"og:description\" content=\"The Configuration Management Database (CMDB) lies at the heart of RJR Business Management Solutions (BMS).\" \/>\n<meta property=\"og:url\" content=\"https:\/\/www.rjrinnovations.com\/fr\/solutions\/strategie-bdgc\/\" \/>\n<meta property=\"og:site_name\" content=\"RJR Innovations\" \/>\n<meta property=\"article:publisher\" content=\"https:\/\/www.facebook.com\/RJR-Innovations-107107129324171\/\" \/>\n<meta property=\"article:modified_time\" content=\"2020-08-07T13:53:11+00:00\" \/>\n<meta property=\"og:image\" content=\"https:\/\/www.rjrinnovations.com\/wp-content\/uploads\/2020\/08\/pexels-christina-morillo-1181341.jpg\" \/>\n\t<meta property=\"og:image:width\" content=\"300\" \/>\n\t<meta property=\"og:image:height\" content=\"200\" \/>\n\t<meta property=\"og:image:type\" content=\"image\/jpeg\" \/>\n<meta name=\"twitter:card\" content=\"summary_large_image\" \/>\n<meta name=\"twitter:site\" content=\"@RJRInnovations\" \/>\n<script type=\"application\/ld+json\" class=\"yoast-schema-graph\">{\"@context\":\"https:\\\/\\\/schema.org\",\"@graph\":[{\"@type\":\"WebPage\",\"@id\":\"https:\\\/\\\/www.rjrinnovations.com\\\/fr\\\/solutions\\\/strategie-bdgc\\\/\",\"url\":\"https:\\\/\\\/www.rjrinnovations.com\\\/fr\\\/solutions\\\/strategie-bdgc\\\/\",\"name\":\"Configuration Management Database - RJR Innovations\",\"isPartOf\":{\"@id\":\"https:\\\/\\\/www.rjrinnovations.com\\\/#website\"},\"primaryImageOfPage\":{\"@id\":\"https:\\\/\\\/www.rjrinnovations.com\\\/fr\\\/solutions\\\/strategie-bdgc\\\/#primaryimage\"},\"image\":{\"@id\":\"https:\\\/\\\/www.rjrinnovations.com\\\/fr\\\/solutions\\\/strategie-bdgc\\\/#primaryimage\"},\"thumbnailUrl\":\"https:\\\/\\\/rjrinnovations.com\\\/wp-content\\\/uploads\\\/2020\\\/08\\\/pexels-christina-morillo-1181341.jpg\",\"datePublished\":\"2012-03-19T05:42:24+00:00\",\"dateModified\":\"2020-08-07T13:53:11+00:00\",\"description\":\"The Configuration Management Database (CMDB) lies at the heart of RJR Business Management Solutions (BMS).\",\"breadcrumb\":{\"@id\":\"https:\\\/\\\/www.rjrinnovations.com\\\/fr\\\/solutions\\\/strategie-bdgc\\\/#breadcrumb\"},\"inLanguage\":\"fr-FR\",\"potentialAction\":[{\"@type\":\"ReadAction\",\"target\":[\"https:\\\/\\\/www.rjrinnovations.com\\\/fr\\\/solutions\\\/strategie-bdgc\\\/\"]}]},{\"@type\":\"ImageObject\",\"inLanguage\":\"fr-FR\",\"@id\":\"https:\\\/\\\/www.rjrinnovations.com\\\/fr\\\/solutions\\\/strategie-bdgc\\\/#primaryimage\",\"url\":\"https:\\\/\\\/rjrinnovations.com\\\/wp-content\\\/uploads\\\/2020\\\/08\\\/pexels-christina-morillo-1181341.jpg\",\"contentUrl\":\"https:\\\/\\\/rjrinnovations.com\\\/wp-content\\\/uploads\\\/2020\\\/08\\\/pexels-christina-morillo-1181341.jpg\"},{\"@type\":\"BreadcrumbList\",\"@id\":\"https:\\\/\\\/www.rjrinnovations.com\\\/fr\\\/solutions\\\/strategie-bdgc\\\/#breadcrumb\",\"itemListElement\":[{\"@type\":\"ListItem\",\"position\":1,\"name\":\"Home\",\"item\":\"https:\\\/\\\/www.rjrinnovations.com\\\/fr\\\/\"},{\"@type\":\"ListItem\",\"position\":2,\"name\":\"Business Management Solutions\",\"item\":\"https:\\\/\\\/www.rjrinnovations.com\\\/fr\\\/solutions\\\/\"},{\"@type\":\"ListItem\",\"position\":3,\"name\":\"Strat\u00e9gie BDGC\"}]},{\"@type\":\"WebSite\",\"@id\":\"https:\\\/\\\/www.rjrinnovations.com\\\/#website\",\"url\":\"https:\\\/\\\/www.rjrinnovations.com\\\/\",\"name\":\"RJR Innovations\",\"description\":\"Connect your business... All of IT\",\"publisher\":{\"@id\":\"https:\\\/\\\/www.rjrinnovations.com\\\/#organization\"},\"potentialAction\":[{\"@type\":\"SearchAction\",\"target\":{\"@type\":\"EntryPoint\",\"urlTemplate\":\"https:\\\/\\\/www.rjrinnovations.com\\\/?s={search_term_string}\"},\"query-input\":{\"@type\":\"PropertyValueSpecification\",\"valueRequired\":true,\"valueName\":\"search_term_string\"}}],\"inLanguage\":\"fr-FR\"},{\"@type\":\"Organization\",\"@id\":\"https:\\\/\\\/www.rjrinnovations.com\\\/#organization\",\"name\":\"RJR Innovations\",\"url\":\"https:\\\/\\\/www.rjrinnovations.com\\\/\",\"logo\":{\"@type\":\"ImageObject\",\"inLanguage\":\"fr-FR\",\"@id\":\"https:\\\/\\\/www.rjrinnovations.com\\\/#\\\/schema\\\/logo\\\/image\\\/\",\"url\":\"https:\\\/\\\/www.rjrinnovations.com\\\/wp-content\\\/uploads\\\/2015\\\/07\\\/RJR_Logo_Blue_Text_400x263.png\",\"contentUrl\":\"https:\\\/\\\/www.rjrinnovations.com\\\/wp-content\\\/uploads\\\/2015\\\/07\\\/RJR_Logo_Blue_Text_400x263.png\",\"width\":400,\"height\":237,\"caption\":\"RJR Innovations\"},\"image\":{\"@id\":\"https:\\\/\\\/www.rjrinnovations.com\\\/#\\\/schema\\\/logo\\\/image\\\/\"},\"sameAs\":[\"https:\\\/\\\/www.facebook.com\\\/RJR-Innovations-107107129324171\\\/\",\"https:\\\/\\\/x.com\\\/RJRInnovations\",\"https:\\\/\\\/www.linkedin.com\\\/company\\\/rjr-innovations\",\"https:\\\/\\\/www.youtube.com\\\/user\\\/RJRInnovations\"]}]}<\/script>\n<!-- \/ Yoast SEO plugin. -->","yoast_head_json":{"title":"Configuration Management Database - RJR Innovations","description":"The Configuration Management Database (CMDB) lies at the heart of RJR Business Management Solutions (BMS).","robots":{"index":"index","follow":"follow","max-snippet":"max-snippet:-1","max-image-preview":"max-image-preview:large","max-video-preview":"max-video-preview:-1"},"canonical":"https:\/\/www.rjrinnovations.com\/fr\/solutions\/strategie-bdgc\/","og_locale":"fr_FR","og_type":"article","og_title":"Configuration Management Database - RJR Innovations","og_description":"The Configuration Management Database (CMDB) lies at the heart of RJR Business Management Solutions (BMS).","og_url":"https:\/\/www.rjrinnovations.com\/fr\/solutions\/strategie-bdgc\/","og_site_name":"RJR Innovations","article_publisher":"https:\/\/www.facebook.com\/RJR-Innovations-107107129324171\/","article_modified_time":"2020-08-07T13:53:11+00:00","og_image":[{"width":300,"height":200,"url":"https:\/\/www.rjrinnovations.com\/wp-content\/uploads\/2020\/08\/pexels-christina-morillo-1181341.jpg","type":"image\/jpeg"}],"twitter_card":"summary_large_image","twitter_site":"@RJRInnovations","schema":{"@context":"https:\/\/schema.org","@graph":[{"@type":"WebPage","@id":"https:\/\/www.rjrinnovations.com\/fr\/solutions\/strategie-bdgc\/","url":"https:\/\/www.rjrinnovations.com\/fr\/solutions\/strategie-bdgc\/","name":"Configuration Management Database - RJR Innovations","isPartOf":{"@id":"https:\/\/www.rjrinnovations.com\/#website"},"primaryImageOfPage":{"@id":"https:\/\/www.rjrinnovations.com\/fr\/solutions\/strategie-bdgc\/#primaryimage"},"image":{"@id":"https:\/\/www.rjrinnovations.com\/fr\/solutions\/strategie-bdgc\/#primaryimage"},"thumbnailUrl":"https:\/\/rjrinnovations.com\/wp-content\/uploads\/2020\/08\/pexels-christina-morillo-1181341.jpg","datePublished":"2012-03-19T05:42:24+00:00","dateModified":"2020-08-07T13:53:11+00:00","description":"The Configuration Management Database (CMDB) lies at the heart of RJR Business Management Solutions (BMS).","breadcrumb":{"@id":"https:\/\/www.rjrinnovations.com\/fr\/solutions\/strategie-bdgc\/#breadcrumb"},"inLanguage":"fr-FR","potentialAction":[{"@type":"ReadAction","target":["https:\/\/www.rjrinnovations.com\/fr\/solutions\/strategie-bdgc\/"]}]},{"@type":"ImageObject","inLanguage":"fr-FR","@id":"https:\/\/www.rjrinnovations.com\/fr\/solutions\/strategie-bdgc\/#primaryimage","url":"https:\/\/rjrinnovations.com\/wp-content\/uploads\/2020\/08\/pexels-christina-morillo-1181341.jpg","contentUrl":"https:\/\/rjrinnovations.com\/wp-content\/uploads\/2020\/08\/pexels-christina-morillo-1181341.jpg"},{"@type":"BreadcrumbList","@id":"https:\/\/www.rjrinnovations.com\/fr\/solutions\/strategie-bdgc\/#breadcrumb","itemListElement":[{"@type":"ListItem","position":1,"name":"Home","item":"https:\/\/www.rjrinnovations.com\/fr\/"},{"@type":"ListItem","position":2,"name":"Business Management Solutions","item":"https:\/\/www.rjrinnovations.com\/fr\/solutions\/"},{"@type":"ListItem","position":3,"name":"Strat\u00e9gie BDGC"}]},{"@type":"WebSite","@id":"https:\/\/www.rjrinnovations.com\/#website","url":"https:\/\/www.rjrinnovations.com\/","name":"RJR Innovations","description":"Connect your business... All of IT","publisher":{"@id":"https:\/\/www.rjrinnovations.com\/#organization"},"potentialAction":[{"@type":"SearchAction","target":{"@type":"EntryPoint","urlTemplate":"https:\/\/www.rjrinnovations.com\/?s={search_term_string}"},"query-input":{"@type":"PropertyValueSpecification","valueRequired":true,"valueName":"search_term_string"}}],"inLanguage":"fr-FR"},{"@type":"Organization","@id":"https:\/\/www.rjrinnovations.com\/#organization","name":"RJR Innovations","url":"https:\/\/www.rjrinnovations.com\/","logo":{"@type":"ImageObject","inLanguage":"fr-FR","@id":"https:\/\/www.rjrinnovations.com\/#\/schema\/logo\/image\/","url":"https:\/\/www.rjrinnovations.com\/wp-content\/uploads\/2015\/07\/RJR_Logo_Blue_Text_400x263.png","contentUrl":"https:\/\/www.rjrinnovations.com\/wp-content\/uploads\/2015\/07\/RJR_Logo_Blue_Text_400x263.png","width":400,"height":237,"caption":"RJR Innovations"},"image":{"@id":"https:\/\/www.rjrinnovations.com\/#\/schema\/logo\/image\/"},"sameAs":["https:\/\/www.facebook.com\/RJR-Innovations-107107129324171\/","https:\/\/x.com\/RJRInnovations","https:\/\/www.linkedin.com\/company\/rjr-innovations","https:\/\/www.youtube.com\/user\/RJRInnovations"]}]}},"_links":{"self":[{"href":"https:\/\/www.rjrinnovations.com\/fr\/wp-json\/wp\/v2\/pages\/10214","targetHints":{"allow":["GET"]}}],"collection":[{"href":"https:\/\/www.rjrinnovations.com\/fr\/wp-json\/wp\/v2\/pages"}],"about":[{"href":"https:\/\/www.rjrinnovations.com\/fr\/wp-json\/wp\/v2\/types\/page"}],"author":[{"embeddable":true,"href":"https:\/\/www.rjrinnovations.com\/fr\/wp-json\/wp\/v2\/users\/26"}],"replies":[{"embeddable":true,"href":"https:\/\/www.rjrinnovations.com\/fr\/wp-json\/wp\/v2\/comments?post=10214"}],"version-history":[{"count":0,"href":"https:\/\/www.rjrinnovations.com\/fr\/wp-json\/wp\/v2\/pages\/10214\/revisions"}],"up":[{"embeddable":true,"href":"https:\/\/www.rjrinnovations.com\/fr\/wp-json\/wp\/v2\/pages\/10192"}],"wp:attachment":[{"href":"https:\/\/www.rjrinnovations.com\/fr\/wp-json\/wp\/v2\/media?parent=10214"}],"curies":[{"name":"wp","href":"https:\/\/api.w.org\/{rel}","templated":true}]}}