{"id":10216,"date":"2012-03-19T05:44:16","date_gmt":"2012-03-19T05:44:16","guid":{"rendered":"http:\/\/devweb.rjrinnovations.com\/strategie-de-decouverte\/"},"modified":"2020-08-07T08:39:06","modified_gmt":"2020-08-07T12:39:06","slug":"strategie-de-decouverte","status":"publish","type":"page","link":"https:\/\/www.rjrinnovations.com\/fr\/solutions\/strategie-de-decouverte\/","title":{"rendered":"Strat\u00e9gie de d\u00e9couverte"},"content":{"rendered":"<div class=\"fusion-fullwidth fullwidth-box fusion-builder-row-1 hundred-percent-fullwidth non-hundred-percent-height-scrolling\" style=\"--awb-border-radius-top-left:0px;--awb-border-radius-top-right:0px;--awb-border-radius-bottom-right:0px;--awb-border-radius-bottom-left:0px;--awb-overflow:visible;--awb-flex-wrap:wrap;\" ><div class=\"fusion-builder-row fusion-row\"><div class=\"fusion-layout-column fusion_builder_column fusion-builder-column-0 fusion_builder_column_1_1 1_1 fusion-one-full fusion-column-first fusion-column-last fusion-column-no-min-height\" style=\"--awb-bg-size:cover;--awb-margin-top:0px;--awb-margin-bottom:0px;\"><div class=\"fusion-column-wrapper fusion-flex-column-wrapper-legacy\"><div class=\"fusion-text fusion-text-1\"><h1>D\u00e9couverte<\/h1>\n<\/div><div class=\"fusion-text fusion-text-2\"><div id=\"id1\">\n<p><img decoding=\"async\" class=\"lazyload alignleft wp-image-37508\" src=\"https:\/\/rjrinnovations.com\/wp-content\/uploads\/2020\/08\/pexels-skitterphoto-63901.jpg\" data-orig-src=\"https:\/\/rjrinnovations.com\/wp-content\/uploads\/2020\/08\/pexels-skitterphoto-63901.jpg\" alt=\"\" width=\"300\" height=\"203\" srcset=\"data:image\/svg+xml,%3Csvg%20xmlns%3D%27http%3A%2F%2Fwww.w3.org%2F2000%2Fsvg%27%20width%3D%27300%27%20height%3D%27203%27%20viewBox%3D%270%200%20300%20203%27%3E%3Crect%20width%3D%27300%27%20height%3D%27203%27%20fill-opacity%3D%220%22%2F%3E%3C%2Fsvg%3E\" data-srcset=\"https:\/\/www.rjrinnovations.com\/wp-content\/uploads\/2020\/08\/pexels-skitterphoto-63901-150x102.jpg 150w, https:\/\/www.rjrinnovations.com\/wp-content\/uploads\/2020\/08\/pexels-skitterphoto-63901-200x136.jpg 200w, https:\/\/www.rjrinnovations.com\/wp-content\/uploads\/2020\/08\/pexels-skitterphoto-63901-400x271.jpg 400w, https:\/\/www.rjrinnovations.com\/wp-content\/uploads\/2020\/08\/pexels-skitterphoto-63901-600x407.jpg 600w, https:\/\/www.rjrinnovations.com\/wp-content\/uploads\/2020\/08\/pexels-skitterphoto-63901.jpg 640w\" data-sizes=\"auto\" data-orig-sizes=\"(max-width: 300px) 100vw, 300px\" \/><\/p>\n<p>Avez-vous des fragments de donn\u00e9es \u00e9parpill\u00e9s dans la t\u00eate des gens, ou dans des fichiers ou des tablettes? Rassemblez-vous manuellement les donn\u00e9es pour garnir la Base de donn\u00e9es de gestion des configurations (BDGC)? Si oui, cela n\u2019est pas pratique consid\u00e9rant la complexit\u00e9 de l\u2019environnement TI. Il n\u2019est pas non plus pratique de mettre \u00e0 jour manuellement l\u2019information consid\u00e9rant les changements continuels au sein de l\u2019environnement TI.<\/p>\n<p>La strat\u00e9gie de d\u00e9couverte automatis\u00e9e RJR fournit la solution n\u00e9cessaire pour les petites et moyennes entreprises et pour les organisations d\u2019affaires. La d\u00e9couverte est le processus d\u2019identification des \u00e9l\u00e9ments de configuration (\u00c9C) et de la relation des \u00c9C dans une infrastructure TI. Pour \u00eatre efficace, la BDGC doit \u00eatre peupl\u00e9e avec la bonne information et maintenue pour assurer son int\u00e9grit\u00e9.<\/p>\n<\/div>\n<\/div><div class=\"fusion-text fusion-text-3\"><h3>Produits connexes<\/h3>\n<p>\u2022 \u00a0 \u00a0\u00a0<a href=\"\/fr\/produits\/bmc\/\">BMC Client Management<\/a><br \/>\n\u2022 \u00a0 \u00a0\u00a0<a href=\"\/fr\/produits\/bmc\/\">BMC Discovery<\/a><\/p>\n<h3>Operations TI<\/h3>\n<p>\u2022 \u00a0 \u00a0\u00a0TrueSight Operations Management<br \/>\n\u2022 \u00a0 \u00a0\u00a0TrueSight Capacity Optimization<br \/>\n\u2022 \u00a0 \u00a0\u00a0TrueSight App Visibility Manager<br \/>\n\u2022 \u00a0 \u00a0\u00a0Control-M Workload Automation<\/p>\n<\/div><div class=\"fusion-clearfix\"><\/div><\/div><\/div><div class=\"fusion-layout-column fusion_builder_column fusion-builder-column-1 fusion_builder_column_1_1 1_1 fusion-one-full fusion-column-first fusion-column-last fusion-column-no-min-height\" style=\"--awb-bg-size:cover;--awb-margin-top:0px;--awb-margin-bottom:0px;\"><div class=\"fusion-column-wrapper fusion-flex-column-wrapper-legacy\"><div class=\"accordian fusion-accordian\" style=\"--awb-border-size:1px;--awb-icon-size:13px;--awb-content-font-size:16px;--awb-icon-alignment:left;--awb-hover-color:#f9f9f9;--awb-border-color:#cccccc;--awb-background-color:#ffffff;--awb-divider-color:#e3e3e3;--awb-divider-hover-color:#e3e3e3;--awb-icon-color:#ffffff;--awb-title-color:#ff8800;--awb-content-color:#4c4c4c;--awb-icon-box-color:#fdbc16;--awb-toggle-hover-accent-color:#0a162f;--awb-title-font-family:&quot;Open Sans&quot;;--awb-title-font-weight:600;--awb-title-font-style:normal;--awb-title-font-size:17px;--awb-content-font-family:&quot;Open Sans&quot;;--awb-content-font-style:normal;--awb-content-font-weight:400;\"><div class=\"panel-group fusion-toggle-icon-boxed\" id=\"accordion-10216-1\"><div class=\"fusion-panel panel-default panel-49a931b01d77fc82b fusion-toggle-has-divider\"><div class=\"panel-heading\"><h4 class=\"panel-title toggle\" id=\"toggle_49a931b01d77fc82b\"><a aria-expanded=\"false\" aria-controls=\"49a931b01d77fc82b\" role=\"button\" data-toggle=\"collapse\" data-parent=\"#accordion-10216-1\" data-target=\"#49a931b01d77fc82b\" href=\"#49a931b01d77fc82b\"><span class=\"fusion-toggle-icon-wrapper\" aria-hidden=\"true\"><i class=\"fa-fusion-box active-icon awb-icon-minus\" aria-hidden=\"true\"><\/i><i class=\"fa-fusion-box inactive-icon awb-icon-plus\" aria-hidden=\"true\"><\/i><\/span><span class=\"fusion-toggle-heading\">Pour en savoir plus <\/span><\/a><\/h4><\/div><div id=\"49a931b01d77fc82b\" class=\"panel-collapse collapse \" aria-labelledby=\"toggle_49a931b01d77fc82b\"><div class=\"panel-body toggle-content fusion-clearfix\">Une BDGC peupl\u00e9e de fa\u00e7on efficace et exacte fournit la direction n\u00e9cessaire pour une r\u00e9action optimale aux \u00e9v\u00e9nements d\u00e9favorables et la planification du changement comme l\u2019addition, la modification ou la suppression de tout ce qui peut avoir un effet sur les services TI, incluant les \u00e9l\u00e9ments de configuration (\u00c9C), les processus et les documents.<\/p>\n<p>Les outils de d\u00e9couverte automatis\u00e9s recueillent et mettent en forme l\u2019information reli\u00e9e \u00e0 la configuration, incluant l\u2019information au sujet des personnes, des processus et de la technologie dans l\u2019infrastructure TI afin de peupler automatiquement la BDGC \u00e0 l\u2019aide de ces donn\u00e9es. Ces outils mettent aussi \u00e0 jour la BDGC en scrutant p\u00e9riodiquement l\u2019infrastructure afin de d\u00e9tecter les changements puis en les enregistrant et les v\u00e9rifiant dans la BDGC.<\/p>\n<p>La strat\u00e9gie de gestion du changement RJR vous permet de g\u00e9rer et de contr\u00f4ler les changements syst\u00e9matiquement et efficacement. Les strat\u00e9gies de d\u00e9couverte et de gestion du changement RJR vous aident \u00e0 accro\u00eetre la productivit\u00e9 et \u00e0 g\u00e9n\u00e9rer un rendement du capital investi (RCI) \u00e0 partir de votre BDGC.<\/div><\/div><\/div><\/div><\/div><div class=\"fusion-text fusion-text-4\"><\/div><div class=\"fusion-clearfix\"><\/div><\/div><\/div><\/div><\/div>\n","protected":false},"excerpt":{"rendered":"","protected":false},"author":26,"featured_media":0,"parent":10192,"menu_order":0,"comment_status":"closed","ping_status":"open","template":"","meta":{"footnotes":""},"class_list":["post-10216","page","type-page","status-publish","hentry"],"yoast_head":"<!-- This site is optimized with the Yoast SEO plugin v27.3 - https:\/\/yoast.com\/product\/yoast-seo-wordpress\/ -->\n<title>Discovery Strategy - RJR Innovations<\/title>\n<meta name=\"description\" content=\"The RJR Automated Discovery strategy provides the required solution for small- to medium-sized businesses and enterprise organizations.\" \/>\n<meta name=\"robots\" content=\"index, follow, max-snippet:-1, max-image-preview:large, max-video-preview:-1\" \/>\n<link rel=\"canonical\" href=\"https:\/\/www.rjrinnovations.com\/fr\/solutions\/strategie-de-decouverte\/\" \/>\n<meta property=\"og:locale\" content=\"fr_FR\" \/>\n<meta property=\"og:type\" content=\"article\" \/>\n<meta property=\"og:title\" content=\"Discovery Strategy - RJR Innovations\" \/>\n<meta property=\"og:description\" content=\"The RJR Automated Discovery strategy provides the required solution for small- to medium-sized businesses and enterprise organizations.\" \/>\n<meta property=\"og:url\" content=\"https:\/\/www.rjrinnovations.com\/fr\/solutions\/strategie-de-decouverte\/\" \/>\n<meta property=\"og:site_name\" content=\"RJR Innovations\" \/>\n<meta property=\"article:publisher\" content=\"https:\/\/www.facebook.com\/RJR-Innovations-107107129324171\/\" \/>\n<meta property=\"article:modified_time\" content=\"2020-08-07T12:39:06+00:00\" \/>\n<meta property=\"og:image\" content=\"https:\/\/www.rjrinnovations.com\/wp-content\/uploads\/2020\/08\/pexels-skitterphoto-63901.jpg\" \/>\n\t<meta property=\"og:image:width\" content=\"640\" \/>\n\t<meta property=\"og:image:height\" content=\"434\" \/>\n\t<meta property=\"og:image:type\" content=\"image\/jpeg\" \/>\n<meta name=\"twitter:card\" content=\"summary_large_image\" \/>\n<meta name=\"twitter:site\" content=\"@RJRInnovations\" \/>\n<script type=\"application\/ld+json\" class=\"yoast-schema-graph\">{\"@context\":\"https:\\\/\\\/schema.org\",\"@graph\":[{\"@type\":\"WebPage\",\"@id\":\"https:\\\/\\\/www.rjrinnovations.com\\\/fr\\\/solutions\\\/strategie-de-decouverte\\\/\",\"url\":\"https:\\\/\\\/www.rjrinnovations.com\\\/fr\\\/solutions\\\/strategie-de-decouverte\\\/\",\"name\":\"Discovery Strategy - RJR Innovations\",\"isPartOf\":{\"@id\":\"https:\\\/\\\/www.rjrinnovations.com\\\/#website\"},\"primaryImageOfPage\":{\"@id\":\"https:\\\/\\\/www.rjrinnovations.com\\\/fr\\\/solutions\\\/strategie-de-decouverte\\\/#primaryimage\"},\"image\":{\"@id\":\"https:\\\/\\\/www.rjrinnovations.com\\\/fr\\\/solutions\\\/strategie-de-decouverte\\\/#primaryimage\"},\"thumbnailUrl\":\"https:\\\/\\\/rjrinnovations.com\\\/wp-content\\\/uploads\\\/2020\\\/08\\\/pexels-skitterphoto-63901.jpg\",\"datePublished\":\"2012-03-19T05:44:16+00:00\",\"dateModified\":\"2020-08-07T12:39:06+00:00\",\"description\":\"The RJR Automated Discovery strategy provides the required solution for small- to medium-sized businesses and enterprise organizations.\",\"breadcrumb\":{\"@id\":\"https:\\\/\\\/www.rjrinnovations.com\\\/fr\\\/solutions\\\/strategie-de-decouverte\\\/#breadcrumb\"},\"inLanguage\":\"fr-FR\",\"potentialAction\":[{\"@type\":\"ReadAction\",\"target\":[\"https:\\\/\\\/www.rjrinnovations.com\\\/fr\\\/solutions\\\/strategie-de-decouverte\\\/\"]}]},{\"@type\":\"ImageObject\",\"inLanguage\":\"fr-FR\",\"@id\":\"https:\\\/\\\/www.rjrinnovations.com\\\/fr\\\/solutions\\\/strategie-de-decouverte\\\/#primaryimage\",\"url\":\"https:\\\/\\\/rjrinnovations.com\\\/wp-content\\\/uploads\\\/2020\\\/08\\\/pexels-skitterphoto-63901.jpg\",\"contentUrl\":\"https:\\\/\\\/rjrinnovations.com\\\/wp-content\\\/uploads\\\/2020\\\/08\\\/pexels-skitterphoto-63901.jpg\"},{\"@type\":\"BreadcrumbList\",\"@id\":\"https:\\\/\\\/www.rjrinnovations.com\\\/fr\\\/solutions\\\/strategie-de-decouverte\\\/#breadcrumb\",\"itemListElement\":[{\"@type\":\"ListItem\",\"position\":1,\"name\":\"Home\",\"item\":\"https:\\\/\\\/www.rjrinnovations.com\\\/fr\\\/\"},{\"@type\":\"ListItem\",\"position\":2,\"name\":\"Business Management Solutions\",\"item\":\"https:\\\/\\\/www.rjrinnovations.com\\\/fr\\\/solutions\\\/\"},{\"@type\":\"ListItem\",\"position\":3,\"name\":\"Strat\u00e9gie de d\u00e9couverte\"}]},{\"@type\":\"WebSite\",\"@id\":\"https:\\\/\\\/www.rjrinnovations.com\\\/#website\",\"url\":\"https:\\\/\\\/www.rjrinnovations.com\\\/\",\"name\":\"RJR Innovations\",\"description\":\"Connect your business... All of IT\",\"publisher\":{\"@id\":\"https:\\\/\\\/www.rjrinnovations.com\\\/#organization\"},\"potentialAction\":[{\"@type\":\"SearchAction\",\"target\":{\"@type\":\"EntryPoint\",\"urlTemplate\":\"https:\\\/\\\/www.rjrinnovations.com\\\/?s={search_term_string}\"},\"query-input\":{\"@type\":\"PropertyValueSpecification\",\"valueRequired\":true,\"valueName\":\"search_term_string\"}}],\"inLanguage\":\"fr-FR\"},{\"@type\":\"Organization\",\"@id\":\"https:\\\/\\\/www.rjrinnovations.com\\\/#organization\",\"name\":\"RJR Innovations\",\"url\":\"https:\\\/\\\/www.rjrinnovations.com\\\/\",\"logo\":{\"@type\":\"ImageObject\",\"inLanguage\":\"fr-FR\",\"@id\":\"https:\\\/\\\/www.rjrinnovations.com\\\/#\\\/schema\\\/logo\\\/image\\\/\",\"url\":\"https:\\\/\\\/www.rjrinnovations.com\\\/wp-content\\\/uploads\\\/2015\\\/07\\\/RJR_Logo_Blue_Text_400x263.png\",\"contentUrl\":\"https:\\\/\\\/www.rjrinnovations.com\\\/wp-content\\\/uploads\\\/2015\\\/07\\\/RJR_Logo_Blue_Text_400x263.png\",\"width\":400,\"height\":237,\"caption\":\"RJR Innovations\"},\"image\":{\"@id\":\"https:\\\/\\\/www.rjrinnovations.com\\\/#\\\/schema\\\/logo\\\/image\\\/\"},\"sameAs\":[\"https:\\\/\\\/www.facebook.com\\\/RJR-Innovations-107107129324171\\\/\",\"https:\\\/\\\/x.com\\\/RJRInnovations\",\"https:\\\/\\\/www.linkedin.com\\\/company\\\/rjr-innovations\",\"https:\\\/\\\/www.youtube.com\\\/user\\\/RJRInnovations\"]}]}<\/script>\n<!-- \/ Yoast SEO plugin. -->","yoast_head_json":{"title":"Discovery Strategy - RJR Innovations","description":"The RJR Automated Discovery strategy provides the required solution for small- to medium-sized businesses and enterprise organizations.","robots":{"index":"index","follow":"follow","max-snippet":"max-snippet:-1","max-image-preview":"max-image-preview:large","max-video-preview":"max-video-preview:-1"},"canonical":"https:\/\/www.rjrinnovations.com\/fr\/solutions\/strategie-de-decouverte\/","og_locale":"fr_FR","og_type":"article","og_title":"Discovery Strategy - RJR Innovations","og_description":"The RJR Automated Discovery strategy provides the required solution for small- to medium-sized businesses and enterprise organizations.","og_url":"https:\/\/www.rjrinnovations.com\/fr\/solutions\/strategie-de-decouverte\/","og_site_name":"RJR Innovations","article_publisher":"https:\/\/www.facebook.com\/RJR-Innovations-107107129324171\/","article_modified_time":"2020-08-07T12:39:06+00:00","og_image":[{"width":640,"height":434,"url":"https:\/\/www.rjrinnovations.com\/wp-content\/uploads\/2020\/08\/pexels-skitterphoto-63901.jpg","type":"image\/jpeg"}],"twitter_card":"summary_large_image","twitter_site":"@RJRInnovations","schema":{"@context":"https:\/\/schema.org","@graph":[{"@type":"WebPage","@id":"https:\/\/www.rjrinnovations.com\/fr\/solutions\/strategie-de-decouverte\/","url":"https:\/\/www.rjrinnovations.com\/fr\/solutions\/strategie-de-decouverte\/","name":"Discovery Strategy - RJR Innovations","isPartOf":{"@id":"https:\/\/www.rjrinnovations.com\/#website"},"primaryImageOfPage":{"@id":"https:\/\/www.rjrinnovations.com\/fr\/solutions\/strategie-de-decouverte\/#primaryimage"},"image":{"@id":"https:\/\/www.rjrinnovations.com\/fr\/solutions\/strategie-de-decouverte\/#primaryimage"},"thumbnailUrl":"https:\/\/rjrinnovations.com\/wp-content\/uploads\/2020\/08\/pexels-skitterphoto-63901.jpg","datePublished":"2012-03-19T05:44:16+00:00","dateModified":"2020-08-07T12:39:06+00:00","description":"The RJR Automated Discovery strategy provides the required solution for small- to medium-sized businesses and enterprise organizations.","breadcrumb":{"@id":"https:\/\/www.rjrinnovations.com\/fr\/solutions\/strategie-de-decouverte\/#breadcrumb"},"inLanguage":"fr-FR","potentialAction":[{"@type":"ReadAction","target":["https:\/\/www.rjrinnovations.com\/fr\/solutions\/strategie-de-decouverte\/"]}]},{"@type":"ImageObject","inLanguage":"fr-FR","@id":"https:\/\/www.rjrinnovations.com\/fr\/solutions\/strategie-de-decouverte\/#primaryimage","url":"https:\/\/rjrinnovations.com\/wp-content\/uploads\/2020\/08\/pexels-skitterphoto-63901.jpg","contentUrl":"https:\/\/rjrinnovations.com\/wp-content\/uploads\/2020\/08\/pexels-skitterphoto-63901.jpg"},{"@type":"BreadcrumbList","@id":"https:\/\/www.rjrinnovations.com\/fr\/solutions\/strategie-de-decouverte\/#breadcrumb","itemListElement":[{"@type":"ListItem","position":1,"name":"Home","item":"https:\/\/www.rjrinnovations.com\/fr\/"},{"@type":"ListItem","position":2,"name":"Business Management Solutions","item":"https:\/\/www.rjrinnovations.com\/fr\/solutions\/"},{"@type":"ListItem","position":3,"name":"Strat\u00e9gie de d\u00e9couverte"}]},{"@type":"WebSite","@id":"https:\/\/www.rjrinnovations.com\/#website","url":"https:\/\/www.rjrinnovations.com\/","name":"RJR Innovations","description":"Connect your business... All of IT","publisher":{"@id":"https:\/\/www.rjrinnovations.com\/#organization"},"potentialAction":[{"@type":"SearchAction","target":{"@type":"EntryPoint","urlTemplate":"https:\/\/www.rjrinnovations.com\/?s={search_term_string}"},"query-input":{"@type":"PropertyValueSpecification","valueRequired":true,"valueName":"search_term_string"}}],"inLanguage":"fr-FR"},{"@type":"Organization","@id":"https:\/\/www.rjrinnovations.com\/#organization","name":"RJR Innovations","url":"https:\/\/www.rjrinnovations.com\/","logo":{"@type":"ImageObject","inLanguage":"fr-FR","@id":"https:\/\/www.rjrinnovations.com\/#\/schema\/logo\/image\/","url":"https:\/\/www.rjrinnovations.com\/wp-content\/uploads\/2015\/07\/RJR_Logo_Blue_Text_400x263.png","contentUrl":"https:\/\/www.rjrinnovations.com\/wp-content\/uploads\/2015\/07\/RJR_Logo_Blue_Text_400x263.png","width":400,"height":237,"caption":"RJR Innovations"},"image":{"@id":"https:\/\/www.rjrinnovations.com\/#\/schema\/logo\/image\/"},"sameAs":["https:\/\/www.facebook.com\/RJR-Innovations-107107129324171\/","https:\/\/x.com\/RJRInnovations","https:\/\/www.linkedin.com\/company\/rjr-innovations","https:\/\/www.youtube.com\/user\/RJRInnovations"]}]}},"_links":{"self":[{"href":"https:\/\/www.rjrinnovations.com\/fr\/wp-json\/wp\/v2\/pages\/10216","targetHints":{"allow":["GET"]}}],"collection":[{"href":"https:\/\/www.rjrinnovations.com\/fr\/wp-json\/wp\/v2\/pages"}],"about":[{"href":"https:\/\/www.rjrinnovations.com\/fr\/wp-json\/wp\/v2\/types\/page"}],"author":[{"embeddable":true,"href":"https:\/\/www.rjrinnovations.com\/fr\/wp-json\/wp\/v2\/users\/26"}],"replies":[{"embeddable":true,"href":"https:\/\/www.rjrinnovations.com\/fr\/wp-json\/wp\/v2\/comments?post=10216"}],"version-history":[{"count":0,"href":"https:\/\/www.rjrinnovations.com\/fr\/wp-json\/wp\/v2\/pages\/10216\/revisions"}],"up":[{"embeddable":true,"href":"https:\/\/www.rjrinnovations.com\/fr\/wp-json\/wp\/v2\/pages\/10192"}],"wp:attachment":[{"href":"https:\/\/www.rjrinnovations.com\/fr\/wp-json\/wp\/v2\/media?parent=10216"}],"curies":[{"name":"wp","href":"https:\/\/api.w.org\/{rel}","templated":true}]}}