{"id":10226,"date":"2012-03-19T16:56:02","date_gmt":"2012-03-19T16:56:02","guid":{"rendered":"http:\/\/devweb.rjrinnovations.com\/gestion-des-achats\/"},"modified":"2021-10-19T08:54:16","modified_gmt":"2021-10-19T12:54:16","slug":"gestion-des-achats","status":"publish","type":"page","link":"https:\/\/www.rjrinnovations.com\/fr\/solutions\/gestion-des-achats\/","title":{"rendered":"Gestion des achats"},"content":{"rendered":"<div class=\"fusion-fullwidth fullwidth-box fusion-builder-row-1 hundred-percent-fullwidth non-hundred-percent-height-scrolling\" style=\"--awb-border-radius-top-left:0px;--awb-border-radius-top-right:0px;--awb-border-radius-bottom-right:0px;--awb-border-radius-bottom-left:0px;--awb-overflow:visible;--awb-flex-wrap:wrap;\" ><div class=\"fusion-builder-row fusion-row\"><div class=\"fusion-layout-column fusion_builder_column fusion-builder-column-0 fusion_builder_column_1_1 1_1 fusion-one-full fusion-column-first fusion-column-last fusion-column-no-min-height\" style=\"--awb-bg-size:cover;--awb-margin-top:0px;--awb-margin-bottom:0px;\"><div class=\"fusion-column-wrapper fusion-flex-column-wrapper-legacy\"><div class=\"fusion-text fusion-text-1\"><h1>Gestion des achats<\/h1>\n<\/div><div class=\"fusion-text fusion-text-2\"><div id=\"id1\"><img decoding=\"async\" class=\"lazyload wp-image-37572 size-full alignleft\" src=\"https:\/\/rjrinnovations.com\/wp-content\/uploads\/2020\/08\/pexels-negative-space-34577.jpg\" data-orig-src=\"https:\/\/rjrinnovations.com\/wp-content\/uploads\/2020\/08\/pexels-negative-space-34577.jpg\" alt=\"\" width=\"300\" height=\"200\" srcset=\"data:image\/svg+xml,%3Csvg%20xmlns%3D%27http%3A%2F%2Fwww.w3.org%2F2000%2Fsvg%27%20width%3D%27300%27%20height%3D%27200%27%20viewBox%3D%270%200%20300%20200%27%3E%3Crect%20width%3D%27300%27%20height%3D%27200%27%20fill-opacity%3D%220%22%2F%3E%3C%2Fsvg%3E\" data-srcset=\"https:\/\/www.rjrinnovations.com\/wp-content\/uploads\/2020\/08\/pexels-negative-space-34577-150x100.jpg 150w, https:\/\/www.rjrinnovations.com\/wp-content\/uploads\/2020\/08\/pexels-negative-space-34577-200x133.jpg 200w, https:\/\/www.rjrinnovations.com\/wp-content\/uploads\/2020\/08\/pexels-negative-space-34577.jpg 300w\" data-sizes=\"auto\" data-orig-sizes=\"(max-width: 300px) 100vw, 300px\" \/><\/div>\n<div>\n<p>Comment votre d\u00e9partement TI g\u00e8re-t-il les demandes de nouvel \u00e9quipement?<\/p>\n<p>Pour \u00eatre efficace, votre d\u00e9partement TI doit suivre l\u2019effort de l\u2019\u00e9quipe durant le processus d\u2019achat d\u2019\u00e9quipement. Mettez simplement en \u0153uvre notre strat\u00e9gie de gestion des achats facile \u00e0 utiliser et vous optimiserez et rationaliserez toutes vos demandes d\u2019achat de TI.<\/p>\n<p>La strat\u00e9gie de gestion des achats RJR est int\u00e9gr\u00e9e avec la strat\u00e9gie de gestion des actifs RJR. RJR a con\u00e7u la strat\u00e9gie de gestion des achats pour vous mener de la requ\u00eate \u00e0 l\u2019approbation ou au refus du bien, de la r\u00e9ception \u00e0 la cr\u00e9ation du bien.<\/p>\n<\/div>\n<\/div><div class=\"fusion-text fusion-text-3\"><\/div><div class=\"fusion-clearfix\"><\/div><\/div><\/div><div class=\"fusion-layout-column fusion_builder_column fusion-builder-column-1 fusion_builder_column_1_1 1_1 fusion-one-full fusion-column-first fusion-column-last fusion-column-no-min-height\" style=\"--awb-bg-size:cover;--awb-margin-top:0px;--awb-margin-bottom:0px;\"><div class=\"fusion-column-wrapper fusion-flex-column-wrapper-legacy\"><div class=\"accordian fusion-accordian\" style=\"--awb-border-size:1px;--awb-icon-size:13px;--awb-content-font-size:16px;--awb-icon-alignment:left;--awb-hover-color:#f9f9f9;--awb-border-color:#cccccc;--awb-background-color:#ffffff;--awb-divider-color:#e3e3e3;--awb-divider-hover-color:#e3e3e3;--awb-icon-color:#ffffff;--awb-title-color:#ff8800;--awb-content-color:#4c4c4c;--awb-icon-box-color:#fdbc16;--awb-toggle-hover-accent-color:#0a162f;--awb-title-font-family:&quot;Open Sans&quot;;--awb-title-font-weight:600;--awb-title-font-style:normal;--awb-title-font-size:17px;--awb-content-font-family:&quot;Open Sans&quot;;--awb-content-font-style:normal;--awb-content-font-weight:400;\"><div class=\"panel-group fusion-toggle-icon-boxed\" id=\"accordion-10226-1\"><div class=\"fusion-panel panel-default panel-ca4a2f3ee14370846 fusion-toggle-has-divider\"><div class=\"panel-heading\"><h4 class=\"panel-title toggle\" id=\"toggle_ca4a2f3ee14370846\"><a aria-expanded=\"false\" aria-controls=\"ca4a2f3ee14370846\" role=\"button\" data-toggle=\"collapse\" data-parent=\"#accordion-10226-1\" data-target=\"#ca4a2f3ee14370846\" href=\"#ca4a2f3ee14370846\"><span class=\"fusion-toggle-icon-wrapper\" aria-hidden=\"true\"><i class=\"fa-fusion-box active-icon awb-icon-minus\" aria-hidden=\"true\"><\/i><i class=\"fa-fusion-box inactive-icon awb-icon-plus\" aria-hidden=\"true\"><\/i><\/span><span class=\"fusion-toggle-heading\">Pour en savoir plus<\/span><\/a><\/h4><\/div><div id=\"ca4a2f3ee14370846\" class=\"panel-collapse collapse \" aria-labelledby=\"toggle_ca4a2f3ee14370846\"><div class=\"panel-body toggle-content fusion-clearfix\">Lorsque vous recevez une grande quantit\u00e9 d\u2019\u00e9quipements, notre strat\u00e9gie de gestion des achats cr\u00e9e automatiquement les biens\u2014sans avoir besoin des informations compl\u00e8tes pour chaque bien. En r\u00e9duisant le temps d\u2019entr\u00e9e, vous r\u00e9duisez le temps de r\u00e9ception et vous supprimez la possibilit\u00e9 d\u2019erreur d\u2019entr\u00e9es de donn\u00e9es, ce qui assure l\u2019exactitude et la coh\u00e9rence des donn\u00e9es.<\/p>\n<p>Si le processus d\u2019achat ou le d\u00e9roulement du travail n\u00e9cessite une configuration plus compl\u00e8te, notre strat\u00e9gie de gestion des achats peut \u00eatre configur\u00e9e pour accommoder les processus d\u2019achat les plus complexes.<\/p>\n<p>Notre strat\u00e9gie de gestion des achats \u00e9limine les inefficacit\u00e9s, ce qui permet de r\u00e9duire les co\u00fbts et d\u2019augmenter la productivit\u00e9 et la profitabilit\u00e9.<\/div><\/div><\/div><\/div><\/div><div class=\"fusion-text fusion-text-4\"><\/div><div class=\"fusion-clearfix\"><\/div><\/div><\/div><\/div><\/div>\n","protected":false},"excerpt":{"rendered":"","protected":false},"author":26,"featured_media":0,"parent":10192,"menu_order":0,"comment_status":"closed","ping_status":"open","template":"","meta":{"footnotes":""},"class_list":["post-10226","page","type-page","status-publish","hentry"],"yoast_head":"<!-- This site is optimized with the Yoast SEO plugin v27.3 - https:\/\/yoast.com\/product\/yoast-seo-wordpress\/ -->\n<title>Purchasing Management - RJR Innovations<\/title>\n<meta name=\"description\" content=\"To be effective and efficient, your IT department needs to track their team effort in the equipment purchasing process\" \/>\n<meta name=\"robots\" content=\"index, follow, max-snippet:-1, max-image-preview:large, max-video-preview:-1\" \/>\n<link rel=\"canonical\" href=\"https:\/\/www.rjrinnovations.com\/fr\/solutions\/gestion-des-achats\/\" \/>\n<meta property=\"og:locale\" content=\"fr_FR\" \/>\n<meta property=\"og:type\" content=\"article\" \/>\n<meta property=\"og:title\" content=\"Purchasing Management - RJR Innovations\" \/>\n<meta property=\"og:description\" content=\"To be effective and efficient, your IT department needs to track their team effort in the equipment purchasing process\" \/>\n<meta property=\"og:url\" content=\"https:\/\/www.rjrinnovations.com\/fr\/solutions\/gestion-des-achats\/\" \/>\n<meta property=\"og:site_name\" content=\"RJR Innovations\" \/>\n<meta property=\"article:publisher\" content=\"https:\/\/www.facebook.com\/RJR-Innovations-107107129324171\/\" \/>\n<meta property=\"article:modified_time\" content=\"2021-10-19T12:54:16+00:00\" \/>\n<meta property=\"og:image\" content=\"https:\/\/www.rjrinnovations.com\/wp-content\/uploads\/2020\/08\/pexels-negative-space-34577.jpg\" \/>\n\t<meta property=\"og:image:width\" content=\"300\" \/>\n\t<meta property=\"og:image:height\" content=\"200\" \/>\n\t<meta property=\"og:image:type\" content=\"image\/jpeg\" \/>\n<meta name=\"twitter:card\" content=\"summary_large_image\" \/>\n<meta name=\"twitter:site\" content=\"@RJRInnovations\" \/>\n<script type=\"application\/ld+json\" class=\"yoast-schema-graph\">{\"@context\":\"https:\\\/\\\/schema.org\",\"@graph\":[{\"@type\":\"WebPage\",\"@id\":\"https:\\\/\\\/www.rjrinnovations.com\\\/fr\\\/solutions\\\/gestion-des-achats\\\/\",\"url\":\"https:\\\/\\\/www.rjrinnovations.com\\\/fr\\\/solutions\\\/gestion-des-achats\\\/\",\"name\":\"Purchasing Management - RJR Innovations\",\"isPartOf\":{\"@id\":\"https:\\\/\\\/www.rjrinnovations.com\\\/#website\"},\"primaryImageOfPage\":{\"@id\":\"https:\\\/\\\/www.rjrinnovations.com\\\/fr\\\/solutions\\\/gestion-des-achats\\\/#primaryimage\"},\"image\":{\"@id\":\"https:\\\/\\\/www.rjrinnovations.com\\\/fr\\\/solutions\\\/gestion-des-achats\\\/#primaryimage\"},\"thumbnailUrl\":\"https:\\\/\\\/rjrinnovations.com\\\/wp-content\\\/uploads\\\/2020\\\/08\\\/pexels-negative-space-34577.jpg\",\"datePublished\":\"2012-03-19T16:56:02+00:00\",\"dateModified\":\"2021-10-19T12:54:16+00:00\",\"description\":\"To be effective and efficient, your IT department needs to track their team effort in the equipment purchasing process\",\"breadcrumb\":{\"@id\":\"https:\\\/\\\/www.rjrinnovations.com\\\/fr\\\/solutions\\\/gestion-des-achats\\\/#breadcrumb\"},\"inLanguage\":\"fr-FR\",\"potentialAction\":[{\"@type\":\"ReadAction\",\"target\":[\"https:\\\/\\\/www.rjrinnovations.com\\\/fr\\\/solutions\\\/gestion-des-achats\\\/\"]}]},{\"@type\":\"ImageObject\",\"inLanguage\":\"fr-FR\",\"@id\":\"https:\\\/\\\/www.rjrinnovations.com\\\/fr\\\/solutions\\\/gestion-des-achats\\\/#primaryimage\",\"url\":\"https:\\\/\\\/rjrinnovations.com\\\/wp-content\\\/uploads\\\/2020\\\/08\\\/pexels-negative-space-34577.jpg\",\"contentUrl\":\"https:\\\/\\\/rjrinnovations.com\\\/wp-content\\\/uploads\\\/2020\\\/08\\\/pexels-negative-space-34577.jpg\"},{\"@type\":\"BreadcrumbList\",\"@id\":\"https:\\\/\\\/www.rjrinnovations.com\\\/fr\\\/solutions\\\/gestion-des-achats\\\/#breadcrumb\",\"itemListElement\":[{\"@type\":\"ListItem\",\"position\":1,\"name\":\"Home\",\"item\":\"https:\\\/\\\/www.rjrinnovations.com\\\/fr\\\/\"},{\"@type\":\"ListItem\",\"position\":2,\"name\":\"Business Management Solutions\",\"item\":\"https:\\\/\\\/www.rjrinnovations.com\\\/fr\\\/solutions\\\/\"},{\"@type\":\"ListItem\",\"position\":3,\"name\":\"Gestion des achats\"}]},{\"@type\":\"WebSite\",\"@id\":\"https:\\\/\\\/www.rjrinnovations.com\\\/#website\",\"url\":\"https:\\\/\\\/www.rjrinnovations.com\\\/\",\"name\":\"RJR Innovations\",\"description\":\"Connect your business... All of IT\",\"publisher\":{\"@id\":\"https:\\\/\\\/www.rjrinnovations.com\\\/#organization\"},\"potentialAction\":[{\"@type\":\"SearchAction\",\"target\":{\"@type\":\"EntryPoint\",\"urlTemplate\":\"https:\\\/\\\/www.rjrinnovations.com\\\/?s={search_term_string}\"},\"query-input\":{\"@type\":\"PropertyValueSpecification\",\"valueRequired\":true,\"valueName\":\"search_term_string\"}}],\"inLanguage\":\"fr-FR\"},{\"@type\":\"Organization\",\"@id\":\"https:\\\/\\\/www.rjrinnovations.com\\\/#organization\",\"name\":\"RJR Innovations\",\"url\":\"https:\\\/\\\/www.rjrinnovations.com\\\/\",\"logo\":{\"@type\":\"ImageObject\",\"inLanguage\":\"fr-FR\",\"@id\":\"https:\\\/\\\/www.rjrinnovations.com\\\/#\\\/schema\\\/logo\\\/image\\\/\",\"url\":\"https:\\\/\\\/www.rjrinnovations.com\\\/wp-content\\\/uploads\\\/2015\\\/07\\\/RJR_Logo_Blue_Text_400x263.png\",\"contentUrl\":\"https:\\\/\\\/www.rjrinnovations.com\\\/wp-content\\\/uploads\\\/2015\\\/07\\\/RJR_Logo_Blue_Text_400x263.png\",\"width\":400,\"height\":237,\"caption\":\"RJR Innovations\"},\"image\":{\"@id\":\"https:\\\/\\\/www.rjrinnovations.com\\\/#\\\/schema\\\/logo\\\/image\\\/\"},\"sameAs\":[\"https:\\\/\\\/www.facebook.com\\\/RJR-Innovations-107107129324171\\\/\",\"https:\\\/\\\/x.com\\\/RJRInnovations\",\"https:\\\/\\\/www.linkedin.com\\\/company\\\/rjr-innovations\",\"https:\\\/\\\/www.youtube.com\\\/user\\\/RJRInnovations\"]}]}<\/script>\n<!-- \/ Yoast SEO plugin. -->","yoast_head_json":{"title":"Purchasing Management - RJR Innovations","description":"To be effective and efficient, your IT department needs to track their team effort in the equipment purchasing process","robots":{"index":"index","follow":"follow","max-snippet":"max-snippet:-1","max-image-preview":"max-image-preview:large","max-video-preview":"max-video-preview:-1"},"canonical":"https:\/\/www.rjrinnovations.com\/fr\/solutions\/gestion-des-achats\/","og_locale":"fr_FR","og_type":"article","og_title":"Purchasing Management - RJR Innovations","og_description":"To be effective and efficient, your IT department needs to track their team effort in the equipment purchasing process","og_url":"https:\/\/www.rjrinnovations.com\/fr\/solutions\/gestion-des-achats\/","og_site_name":"RJR Innovations","article_publisher":"https:\/\/www.facebook.com\/RJR-Innovations-107107129324171\/","article_modified_time":"2021-10-19T12:54:16+00:00","og_image":[{"width":300,"height":200,"url":"https:\/\/www.rjrinnovations.com\/wp-content\/uploads\/2020\/08\/pexels-negative-space-34577.jpg","type":"image\/jpeg"}],"twitter_card":"summary_large_image","twitter_site":"@RJRInnovations","schema":{"@context":"https:\/\/schema.org","@graph":[{"@type":"WebPage","@id":"https:\/\/www.rjrinnovations.com\/fr\/solutions\/gestion-des-achats\/","url":"https:\/\/www.rjrinnovations.com\/fr\/solutions\/gestion-des-achats\/","name":"Purchasing Management - RJR Innovations","isPartOf":{"@id":"https:\/\/www.rjrinnovations.com\/#website"},"primaryImageOfPage":{"@id":"https:\/\/www.rjrinnovations.com\/fr\/solutions\/gestion-des-achats\/#primaryimage"},"image":{"@id":"https:\/\/www.rjrinnovations.com\/fr\/solutions\/gestion-des-achats\/#primaryimage"},"thumbnailUrl":"https:\/\/rjrinnovations.com\/wp-content\/uploads\/2020\/08\/pexels-negative-space-34577.jpg","datePublished":"2012-03-19T16:56:02+00:00","dateModified":"2021-10-19T12:54:16+00:00","description":"To be effective and efficient, your IT department needs to track their team effort in the equipment purchasing process","breadcrumb":{"@id":"https:\/\/www.rjrinnovations.com\/fr\/solutions\/gestion-des-achats\/#breadcrumb"},"inLanguage":"fr-FR","potentialAction":[{"@type":"ReadAction","target":["https:\/\/www.rjrinnovations.com\/fr\/solutions\/gestion-des-achats\/"]}]},{"@type":"ImageObject","inLanguage":"fr-FR","@id":"https:\/\/www.rjrinnovations.com\/fr\/solutions\/gestion-des-achats\/#primaryimage","url":"https:\/\/rjrinnovations.com\/wp-content\/uploads\/2020\/08\/pexels-negative-space-34577.jpg","contentUrl":"https:\/\/rjrinnovations.com\/wp-content\/uploads\/2020\/08\/pexels-negative-space-34577.jpg"},{"@type":"BreadcrumbList","@id":"https:\/\/www.rjrinnovations.com\/fr\/solutions\/gestion-des-achats\/#breadcrumb","itemListElement":[{"@type":"ListItem","position":1,"name":"Home","item":"https:\/\/www.rjrinnovations.com\/fr\/"},{"@type":"ListItem","position":2,"name":"Business Management Solutions","item":"https:\/\/www.rjrinnovations.com\/fr\/solutions\/"},{"@type":"ListItem","position":3,"name":"Gestion des achats"}]},{"@type":"WebSite","@id":"https:\/\/www.rjrinnovations.com\/#website","url":"https:\/\/www.rjrinnovations.com\/","name":"RJR Innovations","description":"Connect your business... All of IT","publisher":{"@id":"https:\/\/www.rjrinnovations.com\/#organization"},"potentialAction":[{"@type":"SearchAction","target":{"@type":"EntryPoint","urlTemplate":"https:\/\/www.rjrinnovations.com\/?s={search_term_string}"},"query-input":{"@type":"PropertyValueSpecification","valueRequired":true,"valueName":"search_term_string"}}],"inLanguage":"fr-FR"},{"@type":"Organization","@id":"https:\/\/www.rjrinnovations.com\/#organization","name":"RJR Innovations","url":"https:\/\/www.rjrinnovations.com\/","logo":{"@type":"ImageObject","inLanguage":"fr-FR","@id":"https:\/\/www.rjrinnovations.com\/#\/schema\/logo\/image\/","url":"https:\/\/www.rjrinnovations.com\/wp-content\/uploads\/2015\/07\/RJR_Logo_Blue_Text_400x263.png","contentUrl":"https:\/\/www.rjrinnovations.com\/wp-content\/uploads\/2015\/07\/RJR_Logo_Blue_Text_400x263.png","width":400,"height":237,"caption":"RJR Innovations"},"image":{"@id":"https:\/\/www.rjrinnovations.com\/#\/schema\/logo\/image\/"},"sameAs":["https:\/\/www.facebook.com\/RJR-Innovations-107107129324171\/","https:\/\/x.com\/RJRInnovations","https:\/\/www.linkedin.com\/company\/rjr-innovations","https:\/\/www.youtube.com\/user\/RJRInnovations"]}]}},"_links":{"self":[{"href":"https:\/\/www.rjrinnovations.com\/fr\/wp-json\/wp\/v2\/pages\/10226","targetHints":{"allow":["GET"]}}],"collection":[{"href":"https:\/\/www.rjrinnovations.com\/fr\/wp-json\/wp\/v2\/pages"}],"about":[{"href":"https:\/\/www.rjrinnovations.com\/fr\/wp-json\/wp\/v2\/types\/page"}],"author":[{"embeddable":true,"href":"https:\/\/www.rjrinnovations.com\/fr\/wp-json\/wp\/v2\/users\/26"}],"replies":[{"embeddable":true,"href":"https:\/\/www.rjrinnovations.com\/fr\/wp-json\/wp\/v2\/comments?post=10226"}],"version-history":[{"count":0,"href":"https:\/\/www.rjrinnovations.com\/fr\/wp-json\/wp\/v2\/pages\/10226\/revisions"}],"up":[{"embeddable":true,"href":"https:\/\/www.rjrinnovations.com\/fr\/wp-json\/wp\/v2\/pages\/10192"}],"wp:attachment":[{"href":"https:\/\/www.rjrinnovations.com\/fr\/wp-json\/wp\/v2\/media?parent=10226"}],"curies":[{"name":"wp","href":"https:\/\/api.w.org\/{rel}","templated":true}]}}