{"id":10245,"date":"2012-07-05T08:14:03","date_gmt":"2012-07-05T08:14:03","guid":{"rendered":"http:\/\/devweb.rjrinnovations.com\/carrieres-chez-rjr-innovations\/"},"modified":"2020-08-07T10:40:34","modified_gmt":"2020-08-07T14:40:34","slug":"carrieres","status":"publish","type":"page","link":"https:\/\/www.rjrinnovations.com\/fr\/company\/carrieres\/","title":{"rendered":"Carri\u00e8res"},"content":{"rendered":"<div class=\"fusion-fullwidth fullwidth-box fusion-builder-row-1 hundred-percent-fullwidth non-hundred-percent-height-scrolling\" style=\"--awb-border-radius-top-left:0px;--awb-border-radius-top-right:0px;--awb-border-radius-bottom-right:0px;--awb-border-radius-bottom-left:0px;--awb-overflow:visible;--awb-flex-wrap:wrap;\" ><div class=\"fusion-builder-row fusion-row\"><div class=\"fusion-layout-column fusion_builder_column fusion-builder-column-0 fusion_builder_column_1_1 1_1 fusion-one-full fusion-column-first fusion-column-last fusion-column-no-min-height\" style=\"--awb-bg-size:cover;--awb-margin-top:0px;--awb-margin-bottom:0px;\"><div class=\"fusion-column-wrapper fusion-flex-column-wrapper-legacy\"><div class=\"fusion-title title fusion-title-1 fusion-sep-none fusion-title-text fusion-title-size-one\"><h1 class=\"fusion-title-heading title-heading-left\" style=\"margin:0;\">Construisez votre avenir avec RJR Innovations!<\/h1><\/div><div class=\"fusion-text fusion-text-1\"><p><img decoding=\"async\" class=\"lazyload wp-image-37661 size-full alignleft\" title=\"RJR Innovations Careers\" src=\"https:\/\/rjrinnovations.com\/wp-content\/uploads\/2020\/08\/pexels-fauxels-3184325.jpg\" data-orig-src=\"https:\/\/rjrinnovations.com\/wp-content\/uploads\/2020\/08\/pexels-fauxels-3184325.jpg\" alt=\"\" width=\"300\" height=\"200\" srcset=\"data:image\/svg+xml,%3Csvg%20xmlns%3D%27http%3A%2F%2Fwww.w3.org%2F2000%2Fsvg%27%20width%3D%27300%27%20height%3D%27200%27%20viewBox%3D%270%200%20300%20200%27%3E%3Crect%20width%3D%27300%27%20height%3D%27200%27%20fill-opacity%3D%220%22%2F%3E%3C%2Fsvg%3E\" data-srcset=\"https:\/\/www.rjrinnovations.com\/wp-content\/uploads\/2020\/08\/pexels-fauxels-3184325-150x100.jpg 150w, https:\/\/www.rjrinnovations.com\/wp-content\/uploads\/2020\/08\/pexels-fauxels-3184325-200x133.jpg 200w, https:\/\/www.rjrinnovations.com\/wp-content\/uploads\/2020\/08\/pexels-fauxels-3184325.jpg 300w\" data-sizes=\"auto\" data-orig-sizes=\"(max-width: 300px) 100vw, 300px\" \/><\/p>\n<p>Si vous voulez faire partie d&#8217;une entreprise en pleine expansion avec un environnement de travail amusant et gratifiant, alors RJR Innovations est l\u00e0 o\u00f9 vous voulez \u00eatre. Nous offrons un environnement stimulant et \u00e9nergique o\u00f9 vous pouvez utiliser votre initiative et votre talent pour b\u00e2tir votre carri\u00e8re tout en travaillant en \u00e9troite collaboration avec un groupe de personnes innovantes et hautement talentueuses.<\/p>\n<p>Avec RJR, vous \u00e9valuerez les besoins de l&#8217;entreprise et vous planifierez et d\u00e9ploierez, soutiendrez et entretiendrez nos solutions de gestion d&#8217;entreprise (BMS). Nous recherchons toujours des personnes comp\u00e9tentes, cr\u00e9atives et engag\u00e9es qui sont pr\u00eates \u00e0 apprendre et \u00e0 grandir avec nous.<\/p>\n<p>Si vous souhaitez d\u00e9couvrir l&#8217;esprit d&#8217;une organisation entrepreneuriale tout en profitant des ressources impressionnantes d&#8217;une entreprise en pleine croissance, nous vous invitons \u00e0 nous rejoindre.<\/p>\n<\/div><div class=\"fusion-sep-clear\"><\/div><div class=\"fusion-separator fusion-full-width-sep\" style=\"margin-left: auto;margin-right: auto;width:100%;\"><\/div><div class=\"fusion-sep-clear\"><\/div><div class=\"fusion-text fusion-text-2\"><h3>Opportunit\u00e9s disponibles:<\/h3>\n<p>RJR Innovations est toujours int\u00e9ress\u00e9 \u00e0 recevoir des candidatures de candidats qualifi\u00e9s ayant une exp\u00e9rience dans la gestion des services informatiques, la gestion d&#8217;entreprise num\u00e9rique, les services professionnels, le support, les ventes, le marketing, l&#8217;infrastructure et les op\u00e9rations. M\u00eame si aucun poste pertinent n&#8217;est r\u00e9pertori\u00e9 ci-dessous, nous vous encourageons \u00e0 soumettre votre curriculum vitae pour un examen futur.<\/p>\n<ul>\n<li><a href=\"\/company\/careers\/it-service-management-support-analyst\/\">IT Service Management Support Analyst<\/a><\/li>\n<li><a href=\"https:\/\/rjrinnovations.com\/company\/careers\/account-executive\/\">Account Executive &#8211; IT Sales<\/a><\/li>\n<li><a href=\"\/company\/careers\/workload-automation-consultant\/\">Workload Automation Consultant<\/a><\/li>\n<li><a href=\"\/company\/careers\/itsm-consultant-bmc-remedy\/\">IT Service Management Consultant<\/a><\/li>\n<\/ul>\n<\/div><div class=\"fusion-clearfix\"><\/div><\/div><\/div><\/div><\/div>\n","protected":false},"excerpt":{"rendered":"","protected":false},"author":26,"featured_media":0,"parent":10196,"menu_order":0,"comment_status":"closed","ping_status":"open","template":"","meta":{"footnotes":""},"class_list":["post-10245","page","type-page","status-publish","hentry"],"yoast_head":"<!-- This site is optimized with the Yoast SEO plugin v27.3 - https:\/\/yoast.com\/product\/yoast-seo-wordpress\/ -->\n<title>Available career opportunities at RJR Innovations<\/title>\n<meta name=\"description\" content=\"If you want to work for a quickly expanding company with a fun and rewarding work environment, then RJR Innovations is where you want to be.\" \/>\n<meta name=\"robots\" content=\"index, follow, max-snippet:-1, max-image-preview:large, max-video-preview:-1\" \/>\n<link rel=\"canonical\" href=\"https:\/\/www.rjrinnovations.com\/fr\/company\/carrieres\/\" \/>\n<meta property=\"og:locale\" content=\"fr_FR\" \/>\n<meta property=\"og:type\" content=\"article\" \/>\n<meta property=\"og:title\" content=\"Available career opportunities at RJR Innovations\" \/>\n<meta property=\"og:description\" content=\"If you want to work for a quickly expanding company with a fun and rewarding work environment, then RJR Innovations is where you want to be.\" \/>\n<meta property=\"og:url\" content=\"https:\/\/www.rjrinnovations.com\/fr\/company\/carrieres\/\" \/>\n<meta property=\"og:site_name\" content=\"RJR Innovations\" \/>\n<meta property=\"article:publisher\" content=\"https:\/\/www.facebook.com\/RJR-Innovations-107107129324171\/\" \/>\n<meta property=\"article:modified_time\" content=\"2020-08-07T14:40:34+00:00\" \/>\n<meta property=\"og:image\" content=\"https:\/\/www.rjrinnovations.com\/wp-content\/uploads\/2020\/08\/pexels-fauxels-3184325.jpg\" \/>\n\t<meta property=\"og:image:width\" content=\"300\" \/>\n\t<meta property=\"og:image:height\" content=\"200\" \/>\n\t<meta property=\"og:image:type\" content=\"image\/jpeg\" \/>\n<meta name=\"twitter:card\" content=\"summary_large_image\" \/>\n<meta name=\"twitter:site\" content=\"@RJRInnovations\" \/>\n<script type=\"application\/ld+json\" class=\"yoast-schema-graph\">{\"@context\":\"https:\\\/\\\/schema.org\",\"@graph\":[{\"@type\":\"WebPage\",\"@id\":\"https:\\\/\\\/www.rjrinnovations.com\\\/fr\\\/company\\\/carrieres\\\/\",\"url\":\"https:\\\/\\\/www.rjrinnovations.com\\\/fr\\\/company\\\/carrieres\\\/\",\"name\":\"Available career opportunities at RJR Innovations\",\"isPartOf\":{\"@id\":\"https:\\\/\\\/www.rjrinnovations.com\\\/#website\"},\"primaryImageOfPage\":{\"@id\":\"https:\\\/\\\/www.rjrinnovations.com\\\/fr\\\/company\\\/carrieres\\\/#primaryimage\"},\"image\":{\"@id\":\"https:\\\/\\\/www.rjrinnovations.com\\\/fr\\\/company\\\/carrieres\\\/#primaryimage\"},\"thumbnailUrl\":\"https:\\\/\\\/rjrinnovations.com\\\/wp-content\\\/uploads\\\/2020\\\/08\\\/pexels-fauxels-3184325.jpg\",\"datePublished\":\"2012-07-05T08:14:03+00:00\",\"dateModified\":\"2020-08-07T14:40:34+00:00\",\"description\":\"If you want to work for a quickly expanding company with a fun and rewarding work environment, then RJR Innovations is where you want to be.\",\"breadcrumb\":{\"@id\":\"https:\\\/\\\/www.rjrinnovations.com\\\/fr\\\/company\\\/carrieres\\\/#breadcrumb\"},\"inLanguage\":\"fr-FR\",\"potentialAction\":[{\"@type\":\"ReadAction\",\"target\":[\"https:\\\/\\\/www.rjrinnovations.com\\\/fr\\\/company\\\/carrieres\\\/\"]}]},{\"@type\":\"ImageObject\",\"inLanguage\":\"fr-FR\",\"@id\":\"https:\\\/\\\/www.rjrinnovations.com\\\/fr\\\/company\\\/carrieres\\\/#primaryimage\",\"url\":\"https:\\\/\\\/rjrinnovations.com\\\/wp-content\\\/uploads\\\/2020\\\/08\\\/pexels-fauxels-3184325.jpg\",\"contentUrl\":\"https:\\\/\\\/rjrinnovations.com\\\/wp-content\\\/uploads\\\/2020\\\/08\\\/pexels-fauxels-3184325.jpg\"},{\"@type\":\"BreadcrumbList\",\"@id\":\"https:\\\/\\\/www.rjrinnovations.com\\\/fr\\\/company\\\/carrieres\\\/#breadcrumb\",\"itemListElement\":[{\"@type\":\"ListItem\",\"position\":1,\"name\":\"Home\",\"item\":\"https:\\\/\\\/www.rjrinnovations.com\\\/fr\\\/\"},{\"@type\":\"ListItem\",\"position\":2,\"name\":\"Company\",\"item\":\"https:\\\/\\\/www.rjrinnovations.com\\\/fr\\\/company\\\/\"},{\"@type\":\"ListItem\",\"position\":3,\"name\":\"Carri\u00e8res\"}]},{\"@type\":\"WebSite\",\"@id\":\"https:\\\/\\\/www.rjrinnovations.com\\\/#website\",\"url\":\"https:\\\/\\\/www.rjrinnovations.com\\\/\",\"name\":\"RJR Innovations\",\"description\":\"Connect your business... All of IT\",\"publisher\":{\"@id\":\"https:\\\/\\\/www.rjrinnovations.com\\\/#organization\"},\"potentialAction\":[{\"@type\":\"SearchAction\",\"target\":{\"@type\":\"EntryPoint\",\"urlTemplate\":\"https:\\\/\\\/www.rjrinnovations.com\\\/?s={search_term_string}\"},\"query-input\":{\"@type\":\"PropertyValueSpecification\",\"valueRequired\":true,\"valueName\":\"search_term_string\"}}],\"inLanguage\":\"fr-FR\"},{\"@type\":\"Organization\",\"@id\":\"https:\\\/\\\/www.rjrinnovations.com\\\/#organization\",\"name\":\"RJR Innovations\",\"url\":\"https:\\\/\\\/www.rjrinnovations.com\\\/\",\"logo\":{\"@type\":\"ImageObject\",\"inLanguage\":\"fr-FR\",\"@id\":\"https:\\\/\\\/www.rjrinnovations.com\\\/#\\\/schema\\\/logo\\\/image\\\/\",\"url\":\"https:\\\/\\\/www.rjrinnovations.com\\\/wp-content\\\/uploads\\\/2015\\\/07\\\/RJR_Logo_Blue_Text_400x263.png\",\"contentUrl\":\"https:\\\/\\\/www.rjrinnovations.com\\\/wp-content\\\/uploads\\\/2015\\\/07\\\/RJR_Logo_Blue_Text_400x263.png\",\"width\":400,\"height\":237,\"caption\":\"RJR Innovations\"},\"image\":{\"@id\":\"https:\\\/\\\/www.rjrinnovations.com\\\/#\\\/schema\\\/logo\\\/image\\\/\"},\"sameAs\":[\"https:\\\/\\\/www.facebook.com\\\/RJR-Innovations-107107129324171\\\/\",\"https:\\\/\\\/x.com\\\/RJRInnovations\",\"https:\\\/\\\/www.linkedin.com\\\/company\\\/rjr-innovations\",\"https:\\\/\\\/www.youtube.com\\\/user\\\/RJRInnovations\"]}]}<\/script>\n<!-- \/ Yoast SEO plugin. -->","yoast_head_json":{"title":"Available career opportunities at RJR Innovations","description":"If you want to work for a quickly expanding company with a fun and rewarding work environment, then RJR Innovations is where you want to be.","robots":{"index":"index","follow":"follow","max-snippet":"max-snippet:-1","max-image-preview":"max-image-preview:large","max-video-preview":"max-video-preview:-1"},"canonical":"https:\/\/www.rjrinnovations.com\/fr\/company\/carrieres\/","og_locale":"fr_FR","og_type":"article","og_title":"Available career opportunities at RJR Innovations","og_description":"If you want to work for a quickly expanding company with a fun and rewarding work environment, then RJR Innovations is where you want to be.","og_url":"https:\/\/www.rjrinnovations.com\/fr\/company\/carrieres\/","og_site_name":"RJR Innovations","article_publisher":"https:\/\/www.facebook.com\/RJR-Innovations-107107129324171\/","article_modified_time":"2020-08-07T14:40:34+00:00","og_image":[{"width":300,"height":200,"url":"https:\/\/www.rjrinnovations.com\/wp-content\/uploads\/2020\/08\/pexels-fauxels-3184325.jpg","type":"image\/jpeg"}],"twitter_card":"summary_large_image","twitter_site":"@RJRInnovations","schema":{"@context":"https:\/\/schema.org","@graph":[{"@type":"WebPage","@id":"https:\/\/www.rjrinnovations.com\/fr\/company\/carrieres\/","url":"https:\/\/www.rjrinnovations.com\/fr\/company\/carrieres\/","name":"Available career opportunities at RJR Innovations","isPartOf":{"@id":"https:\/\/www.rjrinnovations.com\/#website"},"primaryImageOfPage":{"@id":"https:\/\/www.rjrinnovations.com\/fr\/company\/carrieres\/#primaryimage"},"image":{"@id":"https:\/\/www.rjrinnovations.com\/fr\/company\/carrieres\/#primaryimage"},"thumbnailUrl":"https:\/\/rjrinnovations.com\/wp-content\/uploads\/2020\/08\/pexels-fauxels-3184325.jpg","datePublished":"2012-07-05T08:14:03+00:00","dateModified":"2020-08-07T14:40:34+00:00","description":"If you want to work for a quickly expanding company with a fun and rewarding work environment, then RJR Innovations is where you want to be.","breadcrumb":{"@id":"https:\/\/www.rjrinnovations.com\/fr\/company\/carrieres\/#breadcrumb"},"inLanguage":"fr-FR","potentialAction":[{"@type":"ReadAction","target":["https:\/\/www.rjrinnovations.com\/fr\/company\/carrieres\/"]}]},{"@type":"ImageObject","inLanguage":"fr-FR","@id":"https:\/\/www.rjrinnovations.com\/fr\/company\/carrieres\/#primaryimage","url":"https:\/\/rjrinnovations.com\/wp-content\/uploads\/2020\/08\/pexels-fauxels-3184325.jpg","contentUrl":"https:\/\/rjrinnovations.com\/wp-content\/uploads\/2020\/08\/pexels-fauxels-3184325.jpg"},{"@type":"BreadcrumbList","@id":"https:\/\/www.rjrinnovations.com\/fr\/company\/carrieres\/#breadcrumb","itemListElement":[{"@type":"ListItem","position":1,"name":"Home","item":"https:\/\/www.rjrinnovations.com\/fr\/"},{"@type":"ListItem","position":2,"name":"Company","item":"https:\/\/www.rjrinnovations.com\/fr\/company\/"},{"@type":"ListItem","position":3,"name":"Carri\u00e8res"}]},{"@type":"WebSite","@id":"https:\/\/www.rjrinnovations.com\/#website","url":"https:\/\/www.rjrinnovations.com\/","name":"RJR Innovations","description":"Connect your business... All of IT","publisher":{"@id":"https:\/\/www.rjrinnovations.com\/#organization"},"potentialAction":[{"@type":"SearchAction","target":{"@type":"EntryPoint","urlTemplate":"https:\/\/www.rjrinnovations.com\/?s={search_term_string}"},"query-input":{"@type":"PropertyValueSpecification","valueRequired":true,"valueName":"search_term_string"}}],"inLanguage":"fr-FR"},{"@type":"Organization","@id":"https:\/\/www.rjrinnovations.com\/#organization","name":"RJR Innovations","url":"https:\/\/www.rjrinnovations.com\/","logo":{"@type":"ImageObject","inLanguage":"fr-FR","@id":"https:\/\/www.rjrinnovations.com\/#\/schema\/logo\/image\/","url":"https:\/\/www.rjrinnovations.com\/wp-content\/uploads\/2015\/07\/RJR_Logo_Blue_Text_400x263.png","contentUrl":"https:\/\/www.rjrinnovations.com\/wp-content\/uploads\/2015\/07\/RJR_Logo_Blue_Text_400x263.png","width":400,"height":237,"caption":"RJR Innovations"},"image":{"@id":"https:\/\/www.rjrinnovations.com\/#\/schema\/logo\/image\/"},"sameAs":["https:\/\/www.facebook.com\/RJR-Innovations-107107129324171\/","https:\/\/x.com\/RJRInnovations","https:\/\/www.linkedin.com\/company\/rjr-innovations","https:\/\/www.youtube.com\/user\/RJRInnovations"]}]}},"_links":{"self":[{"href":"https:\/\/www.rjrinnovations.com\/fr\/wp-json\/wp\/v2\/pages\/10245","targetHints":{"allow":["GET"]}}],"collection":[{"href":"https:\/\/www.rjrinnovations.com\/fr\/wp-json\/wp\/v2\/pages"}],"about":[{"href":"https:\/\/www.rjrinnovations.com\/fr\/wp-json\/wp\/v2\/types\/page"}],"author":[{"embeddable":true,"href":"https:\/\/www.rjrinnovations.com\/fr\/wp-json\/wp\/v2\/users\/26"}],"replies":[{"embeddable":true,"href":"https:\/\/www.rjrinnovations.com\/fr\/wp-json\/wp\/v2\/comments?post=10245"}],"version-history":[{"count":0,"href":"https:\/\/www.rjrinnovations.com\/fr\/wp-json\/wp\/v2\/pages\/10245\/revisions"}],"up":[{"embeddable":true,"href":"https:\/\/www.rjrinnovations.com\/fr\/wp-json\/wp\/v2\/pages\/10196"}],"wp:attachment":[{"href":"https:\/\/www.rjrinnovations.com\/fr\/wp-json\/wp\/v2\/media?parent=10245"}],"curies":[{"name":"wp","href":"https:\/\/api.w.org\/{rel}","templated":true}]}}