{"id":10287,"date":"2013-01-17T10:26:25","date_gmt":"2013-01-17T15:26:25","guid":{"rendered":"http:\/\/devweb.rjrinnovations.com\/politique-de-confidentialite\/"},"modified":"2020-03-02T11:12:28","modified_gmt":"2020-03-02T16:12:28","slug":"politique-de-confidentialite","status":"publish","type":"page","link":"https:\/\/www.rjrinnovations.com\/fr\/company\/politique-de-confidentialite\/","title":{"rendered":"Politique de confidentialit\u00e9"},"content":{"rendered":"<div class=\"fusion-fullwidth fullwidth-box fusion-builder-row-1 hundred-percent-fullwidth non-hundred-percent-height-scrolling\" style=\"--awb-border-radius-top-left:0px;--awb-border-radius-top-right:0px;--awb-border-radius-bottom-right:0px;--awb-border-radius-bottom-left:0px;--awb-overflow:visible;--awb-flex-wrap:wrap;\" ><div class=\"fusion-builder-row fusion-row\"><div class=\"fusion-layout-column fusion_builder_column fusion-builder-column-0 fusion_builder_column_1_1 1_1 fusion-one-full fusion-column-first fusion-column-last fusion-column-no-min-height\" style=\"--awb-bg-size:cover;--awb-margin-top:0px;--awb-margin-bottom:0px;\"><div class=\"fusion-column-wrapper fusion-flex-column-wrapper-legacy\"><div class=\"fusion-text fusion-text-1\"><h1>Politique de confidentialit\u00e9<\/h1>\n<\/div><div class=\"fusion-text fusion-text-2\"><p><img decoding=\"async\" class=\"lazyload alignleft wp-image-13925\" src=\"http:\/\/www.rjrinnovations.com\/wp-content\/uploads\/2013\/01\/Privacy-policy.jpg\" data-orig-src=\"http:\/\/www.rjrinnovations.com\/wp-content\/uploads\/2013\/01\/Privacy-policy.jpg\" alt=\"\" width=\"300\" height=\"263\" srcset=\"data:image\/svg+xml,%3Csvg%20xmlns%3D%27http%3A%2F%2Fwww.w3.org%2F2000%2Fsvg%27%20width%3D%27300%27%20height%3D%27263%27%20viewBox%3D%270%200%20300%20263%27%3E%3Crect%20width%3D%27300%27%20height%3D%27263%27%20fill-opacity%3D%220%22%2F%3E%3C%2Fsvg%3E\" data-srcset=\"https:\/\/www.rjrinnovations.com\/wp-content\/uploads\/2013\/01\/Privacy-policy-150x131.jpg 150w, https:\/\/www.rjrinnovations.com\/wp-content\/uploads\/2013\/01\/Privacy-policy-200x175.jpg 200w, https:\/\/www.rjrinnovations.com\/wp-content\/uploads\/2013\/01\/Privacy-policy.jpg 800w\" data-sizes=\"auto\" data-orig-sizes=\"(max-width: 300px) 100vw, 300px\" \/><\/p>\n<p>Chez RJR Innovations, nous nous sommes engag\u00e9s \u00e0 fournir des solutions de gestion d\u2019affaires (SGA) de la plus haute qualit\u00e9 de fa\u00e7on \u00e0 favoriser la confiance entre nos clients, nos partenaires et des gens.<\/p>\n<p>Cet engagement inclut la protection de la confidentialit\u00e9 de tous les renseignements personnels en notre possession.<\/p>\n<\/div><div class=\"fusion-clearfix\"><\/div><\/div><\/div><div class=\"fusion-layout-column fusion_builder_column fusion-builder-column-1 fusion_builder_column_1_1 1_1 fusion-one-full fusion-column-first fusion-column-last fusion-column-no-min-height\" style=\"--awb-bg-size:cover;--awb-margin-top:0px;--awb-margin-bottom:0px;\"><div class=\"fusion-column-wrapper fusion-flex-column-wrapper-legacy\"><div class=\"accordian fusion-accordian\" style=\"--awb-border-size:1px;--awb-icon-size:13px;--awb-content-font-size:16px;--awb-icon-alignment:left;--awb-hover-color:#f9f9f9;--awb-border-color:#cccccc;--awb-background-color:#ffffff;--awb-divider-color:#e3e3e3;--awb-divider-hover-color:#e3e3e3;--awb-icon-color:#ffffff;--awb-title-color:#ff8800;--awb-content-color:#4c4c4c;--awb-icon-box-color:#fdbc16;--awb-toggle-hover-accent-color:#0a162f;--awb-title-font-family:&quot;Open Sans&quot;;--awb-title-font-weight:600;--awb-title-font-style:normal;--awb-title-font-size:17px;--awb-content-font-family:&quot;Open Sans&quot;;--awb-content-font-style:normal;--awb-content-font-weight:400;\"><div class=\"panel-group fusion-toggle-icon-boxed\" id=\"accordion-10287-1\"><div class=\"fusion-panel panel-default panel-8f1d6f9b1666956c2 fusion-toggle-has-divider\"><div class=\"panel-heading\"><h4 class=\"panel-title toggle\" id=\"toggle_8f1d6f9b1666956c2\"><a class=\"active\" aria-expanded=\"true\" aria-controls=\"8f1d6f9b1666956c2\" role=\"button\" data-toggle=\"collapse\" data-parent=\"#accordion-10287-1\" data-target=\"#8f1d6f9b1666956c2\" href=\"#8f1d6f9b1666956c2\"><span class=\"fusion-toggle-icon-wrapper\" aria-hidden=\"true\"><i class=\"fa-fusion-box active-icon awb-icon-minus\" aria-hidden=\"true\"><\/i><i class=\"fa-fusion-box inactive-icon awb-icon-plus\" aria-hidden=\"true\"><\/i><\/span><span class=\"fusion-toggle-heading\">Lors du traitement des renseignements personnels des clients et des employ\u00e9s, nous respectons les directives suivantes:<\/span><\/a><\/h4><\/div><div id=\"8f1d6f9b1666956c2\" class=\"panel-collapse collapse in\" aria-labelledby=\"toggle_8f1d6f9b1666956c2\"><div class=\"panel-body toggle-content fusion-clearfix\">\n<ul>\n<li>RJR Innovations limite la cueillette, l\u2019utilisation et la divulgation des renseignements personnels qui nous est fournie aux seuls renseignements qui sont n\u00e9cessaires pour nos utilisations d\u2019affaires et pour vous fournir des solutions et des services.<\/li>\n<li>RJR Innovations conserve les renseignements personnels le temps n\u00e9cessaire uniquement afin de compl\u00e9ter les objectifs d\u2019affaires et pour se conformer aux lois applicables concernant la r\u00e9tention des dossiers.<\/li>\n<li>Lorsque RJR Innovations ne requiert plus l\u2019information pour les objectifs d\u2019affaires ou pour r\u00e9pondre aux exigences juridiques, nous la d\u00e9truisons ou la rendons anonyme.<\/li>\n<li>RJR Innovation n\u2019effectue aucune collecte, utilisation ou divulgation de renseignements personnels au sujet de ses clients sans le consentement ce ceux-ci, sauf lorsque la divulgation est permise ou exig\u00e9e par la loi.<\/li>\n<\/ul>\n<\/div><\/div><\/div><\/div><\/div><div class=\"fusion-clearfix\"><\/div><\/div><\/div><div class=\"fusion-layout-column fusion_builder_column fusion-builder-column-2 fusion_builder_column_1_1 1_1 fusion-one-full fusion-column-first fusion-column-last fusion-column-no-min-height\" style=\"--awb-bg-size:cover;--awb-margin-top:0px;--awb-margin-bottom:0px;\"><div class=\"fusion-column-wrapper fusion-flex-column-wrapper-legacy\"><div class=\"accordian fusion-accordian\" style=\"--awb-border-size:1px;--awb-icon-size:13px;--awb-content-font-size:16px;--awb-icon-alignment:left;--awb-hover-color:#f9f9f9;--awb-border-color:#cccccc;--awb-background-color:#ffffff;--awb-divider-color:#e3e3e3;--awb-divider-hover-color:#e3e3e3;--awb-icon-color:#ffffff;--awb-title-color:#ff8800;--awb-content-color:#4c4c4c;--awb-icon-box-color:#fdbc16;--awb-toggle-hover-accent-color:#0a162f;--awb-title-font-family:&quot;Open Sans&quot;;--awb-title-font-weight:600;--awb-title-font-style:normal;--awb-title-font-size:17px;--awb-content-font-family:&quot;Open Sans&quot;;--awb-content-font-style:normal;--awb-content-font-weight:400;\"><div class=\"panel-group fusion-toggle-icon-boxed\" id=\"accordion-10287-2\"><div class=\"fusion-panel panel-default panel-76fdf4f24da8cd930 fusion-toggle-has-divider\"><div class=\"panel-heading\"><h4 class=\"panel-title toggle\" id=\"toggle_76fdf4f24da8cd930\"><a aria-expanded=\"false\" aria-controls=\"76fdf4f24da8cd930\" role=\"button\" data-toggle=\"collapse\" data-parent=\"#accordion-10287-2\" data-target=\"#76fdf4f24da8cd930\" href=\"#76fdf4f24da8cd930\"><span class=\"fusion-toggle-icon-wrapper\" aria-hidden=\"true\"><i class=\"fa-fusion-box active-icon awb-icon-minus\" aria-hidden=\"true\"><\/i><i class=\"fa-fusion-box inactive-icon awb-icon-plus\" aria-hidden=\"true\"><\/i><\/span><span class=\"fusion-toggle-heading\">Comment RJR Innovations utilise les renseignements personnels<\/span><\/a><\/h4><\/div><div id=\"76fdf4f24da8cd930\" class=\"panel-collapse collapse \" aria-labelledby=\"toggle_76fdf4f24da8cd930\"><div class=\"panel-body toggle-content fusion-clearfix\">\n<ul>\n<li>RJR Innovations ne partagera pas vos renseignements personnels, sans votre consentement, \u00e0 une organisation qui permettrait \u00e0 l\u2019organisation d\u2019utiliser vos renseignements personnels aux fins de marketing.<\/li>\n<li>RJR Innovations utilise ou divulgue vos renseignements personnels seulement aux fins pour lesquelles ils ont \u00e9t\u00e9 recueillis, d\u2019autres usages auxquels vous consentez ou tel que requis ou permis par la loi.<\/li>\n<li>RJR Innovations conserve vos renseignements personnels aussi pr\u00e9cis\u00e9ment et \u00e0 jour que cela est n\u00e9cessaire pour r\u00e9pondre aux objectifs pour lesquels ils sont utilis\u00e9s. Si vous avez des questions au sujet de notre politique de confidentialit\u00e9, veuillez nous contacter par courriel au <a href=\"mailto:info@rjrinnovations.com\">info@rjrinnovations.com<\/a><\/li>\n<\/ul>\n<\/div><\/div><\/div><\/div><\/div><div class=\"fusion-clearfix\"><\/div><\/div><\/div><\/div><\/div>\n","protected":false},"excerpt":{"rendered":"","protected":false},"author":26,"featured_media":0,"parent":10196,"menu_order":0,"comment_status":"closed","ping_status":"open","template":"100-width.php","meta":{"footnotes":""},"class_list":["post-10287","page","type-page","status-publish","hentry"],"yoast_head":"<!-- This site is optimized with the Yoast SEO plugin v27.3 - https:\/\/yoast.com\/product\/yoast-seo-wordpress\/ -->\n<title>Politique de confidentialit\u00e9<\/title>\n<meta name=\"description\" content=\"RJR Innovations will not share your personal information, without your consent, We are committed to your privacy.\" \/>\n<meta name=\"robots\" content=\"index, follow, max-snippet:-1, max-image-preview:large, max-video-preview:-1\" \/>\n<link rel=\"canonical\" href=\"https:\/\/www.rjrinnovations.com\/fr\/company\/politique-de-confidentialite\/\" \/>\n<meta property=\"og:locale\" content=\"fr_FR\" \/>\n<meta property=\"og:type\" content=\"article\" \/>\n<meta property=\"og:title\" content=\"Politique de confidentialit\u00e9\" \/>\n<meta property=\"og:description\" content=\"RJR Innovations will not share your personal information, without your consent, We are committed to your privacy.\" \/>\n<meta property=\"og:url\" content=\"https:\/\/www.rjrinnovations.com\/fr\/company\/politique-de-confidentialite\/\" \/>\n<meta property=\"og:site_name\" content=\"RJR Innovations\" \/>\n<meta property=\"article:publisher\" content=\"https:\/\/www.facebook.com\/RJR-Innovations-107107129324171\/\" \/>\n<meta property=\"article:modified_time\" content=\"2020-03-02T16:12:28+00:00\" \/>\n<meta property=\"og:image\" content=\"https:\/\/www.rjrinnovations.com\/wp-content\/uploads\/2013\/01\/Privacy-policy.jpg\" \/>\n\t<meta property=\"og:image:width\" content=\"800\" \/>\n\t<meta property=\"og:image:height\" content=\"700\" \/>\n\t<meta property=\"og:image:type\" content=\"image\/jpeg\" \/>\n<meta name=\"twitter:card\" content=\"summary_large_image\" \/>\n<meta name=\"twitter:site\" content=\"@RJRInnovations\" \/>\n<script type=\"application\/ld+json\" class=\"yoast-schema-graph\">{\"@context\":\"https:\\\/\\\/schema.org\",\"@graph\":[{\"@type\":\"WebPage\",\"@id\":\"https:\\\/\\\/www.rjrinnovations.com\\\/fr\\\/company\\\/politique-de-confidentialite\\\/\",\"url\":\"https:\\\/\\\/www.rjrinnovations.com\\\/fr\\\/company\\\/politique-de-confidentialite\\\/\",\"name\":\"Politique de confidentialit\u00e9\",\"isPartOf\":{\"@id\":\"https:\\\/\\\/www.rjrinnovations.com\\\/#website\"},\"primaryImageOfPage\":{\"@id\":\"https:\\\/\\\/www.rjrinnovations.com\\\/fr\\\/company\\\/politique-de-confidentialite\\\/#primaryimage\"},\"image\":{\"@id\":\"https:\\\/\\\/www.rjrinnovations.com\\\/fr\\\/company\\\/politique-de-confidentialite\\\/#primaryimage\"},\"thumbnailUrl\":\"http:\\\/\\\/www.rjrinnovations.com\\\/wp-content\\\/uploads\\\/2013\\\/01\\\/Privacy-policy.jpg\",\"datePublished\":\"2013-01-17T15:26:25+00:00\",\"dateModified\":\"2020-03-02T16:12:28+00:00\",\"description\":\"RJR Innovations will not share your personal information, without your consent, We are committed to your privacy.\",\"breadcrumb\":{\"@id\":\"https:\\\/\\\/www.rjrinnovations.com\\\/fr\\\/company\\\/politique-de-confidentialite\\\/#breadcrumb\"},\"inLanguage\":\"fr-FR\",\"potentialAction\":[{\"@type\":\"ReadAction\",\"target\":[\"https:\\\/\\\/www.rjrinnovations.com\\\/fr\\\/company\\\/politique-de-confidentialite\\\/\"]}]},{\"@type\":\"ImageObject\",\"inLanguage\":\"fr-FR\",\"@id\":\"https:\\\/\\\/www.rjrinnovations.com\\\/fr\\\/company\\\/politique-de-confidentialite\\\/#primaryimage\",\"url\":\"http:\\\/\\\/www.rjrinnovations.com\\\/wp-content\\\/uploads\\\/2013\\\/01\\\/Privacy-policy.jpg\",\"contentUrl\":\"http:\\\/\\\/www.rjrinnovations.com\\\/wp-content\\\/uploads\\\/2013\\\/01\\\/Privacy-policy.jpg\"},{\"@type\":\"BreadcrumbList\",\"@id\":\"https:\\\/\\\/www.rjrinnovations.com\\\/fr\\\/company\\\/politique-de-confidentialite\\\/#breadcrumb\",\"itemListElement\":[{\"@type\":\"ListItem\",\"position\":1,\"name\":\"Home\",\"item\":\"https:\\\/\\\/www.rjrinnovations.com\\\/fr\\\/\"},{\"@type\":\"ListItem\",\"position\":2,\"name\":\"Company\",\"item\":\"https:\\\/\\\/www.rjrinnovations.com\\\/fr\\\/company\\\/\"},{\"@type\":\"ListItem\",\"position\":3,\"name\":\"Politique de confidentialit\u00e9\"}]},{\"@type\":\"WebSite\",\"@id\":\"https:\\\/\\\/www.rjrinnovations.com\\\/#website\",\"url\":\"https:\\\/\\\/www.rjrinnovations.com\\\/\",\"name\":\"RJR Innovations\",\"description\":\"Connect your business... All of IT\",\"publisher\":{\"@id\":\"https:\\\/\\\/www.rjrinnovations.com\\\/#organization\"},\"potentialAction\":[{\"@type\":\"SearchAction\",\"target\":{\"@type\":\"EntryPoint\",\"urlTemplate\":\"https:\\\/\\\/www.rjrinnovations.com\\\/?s={search_term_string}\"},\"query-input\":{\"@type\":\"PropertyValueSpecification\",\"valueRequired\":true,\"valueName\":\"search_term_string\"}}],\"inLanguage\":\"fr-FR\"},{\"@type\":\"Organization\",\"@id\":\"https:\\\/\\\/www.rjrinnovations.com\\\/#organization\",\"name\":\"RJR Innovations\",\"url\":\"https:\\\/\\\/www.rjrinnovations.com\\\/\",\"logo\":{\"@type\":\"ImageObject\",\"inLanguage\":\"fr-FR\",\"@id\":\"https:\\\/\\\/www.rjrinnovations.com\\\/#\\\/schema\\\/logo\\\/image\\\/\",\"url\":\"https:\\\/\\\/www.rjrinnovations.com\\\/wp-content\\\/uploads\\\/2015\\\/07\\\/RJR_Logo_Blue_Text_400x263.png\",\"contentUrl\":\"https:\\\/\\\/www.rjrinnovations.com\\\/wp-content\\\/uploads\\\/2015\\\/07\\\/RJR_Logo_Blue_Text_400x263.png\",\"width\":400,\"height\":237,\"caption\":\"RJR Innovations\"},\"image\":{\"@id\":\"https:\\\/\\\/www.rjrinnovations.com\\\/#\\\/schema\\\/logo\\\/image\\\/\"},\"sameAs\":[\"https:\\\/\\\/www.facebook.com\\\/RJR-Innovations-107107129324171\\\/\",\"https:\\\/\\\/x.com\\\/RJRInnovations\",\"https:\\\/\\\/www.linkedin.com\\\/company\\\/rjr-innovations\",\"https:\\\/\\\/www.youtube.com\\\/user\\\/RJRInnovations\"]}]}<\/script>\n<!-- \/ Yoast SEO plugin. -->","yoast_head_json":{"title":"Politique de confidentialit\u00e9","description":"RJR Innovations will not share your personal information, without your consent, We are committed to your privacy.","robots":{"index":"index","follow":"follow","max-snippet":"max-snippet:-1","max-image-preview":"max-image-preview:large","max-video-preview":"max-video-preview:-1"},"canonical":"https:\/\/www.rjrinnovations.com\/fr\/company\/politique-de-confidentialite\/","og_locale":"fr_FR","og_type":"article","og_title":"Politique de confidentialit\u00e9","og_description":"RJR Innovations will not share your personal information, without your consent, We are committed to your privacy.","og_url":"https:\/\/www.rjrinnovations.com\/fr\/company\/politique-de-confidentialite\/","og_site_name":"RJR Innovations","article_publisher":"https:\/\/www.facebook.com\/RJR-Innovations-107107129324171\/","article_modified_time":"2020-03-02T16:12:28+00:00","og_image":[{"width":800,"height":700,"url":"https:\/\/www.rjrinnovations.com\/wp-content\/uploads\/2013\/01\/Privacy-policy.jpg","type":"image\/jpeg"}],"twitter_card":"summary_large_image","twitter_site":"@RJRInnovations","schema":{"@context":"https:\/\/schema.org","@graph":[{"@type":"WebPage","@id":"https:\/\/www.rjrinnovations.com\/fr\/company\/politique-de-confidentialite\/","url":"https:\/\/www.rjrinnovations.com\/fr\/company\/politique-de-confidentialite\/","name":"Politique de confidentialit\u00e9","isPartOf":{"@id":"https:\/\/www.rjrinnovations.com\/#website"},"primaryImageOfPage":{"@id":"https:\/\/www.rjrinnovations.com\/fr\/company\/politique-de-confidentialite\/#primaryimage"},"image":{"@id":"https:\/\/www.rjrinnovations.com\/fr\/company\/politique-de-confidentialite\/#primaryimage"},"thumbnailUrl":"http:\/\/www.rjrinnovations.com\/wp-content\/uploads\/2013\/01\/Privacy-policy.jpg","datePublished":"2013-01-17T15:26:25+00:00","dateModified":"2020-03-02T16:12:28+00:00","description":"RJR Innovations will not share your personal information, without your consent, We are committed to your privacy.","breadcrumb":{"@id":"https:\/\/www.rjrinnovations.com\/fr\/company\/politique-de-confidentialite\/#breadcrumb"},"inLanguage":"fr-FR","potentialAction":[{"@type":"ReadAction","target":["https:\/\/www.rjrinnovations.com\/fr\/company\/politique-de-confidentialite\/"]}]},{"@type":"ImageObject","inLanguage":"fr-FR","@id":"https:\/\/www.rjrinnovations.com\/fr\/company\/politique-de-confidentialite\/#primaryimage","url":"http:\/\/www.rjrinnovations.com\/wp-content\/uploads\/2013\/01\/Privacy-policy.jpg","contentUrl":"http:\/\/www.rjrinnovations.com\/wp-content\/uploads\/2013\/01\/Privacy-policy.jpg"},{"@type":"BreadcrumbList","@id":"https:\/\/www.rjrinnovations.com\/fr\/company\/politique-de-confidentialite\/#breadcrumb","itemListElement":[{"@type":"ListItem","position":1,"name":"Home","item":"https:\/\/www.rjrinnovations.com\/fr\/"},{"@type":"ListItem","position":2,"name":"Company","item":"https:\/\/www.rjrinnovations.com\/fr\/company\/"},{"@type":"ListItem","position":3,"name":"Politique de confidentialit\u00e9"}]},{"@type":"WebSite","@id":"https:\/\/www.rjrinnovations.com\/#website","url":"https:\/\/www.rjrinnovations.com\/","name":"RJR Innovations","description":"Connect your business... All of IT","publisher":{"@id":"https:\/\/www.rjrinnovations.com\/#organization"},"potentialAction":[{"@type":"SearchAction","target":{"@type":"EntryPoint","urlTemplate":"https:\/\/www.rjrinnovations.com\/?s={search_term_string}"},"query-input":{"@type":"PropertyValueSpecification","valueRequired":true,"valueName":"search_term_string"}}],"inLanguage":"fr-FR"},{"@type":"Organization","@id":"https:\/\/www.rjrinnovations.com\/#organization","name":"RJR Innovations","url":"https:\/\/www.rjrinnovations.com\/","logo":{"@type":"ImageObject","inLanguage":"fr-FR","@id":"https:\/\/www.rjrinnovations.com\/#\/schema\/logo\/image\/","url":"https:\/\/www.rjrinnovations.com\/wp-content\/uploads\/2015\/07\/RJR_Logo_Blue_Text_400x263.png","contentUrl":"https:\/\/www.rjrinnovations.com\/wp-content\/uploads\/2015\/07\/RJR_Logo_Blue_Text_400x263.png","width":400,"height":237,"caption":"RJR Innovations"},"image":{"@id":"https:\/\/www.rjrinnovations.com\/#\/schema\/logo\/image\/"},"sameAs":["https:\/\/www.facebook.com\/RJR-Innovations-107107129324171\/","https:\/\/x.com\/RJRInnovations","https:\/\/www.linkedin.com\/company\/rjr-innovations","https:\/\/www.youtube.com\/user\/RJRInnovations"]}]}},"_links":{"self":[{"href":"https:\/\/www.rjrinnovations.com\/fr\/wp-json\/wp\/v2\/pages\/10287","targetHints":{"allow":["GET"]}}],"collection":[{"href":"https:\/\/www.rjrinnovations.com\/fr\/wp-json\/wp\/v2\/pages"}],"about":[{"href":"https:\/\/www.rjrinnovations.com\/fr\/wp-json\/wp\/v2\/types\/page"}],"author":[{"embeddable":true,"href":"https:\/\/www.rjrinnovations.com\/fr\/wp-json\/wp\/v2\/users\/26"}],"replies":[{"embeddable":true,"href":"https:\/\/www.rjrinnovations.com\/fr\/wp-json\/wp\/v2\/comments?post=10287"}],"version-history":[{"count":0,"href":"https:\/\/www.rjrinnovations.com\/fr\/wp-json\/wp\/v2\/pages\/10287\/revisions"}],"up":[{"embeddable":true,"href":"https:\/\/www.rjrinnovations.com\/fr\/wp-json\/wp\/v2\/pages\/10196"}],"wp:attachment":[{"href":"https:\/\/www.rjrinnovations.com\/fr\/wp-json\/wp\/v2\/media?parent=10287"}],"curies":[{"name":"wp","href":"https:\/\/api.w.org\/{rel}","templated":true}]}}