{"id":13773,"date":"2015-04-28T09:00:04","date_gmt":"2015-04-28T13:00:04","guid":{"rendered":"http:\/\/devweb.rjrinnovations.com\/produits\/qreset\/"},"modified":"2021-06-23T09:24:06","modified_gmt":"2021-06-23T13:24:06","slug":"self-service-password-reset","status":"publish","type":"page","link":"https:\/\/www.rjrinnovations.com\/fr\/self-service-password-reset\/","title":{"rendered":"R\u00e9initialisation du mot de passe en libre-service"},"content":{"rendered":"<div class=\"fusion-fullwidth fullwidth-box fusion-builder-row-1 hundred-percent-fullwidth non-hundred-percent-height-scrolling\" style=\"--awb-border-radius-top-left:0px;--awb-border-radius-top-right:0px;--awb-border-radius-bottom-right:0px;--awb-border-radius-bottom-left:0px;--awb-overflow:visible;--awb-flex-wrap:wrap;\" ><div class=\"fusion-builder-row fusion-row\"><div class=\"fusion-layout-column fusion_builder_column fusion-builder-column-0 fusion_builder_column_1_1 1_1 fusion-one-full fusion-column-first fusion-column-last fusion-column-no-min-height\" style=\"--awb-bg-size:cover;--awb-margin-top:0px;--awb-margin-bottom:0px;\"><div class=\"fusion-column-wrapper fusion-flex-column-wrapper-legacy\"><div class=\"fusion-title title fusion-title-1 fusion-sep-none fusion-title-text fusion-title-size-one\"><h1 class=\"fusion-title-heading title-heading-left\" style=\"margin:0;\">R\u00e9initialisation du mot de passe en libre-service<\/h1><\/div><div class=\"fusion-image-element fusion-image-align-left in-legacy-container\" style=\"text-align:left;--awb-caption-title-font-family:var(--h2_typography-font-family);--awb-caption-title-font-weight:var(--h2_typography-font-weight);--awb-caption-title-font-style:var(--h2_typography-font-style);--awb-caption-title-size:var(--h2_typography-font-size);--awb-caption-title-transform:var(--h2_typography-text-transform);--awb-caption-title-line-height:var(--h2_typography-line-height);--awb-caption-title-letter-spacing:var(--h2_typography-letter-spacing);\"><span class=\" fusion-imageframe imageframe-none imageframe-1 hover-type-none\" style=\"margin-right:25px;float:left;\"><img decoding=\"async\" width=\"250\" height=\"153\" title=\"Artboard 1Qreset\" src=\"https:\/\/www.rjrinnovations.com\/wp-content\/uploads\/2020\/08\/Artboard-1Qreset.png\" data-orig-src=\"https:\/\/www.rjrinnovations.com\/wp-content\/uploads\/2020\/08\/Artboard-1Qreset.png\" alt class=\"lazyload img-responsive wp-image-37674\" srcset=\"data:image\/svg+xml,%3Csvg%20xmlns%3D%27http%3A%2F%2Fwww.w3.org%2F2000%2Fsvg%27%20width%3D%27250%27%20height%3D%27153%27%20viewBox%3D%270%200%20250%20153%27%3E%3Crect%20width%3D%27250%27%20height%3D%27153%27%20fill-opacity%3D%220%22%2F%3E%3C%2Fsvg%3E\" data-srcset=\"https:\/\/www.rjrinnovations.com\/wp-content\/uploads\/2020\/08\/Artboard-1Qreset-200x122.png 200w, https:\/\/www.rjrinnovations.com\/wp-content\/uploads\/2020\/08\/Artboard-1Qreset.png 250w\" data-sizes=\"auto\" data-orig-sizes=\"(max-width: 800px) 100vw, 250px\" \/><\/span><\/div><div class=\"fusion-clearfix\"><\/div><\/div><\/div><div class=\"fusion-layout-column fusion_builder_column fusion-builder-column-1 fusion_builder_column_1_1 1_1 fusion-one-full fusion-column-first fusion-column-last\" style=\"--awb-bg-size:cover;\"><div class=\"fusion-column-wrapper fusion-flex-column-wrapper-legacy\"><div class=\"fusion-text fusion-text-1\"><h2>Outil de r\u00e9initialisation du mot de passe Active Directory Self Service pour les informations d&#8217;identification de l&#8217;utilisateur Microsoft Windows.<\/h2>\n<p>Avec Qreset \u2122, vos utilisateurs peuvent r\u00e9initialiser leurs informations d&#8217;identification Windows Active Directory oubli\u00e9es directement \u00e0 partir de l&#8217;\u00e9cran d&#8217;ouverture de session Windows. Ils peuvent d\u00e9finir une s\u00e9rie de questions et de r\u00e9ponses qui leur seront ensuite pr\u00e9sent\u00e9es lorsqu&#8217;ils auront besoin de r\u00e9initialiser leur mot de passe.<\/p>\n<h3>R\u00e9duisez vos co\u00fbts de support informatique et augmentez votre s\u00e9curit\u00e9<\/h3>\n<p>Pour adh\u00e9rer aux strat\u00e9gies de s\u00e9curit\u00e9 d&#8217;une organisation, toutes les activit\u00e9s sont journalis\u00e9es et surveill\u00e9es, ce qui permet l&#8217;audit des \u00e9v\u00e9nements. Un r\u00e9f\u00e9rentiel dorsal stocke de mani\u00e8re s\u00e9curis\u00e9e les questions et r\u00e9ponses de l\u2019utilisateur final, ce qui permet \u00e0 l\u2019administrateur d\u2019aider \u00e0 la r\u00e9initialisation sans compromettre les questions et r\u00e9ponses de l\u2019utilisateur final.<\/p>\n<\/div><div class=\"fusion-clearfix\"><\/div><\/div><\/div><div class=\"fusion-layout-column fusion_builder_column fusion-builder-column-2 fusion_builder_column_2_3 2_3 fusion-two-third fusion-column-first\" style=\"--awb-bg-size:cover;width:66.666666666667%;width:calc(66.666666666667% - ( ( 4% ) * 0.66666666666667 ) );margin-right: 4%;\"><div class=\"fusion-column-wrapper fusion-flex-column-wrapper-legacy\"><div class=\"fusion-text fusion-text-2\"><h3>Caract\u00e9ristiques:<\/h3>\n<ul>\n<li>Interface utilisateur intuitive prenant en charge la personnalisation<\/li>\n<li>Interface Web et int\u00e9gration avec Windows Credential Provider<\/li>\n<li>Prise en charge de la fonctionnalit\u00e9 multilingue<\/li>\n<li>Int\u00e9gration au logiciel Service Desk tel que Remedy via l&#8217;interface de services Web<\/li>\n<li>Le mod\u00e8le de questions et r\u00e9ponses est bas\u00e9 sur un syst\u00e8me de pond\u00e9ration personnalisable qui permet de classer les questions, le nombre de questions requises, le type de r\u00e9ponses et la force des r\u00e9ponses afin de permettre l&#8217;application de strat\u00e9gies de s\u00e9curit\u00e9 strictes.<\/li>\n<li>Interface administrative prenant en charge la cr\u00e9ation de rapports, l&#8217;audit, la journalisation, le d\u00e9verrouillage et la gestion des r\u00f4les<\/li>\n<li>Int\u00e9gration de s\u00e9curit\u00e9 renforc\u00e9e, y compris SSL, LDAPS et hachage \u00e0 une voie des r\u00e9ponses des utilisateurs pour garantir la confidentialit\u00e9<\/li>\n<li>Prise en charge de plusieurs plates-formes de navigateur telles que Internet Explorer, Safari, Chrome et FireFox<\/li>\n<li>Prend en charge la for\u00eat Active Directory, ce qui facilite le d\u00e9ploiement dans des environnements petits ou grands<\/li>\n<\/ul>\n<\/div><div class=\"fusion-clearfix\"><\/div><\/div><\/div><div class=\"fusion-layout-column fusion_builder_column fusion-builder-column-3 fusion_builder_column_1_3 1_3 fusion-one-third fusion-column-last\" style=\"--awb-padding-top:20px;--awb-bg-size:cover;width:33.333333333333%;width:calc(33.333333333333% - ( ( 4% ) * 0.33333333333333 ) );\"><div class=\"fusion-column-wrapper fusion-flex-column-wrapper-legacy\"><div class=\"fusion-video fusion-youtube\" style=\"--awb-max-width:426px;--awb-max-height:240px;\"><div class=\"video-shortcode\"><div class=\"fluid-width-video-wrapper\" style=\"padding-top:56.34%;\" ><iframe title=\"YouTube video player 1\" src=\"https:\/\/www.youtube.com\/embed\/Bbz0mzg-PiA?wmode=transparent&autoplay=0showinfo=0\" width=\"426\" height=\"240\" allowfullscreen allow=\"autoplay; clipboard-write; encrypted-media; gyroscope; picture-in-picture;\"><\/iframe><\/div><\/div><\/div><div class=\"fusion-clearfix\"><\/div><\/div><\/div><div class=\"fusion-layout-column fusion_builder_column fusion-builder-column-4 fusion_builder_column_1_1 1_1 fusion-one-full fusion-column-first fusion-column-last\" style=\"--awb-bg-size:cover;\"><div class=\"fusion-column-wrapper fusion-flex-column-wrapper-legacy\"><div class=\"fusion-text fusion-text-3\"><h3>Avantages:<\/h3>\n<ul>\n<li>R\u00e9duisez les temps d&#8217;arr\u00eat des employ\u00e9s en permettant aux utilisateurs de r\u00e9initialiser ou de d\u00e9verrouiller leurs informations d&#8217;identification de domaine Windows via le libre-service<\/li>\n<li>Activer les politiques de s\u00e9curit\u00e9 standard de l&#8217;industrie pour des mots de passe plus forts, plus robustes<\/li>\n<li>Augmentez la conformit\u00e9 gr\u00e2ce \u00e0 l&#8217;audit et \u00e0 la journalisation de toutes les activit\u00e9s de r\u00e9initialisation de mot de passe<\/li>\n<li>S&#8217;int\u00e8gre facilement \u00e0 Active Directory sans modifier l&#8217;infrastructure existante<\/li>\n<li>Solution configurable qui vous permet de s\u00e9lectionner le nombre et la difficult\u00e9 des questions pr\u00e9sent\u00e9es aux utilisateurs<\/li>\n<li>Processus d&#8217;inscription en libre-service convivial<\/li>\n<li>Solution configurable qui vous permet de d\u00e9finir le nombre et la difficult\u00e9 des questions pr\u00e9sent\u00e9es aux utilisateurs<\/li>\n<li>R\u00e9duction du nombre d&#8217;appels au centre de services entra\u00eenant une r\u00e9duction des co\u00fbts d&#8217;exploitation<\/li>\n<\/ul>\n<h3>Technology:<\/h3>\n<ul>\n<li>Architecture syst\u00e8me bas\u00e9e sur le Web<\/li>\n<li>Communication de services Web<\/li>\n<li>Toutes les communications sont crypt\u00e9es (SSL &amp; LDAPS)<\/li>\n<li>Les r\u00e9ponses au d\u00e9fi sont hach\u00e9es dans la base de donn\u00e9es et ne peuvent pas \u00eatre visualis\u00e9es une fois qu&#8217;elles ont \u00e9t\u00e9 enregistr\u00e9es.<\/li>\n<li>Int\u00e9gration avec le fournisseur d&#8217;informations d&#8217;identification Windows<\/li>\n<\/ul>\n<\/div><div class=\"fusion-clearfix\"><\/div><\/div><\/div><\/div><\/div>\n","protected":false},"excerpt":{"rendered":"","protected":false},"author":26,"featured_media":0,"parent":0,"menu_order":0,"comment_status":"closed","ping_status":"open","template":"","meta":{"footnotes":""},"class_list":["post-13773","page","type-page","status-publish","hentry"],"yoast_head":"<!-- This site is optimized with the Yoast SEO plugin v27.3 - https:\/\/yoast.com\/product\/yoast-seo-wordpress\/ -->\n<title>Self Service Password Reset - RJR Innovations<\/title>\n<meta name=\"description\" content=\"Self Service Password Reset for Microsoft Windows Active Directory. An enterprise solution to reset passwords directly from the Windows logon screen.\" \/>\n<meta name=\"robots\" content=\"index, follow, max-snippet:-1, max-image-preview:large, max-video-preview:-1\" \/>\n<link rel=\"canonical\" href=\"https:\/\/www.rjrinnovations.com\/fr\/self-service-password-reset\/\" \/>\n<meta property=\"og:locale\" content=\"fr_FR\" \/>\n<meta property=\"og:type\" content=\"article\" \/>\n<meta property=\"og:title\" content=\"Self Service Password Reset - RJR Innovations\" \/>\n<meta property=\"og:description\" content=\"Self Service Password Reset for Microsoft Windows Active Directory. An enterprise solution to reset passwords directly from the Windows logon screen.\" \/>\n<meta property=\"og:url\" content=\"https:\/\/www.rjrinnovations.com\/fr\/self-service-password-reset\/\" \/>\n<meta property=\"og:site_name\" content=\"RJR Innovations\" \/>\n<meta property=\"article:publisher\" content=\"https:\/\/www.facebook.com\/RJR-Innovations-107107129324171\/\" \/>\n<meta property=\"article:modified_time\" content=\"2021-06-23T13:24:06+00:00\" \/>\n<meta name=\"twitter:card\" content=\"summary_large_image\" \/>\n<meta name=\"twitter:site\" content=\"@RJRInnovations\" \/>\n<script type=\"application\/ld+json\" class=\"yoast-schema-graph\">{\"@context\":\"https:\\\/\\\/schema.org\",\"@graph\":[{\"@type\":\"WebPage\",\"@id\":\"https:\\\/\\\/www.rjrinnovations.com\\\/fr\\\/self-service-password-reset\\\/\",\"url\":\"https:\\\/\\\/www.rjrinnovations.com\\\/fr\\\/self-service-password-reset\\\/\",\"name\":\"Self Service Password Reset - RJR Innovations\",\"isPartOf\":{\"@id\":\"https:\\\/\\\/www.rjrinnovations.com\\\/#website\"},\"datePublished\":\"2015-04-28T13:00:04+00:00\",\"dateModified\":\"2021-06-23T13:24:06+00:00\",\"description\":\"Self Service Password Reset for Microsoft Windows Active Directory. An enterprise solution to reset passwords directly from the Windows logon screen.\",\"breadcrumb\":{\"@id\":\"https:\\\/\\\/www.rjrinnovations.com\\\/fr\\\/self-service-password-reset\\\/#breadcrumb\"},\"inLanguage\":\"fr-FR\",\"potentialAction\":[{\"@type\":\"ReadAction\",\"target\":[\"https:\\\/\\\/www.rjrinnovations.com\\\/fr\\\/self-service-password-reset\\\/\"]}]},{\"@type\":\"BreadcrumbList\",\"@id\":\"https:\\\/\\\/www.rjrinnovations.com\\\/fr\\\/self-service-password-reset\\\/#breadcrumb\",\"itemListElement\":[{\"@type\":\"ListItem\",\"position\":1,\"name\":\"Home\",\"item\":\"https:\\\/\\\/www.rjrinnovations.com\\\/fr\\\/\"},{\"@type\":\"ListItem\",\"position\":2,\"name\":\"R\u00e9initialisation du mot de passe en libre-service\"}]},{\"@type\":\"WebSite\",\"@id\":\"https:\\\/\\\/www.rjrinnovations.com\\\/#website\",\"url\":\"https:\\\/\\\/www.rjrinnovations.com\\\/\",\"name\":\"RJR Innovations\",\"description\":\"Connect your business... All of IT\",\"publisher\":{\"@id\":\"https:\\\/\\\/www.rjrinnovations.com\\\/#organization\"},\"potentialAction\":[{\"@type\":\"SearchAction\",\"target\":{\"@type\":\"EntryPoint\",\"urlTemplate\":\"https:\\\/\\\/www.rjrinnovations.com\\\/?s={search_term_string}\"},\"query-input\":{\"@type\":\"PropertyValueSpecification\",\"valueRequired\":true,\"valueName\":\"search_term_string\"}}],\"inLanguage\":\"fr-FR\"},{\"@type\":\"Organization\",\"@id\":\"https:\\\/\\\/www.rjrinnovations.com\\\/#organization\",\"name\":\"RJR Innovations\",\"url\":\"https:\\\/\\\/www.rjrinnovations.com\\\/\",\"logo\":{\"@type\":\"ImageObject\",\"inLanguage\":\"fr-FR\",\"@id\":\"https:\\\/\\\/www.rjrinnovations.com\\\/#\\\/schema\\\/logo\\\/image\\\/\",\"url\":\"https:\\\/\\\/www.rjrinnovations.com\\\/wp-content\\\/uploads\\\/2015\\\/07\\\/RJR_Logo_Blue_Text_400x263.png\",\"contentUrl\":\"https:\\\/\\\/www.rjrinnovations.com\\\/wp-content\\\/uploads\\\/2015\\\/07\\\/RJR_Logo_Blue_Text_400x263.png\",\"width\":400,\"height\":237,\"caption\":\"RJR Innovations\"},\"image\":{\"@id\":\"https:\\\/\\\/www.rjrinnovations.com\\\/#\\\/schema\\\/logo\\\/image\\\/\"},\"sameAs\":[\"https:\\\/\\\/www.facebook.com\\\/RJR-Innovations-107107129324171\\\/\",\"https:\\\/\\\/x.com\\\/RJRInnovations\",\"https:\\\/\\\/www.linkedin.com\\\/company\\\/rjr-innovations\",\"https:\\\/\\\/www.youtube.com\\\/user\\\/RJRInnovations\"]}]}<\/script>\n<!-- \/ Yoast SEO plugin. -->","yoast_head_json":{"title":"Self Service Password Reset - RJR Innovations","description":"Self Service Password Reset for Microsoft Windows Active Directory. An enterprise solution to reset passwords directly from the Windows logon screen.","robots":{"index":"index","follow":"follow","max-snippet":"max-snippet:-1","max-image-preview":"max-image-preview:large","max-video-preview":"max-video-preview:-1"},"canonical":"https:\/\/www.rjrinnovations.com\/fr\/self-service-password-reset\/","og_locale":"fr_FR","og_type":"article","og_title":"Self Service Password Reset - RJR Innovations","og_description":"Self Service Password Reset for Microsoft Windows Active Directory. An enterprise solution to reset passwords directly from the Windows logon screen.","og_url":"https:\/\/www.rjrinnovations.com\/fr\/self-service-password-reset\/","og_site_name":"RJR Innovations","article_publisher":"https:\/\/www.facebook.com\/RJR-Innovations-107107129324171\/","article_modified_time":"2021-06-23T13:24:06+00:00","twitter_card":"summary_large_image","twitter_site":"@RJRInnovations","schema":{"@context":"https:\/\/schema.org","@graph":[{"@type":"WebPage","@id":"https:\/\/www.rjrinnovations.com\/fr\/self-service-password-reset\/","url":"https:\/\/www.rjrinnovations.com\/fr\/self-service-password-reset\/","name":"Self Service Password Reset - RJR Innovations","isPartOf":{"@id":"https:\/\/www.rjrinnovations.com\/#website"},"datePublished":"2015-04-28T13:00:04+00:00","dateModified":"2021-06-23T13:24:06+00:00","description":"Self Service Password Reset for Microsoft Windows Active Directory. An enterprise solution to reset passwords directly from the Windows logon screen.","breadcrumb":{"@id":"https:\/\/www.rjrinnovations.com\/fr\/self-service-password-reset\/#breadcrumb"},"inLanguage":"fr-FR","potentialAction":[{"@type":"ReadAction","target":["https:\/\/www.rjrinnovations.com\/fr\/self-service-password-reset\/"]}]},{"@type":"BreadcrumbList","@id":"https:\/\/www.rjrinnovations.com\/fr\/self-service-password-reset\/#breadcrumb","itemListElement":[{"@type":"ListItem","position":1,"name":"Home","item":"https:\/\/www.rjrinnovations.com\/fr\/"},{"@type":"ListItem","position":2,"name":"R\u00e9initialisation du mot de passe en libre-service"}]},{"@type":"WebSite","@id":"https:\/\/www.rjrinnovations.com\/#website","url":"https:\/\/www.rjrinnovations.com\/","name":"RJR Innovations","description":"Connect your business... All of IT","publisher":{"@id":"https:\/\/www.rjrinnovations.com\/#organization"},"potentialAction":[{"@type":"SearchAction","target":{"@type":"EntryPoint","urlTemplate":"https:\/\/www.rjrinnovations.com\/?s={search_term_string}"},"query-input":{"@type":"PropertyValueSpecification","valueRequired":true,"valueName":"search_term_string"}}],"inLanguage":"fr-FR"},{"@type":"Organization","@id":"https:\/\/www.rjrinnovations.com\/#organization","name":"RJR Innovations","url":"https:\/\/www.rjrinnovations.com\/","logo":{"@type":"ImageObject","inLanguage":"fr-FR","@id":"https:\/\/www.rjrinnovations.com\/#\/schema\/logo\/image\/","url":"https:\/\/www.rjrinnovations.com\/wp-content\/uploads\/2015\/07\/RJR_Logo_Blue_Text_400x263.png","contentUrl":"https:\/\/www.rjrinnovations.com\/wp-content\/uploads\/2015\/07\/RJR_Logo_Blue_Text_400x263.png","width":400,"height":237,"caption":"RJR Innovations"},"image":{"@id":"https:\/\/www.rjrinnovations.com\/#\/schema\/logo\/image\/"},"sameAs":["https:\/\/www.facebook.com\/RJR-Innovations-107107129324171\/","https:\/\/x.com\/RJRInnovations","https:\/\/www.linkedin.com\/company\/rjr-innovations","https:\/\/www.youtube.com\/user\/RJRInnovations"]}]}},"_links":{"self":[{"href":"https:\/\/www.rjrinnovations.com\/fr\/wp-json\/wp\/v2\/pages\/13773","targetHints":{"allow":["GET"]}}],"collection":[{"href":"https:\/\/www.rjrinnovations.com\/fr\/wp-json\/wp\/v2\/pages"}],"about":[{"href":"https:\/\/www.rjrinnovations.com\/fr\/wp-json\/wp\/v2\/types\/page"}],"author":[{"embeddable":true,"href":"https:\/\/www.rjrinnovations.com\/fr\/wp-json\/wp\/v2\/users\/26"}],"replies":[{"embeddable":true,"href":"https:\/\/www.rjrinnovations.com\/fr\/wp-json\/wp\/v2\/comments?post=13773"}],"version-history":[{"count":0,"href":"https:\/\/www.rjrinnovations.com\/fr\/wp-json\/wp\/v2\/pages\/13773\/revisions"}],"wp:attachment":[{"href":"https:\/\/www.rjrinnovations.com\/fr\/wp-json\/wp\/v2\/media?parent=13773"}],"curies":[{"name":"wp","href":"https:\/\/api.w.org\/{rel}","templated":true}]}}