{"id":13777,"date":"2015-04-28T09:00:21","date_gmt":"2015-04-28T13:00:21","guid":{"rendered":"http:\/\/devweb.rjrinnovations.com\/produits\/qmc\/"},"modified":"2021-06-23T10:05:39","modified_gmt":"2021-06-23T14:05:39","slug":"smart-card-management-system","status":"publish","type":"page","link":"https:\/\/www.rjrinnovations.com\/fr\/produits\/smart-card-management-system\/","title":{"rendered":"Syst\u00e8me de gestion de cartes \u00e0 puce avec int\u00e9gration PKI Entrust"},"content":{"rendered":"<div class=\"fusion-fullwidth fullwidth-box fusion-builder-row-1 hundred-percent-fullwidth non-hundred-percent-height-scrolling\" style=\"--awb-border-radius-top-left:0px;--awb-border-radius-top-right:0px;--awb-border-radius-bottom-right:0px;--awb-border-radius-bottom-left:0px;--awb-overflow:visible;--awb-flex-wrap:wrap;\" ><div class=\"fusion-builder-row fusion-row\"><div class=\"fusion-layout-column fusion_builder_column fusion-builder-column-0 fusion_builder_column_1_1 1_1 fusion-one-full fusion-column-first fusion-column-last fusion-column-no-min-height\" style=\"--awb-bg-size:cover;--awb-margin-top:0px;--awb-margin-bottom:0px;\"><div class=\"fusion-column-wrapper fusion-flex-column-wrapper-legacy\"><div class=\"fusion-title title fusion-title-1 fusion-sep-none fusion-title-text fusion-title-size-one\"><h1 class=\"fusion-title-heading title-heading-left\" style=\"margin:0;\">Syst\u00e8me de gestion de cartes \u00e0 puce avec int\u00e9gration PKI Entrust<\/h1><\/div><div class=\"fusion-clearfix\"><\/div><\/div><\/div><div class=\"fusion-layout-column fusion_builder_column fusion-builder-column-1 fusion_builder_column_1_4 1_4 fusion-one-fourth fusion-column-first\" style=\"--awb-bg-size:cover;width:22%; margin-right: 4%;\"><div class=\"fusion-column-wrapper fusion-flex-column-wrapper-legacy\"><div class=\"fusion-text fusion-text-1\"><p><img decoding=\"async\" class=\"lazyload alignleft wp-image-37347\" title=\"Smart Card Management System with Entrust PKI Integration\" src=\"https:\/\/rjrinnovations.com\/wp-content\/uploads\/2020\/08\/QMC-1.png\" data-orig-src=\"https:\/\/rjrinnovations.com\/wp-content\/uploads\/2020\/08\/QMC-1.png\" alt=\"QMC\" width=\"300\" height=\"82\" srcset=\"data:image\/svg+xml,%3Csvg%20xmlns%3D%27http%3A%2F%2Fwww.w3.org%2F2000%2Fsvg%27%20width%3D%27300%27%20height%3D%2782%27%20viewBox%3D%270%200%20300%2082%27%3E%3Crect%20width%3D%27300%27%20height%3D%2782%27%20fill-opacity%3D%220%22%2F%3E%3C%2Fsvg%3E\" data-srcset=\"https:\/\/www.rjrinnovations.com\/wp-content\/uploads\/2020\/08\/QMC-1-150x41.png 150w, https:\/\/www.rjrinnovations.com\/wp-content\/uploads\/2020\/08\/QMC-1-200x55.png 200w, https:\/\/www.rjrinnovations.com\/wp-content\/uploads\/2020\/08\/QMC-1-400x109.png 400w, https:\/\/www.rjrinnovations.com\/wp-content\/uploads\/2020\/08\/QMC-1-600x164.png 600w, https:\/\/www.rjrinnovations.com\/wp-content\/uploads\/2020\/08\/QMC-1.png 733w\" data-sizes=\"auto\" data-orig-sizes=\"(max-width: 300px) 100vw, 300px\" \/><\/p>\n<\/div><div class=\"fusion-clearfix\"><\/div><\/div><\/div><div class=\"fusion-layout-column fusion_builder_column fusion-builder-column-2 fusion_builder_column_3_4 3_4 fusion-three-fourth fusion-column-last\" style=\"--awb-bg-size:cover;width:74%;\"><div class=\"fusion-column-wrapper fusion-flex-column-wrapper-legacy\"><div class=\"fusion-text fusion-text-2\"><h2>G\u00e9rez facilement vos utilisateurs de cartes \u00e0 puce<\/h2>\n<p>Avec le syst\u00e8me de gestion de cartes \u00e0 puce QMC \u2122, vous pouvez enregistrer, distribuer et g\u00e9rer vos cartes \u00e0 puce, attribuer un p\u00e9riph\u00e9rique d&#8217;authentification \u00e0 deux facteurs rapidement et facilement, distribuer et inscrire des cartes \u00e0 puce dans toute l&#8217;entreprise \u00e0 l&#8217;aide d&#8217;un syst\u00e8me d&#8217;administration centralis\u00e9, et g\u00e9rer les infrastructures de cl\u00e9 publique existantes et le chiffrement de disque Les donn\u00e9es.<\/p>\n<p>Si vos utilisateurs finaux peuvent effectuer des t\u00e2ches telles que la sauvegarde des informations de la carte et la r\u00e9initialisation des mots de passe \u00e0 l&#8217;aide d&#8217;une interface Web pour le \u00ablibre-service\u00bb, vous r\u00e9duirez consid\u00e9rablement le co\u00fbt de l&#8217;assistance informatique et augmenterez la productivit\u00e9.<\/p>\n<p>Vous pouvez \u00e9galement appliquer des contr\u00f4les d&#8217;acc\u00e8s bas\u00e9s sur des strat\u00e9gies, participer \u00e0 la gestion des informations d&#8217;identification PKI et fournir des strat\u00e9gies d&#8217;autorisation de r\u00f4le personnalisables. Vous serez en mesure de g\u00e9rer efficacement le cycle de vie complet des dispositifs d&#8217;authentification forte.<\/p>\n<p><img decoding=\"async\" class=\"lazyload alignnone wp-image-38567 size-thumbnail\" src=\"https:\/\/rjrinnovations.com\/wp-content\/uploads\/2020\/09\/Entrust-Logo-150x70.png\" data-orig-src=\"https:\/\/rjrinnovations.com\/wp-content\/uploads\/2020\/09\/Entrust-Logo-150x70.png\" alt=\"\" width=\"150\" height=\"70\" srcset=\"data:image\/svg+xml,%3Csvg%20xmlns%3D%27http%3A%2F%2Fwww.w3.org%2F2000%2Fsvg%27%20width%3D%27150%27%20height%3D%2770%27%20viewBox%3D%270%200%20150%2070%27%3E%3Crect%20width%3D%27150%27%20height%3D%2770%27%20fill-opacity%3D%220%22%2F%3E%3C%2Fsvg%3E\" data-srcset=\"https:\/\/www.rjrinnovations.com\/wp-content\/uploads\/2020\/09\/Entrust-Logo-150x70.png 150w, https:\/\/www.rjrinnovations.com\/wp-content\/uploads\/2020\/09\/Entrust-Logo-200x93.png 200w, https:\/\/www.rjrinnovations.com\/wp-content\/uploads\/2020\/09\/Entrust-Logo.png 400w\" data-sizes=\"auto\" data-orig-sizes=\"(max-width: 150px) 100vw, 150px\" \/><\/p>\n<div class=\"fusion-button-wrapper\"><a class=\"fusion-button button-flat fusion-button-default-size button-custom fusion-button-default button-1 fusion-button-default-span fusion-button-default-type\" style=\"--button_accent_color:#fdbc16;--button_accent_hover_color:#fdbc16;--button_border_hover_color:#fdbc16;--button_gradient_top_color:#0a162f;--button_gradient_bottom_color:#0a162f;--button_gradient_top_color_hover:#22489b;--button_gradient_bottom_color_hover:#22489b;\" target=\"_self\" title=\"Contact us about Smart Card Management System with Entrust PKI Integration\" aria-label=\"Contact us about Smart Card Management System with Entrust PKI Integration\" href=\"https:\/\/www.rjrinnovations.com\/fr\/contactez-nous\/\"><span class=\"fusion-button-text awb-button__text awb-button__text--default\">Contactez nous<\/span><\/a><\/div>\n<\/div><div class=\"fusion-clearfix\"><\/div><\/div><\/div><div class=\"fusion-layout-column fusion_builder_column fusion-builder-column-3 fusion_builder_column_1_1 1_1 fusion-one-full fusion-column-first fusion-column-last fusion-column-no-min-height\" style=\"--awb-bg-size:cover;--awb-margin-top:0px;--awb-margin-bottom:0px;\"><div class=\"fusion-column-wrapper fusion-flex-column-wrapper-legacy\"><div class=\"fusion-sep-clear\"><\/div><div class=\"fusion-separator fusion-full-width-sep\" style=\"margin-left: auto;margin-right: auto;margin-top:20px;margin-bottom:20px;width:100%;\"><\/div><div class=\"fusion-sep-clear\"><\/div><div class=\"fusion-clearfix\"><\/div><\/div><\/div><\/div><\/div>\n","protected":false},"excerpt":{"rendered":"","protected":false},"author":26,"featured_media":0,"parent":12736,"menu_order":0,"comment_status":"closed","ping_status":"open","template":"","meta":{"footnotes":""},"class_list":["post-13777","page","type-page","status-publish","hentry"],"yoast_head":"<!-- This site is optimized with the Yoast SEO plugin v27.3 - https:\/\/yoast.com\/product\/yoast-seo-wordpress\/ -->\n<title>Smart Card Management System with Entrust PKI integration - QMC<\/title>\n<meta name=\"description\" content=\"Register, distribute and manage your smart cards, assign a 2FA device easily. Distribute and enroll smart cards. A true Smart Card Management System.\" \/>\n<meta name=\"robots\" content=\"index, follow, max-snippet:-1, max-image-preview:large, max-video-preview:-1\" \/>\n<link rel=\"canonical\" href=\"https:\/\/www.rjrinnovations.com\/fr\/produits\/smart-card-management-system\/\" \/>\n<meta property=\"og:locale\" content=\"fr_FR\" \/>\n<meta property=\"og:type\" content=\"article\" \/>\n<meta property=\"og:title\" content=\"Smart Card Management System with Entrust PKI integration - QMC\" \/>\n<meta property=\"og:description\" content=\"Register, distribute and manage your smart cards, assign a 2FA device easily. Distribute and enroll smart cards. A true Smart Card Management System.\" \/>\n<meta property=\"og:url\" content=\"https:\/\/www.rjrinnovations.com\/fr\/produits\/smart-card-management-system\/\" \/>\n<meta property=\"og:site_name\" content=\"RJR Innovations\" \/>\n<meta property=\"article:publisher\" content=\"https:\/\/www.facebook.com\/RJR-Innovations-107107129324171\/\" \/>\n<meta property=\"article:modified_time\" content=\"2021-06-23T14:05:39+00:00\" \/>\n<meta property=\"og:image\" content=\"https:\/\/www.rjrinnovations.com\/wp-content\/uploads\/2020\/08\/QMC-1.png\" \/>\n\t<meta property=\"og:image:width\" content=\"733\" \/>\n\t<meta property=\"og:image:height\" content=\"200\" \/>\n\t<meta property=\"og:image:type\" content=\"image\/png\" \/>\n<meta name=\"twitter:card\" content=\"summary_large_image\" \/>\n<meta name=\"twitter:site\" content=\"@RJRInnovations\" \/>\n<script type=\"application\/ld+json\" class=\"yoast-schema-graph\">{\"@context\":\"https:\\\/\\\/schema.org\",\"@graph\":[{\"@type\":\"WebPage\",\"@id\":\"https:\\\/\\\/www.rjrinnovations.com\\\/fr\\\/produits\\\/smart-card-management-system\\\/\",\"url\":\"https:\\\/\\\/www.rjrinnovations.com\\\/fr\\\/produits\\\/smart-card-management-system\\\/\",\"name\":\"Smart Card Management System with Entrust PKI integration - QMC\",\"isPartOf\":{\"@id\":\"https:\\\/\\\/www.rjrinnovations.com\\\/#website\"},\"primaryImageOfPage\":{\"@id\":\"https:\\\/\\\/www.rjrinnovations.com\\\/fr\\\/produits\\\/smart-card-management-system\\\/#primaryimage\"},\"image\":{\"@id\":\"https:\\\/\\\/www.rjrinnovations.com\\\/fr\\\/produits\\\/smart-card-management-system\\\/#primaryimage\"},\"thumbnailUrl\":\"https:\\\/\\\/rjrinnovations.com\\\/wp-content\\\/uploads\\\/2020\\\/08\\\/QMC-1.png\",\"datePublished\":\"2015-04-28T13:00:21+00:00\",\"dateModified\":\"2021-06-23T14:05:39+00:00\",\"description\":\"Register, distribute and manage your smart cards, assign a 2FA device easily. Distribute and enroll smart cards. A true Smart Card Management System.\",\"breadcrumb\":{\"@id\":\"https:\\\/\\\/www.rjrinnovations.com\\\/fr\\\/produits\\\/smart-card-management-system\\\/#breadcrumb\"},\"inLanguage\":\"fr-FR\",\"potentialAction\":[{\"@type\":\"ReadAction\",\"target\":[\"https:\\\/\\\/www.rjrinnovations.com\\\/fr\\\/produits\\\/smart-card-management-system\\\/\"]}]},{\"@type\":\"ImageObject\",\"inLanguage\":\"fr-FR\",\"@id\":\"https:\\\/\\\/www.rjrinnovations.com\\\/fr\\\/produits\\\/smart-card-management-system\\\/#primaryimage\",\"url\":\"https:\\\/\\\/rjrinnovations.com\\\/wp-content\\\/uploads\\\/2020\\\/08\\\/QMC-1.png\",\"contentUrl\":\"https:\\\/\\\/rjrinnovations.com\\\/wp-content\\\/uploads\\\/2020\\\/08\\\/QMC-1.png\"},{\"@type\":\"BreadcrumbList\",\"@id\":\"https:\\\/\\\/www.rjrinnovations.com\\\/fr\\\/produits\\\/smart-card-management-system\\\/#breadcrumb\",\"itemListElement\":[{\"@type\":\"ListItem\",\"position\":1,\"name\":\"Home\",\"item\":\"https:\\\/\\\/www.rjrinnovations.com\\\/fr\\\/\"},{\"@type\":\"ListItem\",\"position\":2,\"name\":\"Produits\",\"item\":\"https:\\\/\\\/www.rjrinnovations.com\\\/fr\\\/produits\\\/\"},{\"@type\":\"ListItem\",\"position\":3,\"name\":\"Syst\u00e8me de gestion de cartes \u00e0 puce avec int\u00e9gration PKI Entrust\"}]},{\"@type\":\"WebSite\",\"@id\":\"https:\\\/\\\/www.rjrinnovations.com\\\/#website\",\"url\":\"https:\\\/\\\/www.rjrinnovations.com\\\/\",\"name\":\"RJR Innovations\",\"description\":\"Connect your business... All of IT\",\"publisher\":{\"@id\":\"https:\\\/\\\/www.rjrinnovations.com\\\/#organization\"},\"potentialAction\":[{\"@type\":\"SearchAction\",\"target\":{\"@type\":\"EntryPoint\",\"urlTemplate\":\"https:\\\/\\\/www.rjrinnovations.com\\\/?s={search_term_string}\"},\"query-input\":{\"@type\":\"PropertyValueSpecification\",\"valueRequired\":true,\"valueName\":\"search_term_string\"}}],\"inLanguage\":\"fr-FR\"},{\"@type\":\"Organization\",\"@id\":\"https:\\\/\\\/www.rjrinnovations.com\\\/#organization\",\"name\":\"RJR Innovations\",\"url\":\"https:\\\/\\\/www.rjrinnovations.com\\\/\",\"logo\":{\"@type\":\"ImageObject\",\"inLanguage\":\"fr-FR\",\"@id\":\"https:\\\/\\\/www.rjrinnovations.com\\\/#\\\/schema\\\/logo\\\/image\\\/\",\"url\":\"https:\\\/\\\/www.rjrinnovations.com\\\/wp-content\\\/uploads\\\/2015\\\/07\\\/RJR_Logo_Blue_Text_400x263.png\",\"contentUrl\":\"https:\\\/\\\/www.rjrinnovations.com\\\/wp-content\\\/uploads\\\/2015\\\/07\\\/RJR_Logo_Blue_Text_400x263.png\",\"width\":400,\"height\":237,\"caption\":\"RJR Innovations\"},\"image\":{\"@id\":\"https:\\\/\\\/www.rjrinnovations.com\\\/#\\\/schema\\\/logo\\\/image\\\/\"},\"sameAs\":[\"https:\\\/\\\/www.facebook.com\\\/RJR-Innovations-107107129324171\\\/\",\"https:\\\/\\\/x.com\\\/RJRInnovations\",\"https:\\\/\\\/www.linkedin.com\\\/company\\\/rjr-innovations\",\"https:\\\/\\\/www.youtube.com\\\/user\\\/RJRInnovations\"]}]}<\/script>\n<!-- \/ Yoast SEO plugin. -->","yoast_head_json":{"title":"Smart Card Management System with Entrust PKI integration - QMC","description":"Register, distribute and manage your smart cards, assign a 2FA device easily. Distribute and enroll smart cards. A true Smart Card Management System.","robots":{"index":"index","follow":"follow","max-snippet":"max-snippet:-1","max-image-preview":"max-image-preview:large","max-video-preview":"max-video-preview:-1"},"canonical":"https:\/\/www.rjrinnovations.com\/fr\/produits\/smart-card-management-system\/","og_locale":"fr_FR","og_type":"article","og_title":"Smart Card Management System with Entrust PKI integration - QMC","og_description":"Register, distribute and manage your smart cards, assign a 2FA device easily. Distribute and enroll smart cards. A true Smart Card Management System.","og_url":"https:\/\/www.rjrinnovations.com\/fr\/produits\/smart-card-management-system\/","og_site_name":"RJR Innovations","article_publisher":"https:\/\/www.facebook.com\/RJR-Innovations-107107129324171\/","article_modified_time":"2021-06-23T14:05:39+00:00","og_image":[{"width":733,"height":200,"url":"https:\/\/www.rjrinnovations.com\/wp-content\/uploads\/2020\/08\/QMC-1.png","type":"image\/png"}],"twitter_card":"summary_large_image","twitter_site":"@RJRInnovations","schema":{"@context":"https:\/\/schema.org","@graph":[{"@type":"WebPage","@id":"https:\/\/www.rjrinnovations.com\/fr\/produits\/smart-card-management-system\/","url":"https:\/\/www.rjrinnovations.com\/fr\/produits\/smart-card-management-system\/","name":"Smart Card Management System with Entrust PKI integration - QMC","isPartOf":{"@id":"https:\/\/www.rjrinnovations.com\/#website"},"primaryImageOfPage":{"@id":"https:\/\/www.rjrinnovations.com\/fr\/produits\/smart-card-management-system\/#primaryimage"},"image":{"@id":"https:\/\/www.rjrinnovations.com\/fr\/produits\/smart-card-management-system\/#primaryimage"},"thumbnailUrl":"https:\/\/rjrinnovations.com\/wp-content\/uploads\/2020\/08\/QMC-1.png","datePublished":"2015-04-28T13:00:21+00:00","dateModified":"2021-06-23T14:05:39+00:00","description":"Register, distribute and manage your smart cards, assign a 2FA device easily. Distribute and enroll smart cards. A true Smart Card Management System.","breadcrumb":{"@id":"https:\/\/www.rjrinnovations.com\/fr\/produits\/smart-card-management-system\/#breadcrumb"},"inLanguage":"fr-FR","potentialAction":[{"@type":"ReadAction","target":["https:\/\/www.rjrinnovations.com\/fr\/produits\/smart-card-management-system\/"]}]},{"@type":"ImageObject","inLanguage":"fr-FR","@id":"https:\/\/www.rjrinnovations.com\/fr\/produits\/smart-card-management-system\/#primaryimage","url":"https:\/\/rjrinnovations.com\/wp-content\/uploads\/2020\/08\/QMC-1.png","contentUrl":"https:\/\/rjrinnovations.com\/wp-content\/uploads\/2020\/08\/QMC-1.png"},{"@type":"BreadcrumbList","@id":"https:\/\/www.rjrinnovations.com\/fr\/produits\/smart-card-management-system\/#breadcrumb","itemListElement":[{"@type":"ListItem","position":1,"name":"Home","item":"https:\/\/www.rjrinnovations.com\/fr\/"},{"@type":"ListItem","position":2,"name":"Produits","item":"https:\/\/www.rjrinnovations.com\/fr\/produits\/"},{"@type":"ListItem","position":3,"name":"Syst\u00e8me de gestion de cartes \u00e0 puce avec int\u00e9gration PKI Entrust"}]},{"@type":"WebSite","@id":"https:\/\/www.rjrinnovations.com\/#website","url":"https:\/\/www.rjrinnovations.com\/","name":"RJR Innovations","description":"Connect your business... All of IT","publisher":{"@id":"https:\/\/www.rjrinnovations.com\/#organization"},"potentialAction":[{"@type":"SearchAction","target":{"@type":"EntryPoint","urlTemplate":"https:\/\/www.rjrinnovations.com\/?s={search_term_string}"},"query-input":{"@type":"PropertyValueSpecification","valueRequired":true,"valueName":"search_term_string"}}],"inLanguage":"fr-FR"},{"@type":"Organization","@id":"https:\/\/www.rjrinnovations.com\/#organization","name":"RJR Innovations","url":"https:\/\/www.rjrinnovations.com\/","logo":{"@type":"ImageObject","inLanguage":"fr-FR","@id":"https:\/\/www.rjrinnovations.com\/#\/schema\/logo\/image\/","url":"https:\/\/www.rjrinnovations.com\/wp-content\/uploads\/2015\/07\/RJR_Logo_Blue_Text_400x263.png","contentUrl":"https:\/\/www.rjrinnovations.com\/wp-content\/uploads\/2015\/07\/RJR_Logo_Blue_Text_400x263.png","width":400,"height":237,"caption":"RJR Innovations"},"image":{"@id":"https:\/\/www.rjrinnovations.com\/#\/schema\/logo\/image\/"},"sameAs":["https:\/\/www.facebook.com\/RJR-Innovations-107107129324171\/","https:\/\/x.com\/RJRInnovations","https:\/\/www.linkedin.com\/company\/rjr-innovations","https:\/\/www.youtube.com\/user\/RJRInnovations"]}]}},"_links":{"self":[{"href":"https:\/\/www.rjrinnovations.com\/fr\/wp-json\/wp\/v2\/pages\/13777","targetHints":{"allow":["GET"]}}],"collection":[{"href":"https:\/\/www.rjrinnovations.com\/fr\/wp-json\/wp\/v2\/pages"}],"about":[{"href":"https:\/\/www.rjrinnovations.com\/fr\/wp-json\/wp\/v2\/types\/page"}],"author":[{"embeddable":true,"href":"https:\/\/www.rjrinnovations.com\/fr\/wp-json\/wp\/v2\/users\/26"}],"replies":[{"embeddable":true,"href":"https:\/\/www.rjrinnovations.com\/fr\/wp-json\/wp\/v2\/comments?post=13777"}],"version-history":[{"count":0,"href":"https:\/\/www.rjrinnovations.com\/fr\/wp-json\/wp\/v2\/pages\/13777\/revisions"}],"up":[{"embeddable":true,"href":"https:\/\/www.rjrinnovations.com\/fr\/wp-json\/wp\/v2\/pages\/12736"}],"wp:attachment":[{"href":"https:\/\/www.rjrinnovations.com\/fr\/wp-json\/wp\/v2\/media?parent=13777"}],"curies":[{"name":"wp","href":"https:\/\/api.w.org\/{rel}","templated":true}]}}