{"id":14100,"date":"2015-04-10T13:26:27","date_gmt":"2015-04-10T17:26:27","guid":{"rendered":"http:\/\/devweb.rjrinnovations.com\/produits\/safenet-gemalto\/"},"modified":"2020-08-06T09:55:33","modified_gmt":"2020-08-06T13:55:33","slug":"safenet-gemalto","status":"publish","type":"page","link":"https:\/\/www.rjrinnovations.com\/fr\/produits\/safenet-gemalto\/","title":{"rendered":"Gestion des donn\u00e9es"},"content":{"rendered":"<div class=\"fusion-fullwidth fullwidth-box fusion-builder-row-1 hundred-percent-fullwidth non-hundred-percent-height-scrolling\" style=\"--awb-border-radius-top-left:0px;--awb-border-radius-top-right:0px;--awb-border-radius-bottom-right:0px;--awb-border-radius-bottom-left:0px;--awb-overflow:visible;--awb-flex-wrap:wrap;\" ><div class=\"fusion-builder-row fusion-row\"><div class=\"fusion-layout-column fusion_builder_column fusion-builder-column-0 fusion_builder_column_1_1 1_1 fusion-one-full fusion-column-first fusion-column-last fusion-column-no-min-height\" style=\"--awb-bg-size:cover;--awb-margin-top:0px;--awb-margin-bottom:0px;\"><div class=\"fusion-column-wrapper fusion-flex-column-wrapper-legacy\"><div class=\"fusion-title title fusion-title-1 fusion-sep-none fusion-title-text fusion-title-size-one\"><h1 class=\"fusion-title-heading title-heading-left\" style=\"margin:0;\">Protection des donn\u00e9es<\/h1><\/div><div class=\"fusion-clearfix\"><\/div><\/div><\/div><div class=\"fusion-layout-column fusion_builder_column fusion-builder-column-1 fusion_builder_column_1_4 1_4 fusion-one-fourth fusion-column-first\" style=\"--awb-bg-size:cover;width:22%; margin-right: 4%;\"><div class=\"fusion-column-wrapper fusion-flex-column-wrapper-legacy\"><div class=\"fusion-text fusion-text-1\"><p><img decoding=\"async\" class=\"lazyload wp-image-36840 size-full alignleft\" src=\"https:\/\/rjrinnovations.com\/wp-content\/uploads\/2020\/07\/Thales.png\" data-orig-src=\"https:\/\/rjrinnovations.com\/wp-content\/uploads\/2020\/07\/Thales.png\" alt=\"Thales Logo\" width=\"1000\" height=\"119\" srcset=\"data:image\/svg+xml,%3Csvg%20xmlns%3D%27http%3A%2F%2Fwww.w3.org%2F2000%2Fsvg%27%20width%3D%271000%27%20height%3D%27119%27%20viewBox%3D%270%200%201000%20119%27%3E%3Crect%20width%3D%271000%27%20height%3D%27119%27%20fill-opacity%3D%220%22%2F%3E%3C%2Fsvg%3E\" data-srcset=\"https:\/\/www.rjrinnovations.com\/wp-content\/uploads\/2020\/07\/Thales-150x18.png 150w, https:\/\/www.rjrinnovations.com\/wp-content\/uploads\/2020\/07\/Thales-200x24.png 200w, https:\/\/www.rjrinnovations.com\/wp-content\/uploads\/2020\/07\/Thales-400x48.png 400w, https:\/\/www.rjrinnovations.com\/wp-content\/uploads\/2020\/07\/Thales-600x71.png 600w, https:\/\/www.rjrinnovations.com\/wp-content\/uploads\/2020\/07\/Thales-768x91.png 768w, https:\/\/www.rjrinnovations.com\/wp-content\/uploads\/2020\/07\/Thales-800x95.png 800w, https:\/\/www.rjrinnovations.com\/wp-content\/uploads\/2020\/07\/Thales.png 1000w\" data-sizes=\"auto\" data-orig-sizes=\"(max-width: 1000px) 100vw, 1000px\" \/><\/p>\n<\/div><div class=\"fusion-clearfix\"><\/div><\/div><\/div><div class=\"fusion-layout-column fusion_builder_column fusion-builder-column-2 fusion_builder_column_3_4 3_4 fusion-three-fourth fusion-column-last\" style=\"--awb-bg-size:cover;width:74%;\"><div class=\"fusion-column-wrapper fusion-flex-column-wrapper-legacy\"><div class=\"fusion-title title fusion-title-2 fusion-sep-none fusion-title-text fusion-title-size-three\"><h3 class=\"fusion-title-heading title-heading-left\" style=\"margin:0;\">Solutions d\u2019authentification<\/h3><\/div><div class=\"fusion-text fusion-text-2\"><p>Les solutions d'authentification de SafeNet sont premiers choix parmi les organisations voulant un d\u00e9ploiement d'une authentification puissante pour acc\u00e8s aux donn\u00e9es et aux syst\u00e8mes, soient dans le nuage ou sur site. Les organisations sont confront\u00e9es \u00e0 de nouvelles difficult\u00e9s au niveau du contr\u00f4le d'acc\u00e8s, \u00e0 cause de plusieurs facteurs: les appareils mobiles sont devenus la plateforme informatique de choix, les organisations adoptent rapidement le logiciel en tant que service (SaaS) et les applications dans le nuage, et le d\u00e9veloppement des vecteurs de menaces. SafeNet permet aux organisations d'adapter leurs besoins d'affaires\u00a0et de s\u00e9curit\u00e9 \u00e0 ces difficult\u00e9s, en proposant des solutions d'authentification offrant une fourniture souple de services. Elles simplifient la mise en oeuvre et la gestion de l'authentification gr\u00e2ce \u00e0 des processus automatis\u00e9s. En outre, elles r\u00e9duisent consid\u00e9rablement le temps et le budget consacr\u00e9s \u00e0 la fourniture, \u00e0 l'administration et \u00e0 la gestion des utilisateurs et des jetons d'authentification (tokens), par rapport aux mod\u00e8les classiques d'authentification.<\/p>\n<p><div class=\"fusion-alignleft\"><a class=\"fusion-button button-flat fusion-button-default-size button-default fusion-button-default button-1 fusion-button-default-span fusion-button-default-type\" target=\"_blank\" rel=\"noopener noreferrer\" href=\"\/fr\/produits\/safenet-gemalto\/multi-factor-authentication\/\"><span class=\"fusion-button-text awb-button__text awb-button__text--default\">POUR EN SAVOIR PLUS<\/span><\/a><\/div>\n<div class=\"fusion-button-wrapper\"><a class=\"fusion-button button-flat fusion-button-default-size button-custom fusion-button-default button-2 fusion-button-default-span fusion-button-default-type\" style=\"--button_accent_color:#fdbc16;--button_accent_hover_color:#fdbc16;--button_border_hover_color:#fdbc16;--button_gradient_top_color:#0a162f;--button_gradient_bottom_color:#0a162f;--button_gradient_top_color_hover:#22489b;--button_gradient_bottom_color_hover:#22489b;\" target=\"_self\" href=\"\/fr\/contact-us-for-more-info\/\"><span class=\"fusion-button-text awb-button__text awb-button__text--default\">CONTACTEZ NOUS<\/span><\/a><\/div><\/p>\n<\/div><div class=\"fusion-clearfix\"><\/div><\/div><\/div><div class=\"fusion-layout-column fusion_builder_column fusion-builder-column-3 fusion_builder_column_1_4 1_4 fusion-one-fourth fusion-column-first\" style=\"--awb-bg-size:cover;width:22%; margin-right: 4%;\"><div class=\"fusion-column-wrapper fusion-flex-column-wrapper-legacy\"><div class=\"fusion-text fusion-text-3\"><p><img decoding=\"async\" class=\"lazyload wp-image-36840 size-full alignleft\" src=\"https:\/\/rjrinnovations.com\/wp-content\/uploads\/2020\/07\/Thales.png\" data-orig-src=\"https:\/\/rjrinnovations.com\/wp-content\/uploads\/2020\/07\/Thales.png\" alt=\"Thales Logo\" width=\"1000\" height=\"119\" srcset=\"data:image\/svg+xml,%3Csvg%20xmlns%3D%27http%3A%2F%2Fwww.w3.org%2F2000%2Fsvg%27%20width%3D%271000%27%20height%3D%27119%27%20viewBox%3D%270%200%201000%20119%27%3E%3Crect%20width%3D%271000%27%20height%3D%27119%27%20fill-opacity%3D%220%22%2F%3E%3C%2Fsvg%3E\" data-srcset=\"https:\/\/www.rjrinnovations.com\/wp-content\/uploads\/2020\/07\/Thales-150x18.png 150w, https:\/\/www.rjrinnovations.com\/wp-content\/uploads\/2020\/07\/Thales-200x24.png 200w, https:\/\/www.rjrinnovations.com\/wp-content\/uploads\/2020\/07\/Thales-400x48.png 400w, https:\/\/www.rjrinnovations.com\/wp-content\/uploads\/2020\/07\/Thales-600x71.png 600w, https:\/\/www.rjrinnovations.com\/wp-content\/uploads\/2020\/07\/Thales-768x91.png 768w, https:\/\/www.rjrinnovations.com\/wp-content\/uploads\/2020\/07\/Thales-800x95.png 800w, https:\/\/www.rjrinnovations.com\/wp-content\/uploads\/2020\/07\/Thales.png 1000w\" data-sizes=\"auto\" data-orig-sizes=\"(max-width: 1000px) 100vw, 1000px\" \/><\/p>\n<\/div><div class=\"fusion-clearfix\"><\/div><\/div><\/div><div class=\"fusion-layout-column fusion_builder_column fusion-builder-column-4 fusion_builder_column_3_4 3_4 fusion-three-fourth fusion-column-last\" style=\"--awb-bg-size:cover;width:74%;\"><div class=\"fusion-column-wrapper fusion-flex-column-wrapper-legacy\"><div class=\"fusion-title title fusion-title-3 fusion-sep-none fusion-title-text fusion-title-size-three\"><h3 class=\"fusion-title-heading title-heading-left\" style=\"margin:0;\">Solutions de chiffrement des donn\u00e9es et de gestion du chiffrement<\/h3><\/div><div class=\"fusion-text fusion-text-4\"><p>La majorit\u00e9 des grosses entreprises font confiance aux solutions de chiffrement des donn\u00e9es et de gestion du chiffrement de SafeNet pour prot\u00e9ger leurs donn\u00e9es gr\u00e2ce aux cl\u00e9s cryptographiques utilis\u00e9es pour chiffrer les donn\u00e9es, \u00e0 tous les points critiques de leur cycle de vie, peu importe o\u00f9 elles sont conserv\u00e9es, utilis\u00e9es ou transmises.\u00a0Les solutions de chiffrement SafeNet apportent une couverture in\u00e9gal\u00e9e en prot\u00e9geant les bases de donn\u00e9es, les applications, les informations personnelles nominatives, et le stockage dans un centre de donn\u00e9es physique et virtuel, ainsi que dans le nuage. SafeNet apporte en outre la gestion de cl\u00e9s n\u00e9cessaire \u00e0 une protection efficace dans toute l'entreprise, quel que soit l'emplacement des donn\u00e9es.<\/p>\n<p><div class=\"fusion-alignleft\"><a class=\"fusion-button button-flat fusion-button-default-size button-default fusion-button-default button-3 fusion-button-default-span fusion-button-default-type\" target=\"_blank\" rel=\"noopener noreferrer\" href=\"\/fr\/produits\/safenet-gemalto\/encryption-solutions\/\"><span class=\"fusion-button-text awb-button__text awb-button__text--default\">POUR EN SAVOIR PLUS<\/span><\/a><\/div>\n<div class=\"fusion-button-wrapper\"><a class=\"fusion-button button-flat fusion-button-default-size button-custom fusion-button-default button-4 fusion-button-default-span fusion-button-default-type\" style=\"--button_accent_color:#fdbc16;--button_accent_hover_color:#fdbc16;--button_border_hover_color:#fdbc16;--button_gradient_top_color:#0a162f;--button_gradient_bottom_color:#0a162f;--button_gradient_top_color_hover:#22489b;--button_gradient_bottom_color_hover:#22489b;\" target=\"_self\" href=\"\/fr\/contact-us-for-more-info\/\"><span class=\"fusion-button-text awb-button__text awb-button__text--default\">CONTACTEZ NOUS<\/span><\/a><\/div><\/p>\n<\/div><div class=\"fusion-clearfix\"><\/div><\/div><\/div><\/div><\/div>\n","protected":false},"excerpt":{"rendered":"","protected":false},"author":26,"featured_media":0,"parent":12736,"menu_order":0,"comment_status":"closed","ping_status":"open","template":"","meta":{"footnotes":""},"class_list":["post-14100","page","type-page","status-publish","hentry"],"yoast_head":"<!-- This site is optimized with the Yoast SEO plugin v27.3 - https:\/\/yoast.com\/product\/yoast-seo-wordpress\/ -->\n<title>Data Protection SafeNet\/Gemalto - RJR Innovations<\/title>\n<meta name=\"description\" content=\"SafeNet Authentication solutions are the leading choice for organizations wanting to deploy strong authentication for access to data and applications.\" \/>\n<meta name=\"robots\" content=\"index, follow, max-snippet:-1, max-image-preview:large, max-video-preview:-1\" \/>\n<link rel=\"canonical\" href=\"https:\/\/www.rjrinnovations.com\/fr\/produits\/safenet-gemalto\/\" \/>\n<meta property=\"og:locale\" content=\"fr_FR\" \/>\n<meta property=\"og:type\" content=\"article\" \/>\n<meta property=\"og:title\" content=\"Data Protection SafeNet\/Gemalto - RJR Innovations\" \/>\n<meta property=\"og:description\" content=\"SafeNet Authentication solutions are the leading choice for organizations wanting to deploy strong authentication for access to data and applications.\" \/>\n<meta property=\"og:url\" content=\"https:\/\/www.rjrinnovations.com\/fr\/produits\/safenet-gemalto\/\" \/>\n<meta property=\"og:site_name\" content=\"RJR Innovations\" \/>\n<meta property=\"article:publisher\" content=\"https:\/\/www.facebook.com\/RJR-Innovations-107107129324171\/\" \/>\n<meta property=\"article:modified_time\" content=\"2020-08-06T13:55:33+00:00\" \/>\n<meta property=\"og:image\" content=\"https:\/\/www.rjrinnovations.com\/wp-content\/uploads\/2020\/07\/Thales.png\" \/>\n\t<meta property=\"og:image:width\" content=\"1000\" \/>\n\t<meta property=\"og:image:height\" content=\"119\" \/>\n\t<meta property=\"og:image:type\" content=\"image\/png\" \/>\n<meta name=\"twitter:card\" content=\"summary_large_image\" \/>\n<meta name=\"twitter:site\" content=\"@RJRInnovations\" \/>\n<script type=\"application\/ld+json\" class=\"yoast-schema-graph\">{\"@context\":\"https:\\\/\\\/schema.org\",\"@graph\":[{\"@type\":\"WebPage\",\"@id\":\"https:\\\/\\\/www.rjrinnovations.com\\\/fr\\\/produits\\\/safenet-gemalto\\\/\",\"url\":\"https:\\\/\\\/www.rjrinnovations.com\\\/fr\\\/produits\\\/safenet-gemalto\\\/\",\"name\":\"Data Protection SafeNet\\\/Gemalto - RJR Innovations\",\"isPartOf\":{\"@id\":\"https:\\\/\\\/www.rjrinnovations.com\\\/#website\"},\"primaryImageOfPage\":{\"@id\":\"https:\\\/\\\/www.rjrinnovations.com\\\/fr\\\/produits\\\/safenet-gemalto\\\/#primaryimage\"},\"image\":{\"@id\":\"https:\\\/\\\/www.rjrinnovations.com\\\/fr\\\/produits\\\/safenet-gemalto\\\/#primaryimage\"},\"thumbnailUrl\":\"https:\\\/\\\/rjrinnovations.com\\\/wp-content\\\/uploads\\\/2020\\\/07\\\/Thales.png\",\"datePublished\":\"2015-04-10T17:26:27+00:00\",\"dateModified\":\"2020-08-06T13:55:33+00:00\",\"description\":\"SafeNet Authentication solutions are the leading choice for organizations wanting to deploy strong authentication for access to data and applications.\",\"breadcrumb\":{\"@id\":\"https:\\\/\\\/www.rjrinnovations.com\\\/fr\\\/produits\\\/safenet-gemalto\\\/#breadcrumb\"},\"inLanguage\":\"fr-FR\",\"potentialAction\":[{\"@type\":\"ReadAction\",\"target\":[\"https:\\\/\\\/www.rjrinnovations.com\\\/fr\\\/produits\\\/safenet-gemalto\\\/\"]}]},{\"@type\":\"ImageObject\",\"inLanguage\":\"fr-FR\",\"@id\":\"https:\\\/\\\/www.rjrinnovations.com\\\/fr\\\/produits\\\/safenet-gemalto\\\/#primaryimage\",\"url\":\"https:\\\/\\\/rjrinnovations.com\\\/wp-content\\\/uploads\\\/2020\\\/07\\\/Thales.png\",\"contentUrl\":\"https:\\\/\\\/rjrinnovations.com\\\/wp-content\\\/uploads\\\/2020\\\/07\\\/Thales.png\"},{\"@type\":\"BreadcrumbList\",\"@id\":\"https:\\\/\\\/www.rjrinnovations.com\\\/fr\\\/produits\\\/safenet-gemalto\\\/#breadcrumb\",\"itemListElement\":[{\"@type\":\"ListItem\",\"position\":1,\"name\":\"Home\",\"item\":\"https:\\\/\\\/www.rjrinnovations.com\\\/fr\\\/\"},{\"@type\":\"ListItem\",\"position\":2,\"name\":\"Produits\",\"item\":\"https:\\\/\\\/www.rjrinnovations.com\\\/fr\\\/produits\\\/\"},{\"@type\":\"ListItem\",\"position\":3,\"name\":\"Gestion des donn\u00e9es\"}]},{\"@type\":\"WebSite\",\"@id\":\"https:\\\/\\\/www.rjrinnovations.com\\\/#website\",\"url\":\"https:\\\/\\\/www.rjrinnovations.com\\\/\",\"name\":\"RJR Innovations\",\"description\":\"Connect your business... All of IT\",\"publisher\":{\"@id\":\"https:\\\/\\\/www.rjrinnovations.com\\\/#organization\"},\"potentialAction\":[{\"@type\":\"SearchAction\",\"target\":{\"@type\":\"EntryPoint\",\"urlTemplate\":\"https:\\\/\\\/www.rjrinnovations.com\\\/?s={search_term_string}\"},\"query-input\":{\"@type\":\"PropertyValueSpecification\",\"valueRequired\":true,\"valueName\":\"search_term_string\"}}],\"inLanguage\":\"fr-FR\"},{\"@type\":\"Organization\",\"@id\":\"https:\\\/\\\/www.rjrinnovations.com\\\/#organization\",\"name\":\"RJR Innovations\",\"url\":\"https:\\\/\\\/www.rjrinnovations.com\\\/\",\"logo\":{\"@type\":\"ImageObject\",\"inLanguage\":\"fr-FR\",\"@id\":\"https:\\\/\\\/www.rjrinnovations.com\\\/#\\\/schema\\\/logo\\\/image\\\/\",\"url\":\"https:\\\/\\\/www.rjrinnovations.com\\\/wp-content\\\/uploads\\\/2015\\\/07\\\/RJR_Logo_Blue_Text_400x263.png\",\"contentUrl\":\"https:\\\/\\\/www.rjrinnovations.com\\\/wp-content\\\/uploads\\\/2015\\\/07\\\/RJR_Logo_Blue_Text_400x263.png\",\"width\":400,\"height\":237,\"caption\":\"RJR Innovations\"},\"image\":{\"@id\":\"https:\\\/\\\/www.rjrinnovations.com\\\/#\\\/schema\\\/logo\\\/image\\\/\"},\"sameAs\":[\"https:\\\/\\\/www.facebook.com\\\/RJR-Innovations-107107129324171\\\/\",\"https:\\\/\\\/x.com\\\/RJRInnovations\",\"https:\\\/\\\/www.linkedin.com\\\/company\\\/rjr-innovations\",\"https:\\\/\\\/www.youtube.com\\\/user\\\/RJRInnovations\"]}]}<\/script>\n<!-- \/ Yoast SEO plugin. -->","yoast_head_json":{"title":"Data Protection SafeNet\/Gemalto - RJR Innovations","description":"SafeNet Authentication solutions are the leading choice for organizations wanting to deploy strong authentication for access to data and applications.","robots":{"index":"index","follow":"follow","max-snippet":"max-snippet:-1","max-image-preview":"max-image-preview:large","max-video-preview":"max-video-preview:-1"},"canonical":"https:\/\/www.rjrinnovations.com\/fr\/produits\/safenet-gemalto\/","og_locale":"fr_FR","og_type":"article","og_title":"Data Protection SafeNet\/Gemalto - RJR Innovations","og_description":"SafeNet Authentication solutions are the leading choice for organizations wanting to deploy strong authentication for access to data and applications.","og_url":"https:\/\/www.rjrinnovations.com\/fr\/produits\/safenet-gemalto\/","og_site_name":"RJR Innovations","article_publisher":"https:\/\/www.facebook.com\/RJR-Innovations-107107129324171\/","article_modified_time":"2020-08-06T13:55:33+00:00","og_image":[{"width":1000,"height":119,"url":"https:\/\/www.rjrinnovations.com\/wp-content\/uploads\/2020\/07\/Thales.png","type":"image\/png"}],"twitter_card":"summary_large_image","twitter_site":"@RJRInnovations","schema":{"@context":"https:\/\/schema.org","@graph":[{"@type":"WebPage","@id":"https:\/\/www.rjrinnovations.com\/fr\/produits\/safenet-gemalto\/","url":"https:\/\/www.rjrinnovations.com\/fr\/produits\/safenet-gemalto\/","name":"Data Protection SafeNet\/Gemalto - RJR Innovations","isPartOf":{"@id":"https:\/\/www.rjrinnovations.com\/#website"},"primaryImageOfPage":{"@id":"https:\/\/www.rjrinnovations.com\/fr\/produits\/safenet-gemalto\/#primaryimage"},"image":{"@id":"https:\/\/www.rjrinnovations.com\/fr\/produits\/safenet-gemalto\/#primaryimage"},"thumbnailUrl":"https:\/\/rjrinnovations.com\/wp-content\/uploads\/2020\/07\/Thales.png","datePublished":"2015-04-10T17:26:27+00:00","dateModified":"2020-08-06T13:55:33+00:00","description":"SafeNet Authentication solutions are the leading choice for organizations wanting to deploy strong authentication for access to data and applications.","breadcrumb":{"@id":"https:\/\/www.rjrinnovations.com\/fr\/produits\/safenet-gemalto\/#breadcrumb"},"inLanguage":"fr-FR","potentialAction":[{"@type":"ReadAction","target":["https:\/\/www.rjrinnovations.com\/fr\/produits\/safenet-gemalto\/"]}]},{"@type":"ImageObject","inLanguage":"fr-FR","@id":"https:\/\/www.rjrinnovations.com\/fr\/produits\/safenet-gemalto\/#primaryimage","url":"https:\/\/rjrinnovations.com\/wp-content\/uploads\/2020\/07\/Thales.png","contentUrl":"https:\/\/rjrinnovations.com\/wp-content\/uploads\/2020\/07\/Thales.png"},{"@type":"BreadcrumbList","@id":"https:\/\/www.rjrinnovations.com\/fr\/produits\/safenet-gemalto\/#breadcrumb","itemListElement":[{"@type":"ListItem","position":1,"name":"Home","item":"https:\/\/www.rjrinnovations.com\/fr\/"},{"@type":"ListItem","position":2,"name":"Produits","item":"https:\/\/www.rjrinnovations.com\/fr\/produits\/"},{"@type":"ListItem","position":3,"name":"Gestion des donn\u00e9es"}]},{"@type":"WebSite","@id":"https:\/\/www.rjrinnovations.com\/#website","url":"https:\/\/www.rjrinnovations.com\/","name":"RJR Innovations","description":"Connect your business... All of IT","publisher":{"@id":"https:\/\/www.rjrinnovations.com\/#organization"},"potentialAction":[{"@type":"SearchAction","target":{"@type":"EntryPoint","urlTemplate":"https:\/\/www.rjrinnovations.com\/?s={search_term_string}"},"query-input":{"@type":"PropertyValueSpecification","valueRequired":true,"valueName":"search_term_string"}}],"inLanguage":"fr-FR"},{"@type":"Organization","@id":"https:\/\/www.rjrinnovations.com\/#organization","name":"RJR Innovations","url":"https:\/\/www.rjrinnovations.com\/","logo":{"@type":"ImageObject","inLanguage":"fr-FR","@id":"https:\/\/www.rjrinnovations.com\/#\/schema\/logo\/image\/","url":"https:\/\/www.rjrinnovations.com\/wp-content\/uploads\/2015\/07\/RJR_Logo_Blue_Text_400x263.png","contentUrl":"https:\/\/www.rjrinnovations.com\/wp-content\/uploads\/2015\/07\/RJR_Logo_Blue_Text_400x263.png","width":400,"height":237,"caption":"RJR Innovations"},"image":{"@id":"https:\/\/www.rjrinnovations.com\/#\/schema\/logo\/image\/"},"sameAs":["https:\/\/www.facebook.com\/RJR-Innovations-107107129324171\/","https:\/\/x.com\/RJRInnovations","https:\/\/www.linkedin.com\/company\/rjr-innovations","https:\/\/www.youtube.com\/user\/RJRInnovations"]}]}},"_links":{"self":[{"href":"https:\/\/www.rjrinnovations.com\/fr\/wp-json\/wp\/v2\/pages\/14100","targetHints":{"allow":["GET"]}}],"collection":[{"href":"https:\/\/www.rjrinnovations.com\/fr\/wp-json\/wp\/v2\/pages"}],"about":[{"href":"https:\/\/www.rjrinnovations.com\/fr\/wp-json\/wp\/v2\/types\/page"}],"author":[{"embeddable":true,"href":"https:\/\/www.rjrinnovations.com\/fr\/wp-json\/wp\/v2\/users\/26"}],"replies":[{"embeddable":true,"href":"https:\/\/www.rjrinnovations.com\/fr\/wp-json\/wp\/v2\/comments?post=14100"}],"version-history":[{"count":0,"href":"https:\/\/www.rjrinnovations.com\/fr\/wp-json\/wp\/v2\/pages\/14100\/revisions"}],"up":[{"embeddable":true,"href":"https:\/\/www.rjrinnovations.com\/fr\/wp-json\/wp\/v2\/pages\/12736"}],"wp:attachment":[{"href":"https:\/\/www.rjrinnovations.com\/fr\/wp-json\/wp\/v2\/media?parent=14100"}],"curies":[{"name":"wp","href":"https:\/\/api.w.org\/{rel}","templated":true}]}}