{"id":14147,"date":"2015-02-26T14:02:53","date_gmt":"2015-02-26T19:02:53","guid":{"rendered":"http:\/\/devweb.rjrinnovations.com\/services\/product-upgrades\/"},"modified":"2020-08-07T10:31:55","modified_gmt":"2020-08-07T14:31:55","slug":"mise-a-jour-de-produit","status":"publish","type":"page","link":"https:\/\/www.rjrinnovations.com\/fr\/mise-a-jour-de-produit\/","title":{"rendered":"Mise \u00e0 jour de produit"},"content":{"rendered":"<p><div class=\"fusion-fullwidth fullwidth-box fusion-builder-row-1 nonhundred-percent-fullwidth non-hundred-percent-height-scrolling\" style=\"--awb-border-radius-top-left:0px;--awb-border-radius-top-right:0px;--awb-border-radius-bottom-right:0px;--awb-border-radius-bottom-left:0px;--awb-flex-wrap:wrap;\" ><div class=\"fusion-builder-row fusion-row\"><div class=\"fusion-layout-column fusion_builder_column fusion-builder-column-0 fusion_builder_column_1_1 1_1 fusion-one-full fusion-column-first fusion-column-last fusion-column-no-min-height\" style=\"--awb-bg-size:cover;--awb-margin-top:0px;--awb-margin-bottom:0px;\"><div class=\"fusion-column-wrapper fusion-flex-column-wrapper-legacy\"><div class=\"fusion-title title fusion-title-1 fusion-sep-none fusion-title-text fusion-title-size-one\"><h1 class=\"fusion-title-heading title-heading-left\" style=\"margin:0;\">Mise \u00e0 jour de produit<\/h1><\/div><div class=\"fusion-text fusion-text-1\"><p><img decoding=\"async\" class=\"lazyload wp-image-37634 size-full alignleft\" title=\"Product Upgrades\" src=\"https:\/\/rjrinnovations.com\/wp-content\/uploads\/2020\/08\/pexels-pixabay-221011.jpg\" data-orig-src=\"https:\/\/rjrinnovations.com\/wp-content\/uploads\/2020\/08\/pexels-pixabay-221011.jpg\" alt=\"\" width=\"300\" height=\"200\" srcset=\"data:image\/svg+xml,%3Csvg%20xmlns%3D%27http%3A%2F%2Fwww.w3.org%2F2000%2Fsvg%27%20width%3D%27300%27%20height%3D%27200%27%20viewBox%3D%270%200%20300%20200%27%3E%3Crect%20width%3D%27300%27%20height%3D%27200%27%20fill-opacity%3D%220%22%2F%3E%3C%2Fsvg%3E\" data-srcset=\"https:\/\/www.rjrinnovations.com\/wp-content\/uploads\/2020\/08\/pexels-pixabay-221011-150x100.jpg 150w, https:\/\/www.rjrinnovations.com\/wp-content\/uploads\/2020\/08\/pexels-pixabay-221011-200x133.jpg 200w, https:\/\/www.rjrinnovations.com\/wp-content\/uploads\/2020\/08\/pexels-pixabay-221011.jpg 300w\" data-sizes=\"auto\" data-orig-sizes=\"(max-width: 300px) 100vw, 300px\" \/><\/p>\n<p>RJR Innovations peut vous aider \u00e0 mettre \u00e0 niveau votre environnement actuel afin de r\u00e9pondre aux besoins en \u00e9volution rapide de la gestion des services informatiques d&#8217;entreprise. Lorsqu&#8217;un consultant RJR Innovations vous aide \u00e0 mettre \u00e0 niveau votre produit, vous n&#8217;obtenez pas de technicien, vous obtenez un conseiller de confiance qui peut recommander la meilleure fa\u00e7on de configurer les nouvelles fonctionnalit\u00e9s et fonctionnalit\u00e9s afin qu&#8217;elles s&#8217;adaptent \u00e0 vos processus et \u00e0 votre environnement.<\/p>\n<p>Nous mettons en \u0153uvre des mises \u00e0 niveau en combinant des services hors site et sur site. Nous r\u00e9pliquons votre environnement hors site, en ex\u00e9cutant des mises \u00e0 niveau de test pour documenter tous les probl\u00e8mes et r\u00e9solutions dans le processus de mise \u00e0 niveau. Cela garantit une utilisation productive du temps de consultation sur site pendant la mise \u00e0 niveau de l&#8217;environnement en direct. Vous disposerez d&#8217;une version mise \u00e0 niveau de votre application avant la visite sur place, ce qui r\u00e9duira le temps de consultation.<\/p>\n<p>Gr\u00e2ce \u00e0 notre processus approfondi en quatre \u00e9tapes, vous maximiserez votre investissement dans votre infrastructure informatique et vous assurerez votre retour sur investissement (ROI) en am\u00e9liorant et en rationalisant continuellement vos services informatiques.<\/p>\n<div class=\"fusion-button-wrapper\"><a class=\"fusion-button button-flat fusion-button-default-size button-custom fusion-button-default button-1 fusion-button-default-span fusion-button-default-type\" style=\"--button_accent_color:#fdbc16;--button_accent_hover_color:#fdbc16;--button_border_hover_color:#fdbc16;--button_gradient_top_color:#0a162f;--button_gradient_bottom_color:#0a162f;--button_gradient_top_color_hover:#22489b;--button_gradient_bottom_color_hover:#22489b;\" target=\"_self\" title=\"Contact us about Product Upgrades\" aria-label=\"Contact us about Product Upgrades\" href=\"\/fr\/contact-us-for-more-info\/\"><span class=\"fusion-button-text awb-button__text awb-button__text--default\">Nous contacter<\/span><\/a><\/div>\n<\/div><div class=\"fusion-sep-clear\"><\/div><div class=\"fusion-separator fusion-full-width-sep\" style=\"margin-left: auto;margin-right: auto;margin-top:20px;margin-bottom:20px;width:100%;\"><\/div><div class=\"fusion-sep-clear\"><\/div><div class=\"fusion-clearfix\"><\/div><\/div><\/div><\/div><\/div><div class=\"fusion-fullwidth fullwidth-box fusion-builder-row-2 nonhundred-percent-fullwidth non-hundred-percent-height-scrolling\" style=\"--awb-border-sizes-top:0px;--awb-border-sizes-bottom:0px;--awb-border-sizes-left:0px;--awb-border-sizes-right:0px;--awb-border-radius-top-left:0px;--awb-border-radius-top-right:0px;--awb-border-radius-bottom-right:0px;--awb-border-radius-bottom-left:0px;--awb-padding-top:25px;--awb-background-color:#f9f9f9;--awb-flex-wrap:wrap;\" ><div class=\"fusion-builder-row fusion-row\"><div class=\"fusion-layout-column fusion_builder_column fusion-builder-column-1 fusion_builder_column_1_1 1_1 fusion-one-full fusion-column-first fusion-column-last\" style=\"--awb-bg-size:cover;\"><div class=\"fusion-column-wrapper fusion-flex-column-wrapper-legacy\"><div class=\"fusion-title title fusion-title-2 fusion-sep-none fusion-title-text fusion-title-size-three\"><h3 class=\"fusion-title-heading title-heading-left\" style=\"margin:0;\"><div>\n<h2 data-fontsize=\"26\" data-lineheight=\"31.98px\">Processus de mise \u00e0 niveau du produit en quatre \u00e9tapes:<\/h2>\n<\/div><\/h3><\/div><div class=\"fusion-tabs fusion-tabs-1 clean nav-is-justified horizontal-tabs icon-position-left mobile-mode-accordion\" style=\"--awb-title-border-radius-top-left:0px;--awb-title-border-radius-top-right:0px;--awb-title-border-radius-bottom-right:0px;--awb-title-border-radius-bottom-left:0px;--awb-inactive-color:#fdbc16;--awb-background-color:#ffffff;--awb-border-color:#ffffff;--awb-active-border-color:#fdbc16;\"><div class=\"nav\"><ul class=\"nav-tabs nav-justified\" role=\"tablist\"><li class=\"active\" role=\"presentation\"><a class=\"tab-link\" data-toggle=\"tab\" role=\"tab\" aria-controls=\"tab-8a2fb43ce773739a2d2\" aria-selected=\"true\" id=\"fusion-tab-d\u00e9couvrir\" href=\"#tab-8a2fb43ce773739a2d2\"><h4 class=\"fusion-tab-heading\"><i class=\"fontawesome-icon fa-search fas\" aria-hidden=\"true\" style=\"font-size:13px;\"><\/i>D\u00e9couvrir<\/h4><\/a><\/li><li role=\"presentation\"><a class=\"tab-link\" data-toggle=\"tab\" role=\"tab\" aria-controls=\"tab-8962b5518f009c06357\" aria-selected=\"false\" tabindex=\"-1\" id=\"fusion-tab-mettreenplace\" href=\"#tab-8962b5518f009c06357\"><h4 class=\"fusion-tab-heading\"><i class=\"fontawesome-icon fa-redo fas\" aria-hidden=\"true\" style=\"font-size:13px;\"><\/i>Mettre en place<\/h4><\/a><\/li><li role=\"presentation\"><a class=\"tab-link\" data-toggle=\"tab\" role=\"tab\" aria-controls=\"tab-b38ab9544847fd05585\" aria-selected=\"false\" tabindex=\"-1\" id=\"fusion-tab-analyser\" href=\"#tab-b38ab9544847fd05585\"><h4 class=\"fusion-tab-heading\"><i class=\"fontawesome-icon fa-random fas\" aria-hidden=\"true\" style=\"font-size:13px;\"><\/i>Analyser<\/h4><\/a><\/li><li role=\"presentation\"><a class=\"tab-link\" data-toggle=\"tab\" role=\"tab\" aria-controls=\"tab-4d2ebfab1ed1d86a43d\" aria-selected=\"false\" tabindex=\"-1\" id=\"fusion-tab-am\u00e9liorer\" href=\"#tab-4d2ebfab1ed1d86a43d\"><h4 class=\"fusion-tab-heading\"><i class=\"fontawesome-icon fa-chart-bar far\" aria-hidden=\"true\" style=\"font-size:13px;\"><\/i>Am\u00e9liorer<\/h4><\/a><\/li><\/ul><\/div><div class=\"tab-content\"><div class=\"nav fusion-mobile-tab-nav\"><ul class=\"nav-tabs nav-justified\" role=\"tablist\"><li class=\"active\" role=\"presentation\"><a class=\"tab-link\" data-toggle=\"tab\" role=\"tab\" aria-controls=\"tab-8a2fb43ce773739a2d2\" aria-selected=\"true\" id=\"mobile-fusion-tab-d\u00e9couvrir\" href=\"#tab-8a2fb43ce773739a2d2\"><h4 class=\"fusion-tab-heading\"><i class=\"fontawesome-icon fa-search fas\" aria-hidden=\"true\" style=\"font-size:13px;\"><\/i>D\u00e9couvrir<\/h4><\/a><\/li><\/ul><\/div><div class=\"tab-pane fade fusion-clearfix in active\" role=\"tabpanel\" tabindex=\"0\" aria-labelledby=\"fusion-tab-d\u00e9couvrir\" id=\"tab-8a2fb43ce773739a2d2\">\n<ul>\n<li>\u00c9valuez la situation actuelle par rapport aux besoins commerciaux actuels.<\/li>\n<li>\u00c9laborer des plans de mise en \u0153uvre.<\/li>\n<li>Cr\u00e9ez des livrables.<\/li>\n<li>Obtenez un accord et une approbation sur tous les livrables.<\/li>\n<\/ul>\n<\/div><div class=\"nav fusion-mobile-tab-nav\"><ul class=\"nav-tabs nav-justified\" role=\"tablist\"><li role=\"presentation\"><a class=\"tab-link\" data-toggle=\"tab\" role=\"tab\" aria-controls=\"tab-8962b5518f009c06357\" aria-selected=\"false\" tabindex=\"-1\" id=\"mobile-fusion-tab-mettreenplace\" href=\"#tab-8962b5518f009c06357\"><h4 class=\"fusion-tab-heading\"><i class=\"fontawesome-icon fa-redo fas\" aria-hidden=\"true\" style=\"font-size:13px;\"><\/i>Mettre en place<\/h4><\/a><\/li><\/ul><\/div><div class=\"tab-pane fade fusion-clearfix\" role=\"tabpanel\" tabindex=\"0\" aria-labelledby=\"fusion-tab-mettreenplace\" id=\"tab-8962b5518f009c06357\">\n<ul>\n<li>Mettre en \u0153uvre les livrables approuv\u00e9s.<\/li>\n<li>Surveillez et soutenez le processus au besoin.<\/li>\n<\/ul>\n<\/div><div class=\"nav fusion-mobile-tab-nav\"><ul class=\"nav-tabs nav-justified\" role=\"tablist\"><li role=\"presentation\"><a class=\"tab-link\" data-toggle=\"tab\" role=\"tab\" aria-controls=\"tab-b38ab9544847fd05585\" aria-selected=\"false\" tabindex=\"-1\" id=\"mobile-fusion-tab-analyser\" href=\"#tab-b38ab9544847fd05585\"><h4 class=\"fusion-tab-heading\"><i class=\"fontawesome-icon fa-random fas\" aria-hidden=\"true\" style=\"font-size:13px;\"><\/i>Analyser<\/h4><\/a><\/li><\/ul><\/div><div class=\"tab-pane fade fusion-clearfix\" role=\"tabpanel\" tabindex=\"0\" aria-labelledby=\"fusion-tab-analyser\" id=\"tab-b38ab9544847fd05585\">\n<ul>\n<li>Analyser l&#8217;impact du changement pr\u00e9vu.<\/li>\n<li>Mesurer les nouveaux processus.<\/li>\n<li>Comparez les r\u00e9sultats avec les r\u00e9sultats attendus pour assurer une am\u00e9lioration continue.<\/li>\n<\/ul>\n<\/div><div class=\"nav fusion-mobile-tab-nav\"><ul class=\"nav-tabs nav-justified\" role=\"tablist\"><li role=\"presentation\"><a class=\"tab-link\" data-toggle=\"tab\" role=\"tab\" aria-controls=\"tab-4d2ebfab1ed1d86a43d\" aria-selected=\"false\" tabindex=\"-1\" id=\"mobile-fusion-tab-am\u00e9liorer\" href=\"#tab-4d2ebfab1ed1d86a43d\"><h4 class=\"fusion-tab-heading\"><i class=\"fontawesome-icon fa-chart-bar far\" aria-hidden=\"true\" style=\"font-size:13px;\"><\/i>Am\u00e9liorer<\/h4><\/a><\/li><\/ul><\/div><div class=\"tab-pane fade fusion-clearfix\" role=\"tabpanel\" tabindex=\"0\" aria-labelledby=\"fusion-tab-am\u00e9liorer\" id=\"tab-4d2ebfab1ed1d86a43d\">\n<ul>\n<li>D\u00e9terminez o\u00f9 appliquer les modifications r\u00e9sultant de l&#8217;analyse.<\/li>\n<li>Appliquez les modifications pour assurer une am\u00e9lioration continue.<\/li>\n<\/ul>\n<\/div><\/div><\/div><div class=\"fusion-clearfix\"><\/div><\/div><\/div><\/div><\/div><\/p>\n","protected":false},"excerpt":{"rendered":"","protected":false},"author":26,"featured_media":0,"parent":0,"menu_order":0,"comment_status":"closed","ping_status":"open","template":"100-width.php","meta":{"footnotes":""},"class_list":["post-14147","page","type-page","status-publish","hentry"],"yoast_head":"<!-- This site is optimized with the Yoast SEO plugin v27.3 - https:\/\/yoast.com\/product\/yoast-seo-wordpress\/ -->\n<title>Product Upgrades - RJR Innovations<\/title>\n<meta name=\"description\" content=\"RJR Innovations can assist in upgrading your current environment in order to meet the fast-paced and changing needs of corporate IT Service Management.\" \/>\n<meta name=\"robots\" content=\"index, follow, max-snippet:-1, max-image-preview:large, max-video-preview:-1\" \/>\n<link rel=\"canonical\" href=\"https:\/\/www.rjrinnovations.com\/fr\/mise-a-jour-de-produit\/\" \/>\n<meta property=\"og:locale\" content=\"fr_FR\" \/>\n<meta property=\"og:type\" content=\"article\" \/>\n<meta property=\"og:title\" content=\"Product Upgrades - RJR Innovations\" \/>\n<meta property=\"og:description\" content=\"RJR Innovations can assist in upgrading your current environment in order to meet the fast-paced and changing needs of corporate IT Service Management.\" \/>\n<meta property=\"og:url\" content=\"https:\/\/www.rjrinnovations.com\/fr\/mise-a-jour-de-produit\/\" \/>\n<meta property=\"og:site_name\" content=\"RJR Innovations\" \/>\n<meta property=\"article:publisher\" content=\"https:\/\/www.facebook.com\/RJR-Innovations-107107129324171\/\" \/>\n<meta property=\"article:modified_time\" content=\"2020-08-07T14:31:55+00:00\" \/>\n<meta property=\"og:image\" content=\"https:\/\/www.rjrinnovations.com\/wp-content\/uploads\/2020\/08\/pexels-pixabay-221011.jpg\" \/>\n\t<meta property=\"og:image:width\" content=\"300\" \/>\n\t<meta property=\"og:image:height\" content=\"200\" \/>\n\t<meta property=\"og:image:type\" content=\"image\/jpeg\" \/>\n<meta name=\"twitter:card\" content=\"summary_large_image\" \/>\n<meta name=\"twitter:site\" content=\"@RJRInnovations\" \/>\n<script type=\"application\/ld+json\" class=\"yoast-schema-graph\">{\"@context\":\"https:\\\/\\\/schema.org\",\"@graph\":[{\"@type\":\"WebPage\",\"@id\":\"https:\\\/\\\/www.rjrinnovations.com\\\/fr\\\/mise-a-jour-de-produit\\\/\",\"url\":\"https:\\\/\\\/www.rjrinnovations.com\\\/fr\\\/mise-a-jour-de-produit\\\/\",\"name\":\"Product Upgrades - RJR Innovations\",\"isPartOf\":{\"@id\":\"https:\\\/\\\/www.rjrinnovations.com\\\/#website\"},\"primaryImageOfPage\":{\"@id\":\"https:\\\/\\\/www.rjrinnovations.com\\\/fr\\\/mise-a-jour-de-produit\\\/#primaryimage\"},\"image\":{\"@id\":\"https:\\\/\\\/www.rjrinnovations.com\\\/fr\\\/mise-a-jour-de-produit\\\/#primaryimage\"},\"thumbnailUrl\":\"https:\\\/\\\/rjrinnovations.com\\\/wp-content\\\/uploads\\\/2020\\\/08\\\/pexels-pixabay-221011.jpg\",\"datePublished\":\"2015-02-26T19:02:53+00:00\",\"dateModified\":\"2020-08-07T14:31:55+00:00\",\"description\":\"RJR Innovations can assist in upgrading your current environment in order to meet the fast-paced and changing needs of corporate IT Service Management.\",\"breadcrumb\":{\"@id\":\"https:\\\/\\\/www.rjrinnovations.com\\\/fr\\\/mise-a-jour-de-produit\\\/#breadcrumb\"},\"inLanguage\":\"fr-FR\",\"potentialAction\":[{\"@type\":\"ReadAction\",\"target\":[\"https:\\\/\\\/www.rjrinnovations.com\\\/fr\\\/mise-a-jour-de-produit\\\/\"]}]},{\"@type\":\"ImageObject\",\"inLanguage\":\"fr-FR\",\"@id\":\"https:\\\/\\\/www.rjrinnovations.com\\\/fr\\\/mise-a-jour-de-produit\\\/#primaryimage\",\"url\":\"https:\\\/\\\/rjrinnovations.com\\\/wp-content\\\/uploads\\\/2020\\\/08\\\/pexels-pixabay-221011.jpg\",\"contentUrl\":\"https:\\\/\\\/rjrinnovations.com\\\/wp-content\\\/uploads\\\/2020\\\/08\\\/pexels-pixabay-221011.jpg\"},{\"@type\":\"BreadcrumbList\",\"@id\":\"https:\\\/\\\/www.rjrinnovations.com\\\/fr\\\/mise-a-jour-de-produit\\\/#breadcrumb\",\"itemListElement\":[{\"@type\":\"ListItem\",\"position\":1,\"name\":\"Home\",\"item\":\"https:\\\/\\\/www.rjrinnovations.com\\\/fr\\\/\"},{\"@type\":\"ListItem\",\"position\":2,\"name\":\"Mise \u00e0 jour de produit\"}]},{\"@type\":\"WebSite\",\"@id\":\"https:\\\/\\\/www.rjrinnovations.com\\\/#website\",\"url\":\"https:\\\/\\\/www.rjrinnovations.com\\\/\",\"name\":\"RJR Innovations\",\"description\":\"Connect your business... All of IT\",\"publisher\":{\"@id\":\"https:\\\/\\\/www.rjrinnovations.com\\\/#organization\"},\"potentialAction\":[{\"@type\":\"SearchAction\",\"target\":{\"@type\":\"EntryPoint\",\"urlTemplate\":\"https:\\\/\\\/www.rjrinnovations.com\\\/?s={search_term_string}\"},\"query-input\":{\"@type\":\"PropertyValueSpecification\",\"valueRequired\":true,\"valueName\":\"search_term_string\"}}],\"inLanguage\":\"fr-FR\"},{\"@type\":\"Organization\",\"@id\":\"https:\\\/\\\/www.rjrinnovations.com\\\/#organization\",\"name\":\"RJR Innovations\",\"url\":\"https:\\\/\\\/www.rjrinnovations.com\\\/\",\"logo\":{\"@type\":\"ImageObject\",\"inLanguage\":\"fr-FR\",\"@id\":\"https:\\\/\\\/www.rjrinnovations.com\\\/#\\\/schema\\\/logo\\\/image\\\/\",\"url\":\"https:\\\/\\\/www.rjrinnovations.com\\\/wp-content\\\/uploads\\\/2015\\\/07\\\/RJR_Logo_Blue_Text_400x263.png\",\"contentUrl\":\"https:\\\/\\\/www.rjrinnovations.com\\\/wp-content\\\/uploads\\\/2015\\\/07\\\/RJR_Logo_Blue_Text_400x263.png\",\"width\":400,\"height\":237,\"caption\":\"RJR Innovations\"},\"image\":{\"@id\":\"https:\\\/\\\/www.rjrinnovations.com\\\/#\\\/schema\\\/logo\\\/image\\\/\"},\"sameAs\":[\"https:\\\/\\\/www.facebook.com\\\/RJR-Innovations-107107129324171\\\/\",\"https:\\\/\\\/x.com\\\/RJRInnovations\",\"https:\\\/\\\/www.linkedin.com\\\/company\\\/rjr-innovations\",\"https:\\\/\\\/www.youtube.com\\\/user\\\/RJRInnovations\"]}]}<\/script>\n<!-- \/ Yoast SEO plugin. -->","yoast_head_json":{"title":"Product Upgrades - RJR Innovations","description":"RJR Innovations can assist in upgrading your current environment in order to meet the fast-paced and changing needs of corporate IT Service Management.","robots":{"index":"index","follow":"follow","max-snippet":"max-snippet:-1","max-image-preview":"max-image-preview:large","max-video-preview":"max-video-preview:-1"},"canonical":"https:\/\/www.rjrinnovations.com\/fr\/mise-a-jour-de-produit\/","og_locale":"fr_FR","og_type":"article","og_title":"Product Upgrades - RJR Innovations","og_description":"RJR Innovations can assist in upgrading your current environment in order to meet the fast-paced and changing needs of corporate IT Service Management.","og_url":"https:\/\/www.rjrinnovations.com\/fr\/mise-a-jour-de-produit\/","og_site_name":"RJR Innovations","article_publisher":"https:\/\/www.facebook.com\/RJR-Innovations-107107129324171\/","article_modified_time":"2020-08-07T14:31:55+00:00","og_image":[{"width":300,"height":200,"url":"https:\/\/www.rjrinnovations.com\/wp-content\/uploads\/2020\/08\/pexels-pixabay-221011.jpg","type":"image\/jpeg"}],"twitter_card":"summary_large_image","twitter_site":"@RJRInnovations","schema":{"@context":"https:\/\/schema.org","@graph":[{"@type":"WebPage","@id":"https:\/\/www.rjrinnovations.com\/fr\/mise-a-jour-de-produit\/","url":"https:\/\/www.rjrinnovations.com\/fr\/mise-a-jour-de-produit\/","name":"Product Upgrades - RJR Innovations","isPartOf":{"@id":"https:\/\/www.rjrinnovations.com\/#website"},"primaryImageOfPage":{"@id":"https:\/\/www.rjrinnovations.com\/fr\/mise-a-jour-de-produit\/#primaryimage"},"image":{"@id":"https:\/\/www.rjrinnovations.com\/fr\/mise-a-jour-de-produit\/#primaryimage"},"thumbnailUrl":"https:\/\/rjrinnovations.com\/wp-content\/uploads\/2020\/08\/pexels-pixabay-221011.jpg","datePublished":"2015-02-26T19:02:53+00:00","dateModified":"2020-08-07T14:31:55+00:00","description":"RJR Innovations can assist in upgrading your current environment in order to meet the fast-paced and changing needs of corporate IT Service Management.","breadcrumb":{"@id":"https:\/\/www.rjrinnovations.com\/fr\/mise-a-jour-de-produit\/#breadcrumb"},"inLanguage":"fr-FR","potentialAction":[{"@type":"ReadAction","target":["https:\/\/www.rjrinnovations.com\/fr\/mise-a-jour-de-produit\/"]}]},{"@type":"ImageObject","inLanguage":"fr-FR","@id":"https:\/\/www.rjrinnovations.com\/fr\/mise-a-jour-de-produit\/#primaryimage","url":"https:\/\/rjrinnovations.com\/wp-content\/uploads\/2020\/08\/pexels-pixabay-221011.jpg","contentUrl":"https:\/\/rjrinnovations.com\/wp-content\/uploads\/2020\/08\/pexels-pixabay-221011.jpg"},{"@type":"BreadcrumbList","@id":"https:\/\/www.rjrinnovations.com\/fr\/mise-a-jour-de-produit\/#breadcrumb","itemListElement":[{"@type":"ListItem","position":1,"name":"Home","item":"https:\/\/www.rjrinnovations.com\/fr\/"},{"@type":"ListItem","position":2,"name":"Mise \u00e0 jour de produit"}]},{"@type":"WebSite","@id":"https:\/\/www.rjrinnovations.com\/#website","url":"https:\/\/www.rjrinnovations.com\/","name":"RJR Innovations","description":"Connect your business... All of IT","publisher":{"@id":"https:\/\/www.rjrinnovations.com\/#organization"},"potentialAction":[{"@type":"SearchAction","target":{"@type":"EntryPoint","urlTemplate":"https:\/\/www.rjrinnovations.com\/?s={search_term_string}"},"query-input":{"@type":"PropertyValueSpecification","valueRequired":true,"valueName":"search_term_string"}}],"inLanguage":"fr-FR"},{"@type":"Organization","@id":"https:\/\/www.rjrinnovations.com\/#organization","name":"RJR Innovations","url":"https:\/\/www.rjrinnovations.com\/","logo":{"@type":"ImageObject","inLanguage":"fr-FR","@id":"https:\/\/www.rjrinnovations.com\/#\/schema\/logo\/image\/","url":"https:\/\/www.rjrinnovations.com\/wp-content\/uploads\/2015\/07\/RJR_Logo_Blue_Text_400x263.png","contentUrl":"https:\/\/www.rjrinnovations.com\/wp-content\/uploads\/2015\/07\/RJR_Logo_Blue_Text_400x263.png","width":400,"height":237,"caption":"RJR Innovations"},"image":{"@id":"https:\/\/www.rjrinnovations.com\/#\/schema\/logo\/image\/"},"sameAs":["https:\/\/www.facebook.com\/RJR-Innovations-107107129324171\/","https:\/\/x.com\/RJRInnovations","https:\/\/www.linkedin.com\/company\/rjr-innovations","https:\/\/www.youtube.com\/user\/RJRInnovations"]}]}},"_links":{"self":[{"href":"https:\/\/www.rjrinnovations.com\/fr\/wp-json\/wp\/v2\/pages\/14147","targetHints":{"allow":["GET"]}}],"collection":[{"href":"https:\/\/www.rjrinnovations.com\/fr\/wp-json\/wp\/v2\/pages"}],"about":[{"href":"https:\/\/www.rjrinnovations.com\/fr\/wp-json\/wp\/v2\/types\/page"}],"author":[{"embeddable":true,"href":"https:\/\/www.rjrinnovations.com\/fr\/wp-json\/wp\/v2\/users\/26"}],"replies":[{"embeddable":true,"href":"https:\/\/www.rjrinnovations.com\/fr\/wp-json\/wp\/v2\/comments?post=14147"}],"version-history":[{"count":0,"href":"https:\/\/www.rjrinnovations.com\/fr\/wp-json\/wp\/v2\/pages\/14147\/revisions"}],"wp:attachment":[{"href":"https:\/\/www.rjrinnovations.com\/fr\/wp-json\/wp\/v2\/media?parent=14147"}],"curies":[{"name":"wp","href":"https:\/\/api.w.org\/{rel}","templated":true}]}}