{"id":17375,"date":"2016-04-14T10:43:50","date_gmt":"2016-04-14T14:43:50","guid":{"rendered":"http:\/\/www.rjrinnovations.com\/fr\/solutions\/workload-automation\/"},"modified":"2020-08-07T08:43:41","modified_gmt":"2020-08-07T12:43:41","slug":"workload-automation","status":"publish","type":"page","link":"https:\/\/www.rjrinnovations.com\/fr\/solutions\/workload-automation\/","title":{"rendered":"L\u2019automatisation des processus de travail"},"content":{"rendered":"<div class=\"fusion-fullwidth fullwidth-box fusion-builder-row-1 hundred-percent-fullwidth non-hundred-percent-height-scrolling\" style=\"--awb-border-radius-top-left:0px;--awb-border-radius-top-right:0px;--awb-border-radius-bottom-right:0px;--awb-border-radius-bottom-left:0px;--awb-overflow:visible;--awb-flex-wrap:wrap;\" ><div class=\"fusion-builder-row fusion-row\"><div class=\"fusion-layout-column fusion_builder_column fusion-builder-column-0 fusion_builder_column_1_1 1_1 fusion-one-full fusion-column-first fusion-column-last fusion-column-no-min-height\" style=\"--awb-bg-size:cover;--awb-margin-top:0px;--awb-margin-bottom:0px;\"><div class=\"fusion-column-wrapper fusion-flex-column-wrapper-legacy\"><div class=\"fusion-text fusion-text-1\"><h1>L\u2019automatisation des processus de travail<\/h1>\n<\/div><div class=\"fusion-text fusion-text-2\"><p><img decoding=\"async\" class=\"lazyload wp-image-37515 size-full alignleft\" src=\"https:\/\/rjrinnovations.com\/wp-content\/uploads\/2020\/08\/pexels-energepiccom-313691.jpg\" data-orig-src=\"https:\/\/rjrinnovations.com\/wp-content\/uploads\/2020\/08\/pexels-energepiccom-313691.jpg\" alt=\"\" width=\"300\" height=\"225\" srcset=\"data:image\/svg+xml,%3Csvg%20xmlns%3D%27http%3A%2F%2Fwww.w3.org%2F2000%2Fsvg%27%20width%3D%27300%27%20height%3D%27225%27%20viewBox%3D%270%200%20300%20225%27%3E%3Crect%20width%3D%27300%27%20height%3D%27225%27%20fill-opacity%3D%220%22%2F%3E%3C%2Fsvg%3E\" data-srcset=\"https:\/\/www.rjrinnovations.com\/wp-content\/uploads\/2020\/08\/pexels-energepiccom-313691-150x113.jpg 150w, https:\/\/www.rjrinnovations.com\/wp-content\/uploads\/2020\/08\/pexels-energepiccom-313691-200x150.jpg 200w, https:\/\/www.rjrinnovations.com\/wp-content\/uploads\/2020\/08\/pexels-energepiccom-313691.jpg 300w\" data-sizes=\"auto\" data-orig-sizes=\"(max-width: 300px) 100vw, 300px\" \/><\/p>\n<p>Quelle organisation TI ne voudrait pas r\u00e9duire leurs co\u00fbts d&#8217;exploitation, am\u00e9liorer la fiabilit\u00e9 de leur syst\u00e8me informatique ainsi que la rapidit\u00e9 de leurs d\u00e9ploiements de flux de travail? Aucun! L&#8217;automatisation des processus de travail permet une plus grande disponibilit\u00e9 des syst\u00e8mes avec des d\u00e9ploiements plus rapides et tout ceci \u00e0 moindres co\u00fbts.<\/p>\n<p>Les plans de croissance de l&#8217;organisation ajoutent souvent de la pression \u00e0 leurs \u00e9quipes TI de fournir de nouveaux services plus rapidement et d&#8217;obtenir des syst\u00e8mes d&#8217;ex\u00e9cution plus fiables avec peu de consid\u00e9ration des interd\u00e9pendances des syst\u00e8mes et des ressources limit\u00e9es de l\u2019\u00e9quipe.<\/p>\n<p>Pour r\u00e9ussir, les \u00e9quipes TI doivent int\u00e9grer une solution d&#8217;automatisation de charges de travail qui permet des avantages cl\u00e9s telles qu\u2019une diminution de 80% du temps de d\u00e9ploiement des processus de travail, et qu\u2019un 50% d&#8217;\u00e9conomie en temps d&#8217;administration puisque l\u2019automatisation de d\u00e9ploiement des clients\/agents passe de quelques mois \u00e0 quelques jours \u2013 le tout possible, simplement en automatisant la planification des t\u00e2ches et le d\u00e9ploiement d&#8217;applications.<\/p>\n<\/div><div class=\"fusion-text fusion-text-3\"><h3>Produit connexes:<\/h3>\n<p>\u2022 \u00a0 \u00a0\u00a0<a href=\"http:\/\/www.rjrinnovations.com\/fr\/produits\/bmc\/#ControlM\">BMC Control-M<\/a><\/p>\n<\/div><div class=\"fusion-clearfix\"><\/div><\/div><\/div><div class=\"fusion-layout-column fusion_builder_column fusion-builder-column-1 fusion_builder_column_1_1 1_1 fusion-one-full fusion-column-first fusion-column-last fusion-column-no-min-height\" style=\"--awb-bg-size:cover;--awb-margin-top:0px;--awb-margin-bottom:0px;\"><div class=\"fusion-column-wrapper fusion-flex-column-wrapper-legacy\"><div class=\"accordian fusion-accordian\" style=\"--awb-border-size:1px;--awb-icon-size:13px;--awb-content-font-size:16px;--awb-icon-alignment:left;--awb-hover-color:#f9f9f9;--awb-border-color:#cccccc;--awb-background-color:#ffffff;--awb-divider-color:#e3e3e3;--awb-divider-hover-color:#e3e3e3;--awb-icon-color:#ffffff;--awb-title-color:#ff8800;--awb-content-color:#4c4c4c;--awb-icon-box-color:#fdbc16;--awb-toggle-hover-accent-color:#0a162f;--awb-title-font-family:&quot;Open Sans&quot;;--awb-title-font-weight:600;--awb-title-font-style:normal;--awb-title-font-size:17px;--awb-content-font-family:&quot;Open Sans&quot;;--awb-content-font-style:normal;--awb-content-font-weight:400;\"><div class=\"panel-group fusion-toggle-icon-boxed\" id=\"accordion-17375-1\"><div class=\"fusion-panel panel-default panel-375da00a16b23c8ae fusion-toggle-has-divider\"><div class=\"panel-heading\"><h4 class=\"panel-title toggle\" id=\"toggle_375da00a16b23c8ae\"><a aria-expanded=\"false\" aria-controls=\"375da00a16b23c8ae\" role=\"button\" data-toggle=\"collapse\" data-parent=\"#accordion-17375-1\" data-target=\"#375da00a16b23c8ae\" href=\"#375da00a16b23c8ae\"><span class=\"fusion-toggle-icon-wrapper\" aria-hidden=\"true\"><i class=\"fa-fusion-box active-icon awb-icon-minus\" aria-hidden=\"true\"><\/i><i class=\"fa-fusion-box inactive-icon awb-icon-plus\" aria-hidden=\"true\"><\/i><\/span><span class=\"fusion-toggle-heading\">Pour en savoir plus<\/span><\/a><\/h4><\/div><div id=\"375da00a16b23c8ae\" class=\"panel-collapse collapse \" aria-labelledby=\"toggle_375da00a16b23c8ae\"><div class=\"panel-body toggle-content fusion-clearfix\">Avec plus de 1\/3 des organisations ayant en moyenne pr\u00e8s de 5000 travaux pr\u00e9vus quotidiennement, la prestation de service livr\u00e9e \u00e0 temps est critique. Mais cela est maintenant. Pr\u00e8s de la moiti\u00e9 des organisations verront une augmentation de 20% dans leur capacit\u00e9 de croissance &#8211; que ce soit par le d\u00e9ploiement de nouvelles applications, la croissance pr\u00e9vue des affaires, l\u2019initiative visant \u00e0 accro\u00eetre l&#8217;automatisation et\/ou le d\u00e9ploiement de nouvelles applications informatiques. Afin d\u2019\u00eatre en mesure de continuer \u00e0 respecter leurs accords de niveaux de service et \u00e0 \u00e9viter les infractions et amendes, les organisations ont besoin d\u2019int\u00e9grer leurs applications critiques avec une solution d&#8217;automatisation de charges de travail. L\u2019automatisation ne s&#8217;arr\u00eate pas l\u00e0. Mettre en service l\u2019automatisation des changements de travail et celle des outils \u00ab\u00a0DevOps\u00a0\u00bb (outils qui g\u00e8rent les processus de d\u00e9veloppement \u00e0 production), permettent une \u00e9mission rapide au sein des serveurs d&#8217;applications, des automatisations de configuration, du PaaS et des conteneurs d\u2019application. *<\/p>\n<p>Maintenant, avec la mise en \u0153uvre des projets m\u00e9gadonn\u00e9es (Big Data) qui arrivent \u00e0 grand pas, la capacit\u00e9 de charges de travail ne fera que s&#8217;accro\u00eetre. Avec plus de 30% des organisations souhaitant avoir des analyses de donn\u00e9es plus pr\u00e9cises, beaucoup ont int\u00e9gr\u00e9 le portail centralis\u00e9 de Control-M avec Hadoop (le logiciel \u00e0 cadre ouvert le plus populaire pour travailler avec les m\u00e9gadonn\u00e9es) pour g\u00e9rer et planifier leurs charges de travail s\u00e9quentielles.<\/p>\n<p>L\u2019automatisation du d\u00e9ploiement, de la planification et de la gestion des flux de travail, est l&#8217;avenir. Gr\u00e2ce \u00e0 la solution d&#8217;automatisation Control-M, RJR Innovations vous offre une solution unique et multi-plateforme qui fait en sorte que votre organisation d\u00e9veloppe et surveille ses flux de travail via une interface graphique centralis\u00e9e pour tous les travaux d\u2019entreprise.<\/p>\n<p><a href=\"http:\/\/documents.bmc.com\/products\/documents\/84\/06\/468406\/468406.pdf\"><strong>Vous voulez en savoir plus?<\/strong><\/a><\/p>\n<\/div><\/div><\/div><\/div><\/div><div class=\"fusion-clearfix\"><\/div><\/div><\/div><\/div><\/div>\n","protected":false},"excerpt":{"rendered":"","protected":false},"author":26,"featured_media":0,"parent":10192,"menu_order":0,"comment_status":"closed","ping_status":"closed","template":"","meta":{"footnotes":""},"class_list":["post-17375","page","type-page","status-publish","hentry"],"yoast_head":"<!-- This site is optimized with the Yoast SEO plugin v27.3 - https:\/\/yoast.com\/product\/yoast-seo-wordpress\/ -->\n<title>Workload Automation with Control-M RJR Innovations<\/title>\n<meta name=\"description\" content=\"Which IT organization does not want reduced operating costs, improved IT system reliability and faster workflow deployments utilizing workload automation?\" \/>\n<meta name=\"robots\" content=\"index, follow, max-snippet:-1, max-image-preview:large, max-video-preview:-1\" \/>\n<link rel=\"canonical\" href=\"https:\/\/www.rjrinnovations.com\/fr\/solutions\/workload-automation\/\" \/>\n<meta property=\"og:locale\" content=\"fr_FR\" \/>\n<meta property=\"og:type\" content=\"article\" \/>\n<meta property=\"og:title\" content=\"Workload Automation with Control-M RJR Innovations\" \/>\n<meta property=\"og:description\" content=\"Which IT organization does not want reduced operating costs, improved IT system reliability and faster workflow deployments utilizing workload automation?\" \/>\n<meta property=\"og:url\" content=\"https:\/\/www.rjrinnovations.com\/fr\/solutions\/workload-automation\/\" \/>\n<meta property=\"og:site_name\" content=\"RJR Innovations\" \/>\n<meta property=\"article:publisher\" content=\"https:\/\/www.facebook.com\/RJR-Innovations-107107129324171\/\" \/>\n<meta property=\"article:modified_time\" content=\"2020-08-07T12:43:41+00:00\" \/>\n<meta property=\"og:image\" content=\"https:\/\/www.rjrinnovations.com\/wp-content\/uploads\/2020\/08\/pexels-energepiccom-313691.jpg\" \/>\n\t<meta property=\"og:image:width\" content=\"300\" \/>\n\t<meta property=\"og:image:height\" content=\"225\" \/>\n\t<meta property=\"og:image:type\" content=\"image\/jpeg\" \/>\n<meta name=\"twitter:card\" content=\"summary_large_image\" \/>\n<meta name=\"twitter:site\" content=\"@RJRInnovations\" \/>\n<script type=\"application\/ld+json\" class=\"yoast-schema-graph\">{\"@context\":\"https:\\\/\\\/schema.org\",\"@graph\":[{\"@type\":\"WebPage\",\"@id\":\"https:\\\/\\\/www.rjrinnovations.com\\\/fr\\\/solutions\\\/workload-automation\\\/\",\"url\":\"https:\\\/\\\/www.rjrinnovations.com\\\/fr\\\/solutions\\\/workload-automation\\\/\",\"name\":\"Workload Automation with Control-M RJR Innovations\",\"isPartOf\":{\"@id\":\"https:\\\/\\\/www.rjrinnovations.com\\\/#website\"},\"primaryImageOfPage\":{\"@id\":\"https:\\\/\\\/www.rjrinnovations.com\\\/fr\\\/solutions\\\/workload-automation\\\/#primaryimage\"},\"image\":{\"@id\":\"https:\\\/\\\/www.rjrinnovations.com\\\/fr\\\/solutions\\\/workload-automation\\\/#primaryimage\"},\"thumbnailUrl\":\"https:\\\/\\\/rjrinnovations.com\\\/wp-content\\\/uploads\\\/2020\\\/08\\\/pexels-energepiccom-313691.jpg\",\"datePublished\":\"2016-04-14T14:43:50+00:00\",\"dateModified\":\"2020-08-07T12:43:41+00:00\",\"description\":\"Which IT organization does not want reduced operating costs, improved IT system reliability and faster workflow deployments utilizing workload automation?\",\"breadcrumb\":{\"@id\":\"https:\\\/\\\/www.rjrinnovations.com\\\/fr\\\/solutions\\\/workload-automation\\\/#breadcrumb\"},\"inLanguage\":\"fr-FR\",\"potentialAction\":[{\"@type\":\"ReadAction\",\"target\":[\"https:\\\/\\\/www.rjrinnovations.com\\\/fr\\\/solutions\\\/workload-automation\\\/\"]}]},{\"@type\":\"ImageObject\",\"inLanguage\":\"fr-FR\",\"@id\":\"https:\\\/\\\/www.rjrinnovations.com\\\/fr\\\/solutions\\\/workload-automation\\\/#primaryimage\",\"url\":\"https:\\\/\\\/rjrinnovations.com\\\/wp-content\\\/uploads\\\/2020\\\/08\\\/pexels-energepiccom-313691.jpg\",\"contentUrl\":\"https:\\\/\\\/rjrinnovations.com\\\/wp-content\\\/uploads\\\/2020\\\/08\\\/pexels-energepiccom-313691.jpg\"},{\"@type\":\"BreadcrumbList\",\"@id\":\"https:\\\/\\\/www.rjrinnovations.com\\\/fr\\\/solutions\\\/workload-automation\\\/#breadcrumb\",\"itemListElement\":[{\"@type\":\"ListItem\",\"position\":1,\"name\":\"Home\",\"item\":\"https:\\\/\\\/www.rjrinnovations.com\\\/fr\\\/\"},{\"@type\":\"ListItem\",\"position\":2,\"name\":\"Business Management Solutions\",\"item\":\"https:\\\/\\\/www.rjrinnovations.com\\\/fr\\\/solutions\\\/\"},{\"@type\":\"ListItem\",\"position\":3,\"name\":\"L\u2019automatisation des processus de travail\"}]},{\"@type\":\"WebSite\",\"@id\":\"https:\\\/\\\/www.rjrinnovations.com\\\/#website\",\"url\":\"https:\\\/\\\/www.rjrinnovations.com\\\/\",\"name\":\"RJR Innovations\",\"description\":\"Connect your business... All of IT\",\"publisher\":{\"@id\":\"https:\\\/\\\/www.rjrinnovations.com\\\/#organization\"},\"potentialAction\":[{\"@type\":\"SearchAction\",\"target\":{\"@type\":\"EntryPoint\",\"urlTemplate\":\"https:\\\/\\\/www.rjrinnovations.com\\\/?s={search_term_string}\"},\"query-input\":{\"@type\":\"PropertyValueSpecification\",\"valueRequired\":true,\"valueName\":\"search_term_string\"}}],\"inLanguage\":\"fr-FR\"},{\"@type\":\"Organization\",\"@id\":\"https:\\\/\\\/www.rjrinnovations.com\\\/#organization\",\"name\":\"RJR Innovations\",\"url\":\"https:\\\/\\\/www.rjrinnovations.com\\\/\",\"logo\":{\"@type\":\"ImageObject\",\"inLanguage\":\"fr-FR\",\"@id\":\"https:\\\/\\\/www.rjrinnovations.com\\\/#\\\/schema\\\/logo\\\/image\\\/\",\"url\":\"https:\\\/\\\/www.rjrinnovations.com\\\/wp-content\\\/uploads\\\/2015\\\/07\\\/RJR_Logo_Blue_Text_400x263.png\",\"contentUrl\":\"https:\\\/\\\/www.rjrinnovations.com\\\/wp-content\\\/uploads\\\/2015\\\/07\\\/RJR_Logo_Blue_Text_400x263.png\",\"width\":400,\"height\":237,\"caption\":\"RJR Innovations\"},\"image\":{\"@id\":\"https:\\\/\\\/www.rjrinnovations.com\\\/#\\\/schema\\\/logo\\\/image\\\/\"},\"sameAs\":[\"https:\\\/\\\/www.facebook.com\\\/RJR-Innovations-107107129324171\\\/\",\"https:\\\/\\\/x.com\\\/RJRInnovations\",\"https:\\\/\\\/www.linkedin.com\\\/company\\\/rjr-innovations\",\"https:\\\/\\\/www.youtube.com\\\/user\\\/RJRInnovations\"]}]}<\/script>\n<!-- \/ Yoast SEO plugin. -->","yoast_head_json":{"title":"Workload Automation with Control-M RJR Innovations","description":"Which IT organization does not want reduced operating costs, improved IT system reliability and faster workflow deployments utilizing workload automation?","robots":{"index":"index","follow":"follow","max-snippet":"max-snippet:-1","max-image-preview":"max-image-preview:large","max-video-preview":"max-video-preview:-1"},"canonical":"https:\/\/www.rjrinnovations.com\/fr\/solutions\/workload-automation\/","og_locale":"fr_FR","og_type":"article","og_title":"Workload Automation with Control-M RJR Innovations","og_description":"Which IT organization does not want reduced operating costs, improved IT system reliability and faster workflow deployments utilizing workload automation?","og_url":"https:\/\/www.rjrinnovations.com\/fr\/solutions\/workload-automation\/","og_site_name":"RJR Innovations","article_publisher":"https:\/\/www.facebook.com\/RJR-Innovations-107107129324171\/","article_modified_time":"2020-08-07T12:43:41+00:00","og_image":[{"width":300,"height":225,"url":"https:\/\/www.rjrinnovations.com\/wp-content\/uploads\/2020\/08\/pexels-energepiccom-313691.jpg","type":"image\/jpeg"}],"twitter_card":"summary_large_image","twitter_site":"@RJRInnovations","schema":{"@context":"https:\/\/schema.org","@graph":[{"@type":"WebPage","@id":"https:\/\/www.rjrinnovations.com\/fr\/solutions\/workload-automation\/","url":"https:\/\/www.rjrinnovations.com\/fr\/solutions\/workload-automation\/","name":"Workload Automation with Control-M RJR Innovations","isPartOf":{"@id":"https:\/\/www.rjrinnovations.com\/#website"},"primaryImageOfPage":{"@id":"https:\/\/www.rjrinnovations.com\/fr\/solutions\/workload-automation\/#primaryimage"},"image":{"@id":"https:\/\/www.rjrinnovations.com\/fr\/solutions\/workload-automation\/#primaryimage"},"thumbnailUrl":"https:\/\/rjrinnovations.com\/wp-content\/uploads\/2020\/08\/pexels-energepiccom-313691.jpg","datePublished":"2016-04-14T14:43:50+00:00","dateModified":"2020-08-07T12:43:41+00:00","description":"Which IT organization does not want reduced operating costs, improved IT system reliability and faster workflow deployments utilizing workload automation?","breadcrumb":{"@id":"https:\/\/www.rjrinnovations.com\/fr\/solutions\/workload-automation\/#breadcrumb"},"inLanguage":"fr-FR","potentialAction":[{"@type":"ReadAction","target":["https:\/\/www.rjrinnovations.com\/fr\/solutions\/workload-automation\/"]}]},{"@type":"ImageObject","inLanguage":"fr-FR","@id":"https:\/\/www.rjrinnovations.com\/fr\/solutions\/workload-automation\/#primaryimage","url":"https:\/\/rjrinnovations.com\/wp-content\/uploads\/2020\/08\/pexels-energepiccom-313691.jpg","contentUrl":"https:\/\/rjrinnovations.com\/wp-content\/uploads\/2020\/08\/pexels-energepiccom-313691.jpg"},{"@type":"BreadcrumbList","@id":"https:\/\/www.rjrinnovations.com\/fr\/solutions\/workload-automation\/#breadcrumb","itemListElement":[{"@type":"ListItem","position":1,"name":"Home","item":"https:\/\/www.rjrinnovations.com\/fr\/"},{"@type":"ListItem","position":2,"name":"Business Management Solutions","item":"https:\/\/www.rjrinnovations.com\/fr\/solutions\/"},{"@type":"ListItem","position":3,"name":"L\u2019automatisation des processus de travail"}]},{"@type":"WebSite","@id":"https:\/\/www.rjrinnovations.com\/#website","url":"https:\/\/www.rjrinnovations.com\/","name":"RJR Innovations","description":"Connect your business... All of IT","publisher":{"@id":"https:\/\/www.rjrinnovations.com\/#organization"},"potentialAction":[{"@type":"SearchAction","target":{"@type":"EntryPoint","urlTemplate":"https:\/\/www.rjrinnovations.com\/?s={search_term_string}"},"query-input":{"@type":"PropertyValueSpecification","valueRequired":true,"valueName":"search_term_string"}}],"inLanguage":"fr-FR"},{"@type":"Organization","@id":"https:\/\/www.rjrinnovations.com\/#organization","name":"RJR Innovations","url":"https:\/\/www.rjrinnovations.com\/","logo":{"@type":"ImageObject","inLanguage":"fr-FR","@id":"https:\/\/www.rjrinnovations.com\/#\/schema\/logo\/image\/","url":"https:\/\/www.rjrinnovations.com\/wp-content\/uploads\/2015\/07\/RJR_Logo_Blue_Text_400x263.png","contentUrl":"https:\/\/www.rjrinnovations.com\/wp-content\/uploads\/2015\/07\/RJR_Logo_Blue_Text_400x263.png","width":400,"height":237,"caption":"RJR Innovations"},"image":{"@id":"https:\/\/www.rjrinnovations.com\/#\/schema\/logo\/image\/"},"sameAs":["https:\/\/www.facebook.com\/RJR-Innovations-107107129324171\/","https:\/\/x.com\/RJRInnovations","https:\/\/www.linkedin.com\/company\/rjr-innovations","https:\/\/www.youtube.com\/user\/RJRInnovations"]}]}},"_links":{"self":[{"href":"https:\/\/www.rjrinnovations.com\/fr\/wp-json\/wp\/v2\/pages\/17375","targetHints":{"allow":["GET"]}}],"collection":[{"href":"https:\/\/www.rjrinnovations.com\/fr\/wp-json\/wp\/v2\/pages"}],"about":[{"href":"https:\/\/www.rjrinnovations.com\/fr\/wp-json\/wp\/v2\/types\/page"}],"author":[{"embeddable":true,"href":"https:\/\/www.rjrinnovations.com\/fr\/wp-json\/wp\/v2\/users\/26"}],"replies":[{"embeddable":true,"href":"https:\/\/www.rjrinnovations.com\/fr\/wp-json\/wp\/v2\/comments?post=17375"}],"version-history":[{"count":0,"href":"https:\/\/www.rjrinnovations.com\/fr\/wp-json\/wp\/v2\/pages\/17375\/revisions"}],"up":[{"embeddable":true,"href":"https:\/\/www.rjrinnovations.com\/fr\/wp-json\/wp\/v2\/pages\/10192"}],"wp:attachment":[{"href":"https:\/\/www.rjrinnovations.com\/fr\/wp-json\/wp\/v2\/media?parent=17375"}],"curies":[{"name":"wp","href":"https:\/\/api.w.org\/{rel}","templated":true}]}}