{"id":27462,"date":"2017-04-05T11:58:53","date_gmt":"2017-04-05T15:58:53","guid":{"rendered":"https:\/\/rjrinnovations.com\/fr\/produits\/bmc\/bmc-control-m-workload-automation\/"},"modified":"2020-08-06T10:39:37","modified_gmt":"2020-08-06T14:39:37","slug":"bmc-control-m-workload-automation","status":"publish","type":"page","link":"https:\/\/www.rjrinnovations.com\/fr\/produits\/bmc\/bmc-control-m-workload-automation\/","title":{"rendered":"WLA d&#8217;automatisation de charge de travail BMC Control-M"},"content":{"rendered":"<div class=\"fusion-fullwidth fullwidth-box fusion-builder-row-1 nonhundred-percent-fullwidth non-hundred-percent-height-scrolling\" style=\"--awb-border-radius-top-left:0px;--awb-border-radius-top-right:0px;--awb-border-radius-bottom-right:0px;--awb-border-radius-bottom-left:0px;--awb-flex-wrap:wrap;\" ><div class=\"fusion-builder-row fusion-row\"><div class=\"fusion-layout-column fusion_builder_column fusion-builder-column-0 fusion_builder_column_1_1 1_1 fusion-one-full fusion-column-first fusion-column-last\" style=\"--awb-bg-size:cover;\"><div class=\"fusion-column-wrapper fusion-flex-column-wrapper-legacy\"><div class=\"fusion-title title fusion-title-1 fusion-sep-none fusion-title-text fusion-title-size-one\"><h1 class=\"fusion-title-heading title-heading-left\" style=\"margin:0;\">WLA d&#8217;automatisation de charge de travail BMC Control-M<\/h1><\/div><div class=\"fusion-text fusion-text-1\"><h2>Vue d&#8217;ensemble<\/h2>\n<p>Automatisation de la charge de travail BMC Control-M Workload WLA est une solution offrant une automatisation in\u00e9gal\u00e9e du flux de travail des applications, r\u00e9duisant les co\u00fbts d&#8217;exploitation et augmentant la vitesse de d\u00e9ploiement des applications. Il offre une valeur ajout\u00e9e \u00e0 l&#8217;entreprise avec une disponibilit\u00e9 \u00e9lev\u00e9e, des analyses am\u00e9lior\u00e9es et un d\u00e9ploiement d&#8217;applications plus rapide gr\u00e2ce \u00e0 la promotion automatis\u00e9e des travaux, du d\u00e9veloppement au test, en passant par la production, pour une innovation informatique bimodale optimale.<\/p>\n<\/div><div class=\"fusion-clearfix\"><\/div><\/div><\/div><div class=\"fusion-layout-column fusion_builder_column fusion-builder-column-1 fusion_builder_column_1_3 1_3 fusion-one-third fusion-column-first\" style=\"--awb-bg-size:cover;width:33.333333333333%;width:calc(33.333333333333% - ( ( 4% + 4% ) * 0.33333333333333 ) );margin-right: 4%;\"><div class=\"fusion-column-wrapper fusion-flex-column-wrapper-legacy\"><div class=\"fusion-text fusion-text-2\"><p><img decoding=\"async\" class=\"lazyload aligncenter wp-image-37443 size-full\" src=\"https:\/\/rjrinnovations.com\/wp-content\/uploads\/2020\/08\/Artboard-1Tools.png\" data-orig-src=\"https:\/\/rjrinnovations.com\/wp-content\/uploads\/2020\/08\/Artboard-1Tools.png\" alt=\"\" width=\"100\" height=\"100\" srcset=\"data:image\/svg+xml,%3Csvg%20xmlns%3D%27http%3A%2F%2Fwww.w3.org%2F2000%2Fsvg%27%20width%3D%27100%27%20height%3D%27100%27%20viewBox%3D%270%200%20100%20100%27%3E%3Crect%20width%3D%27100%27%20height%3D%27100%27%20fill-opacity%3D%220%22%2F%3E%3C%2Fsvg%3E\" data-srcset=\"https:\/\/www.rjrinnovations.com\/wp-content\/uploads\/2020\/08\/Artboard-1Tools-66x66.png 66w, https:\/\/www.rjrinnovations.com\/wp-content\/uploads\/2020\/08\/Artboard-1Tools-e1619443513188.png 100w\" data-sizes=\"auto\" data-orig-sizes=\"(max-width: 100px) 100vw, 100px\" \/><\/p>\n<h3 style=\"text-align: center;\">D\u00e9fi commercial<\/h3>\n<p style=\"text-align: center;\">Les organisations informatiques sont de plus en plus press\u00e9es de fournir de nouveaux services plus rapidement et de rendre les syst\u00e8mes plus fiables. Dans l&#8217;intervalle, il est de plus en plus difficile de r\u00e9pondre \u00e0 ces besoins en raison des nombreuses interd\u00e9pendances entre les syst\u00e8mes et de leurs exigences en mati\u00e8re de ressources limit\u00e9es. Pour faire face aux demandes, les \u00e9quipes informatiques doivent automatiser le plus possible le travail de support et de d\u00e9veloppement.<\/p>\n<\/div><div class=\"fusion-clearfix\"><\/div><\/div><\/div><div class=\"fusion-layout-column fusion_builder_column fusion-builder-column-2 fusion_builder_column_1_3 1_3 fusion-one-third\" style=\"--awb-bg-size:cover;width:33.333333333333%;width:calc(33.333333333333% - ( ( 4% + 4% ) * 0.33333333333333 ) );margin-right: 4%;\"><div class=\"fusion-column-wrapper fusion-flex-column-wrapper-legacy\"><div class=\"fusion-text fusion-text-3\"><p><img decoding=\"async\" class=\"lazyload aligncenter wp-image-37448 size-full\" src=\"https:\/\/rjrinnovations.com\/wp-content\/uploads\/2020\/08\/Artboard-1Sofa.png\" data-orig-src=\"https:\/\/rjrinnovations.com\/wp-content\/uploads\/2020\/08\/Artboard-1Sofa.png\" alt=\"\" width=\"100\" height=\"100\" srcset=\"data:image\/svg+xml,%3Csvg%20xmlns%3D%27http%3A%2F%2Fwww.w3.org%2F2000%2Fsvg%27%20width%3D%27100%27%20height%3D%27100%27%20viewBox%3D%270%200%20100%20100%27%3E%3Crect%20width%3D%27100%27%20height%3D%27100%27%20fill-opacity%3D%220%22%2F%3E%3C%2Fsvg%3E\" data-srcset=\"https:\/\/www.rjrinnovations.com\/wp-content\/uploads\/2020\/08\/Artboard-1Sofa-66x66.png 66w, https:\/\/www.rjrinnovations.com\/wp-content\/uploads\/2020\/08\/Artboard-1Sofa.png 100w\" data-sizes=\"auto\" data-orig-sizes=\"(max-width: 100px) 100vw, 100px\" \/><\/p>\n<h3 style=\"text-align: center;\">Solution BMC<\/h3>\n<p style=\"text-align: center;\">WLA, la prochaine g\u00e9n\u00e9ration de solutions d&#8217;automatisation de la charge de travail de pointe de BMC, continue d&#8217;am\u00e9liorer les performances et la convivialit\u00e9 des services de flux de travaux et de r\u00e9duire l&#8217;efficacit\u00e9 op\u00e9rationnelle gr\u00e2ce \u00e0 de nouvelles fonctionnalit\u00e9s telles que la haute disponibilit\u00e9 r\u00e9duisant les risques, l&#8217;analyse pr\u00e9dictive imm\u00e9diate, les agents automatis\u00e9s et les clients. d\u00e9ploiement pour des mises \u00e0 niveau et une maintenance plus rapides, et une capacit\u00e9 de calendrier global qui fait gagner du temps<\/p>\n<\/div><div class=\"fusion-clearfix\"><\/div><\/div><\/div><div class=\"fusion-layout-column fusion_builder_column fusion-builder-column-3 fusion_builder_column_1_3 1_3 fusion-one-third fusion-column-last\" style=\"--awb-bg-size:cover;width:33.333333333333%;width:calc(33.333333333333% - ( ( 4% + 4% ) * 0.33333333333333 ) );\"><div class=\"fusion-column-wrapper fusion-flex-column-wrapper-legacy\"><div class=\"fusion-text fusion-text-4\"><p><img decoding=\"async\" class=\"lazyload aligncenter wp-image-37446 size-full\" src=\"https:\/\/rjrinnovations.com\/wp-content\/uploads\/2020\/08\/Artboard-1Database.png\" data-orig-src=\"https:\/\/rjrinnovations.com\/wp-content\/uploads\/2020\/08\/Artboard-1Database.png\" alt=\"\" width=\"100\" height=\"100\" srcset=\"data:image\/svg+xml,%3Csvg%20xmlns%3D%27http%3A%2F%2Fwww.w3.org%2F2000%2Fsvg%27%20width%3D%27100%27%20height%3D%27100%27%20viewBox%3D%270%200%20100%20100%27%3E%3Crect%20width%3D%27100%27%20height%3D%27100%27%20fill-opacity%3D%220%22%2F%3E%3C%2Fsvg%3E\" data-srcset=\"https:\/\/www.rjrinnovations.com\/wp-content\/uploads\/2020\/08\/Artboard-1Database-66x66.png 66w, https:\/\/www.rjrinnovations.com\/wp-content\/uploads\/2020\/08\/Artboard-1Database.png 100w\" data-sizes=\"auto\" data-orig-sizes=\"(max-width: 100px) 100vw, 100px\" \/><\/p>\n<h3 style=\"text-align: center;\">d\u00e9tails du produit<\/h3>\n<p style=\"text-align: center;\">WLA automatise et simplifie la cr\u00e9ation, la planification et la gestion des travaux par lots dans les environnements informatiques. Il facilite la cr\u00e9ation et la surveillance des flux de travail via une interface graphique fournissant un point de contr\u00f4le unique pour tous les travaux par lots de l&#8217;entreprise. WLA pr\u00e9sente une vue commune de toutes les charges de travail de l&#8217;entreprise et fournit une interface graphique unique et coh\u00e9rente permettant d&#8217;automatiser le d\u00e9veloppement, la planification et la gestion des flux de travail.<\/p>\n<\/div><div class=\"fusion-clearfix\"><\/div><\/div><\/div><div class=\"fusion-layout-column fusion_builder_column fusion-builder-column-4 fusion_builder_column_1_1 1_1 fusion-one-full fusion-column-first fusion-column-last\" style=\"--awb-bg-size:cover;\"><div class=\"fusion-column-wrapper fusion-flex-column-wrapper-legacy\"><div class=\"accordian fusion-accordian\" style=\"--awb-border-size:1px;--awb-icon-size:13px;--awb-content-font-size:16px;--awb-icon-alignment:left;--awb-hover-color:#f9f9f9;--awb-border-color:#cccccc;--awb-background-color:#ffffff;--awb-divider-color:#e3e3e3;--awb-divider-hover-color:#e3e3e3;--awb-icon-color:#ffffff;--awb-title-color:#ff8800;--awb-content-color:#4c4c4c;--awb-icon-box-color:#fdbc16;--awb-toggle-hover-accent-color:#0a162f;--awb-title-font-family:&quot;Open Sans&quot;;--awb-title-font-weight:600;--awb-title-font-style:normal;--awb-title-font-size:17px;--awb-content-font-family:&quot;Open Sans&quot;;--awb-content-font-style:normal;--awb-content-font-weight:400;\"><div class=\"panel-group fusion-toggle-icon-boxed\" id=\"accordion-27462-1\"><div class=\"fusion-panel panel-default panel-a31d371f7d09ac703 fusion-toggle-has-divider\"><div class=\"panel-heading\"><h4 class=\"panel-title toggle\" id=\"toggle_a31d371f7d09ac703\"><a aria-expanded=\"false\" aria-controls=\"a31d371f7d09ac703\" role=\"button\" data-toggle=\"collapse\" data-parent=\"#accordion-27462-1\" data-target=\"#a31d371f7d09ac703\" href=\"#a31d371f7d09ac703\"><span class=\"fusion-toggle-icon-wrapper\" aria-hidden=\"true\"><i class=\"fa-fusion-box active-icon awb-icon-minus\" aria-hidden=\"true\"><\/i><i class=\"fa-fusion-box inactive-icon awb-icon-plus\" aria-hidden=\"true\"><\/i><\/span><span class=\"fusion-toggle-heading\">Quoi de neuf?<\/span><\/a><\/h4><\/div><div id=\"a31d371f7d09ac703\" class=\"panel-collapse collapse \" aria-labelledby=\"toggle_a31d371f7d09ac703\"><div class=\"panel-body toggle-content fusion-clearfix\">\n<p><strong>Fonctionnalit\u00e9s de d\u00e9ploiement automatis\u00e9 des clients et des agents:<\/strong><\/p>\n<p>Gr\u00e2ce \u00e0 la fonctionnalit\u00e9 de d\u00e9ploiement automatis\u00e9 des agents et des clients de Control-M, les utilisateurs peuvent r\u00e9duire le temps requis auparavant pour les mises \u00e0 niveau et la maintenance manuelles. En quelques \u00e9tapes simples, les agents et les clients peuvent \u00eatre d\u00e9ploy\u00e9s ou mis \u00e0 jour \u00e0 partir d\u2019un point de contr\u00f4le central. Le d\u00e9ploiement des mises \u00e0 jour d&#8217;agent peut \u00e9galement \u00eatre planifi\u00e9 ult\u00e9rieurement, ce qui augmente la flexibilit\u00e9 et r\u00e9duit les co\u00fbts.<\/p>\n<p><strong>La haute disponibilit\u00e9:<\/strong><\/p>\n<p>WLA High Availability vous permet d&#8217;optimiser la disponibilit\u00e9 de votre environnement de production, d&#8217;\u00e9viter les pertes de donn\u00e9es et d&#8217;assurer la continuit\u00e9 des activit\u00e9s en cas de d\u00e9faillance ou de maintenance du mat\u00e9riel. Il prend en charge les basculements automatiques ou manuels vers un h\u00f4te secondaire \u00e0 partir d&#8217;un seul point de contr\u00f4le.<\/p>\n<p><strong>Promotion du flux de travail d&#8217;application automatis\u00e9:<\/strong><\/p>\n<p>\u00c0 l&#8217;aide de Workload Change Manager, vous pouvez d\u00e9sormais automatiser la promotion du flux de travail des applications entre les environnements de test et de production pour acc\u00e9l\u00e9rer les temps de changement des applications et de d\u00e9ploiement.<\/p>\n<p><strong>Analyse d&#8217;ex\u00e9cution:<\/strong><\/p>\n<p>WLA offre une vision int\u00e9gr\u00e9e pr\u00eate \u00e0 l&#8217;emploi de toutes les t\u00e2ches de votre entreprise, ce qui am\u00e9liore consid\u00e9rablement l&#8217;estimation de la dur\u00e9e d&#8217;ex\u00e9cution avec les analyses de Batch Impact Manager. Et les travaux ne doivent plus \u00eatre d\u00e9finis dans le cadre d&#8217;un service Batch Impact Manager.<\/p>\n<p><strong>Alertes d&#8217;utilisation:<\/strong><\/p>\n<p>Surveillez votre utilisation des t\u00e2ches avec les alertes d&#8217;utilisation. Vous pouvez d\u00e9finir des seuils d&#8217;alerte d&#8217;utilisation des t\u00e2ches sur l&#8217;ensemble de vos environnements WLA et recevoir automatiquement une alerte par e-mail lorsque les seuils sont atteints.<\/p>\n<\/div><\/div><\/div><\/div><\/div><div class=\"fusion-clearfix\"><\/div><\/div><\/div><\/div><\/div>\n","protected":false},"excerpt":{"rendered":"","protected":false},"author":26,"featured_media":0,"parent":13781,"menu_order":0,"comment_status":"closed","ping_status":"closed","template":"100-width.php","meta":{"footnotes":""},"class_list":["post-27462","page","type-page","status-publish","hentry"],"yoast_head":"<!-- This site is optimized with the Yoast SEO plugin v27.3 - https:\/\/yoast.com\/product\/yoast-seo-wordpress\/ -->\n<title>WLA d&#039;automatisation de charge de travail BMC Control-M - RJR Innovations<\/title>\n<meta name=\"description\" content=\"BMC WLA (Control-M) Workload Automation provides application workflow automation, lowering operating costs and increasing application deployment speed.\" \/>\n<meta name=\"robots\" content=\"index, follow, max-snippet:-1, max-image-preview:large, max-video-preview:-1\" \/>\n<link rel=\"canonical\" href=\"https:\/\/www.rjrinnovations.com\/fr\/produits\/bmc\/bmc-control-m-workload-automation\/\" \/>\n<meta property=\"og:locale\" content=\"fr_FR\" \/>\n<meta property=\"og:type\" content=\"article\" \/>\n<meta property=\"og:title\" content=\"WLA d&#039;automatisation de charge de travail BMC Control-M - RJR Innovations\" \/>\n<meta property=\"og:description\" content=\"BMC WLA (Control-M) Workload Automation provides application workflow automation, lowering operating costs and increasing application deployment speed.\" \/>\n<meta property=\"og:url\" content=\"https:\/\/www.rjrinnovations.com\/fr\/produits\/bmc\/bmc-control-m-workload-automation\/\" \/>\n<meta property=\"og:site_name\" content=\"RJR Innovations\" \/>\n<meta property=\"article:publisher\" content=\"https:\/\/www.facebook.com\/RJR-Innovations-107107129324171\/\" \/>\n<meta property=\"article:modified_time\" content=\"2020-08-06T14:39:37+00:00\" \/>\n<meta property=\"og:image\" content=\"https:\/\/www.rjrinnovations.com\/wp-content\/uploads\/2020\/08\/Artboard-1Tools-e1619443513188.png\" \/>\n\t<meta property=\"og:image:width\" content=\"100\" \/>\n\t<meta property=\"og:image:height\" content=\"100\" \/>\n\t<meta property=\"og:image:type\" content=\"image\/png\" \/>\n<meta name=\"twitter:card\" content=\"summary_large_image\" \/>\n<meta name=\"twitter:site\" content=\"@RJRInnovations\" \/>\n<script type=\"application\/ld+json\" class=\"yoast-schema-graph\">{\"@context\":\"https:\\\/\\\/schema.org\",\"@graph\":[{\"@type\":\"WebPage\",\"@id\":\"https:\\\/\\\/www.rjrinnovations.com\\\/fr\\\/produits\\\/bmc\\\/bmc-control-m-workload-automation\\\/\",\"url\":\"https:\\\/\\\/www.rjrinnovations.com\\\/fr\\\/produits\\\/bmc\\\/bmc-control-m-workload-automation\\\/\",\"name\":\"WLA d'automatisation de charge de travail BMC Control-M - RJR Innovations\",\"isPartOf\":{\"@id\":\"https:\\\/\\\/www.rjrinnovations.com\\\/#website\"},\"primaryImageOfPage\":{\"@id\":\"https:\\\/\\\/www.rjrinnovations.com\\\/fr\\\/produits\\\/bmc\\\/bmc-control-m-workload-automation\\\/#primaryimage\"},\"image\":{\"@id\":\"https:\\\/\\\/www.rjrinnovations.com\\\/fr\\\/produits\\\/bmc\\\/bmc-control-m-workload-automation\\\/#primaryimage\"},\"thumbnailUrl\":\"https:\\\/\\\/rjrinnovations.com\\\/wp-content\\\/uploads\\\/2020\\\/08\\\/Artboard-1Tools.png\",\"datePublished\":\"2017-04-05T15:58:53+00:00\",\"dateModified\":\"2020-08-06T14:39:37+00:00\",\"description\":\"BMC WLA (Control-M) Workload Automation provides application workflow automation, lowering operating costs and increasing application deployment speed.\",\"breadcrumb\":{\"@id\":\"https:\\\/\\\/www.rjrinnovations.com\\\/fr\\\/produits\\\/bmc\\\/bmc-control-m-workload-automation\\\/#breadcrumb\"},\"inLanguage\":\"fr-FR\",\"potentialAction\":[{\"@type\":\"ReadAction\",\"target\":[\"https:\\\/\\\/www.rjrinnovations.com\\\/fr\\\/produits\\\/bmc\\\/bmc-control-m-workload-automation\\\/\"]}]},{\"@type\":\"ImageObject\",\"inLanguage\":\"fr-FR\",\"@id\":\"https:\\\/\\\/www.rjrinnovations.com\\\/fr\\\/produits\\\/bmc\\\/bmc-control-m-workload-automation\\\/#primaryimage\",\"url\":\"https:\\\/\\\/rjrinnovations.com\\\/wp-content\\\/uploads\\\/2020\\\/08\\\/Artboard-1Tools.png\",\"contentUrl\":\"https:\\\/\\\/rjrinnovations.com\\\/wp-content\\\/uploads\\\/2020\\\/08\\\/Artboard-1Tools.png\"},{\"@type\":\"BreadcrumbList\",\"@id\":\"https:\\\/\\\/www.rjrinnovations.com\\\/fr\\\/produits\\\/bmc\\\/bmc-control-m-workload-automation\\\/#breadcrumb\",\"itemListElement\":[{\"@type\":\"ListItem\",\"position\":1,\"name\":\"Home\",\"item\":\"https:\\\/\\\/www.rjrinnovations.com\\\/fr\\\/\"},{\"@type\":\"ListItem\",\"position\":2,\"name\":\"Produits\",\"item\":\"https:\\\/\\\/www.rjrinnovations.com\\\/fr\\\/produits\\\/\"},{\"@type\":\"ListItem\",\"position\":3,\"name\":\"BMC\",\"item\":\"https:\\\/\\\/www.rjrinnovations.com\\\/fr\\\/produits\\\/bmc\\\/\"},{\"@type\":\"ListItem\",\"position\":4,\"name\":\"WLA d&#8217;automatisation de charge de travail BMC Control-M\"}]},{\"@type\":\"WebSite\",\"@id\":\"https:\\\/\\\/www.rjrinnovations.com\\\/#website\",\"url\":\"https:\\\/\\\/www.rjrinnovations.com\\\/\",\"name\":\"RJR Innovations\",\"description\":\"Connect your business... All of IT\",\"publisher\":{\"@id\":\"https:\\\/\\\/www.rjrinnovations.com\\\/#organization\"},\"potentialAction\":[{\"@type\":\"SearchAction\",\"target\":{\"@type\":\"EntryPoint\",\"urlTemplate\":\"https:\\\/\\\/www.rjrinnovations.com\\\/?s={search_term_string}\"},\"query-input\":{\"@type\":\"PropertyValueSpecification\",\"valueRequired\":true,\"valueName\":\"search_term_string\"}}],\"inLanguage\":\"fr-FR\"},{\"@type\":\"Organization\",\"@id\":\"https:\\\/\\\/www.rjrinnovations.com\\\/#organization\",\"name\":\"RJR Innovations\",\"url\":\"https:\\\/\\\/www.rjrinnovations.com\\\/\",\"logo\":{\"@type\":\"ImageObject\",\"inLanguage\":\"fr-FR\",\"@id\":\"https:\\\/\\\/www.rjrinnovations.com\\\/#\\\/schema\\\/logo\\\/image\\\/\",\"url\":\"https:\\\/\\\/www.rjrinnovations.com\\\/wp-content\\\/uploads\\\/2015\\\/07\\\/RJR_Logo_Blue_Text_400x263.png\",\"contentUrl\":\"https:\\\/\\\/www.rjrinnovations.com\\\/wp-content\\\/uploads\\\/2015\\\/07\\\/RJR_Logo_Blue_Text_400x263.png\",\"width\":400,\"height\":237,\"caption\":\"RJR Innovations\"},\"image\":{\"@id\":\"https:\\\/\\\/www.rjrinnovations.com\\\/#\\\/schema\\\/logo\\\/image\\\/\"},\"sameAs\":[\"https:\\\/\\\/www.facebook.com\\\/RJR-Innovations-107107129324171\\\/\",\"https:\\\/\\\/x.com\\\/RJRInnovations\",\"https:\\\/\\\/www.linkedin.com\\\/company\\\/rjr-innovations\",\"https:\\\/\\\/www.youtube.com\\\/user\\\/RJRInnovations\"]}]}<\/script>\n<!-- \/ Yoast SEO plugin. -->","yoast_head_json":{"title":"WLA d'automatisation de charge de travail BMC Control-M - RJR Innovations","description":"BMC WLA (Control-M) Workload Automation provides application workflow automation, lowering operating costs and increasing application deployment speed.","robots":{"index":"index","follow":"follow","max-snippet":"max-snippet:-1","max-image-preview":"max-image-preview:large","max-video-preview":"max-video-preview:-1"},"canonical":"https:\/\/www.rjrinnovations.com\/fr\/produits\/bmc\/bmc-control-m-workload-automation\/","og_locale":"fr_FR","og_type":"article","og_title":"WLA d'automatisation de charge de travail BMC Control-M - RJR Innovations","og_description":"BMC WLA (Control-M) Workload Automation provides application workflow automation, lowering operating costs and increasing application deployment speed.","og_url":"https:\/\/www.rjrinnovations.com\/fr\/produits\/bmc\/bmc-control-m-workload-automation\/","og_site_name":"RJR Innovations","article_publisher":"https:\/\/www.facebook.com\/RJR-Innovations-107107129324171\/","article_modified_time":"2020-08-06T14:39:37+00:00","og_image":[{"width":100,"height":100,"url":"https:\/\/www.rjrinnovations.com\/wp-content\/uploads\/2020\/08\/Artboard-1Tools-e1619443513188.png","type":"image\/png"}],"twitter_card":"summary_large_image","twitter_site":"@RJRInnovations","schema":{"@context":"https:\/\/schema.org","@graph":[{"@type":"WebPage","@id":"https:\/\/www.rjrinnovations.com\/fr\/produits\/bmc\/bmc-control-m-workload-automation\/","url":"https:\/\/www.rjrinnovations.com\/fr\/produits\/bmc\/bmc-control-m-workload-automation\/","name":"WLA d'automatisation de charge de travail BMC Control-M - RJR Innovations","isPartOf":{"@id":"https:\/\/www.rjrinnovations.com\/#website"},"primaryImageOfPage":{"@id":"https:\/\/www.rjrinnovations.com\/fr\/produits\/bmc\/bmc-control-m-workload-automation\/#primaryimage"},"image":{"@id":"https:\/\/www.rjrinnovations.com\/fr\/produits\/bmc\/bmc-control-m-workload-automation\/#primaryimage"},"thumbnailUrl":"https:\/\/rjrinnovations.com\/wp-content\/uploads\/2020\/08\/Artboard-1Tools.png","datePublished":"2017-04-05T15:58:53+00:00","dateModified":"2020-08-06T14:39:37+00:00","description":"BMC WLA (Control-M) Workload Automation provides application workflow automation, lowering operating costs and increasing application deployment speed.","breadcrumb":{"@id":"https:\/\/www.rjrinnovations.com\/fr\/produits\/bmc\/bmc-control-m-workload-automation\/#breadcrumb"},"inLanguage":"fr-FR","potentialAction":[{"@type":"ReadAction","target":["https:\/\/www.rjrinnovations.com\/fr\/produits\/bmc\/bmc-control-m-workload-automation\/"]}]},{"@type":"ImageObject","inLanguage":"fr-FR","@id":"https:\/\/www.rjrinnovations.com\/fr\/produits\/bmc\/bmc-control-m-workload-automation\/#primaryimage","url":"https:\/\/rjrinnovations.com\/wp-content\/uploads\/2020\/08\/Artboard-1Tools.png","contentUrl":"https:\/\/rjrinnovations.com\/wp-content\/uploads\/2020\/08\/Artboard-1Tools.png"},{"@type":"BreadcrumbList","@id":"https:\/\/www.rjrinnovations.com\/fr\/produits\/bmc\/bmc-control-m-workload-automation\/#breadcrumb","itemListElement":[{"@type":"ListItem","position":1,"name":"Home","item":"https:\/\/www.rjrinnovations.com\/fr\/"},{"@type":"ListItem","position":2,"name":"Produits","item":"https:\/\/www.rjrinnovations.com\/fr\/produits\/"},{"@type":"ListItem","position":3,"name":"BMC","item":"https:\/\/www.rjrinnovations.com\/fr\/produits\/bmc\/"},{"@type":"ListItem","position":4,"name":"WLA d&#8217;automatisation de charge de travail BMC Control-M"}]},{"@type":"WebSite","@id":"https:\/\/www.rjrinnovations.com\/#website","url":"https:\/\/www.rjrinnovations.com\/","name":"RJR Innovations","description":"Connect your business... All of IT","publisher":{"@id":"https:\/\/www.rjrinnovations.com\/#organization"},"potentialAction":[{"@type":"SearchAction","target":{"@type":"EntryPoint","urlTemplate":"https:\/\/www.rjrinnovations.com\/?s={search_term_string}"},"query-input":{"@type":"PropertyValueSpecification","valueRequired":true,"valueName":"search_term_string"}}],"inLanguage":"fr-FR"},{"@type":"Organization","@id":"https:\/\/www.rjrinnovations.com\/#organization","name":"RJR Innovations","url":"https:\/\/www.rjrinnovations.com\/","logo":{"@type":"ImageObject","inLanguage":"fr-FR","@id":"https:\/\/www.rjrinnovations.com\/#\/schema\/logo\/image\/","url":"https:\/\/www.rjrinnovations.com\/wp-content\/uploads\/2015\/07\/RJR_Logo_Blue_Text_400x263.png","contentUrl":"https:\/\/www.rjrinnovations.com\/wp-content\/uploads\/2015\/07\/RJR_Logo_Blue_Text_400x263.png","width":400,"height":237,"caption":"RJR Innovations"},"image":{"@id":"https:\/\/www.rjrinnovations.com\/#\/schema\/logo\/image\/"},"sameAs":["https:\/\/www.facebook.com\/RJR-Innovations-107107129324171\/","https:\/\/x.com\/RJRInnovations","https:\/\/www.linkedin.com\/company\/rjr-innovations","https:\/\/www.youtube.com\/user\/RJRInnovations"]}]}},"_links":{"self":[{"href":"https:\/\/www.rjrinnovations.com\/fr\/wp-json\/wp\/v2\/pages\/27462","targetHints":{"allow":["GET"]}}],"collection":[{"href":"https:\/\/www.rjrinnovations.com\/fr\/wp-json\/wp\/v2\/pages"}],"about":[{"href":"https:\/\/www.rjrinnovations.com\/fr\/wp-json\/wp\/v2\/types\/page"}],"author":[{"embeddable":true,"href":"https:\/\/www.rjrinnovations.com\/fr\/wp-json\/wp\/v2\/users\/26"}],"replies":[{"embeddable":true,"href":"https:\/\/www.rjrinnovations.com\/fr\/wp-json\/wp\/v2\/comments?post=27462"}],"version-history":[{"count":0,"href":"https:\/\/www.rjrinnovations.com\/fr\/wp-json\/wp\/v2\/pages\/27462\/revisions"}],"up":[{"embeddable":true,"href":"https:\/\/www.rjrinnovations.com\/fr\/wp-json\/wp\/v2\/pages\/13781"}],"wp:attachment":[{"href":"https:\/\/www.rjrinnovations.com\/fr\/wp-json\/wp\/v2\/media?parent=27462"}],"curies":[{"name":"wp","href":"https:\/\/api.w.org\/{rel}","templated":true}]}}