{"id":27479,"date":"2017-04-10T13:02:34","date_gmt":"2017-04-10T17:02:34","guid":{"rendered":"https:\/\/rjrinnovations.com\/fr\/produits\/bmc\/bmc-myit\/"},"modified":"2020-08-06T10:48:51","modified_gmt":"2020-08-06T14:48:51","slug":"bmc-myit","status":"publish","type":"page","link":"https:\/\/www.rjrinnovations.com\/fr\/produits\/bmc\/bmc-myit\/","title":{"rendered":"BMC MyIT"},"content":{"rendered":"<div class=\"fusion-fullwidth fullwidth-box fusion-builder-row-1 nonhundred-percent-fullwidth non-hundred-percent-height-scrolling\" style=\"--awb-border-radius-top-left:0px;--awb-border-radius-top-right:0px;--awb-border-radius-bottom-right:0px;--awb-border-radius-bottom-left:0px;--awb-flex-wrap:wrap;\" ><div class=\"fusion-builder-row fusion-row\"><div class=\"fusion-layout-column fusion_builder_column fusion-builder-column-0 fusion_builder_column_1_1 1_1 fusion-one-full fusion-column-first fusion-column-last\" style=\"--awb-bg-size:cover;\"><div class=\"fusion-column-wrapper fusion-flex-column-wrapper-legacy\"><div class=\"fusion-title title fusion-title-1 fusion-sep-none fusion-title-text fusion-title-size-one\"><h1 class=\"fusion-title-heading title-heading-left\" style=\"margin:0;\">BMC Digital Workplace<\/h1><\/div><div class=\"fusion-text fusion-text-1\"><h2 class=\"fusion-responsive-typography-calculated\" style=\"--fontsize: 26; line-height: 1.23;\" data-fontsize=\"26\" data-lineheight=\"31.98px\">Vue d&#8217;ensemble<\/h2>\n<p>BMC Digital Workplace est une application moderne en libre-service qui r\u00e9duit les frictions informatiques, r\u00e9duit les co\u00fbts de support et am\u00e9liore la satisfaction des clients. Imaginez la facilit\u00e9 de l&#8217;informatique sans forme, la productivit\u00e9 des services sensibles au contexte et la libert\u00e9 de collaboration sociale, et vous avez Digital Workplace.<\/p>\n<\/div><div class=\"fusion-clearfix\"><\/div><\/div><\/div><div class=\"fusion-layout-column fusion_builder_column fusion-builder-column-1 fusion_builder_column_1_3 1_3 fusion-one-third fusion-column-first\" style=\"--awb-bg-size:cover;width:33.333333333333%;width:calc(33.333333333333% - ( ( 4% + 4% ) * 0.33333333333333 ) );margin-right: 4%;\"><div class=\"fusion-column-wrapper fusion-flex-column-wrapper-legacy\"><div class=\"fusion-text fusion-text-2\"><p><img decoding=\"async\" class=\"lazyload aligncenter wp-image-37455 size-full\" src=\"https:\/\/rjrinnovations.com\/wp-content\/uploads\/2020\/08\/Artboard-1Person.png\" data-orig-src=\"https:\/\/rjrinnovations.com\/wp-content\/uploads\/2020\/08\/Artboard-1Person.png\" alt=\"\" width=\"100\" height=\"100\" srcset=\"data:image\/svg+xml,%3Csvg%20xmlns%3D%27http%3A%2F%2Fwww.w3.org%2F2000%2Fsvg%27%20width%3D%27100%27%20height%3D%27100%27%20viewBox%3D%270%200%20100%20100%27%3E%3Crect%20width%3D%27100%27%20height%3D%27100%27%20fill-opacity%3D%220%22%2F%3E%3C%2Fsvg%3E\" data-srcset=\"https:\/\/www.rjrinnovations.com\/wp-content\/uploads\/2020\/08\/Artboard-1Person-66x66.png 66w, https:\/\/www.rjrinnovations.com\/wp-content\/uploads\/2020\/08\/Artboard-1Person.png 100w\" data-sizes=\"auto\" data-orig-sizes=\"(max-width: 100px) 100vw, 100px\" \/><\/p>\n<h3 class=\"fusion-responsive-typography-calculated\" style=\"text-align: center; --fontsize: 24; line-height: 1.2;\" data-fontsize=\"24\" data-lineheight=\"28.8px\">Solution BMC<\/h3>\n<p style=\"text-align: center;\">BMC Digital Workplace utilise les pr\u00e9f\u00e9rences de lieu, de r\u00f4le et personnelles pour guider vos employ\u00e9s vers les informations et services sp\u00e9cifiques dont ils ont besoin, ici et maintenant. Vous constaterez que les employ\u00e9s deviennent plus productifs car ils peuvent collaborer au lieu de perdre du temps sur des probl\u00e8mes li\u00e9s \u00e0 la technologie.<\/p>\n<\/div><div class=\"fusion-clearfix\"><\/div><\/div><\/div><div class=\"fusion-layout-column fusion_builder_column fusion-builder-column-2 fusion_builder_column_1_3 1_3 fusion-one-third\" style=\"--awb-bg-size:cover;width:33.333333333333%;width:calc(33.333333333333% - ( ( 4% + 4% ) * 0.33333333333333 ) );margin-right: 4%;\"><div class=\"fusion-column-wrapper fusion-flex-column-wrapper-legacy\"><div class=\"fusion-text fusion-text-3\"><p><img decoding=\"async\" class=\"lazyload aligncenter wp-image-37443 size-full\" src=\"https:\/\/rjrinnovations.com\/wp-content\/uploads\/2020\/08\/Artboard-1Tools.png\" data-orig-src=\"https:\/\/rjrinnovations.com\/wp-content\/uploads\/2020\/08\/Artboard-1Tools.png\" alt=\"\" width=\"100\" height=\"100\" srcset=\"data:image\/svg+xml,%3Csvg%20xmlns%3D%27http%3A%2F%2Fwww.w3.org%2F2000%2Fsvg%27%20width%3D%27100%27%20height%3D%27100%27%20viewBox%3D%270%200%20100%20100%27%3E%3Crect%20width%3D%27100%27%20height%3D%27100%27%20fill-opacity%3D%220%22%2F%3E%3C%2Fsvg%3E\" data-srcset=\"https:\/\/www.rjrinnovations.com\/wp-content\/uploads\/2020\/08\/Artboard-1Tools-66x66.png 66w, https:\/\/www.rjrinnovations.com\/wp-content\/uploads\/2020\/08\/Artboard-1Tools-e1619443513188.png 100w\" data-sizes=\"auto\" data-orig-sizes=\"(max-width: 100px) 100vw, 100px\" \/><\/p>\n<h3 style=\"text-align: center;\">D\u00e9fi commercial<\/h3>\n<p style=\"text-align: center;\">Aujourd&#8217;hui, les organisations informatiques sont confront\u00e9es \u00e0 un probl\u00e8me commun: les utilisateurs sont habitu\u00e9s \u00e0 la facilit\u00e9 d&#8217;utilisation de Facebook, \u00e0 la vitesse de Twitter et au service d&#8217;Amazon.com, et ils souhaitent que ces exp\u00e9riences soient les m\u00eames au travail. Si le service informatique ne peut pas livrer, les utilisateurs vont chercher ailleurs, ce qui augmente les risques et rend le centre de services non pertinent.<\/p>\n<\/div><div class=\"fusion-clearfix\"><\/div><\/div><\/div><div class=\"fusion-layout-column fusion_builder_column fusion-builder-column-3 fusion_builder_column_1_3 1_3 fusion-one-third fusion-column-last\" style=\"--awb-bg-size:cover;width:33.333333333333%;width:calc(33.333333333333% - ( ( 4% + 4% ) * 0.33333333333333 ) );\"><div class=\"fusion-column-wrapper fusion-flex-column-wrapper-legacy\"><div class=\"fusion-text fusion-text-4\"><p><img decoding=\"async\" class=\"lazyload aligncenter wp-image-37446 size-full\" src=\"https:\/\/rjrinnovations.com\/wp-content\/uploads\/2020\/08\/Artboard-1Database.png\" data-orig-src=\"https:\/\/rjrinnovations.com\/wp-content\/uploads\/2020\/08\/Artboard-1Database.png\" alt=\"\" width=\"100\" height=\"100\" srcset=\"data:image\/svg+xml,%3Csvg%20xmlns%3D%27http%3A%2F%2Fwww.w3.org%2F2000%2Fsvg%27%20width%3D%27100%27%20height%3D%27100%27%20viewBox%3D%270%200%20100%20100%27%3E%3Crect%20width%3D%27100%27%20height%3D%27100%27%20fill-opacity%3D%220%22%2F%3E%3C%2Fsvg%3E\" data-srcset=\"https:\/\/www.rjrinnovations.com\/wp-content\/uploads\/2020\/08\/Artboard-1Database-66x66.png 66w, https:\/\/www.rjrinnovations.com\/wp-content\/uploads\/2020\/08\/Artboard-1Database.png 100w\" data-sizes=\"auto\" data-orig-sizes=\"(max-width: 100px) 100vw, 100px\" \/><\/p>\n<h3 class=\"fusion-responsive-typography-calculated\" style=\"text-align: center; --fontsize: 24; line-height: 1.2;\" data-fontsize=\"24\" data-lineheight=\"28.8px\">d\u00e9tails du produit<\/h3>\n<p style=\"text-align: center;\">Social IT: lorsque vous ouvrez Digital Workplace, il vous donne un instantan\u00e9 de votre journ\u00e9e et affiche votre flux d&#8217;activit\u00e9s avec les rendez-vous \u00e0 venir, les demandes en attente, les probl\u00e8mes non r\u00e9solus et les alertes des syst\u00e8mes que vous utilisez dans votre travail quotidien.<\/p>\n<\/div><div class=\"fusion-clearfix\"><\/div><\/div><\/div><div class=\"fusion-layout-column fusion_builder_column fusion-builder-column-4 fusion_builder_column_1_1 1_1 fusion-one-full fusion-column-first fusion-column-last\" style=\"--awb-bg-size:cover;\"><div class=\"fusion-column-wrapper fusion-flex-column-wrapper-legacy\"><div class=\"accordian fusion-accordian\" style=\"--awb-border-size:1px;--awb-icon-size:13px;--awb-content-font-size:16px;--awb-icon-alignment:left;--awb-hover-color:#f9f9f9;--awb-border-color:#cccccc;--awb-background-color:#ffffff;--awb-divider-color:#e3e3e3;--awb-divider-hover-color:#e3e3e3;--awb-icon-color:#ffffff;--awb-title-color:#ff8800;--awb-content-color:#4c4c4c;--awb-icon-box-color:#fdbc16;--awb-toggle-hover-accent-color:#0a162f;--awb-title-font-family:&quot;Open Sans&quot;;--awb-title-font-weight:600;--awb-title-font-style:normal;--awb-title-font-size:17px;--awb-content-font-family:&quot;Open Sans&quot;;--awb-content-font-style:normal;--awb-content-font-weight:400;\"><div class=\"panel-group fusion-toggle-icon-boxed\" id=\"accordion-27479-1\"><div class=\"fusion-panel panel-default panel-d4c2867399d889a12 fusion-toggle-has-divider\"><div class=\"panel-heading\"><h4 class=\"panel-title toggle\" id=\"toggle_d4c2867399d889a12\"><a aria-expanded=\"false\" aria-controls=\"d4c2867399d889a12\" role=\"button\" data-toggle=\"collapse\" data-parent=\"#accordion-27479-1\" data-target=\"#d4c2867399d889a12\" href=\"#d4c2867399d889a12\"><span class=\"fusion-toggle-icon-wrapper\" aria-hidden=\"true\"><i class=\"fa-fusion-box active-icon awb-icon-minus\" aria-hidden=\"true\"><\/i><i class=\"fa-fusion-box inactive-icon awb-icon-plus\" aria-hidden=\"true\"><\/i><\/span><span class=\"fusion-toggle-heading\">Principales caract\u00e9ristiques<\/span><\/a><\/h4><\/div><div id=\"d4c2867399d889a12\" class=\"panel-collapse collapse \" aria-labelledby=\"toggle_d4c2867399d889a12\"><div class=\"panel-body toggle-content fusion-clearfix\">\n<ul>\n<li>Interface utilisateur intuitive en un clic &#8211; Des ic\u00f4nes simples fournissent un moyen familier d&#8217;aider les employ\u00e9s \u00e0 obtenir ce dont ils ont besoin pour maximiser la productivit\u00e9<\/li>\n<li>Interface personnalis\u00e9e &#8211; Des param\u00e8tres personnalis\u00e9s faciles \u00e0 configurer facilitent l&#8217;adh\u00e9sion aux exigences de marque<\/li>\n<li>Catalogue de d\u00e9marrage int\u00e9gr\u00e9 &#8211; D\u00e9marrez les services informatiques et d&#8217;installation d\u00e8s la sortie de la bo\u00eete avec des d\u00e9finitions de demande de service (SRD) communes pr\u00e9configur\u00e9es<\/li>\n<li>Partout &#8211; Au-del\u00e0 des applications mobiles Apple iOS et Android, Digital Workplace est \u00e9galement disponible sur les appareils prenant en charge les navigateurs HTML5<\/li>\n<\/ul>\n<\/div><\/div><\/div><div class=\"fusion-panel panel-default panel-516c3202575e41134 fusion-toggle-has-divider\"><div class=\"panel-heading\"><h4 class=\"panel-title toggle\" id=\"toggle_516c3202575e41134\"><a aria-expanded=\"false\" aria-controls=\"516c3202575e41134\" role=\"button\" data-toggle=\"collapse\" data-parent=\"#accordion-27479-1\" data-target=\"#516c3202575e41134\" href=\"#516c3202575e41134\"><span class=\"fusion-toggle-icon-wrapper\" aria-hidden=\"true\"><i class=\"fa-fusion-box active-icon awb-icon-minus\" aria-hidden=\"true\"><\/i><i class=\"fa-fusion-box inactive-icon awb-icon-plus\" aria-hidden=\"true\"><\/i><\/span><span class=\"fusion-toggle-heading\">Avantages cl\u00e9s<\/span><\/a><\/h4><\/div><div id=\"516c3202575e41134\" class=\"panel-collapse collapse \" aria-labelledby=\"toggle_516c3202575e41134\"><div class=\"panel-body toggle-content fusion-clearfix\">\n<ul>\n<li>Diminuez les co\u00fbts de ticket de niveau un de 33% en \u00e9vitant les appels de support de routine<\/li>\n<li>R\u00e9duisez les temps d&#8217;arr\u00eat li\u00e9s \u00e0 l&#8217;informatique de 25% en connectant les utilisateurs professionnels aux services informatiques n&#8217;importe o\u00f9, n&#8217;importe quand, sur n&#8217;importe quel appareil<\/li>\n<li>Lib\u00e9rez du temps et des ressources pour les projets critiques de transformation informatique<\/li>\n<\/ul>\n<\/div><\/div><\/div><\/div><\/div><div class=\"fusion-clearfix\"><\/div><\/div><\/div><\/div><\/div>\n","protected":false},"excerpt":{"rendered":"","protected":false},"author":26,"featured_media":0,"parent":13781,"menu_order":0,"comment_status":"closed","ping_status":"closed","template":"","meta":{"footnotes":""},"class_list":["post-27479","page","type-page","status-publish","hentry"],"yoast_head":"<!-- This site is optimized with the Yoast SEO plugin v27.3 - https:\/\/yoast.com\/product\/yoast-seo-wordpress\/ -->\n<title>BMC MyIT - RJR Innovations<\/title>\n<meta name=\"description\" content=\"MyIT is a key component of BMC\u2019s innovative solutions for the digital workplace. A simple, context-aware interface, it delivers a personalized experience.\" \/>\n<meta name=\"robots\" content=\"index, follow, max-snippet:-1, max-image-preview:large, max-video-preview:-1\" \/>\n<link rel=\"canonical\" href=\"https:\/\/www.rjrinnovations.com\/fr\/produits\/bmc\/bmc-myit\/\" \/>\n<meta property=\"og:locale\" content=\"fr_FR\" \/>\n<meta property=\"og:type\" content=\"article\" \/>\n<meta property=\"og:title\" content=\"BMC MyIT - RJR Innovations\" \/>\n<meta property=\"og:description\" content=\"MyIT is a key component of BMC\u2019s innovative solutions for the digital workplace. A simple, context-aware interface, it delivers a personalized experience.\" \/>\n<meta property=\"og:url\" content=\"https:\/\/www.rjrinnovations.com\/fr\/produits\/bmc\/bmc-myit\/\" \/>\n<meta property=\"og:site_name\" content=\"RJR Innovations\" \/>\n<meta property=\"article:publisher\" content=\"https:\/\/www.facebook.com\/RJR-Innovations-107107129324171\/\" \/>\n<meta property=\"article:modified_time\" content=\"2020-08-06T14:48:51+00:00\" \/>\n<meta property=\"og:image\" content=\"https:\/\/www.rjrinnovations.com\/wp-content\/uploads\/2020\/08\/Artboard-1Person.png\" \/>\n\t<meta property=\"og:image:width\" content=\"100\" \/>\n\t<meta property=\"og:image:height\" content=\"100\" \/>\n\t<meta property=\"og:image:type\" content=\"image\/png\" \/>\n<meta name=\"twitter:card\" content=\"summary_large_image\" \/>\n<meta name=\"twitter:site\" content=\"@RJRInnovations\" \/>\n<script type=\"application\/ld+json\" class=\"yoast-schema-graph\">{\"@context\":\"https:\\\/\\\/schema.org\",\"@graph\":[{\"@type\":\"WebPage\",\"@id\":\"https:\\\/\\\/www.rjrinnovations.com\\\/fr\\\/produits\\\/bmc\\\/bmc-myit\\\/\",\"url\":\"https:\\\/\\\/www.rjrinnovations.com\\\/fr\\\/produits\\\/bmc\\\/bmc-myit\\\/\",\"name\":\"BMC MyIT - RJR Innovations\",\"isPartOf\":{\"@id\":\"https:\\\/\\\/www.rjrinnovations.com\\\/#website\"},\"primaryImageOfPage\":{\"@id\":\"https:\\\/\\\/www.rjrinnovations.com\\\/fr\\\/produits\\\/bmc\\\/bmc-myit\\\/#primaryimage\"},\"image\":{\"@id\":\"https:\\\/\\\/www.rjrinnovations.com\\\/fr\\\/produits\\\/bmc\\\/bmc-myit\\\/#primaryimage\"},\"thumbnailUrl\":\"https:\\\/\\\/rjrinnovations.com\\\/wp-content\\\/uploads\\\/2020\\\/08\\\/Artboard-1Person.png\",\"datePublished\":\"2017-04-10T17:02:34+00:00\",\"dateModified\":\"2020-08-06T14:48:51+00:00\",\"description\":\"MyIT is a key component of BMC\u2019s innovative solutions for the digital workplace. A simple, context-aware interface, it delivers a personalized experience.\",\"breadcrumb\":{\"@id\":\"https:\\\/\\\/www.rjrinnovations.com\\\/fr\\\/produits\\\/bmc\\\/bmc-myit\\\/#breadcrumb\"},\"inLanguage\":\"fr-FR\",\"potentialAction\":[{\"@type\":\"ReadAction\",\"target\":[\"https:\\\/\\\/www.rjrinnovations.com\\\/fr\\\/produits\\\/bmc\\\/bmc-myit\\\/\"]}]},{\"@type\":\"ImageObject\",\"inLanguage\":\"fr-FR\",\"@id\":\"https:\\\/\\\/www.rjrinnovations.com\\\/fr\\\/produits\\\/bmc\\\/bmc-myit\\\/#primaryimage\",\"url\":\"https:\\\/\\\/rjrinnovations.com\\\/wp-content\\\/uploads\\\/2020\\\/08\\\/Artboard-1Person.png\",\"contentUrl\":\"https:\\\/\\\/rjrinnovations.com\\\/wp-content\\\/uploads\\\/2020\\\/08\\\/Artboard-1Person.png\"},{\"@type\":\"BreadcrumbList\",\"@id\":\"https:\\\/\\\/www.rjrinnovations.com\\\/fr\\\/produits\\\/bmc\\\/bmc-myit\\\/#breadcrumb\",\"itemListElement\":[{\"@type\":\"ListItem\",\"position\":1,\"name\":\"Home\",\"item\":\"https:\\\/\\\/www.rjrinnovations.com\\\/fr\\\/\"},{\"@type\":\"ListItem\",\"position\":2,\"name\":\"Produits\",\"item\":\"https:\\\/\\\/www.rjrinnovations.com\\\/fr\\\/produits\\\/\"},{\"@type\":\"ListItem\",\"position\":3,\"name\":\"BMC\",\"item\":\"https:\\\/\\\/www.rjrinnovations.com\\\/fr\\\/produits\\\/bmc\\\/\"},{\"@type\":\"ListItem\",\"position\":4,\"name\":\"BMC MyIT\"}]},{\"@type\":\"WebSite\",\"@id\":\"https:\\\/\\\/www.rjrinnovations.com\\\/#website\",\"url\":\"https:\\\/\\\/www.rjrinnovations.com\\\/\",\"name\":\"RJR Innovations\",\"description\":\"Connect your business... All of IT\",\"publisher\":{\"@id\":\"https:\\\/\\\/www.rjrinnovations.com\\\/#organization\"},\"potentialAction\":[{\"@type\":\"SearchAction\",\"target\":{\"@type\":\"EntryPoint\",\"urlTemplate\":\"https:\\\/\\\/www.rjrinnovations.com\\\/?s={search_term_string}\"},\"query-input\":{\"@type\":\"PropertyValueSpecification\",\"valueRequired\":true,\"valueName\":\"search_term_string\"}}],\"inLanguage\":\"fr-FR\"},{\"@type\":\"Organization\",\"@id\":\"https:\\\/\\\/www.rjrinnovations.com\\\/#organization\",\"name\":\"RJR Innovations\",\"url\":\"https:\\\/\\\/www.rjrinnovations.com\\\/\",\"logo\":{\"@type\":\"ImageObject\",\"inLanguage\":\"fr-FR\",\"@id\":\"https:\\\/\\\/www.rjrinnovations.com\\\/#\\\/schema\\\/logo\\\/image\\\/\",\"url\":\"https:\\\/\\\/www.rjrinnovations.com\\\/wp-content\\\/uploads\\\/2015\\\/07\\\/RJR_Logo_Blue_Text_400x263.png\",\"contentUrl\":\"https:\\\/\\\/www.rjrinnovations.com\\\/wp-content\\\/uploads\\\/2015\\\/07\\\/RJR_Logo_Blue_Text_400x263.png\",\"width\":400,\"height\":237,\"caption\":\"RJR Innovations\"},\"image\":{\"@id\":\"https:\\\/\\\/www.rjrinnovations.com\\\/#\\\/schema\\\/logo\\\/image\\\/\"},\"sameAs\":[\"https:\\\/\\\/www.facebook.com\\\/RJR-Innovations-107107129324171\\\/\",\"https:\\\/\\\/x.com\\\/RJRInnovations\",\"https:\\\/\\\/www.linkedin.com\\\/company\\\/rjr-innovations\",\"https:\\\/\\\/www.youtube.com\\\/user\\\/RJRInnovations\"]}]}<\/script>\n<!-- \/ Yoast SEO plugin. -->","yoast_head_json":{"title":"BMC MyIT - RJR Innovations","description":"MyIT is a key component of BMC\u2019s innovative solutions for the digital workplace. A simple, context-aware interface, it delivers a personalized experience.","robots":{"index":"index","follow":"follow","max-snippet":"max-snippet:-1","max-image-preview":"max-image-preview:large","max-video-preview":"max-video-preview:-1"},"canonical":"https:\/\/www.rjrinnovations.com\/fr\/produits\/bmc\/bmc-myit\/","og_locale":"fr_FR","og_type":"article","og_title":"BMC MyIT - RJR Innovations","og_description":"MyIT is a key component of BMC\u2019s innovative solutions for the digital workplace. A simple, context-aware interface, it delivers a personalized experience.","og_url":"https:\/\/www.rjrinnovations.com\/fr\/produits\/bmc\/bmc-myit\/","og_site_name":"RJR Innovations","article_publisher":"https:\/\/www.facebook.com\/RJR-Innovations-107107129324171\/","article_modified_time":"2020-08-06T14:48:51+00:00","og_image":[{"width":100,"height":100,"url":"https:\/\/www.rjrinnovations.com\/wp-content\/uploads\/2020\/08\/Artboard-1Person.png","type":"image\/png"}],"twitter_card":"summary_large_image","twitter_site":"@RJRInnovations","schema":{"@context":"https:\/\/schema.org","@graph":[{"@type":"WebPage","@id":"https:\/\/www.rjrinnovations.com\/fr\/produits\/bmc\/bmc-myit\/","url":"https:\/\/www.rjrinnovations.com\/fr\/produits\/bmc\/bmc-myit\/","name":"BMC MyIT - RJR Innovations","isPartOf":{"@id":"https:\/\/www.rjrinnovations.com\/#website"},"primaryImageOfPage":{"@id":"https:\/\/www.rjrinnovations.com\/fr\/produits\/bmc\/bmc-myit\/#primaryimage"},"image":{"@id":"https:\/\/www.rjrinnovations.com\/fr\/produits\/bmc\/bmc-myit\/#primaryimage"},"thumbnailUrl":"https:\/\/rjrinnovations.com\/wp-content\/uploads\/2020\/08\/Artboard-1Person.png","datePublished":"2017-04-10T17:02:34+00:00","dateModified":"2020-08-06T14:48:51+00:00","description":"MyIT is a key component of BMC\u2019s innovative solutions for the digital workplace. A simple, context-aware interface, it delivers a personalized experience.","breadcrumb":{"@id":"https:\/\/www.rjrinnovations.com\/fr\/produits\/bmc\/bmc-myit\/#breadcrumb"},"inLanguage":"fr-FR","potentialAction":[{"@type":"ReadAction","target":["https:\/\/www.rjrinnovations.com\/fr\/produits\/bmc\/bmc-myit\/"]}]},{"@type":"ImageObject","inLanguage":"fr-FR","@id":"https:\/\/www.rjrinnovations.com\/fr\/produits\/bmc\/bmc-myit\/#primaryimage","url":"https:\/\/rjrinnovations.com\/wp-content\/uploads\/2020\/08\/Artboard-1Person.png","contentUrl":"https:\/\/rjrinnovations.com\/wp-content\/uploads\/2020\/08\/Artboard-1Person.png"},{"@type":"BreadcrumbList","@id":"https:\/\/www.rjrinnovations.com\/fr\/produits\/bmc\/bmc-myit\/#breadcrumb","itemListElement":[{"@type":"ListItem","position":1,"name":"Home","item":"https:\/\/www.rjrinnovations.com\/fr\/"},{"@type":"ListItem","position":2,"name":"Produits","item":"https:\/\/www.rjrinnovations.com\/fr\/produits\/"},{"@type":"ListItem","position":3,"name":"BMC","item":"https:\/\/www.rjrinnovations.com\/fr\/produits\/bmc\/"},{"@type":"ListItem","position":4,"name":"BMC MyIT"}]},{"@type":"WebSite","@id":"https:\/\/www.rjrinnovations.com\/#website","url":"https:\/\/www.rjrinnovations.com\/","name":"RJR Innovations","description":"Connect your business... All of IT","publisher":{"@id":"https:\/\/www.rjrinnovations.com\/#organization"},"potentialAction":[{"@type":"SearchAction","target":{"@type":"EntryPoint","urlTemplate":"https:\/\/www.rjrinnovations.com\/?s={search_term_string}"},"query-input":{"@type":"PropertyValueSpecification","valueRequired":true,"valueName":"search_term_string"}}],"inLanguage":"fr-FR"},{"@type":"Organization","@id":"https:\/\/www.rjrinnovations.com\/#organization","name":"RJR Innovations","url":"https:\/\/www.rjrinnovations.com\/","logo":{"@type":"ImageObject","inLanguage":"fr-FR","@id":"https:\/\/www.rjrinnovations.com\/#\/schema\/logo\/image\/","url":"https:\/\/www.rjrinnovations.com\/wp-content\/uploads\/2015\/07\/RJR_Logo_Blue_Text_400x263.png","contentUrl":"https:\/\/www.rjrinnovations.com\/wp-content\/uploads\/2015\/07\/RJR_Logo_Blue_Text_400x263.png","width":400,"height":237,"caption":"RJR Innovations"},"image":{"@id":"https:\/\/www.rjrinnovations.com\/#\/schema\/logo\/image\/"},"sameAs":["https:\/\/www.facebook.com\/RJR-Innovations-107107129324171\/","https:\/\/x.com\/RJRInnovations","https:\/\/www.linkedin.com\/company\/rjr-innovations","https:\/\/www.youtube.com\/user\/RJRInnovations"]}]}},"_links":{"self":[{"href":"https:\/\/www.rjrinnovations.com\/fr\/wp-json\/wp\/v2\/pages\/27479","targetHints":{"allow":["GET"]}}],"collection":[{"href":"https:\/\/www.rjrinnovations.com\/fr\/wp-json\/wp\/v2\/pages"}],"about":[{"href":"https:\/\/www.rjrinnovations.com\/fr\/wp-json\/wp\/v2\/types\/page"}],"author":[{"embeddable":true,"href":"https:\/\/www.rjrinnovations.com\/fr\/wp-json\/wp\/v2\/users\/26"}],"replies":[{"embeddable":true,"href":"https:\/\/www.rjrinnovations.com\/fr\/wp-json\/wp\/v2\/comments?post=27479"}],"version-history":[{"count":0,"href":"https:\/\/www.rjrinnovations.com\/fr\/wp-json\/wp\/v2\/pages\/27479\/revisions"}],"up":[{"embeddable":true,"href":"https:\/\/www.rjrinnovations.com\/fr\/wp-json\/wp\/v2\/pages\/13781"}],"wp:attachment":[{"href":"https:\/\/www.rjrinnovations.com\/fr\/wp-json\/wp\/v2\/media?parent=27479"}],"curies":[{"name":"wp","href":"https:\/\/api.w.org\/{rel}","templated":true}]}}