{"id":27588,"date":"2017-04-19T12:34:21","date_gmt":"2017-04-19T16:34:21","guid":{"rendered":"https:\/\/rjrinnovations.com\/fr\/produits\/safenet-gemalto\/multi-factor-authentication\/"},"modified":"2019-08-14T10:36:59","modified_gmt":"2019-08-14T14:36:59","slug":"multi-factor-authentication","status":"publish","type":"page","link":"https:\/\/www.rjrinnovations.com\/fr\/produits\/safenet-gemalto\/multi-factor-authentication\/","title":{"rendered":"Solutions d&#8217;authentification multifactorielle"},"content":{"rendered":"<div class=\"fusion-fullwidth fullwidth-box fusion-builder-row-1 nonhundred-percent-fullwidth non-hundred-percent-height-scrolling\" style=\"--awb-border-radius-top-left:0px;--awb-border-radius-top-right:0px;--awb-border-radius-bottom-right:0px;--awb-border-radius-bottom-left:0px;--awb-flex-wrap:wrap;\" ><div class=\"fusion-builder-row fusion-row\"><div class=\"fusion-layout-column fusion_builder_column fusion-builder-column-0 fusion_builder_column_1_1 1_1 fusion-one-full fusion-column-first fusion-column-last\" style=\"--awb-bg-size:cover;\"><div class=\"fusion-column-wrapper fusion-flex-column-wrapper-legacy\"><div class=\"fusion-title title fusion-title-1 fusion-sep-none fusion-title-text fusion-title-size-one\"><h1 class=\"fusion-title-heading title-heading-left\" style=\"margin:0;\">Solutions d&#8217;authentification multifactorielle<\/h1><\/div><div class=\"fusion-text fusion-text-1\"><p>L\u2019authentification multifactorielle remplit une fonction vitale au sein de toute organisation: s\u00e9curiser l\u2019acc\u00e8s aux r\u00e9seaux de l\u2019entreprise, prot\u00e9ger l\u2019identit\u00e9 des utilisateurs et faire en sorte qu\u2019un utilisateur soit bien ce qu\u2019il pr\u00e9tend \u00eatre. L&#8217;\u00e9volution des besoins des entreprises en mati\u00e8re d&#8217;applications cloud et d&#8217;appareils mobiles, combin\u00e9e aux menaces croissantes et \u00e0 la n\u00e9cessit\u00e9 de r\u00e9duire les co\u00fbts, n\u00e9cessite des consid\u00e9rations enti\u00e8rement nouvelles en mati\u00e8re de contr\u00f4le d&#8217;acc\u00e8s.<\/p>\n<h2>La n\u00e9cessit\u00e9 d&#8217;une authentification multifactorielle<\/h2>\n<p>Les nouvelles menaces, risques et vuln\u00e9rabilit\u00e9s, ainsi que l\u2019\u00e9volution des exigences de l\u2019entreprise, soulignent la n\u00e9cessit\u00e9 d\u2019une approche d\u2019authentification forte bas\u00e9e sur une prestation de services simple, des choix et une \u00e9volutivit\u00e9 future.<\/p>\n<h4>Aujourd&#8217;hui, les organisations demandent:<\/h4>\n<ul>\n<li>Puis-je r\u00e9pondre aux nouvelles demandes de mon entreprise, telles que le cloud et les appareils mobiles?<\/li>\n<li>Comment mapper les m\u00e9thodes de contr\u00f4le d&#8217;acc\u00e8s aux risques de l&#8217;entreprise et aux besoins de mes utilisateurs?<\/li>\n<li>Puis-je g\u00e9rer, contr\u00f4ler et administrer de mani\u00e8re centralis\u00e9e tous mes utilisateurs et points de terminaison?<\/li>\n<li>Qui contr\u00f4le mes donn\u00e9es d&#8217;utilisateur?<\/li>\n<li>Comment puis-je incorporer des couches de s\u00e9curit\u00e9 suppl\u00e9mentaires pour m&#8217;aider \u00e0 renforcer ma protection contre les menaces?<\/li>\n<li>Et comment puis-je garder tout cela pratique et rentable?<\/li>\n<\/ul>\n<p>Plus que jamais, les clients recherchent des solutions de gestion des identit\u00e9s et des acc\u00e8s alliant simplicit\u00e9, automatisation, co\u00fbt total de possession r\u00e9duit et choix.<\/p>\n<\/div><div class=\"fusion-clearfix\"><\/div><\/div><\/div><div class=\"fusion-layout-column fusion_builder_column fusion-builder-column-1 fusion_builder_column_1_1 1_1 fusion-one-full fusion-column-first fusion-column-last\" style=\"--awb-bg-size:cover;\"><div class=\"fusion-column-wrapper fusion-flex-column-wrapper-legacy\"><div class=\"accordian fusion-accordian\" style=\"--awb-border-size:1px;--awb-icon-size:13px;--awb-content-font-size:16px;--awb-icon-alignment:left;--awb-hover-color:#f9f9f9;--awb-border-color:#cccccc;--awb-background-color:#ffffff;--awb-divider-color:#e3e3e3;--awb-divider-hover-color:#e3e3e3;--awb-icon-color:#ffffff;--awb-title-color:#ff8800;--awb-content-color:#4c4c4c;--awb-icon-box-color:#fdbc16;--awb-toggle-hover-accent-color:#0a162f;--awb-title-font-family:&quot;Open Sans&quot;;--awb-title-font-weight:600;--awb-title-font-style:normal;--awb-title-font-size:17px;--awb-content-font-family:&quot;Open Sans&quot;;--awb-content-font-style:normal;--awb-content-font-weight:400;\"><div class=\"panel-group fusion-toggle-icon-boxed\" id=\"accordion-27588-1\"><div class=\"fusion-panel panel-default panel-b6b7dabfb9f7dc67e fusion-toggle-has-divider\"><div class=\"panel-heading\"><h4 class=\"panel-title toggle\" id=\"toggle_b6b7dabfb9f7dc67e\"><a aria-expanded=\"false\" aria-controls=\"b6b7dabfb9f7dc67e\" role=\"button\" data-toggle=\"collapse\" data-parent=\"#accordion-27588-1\" data-target=\"#b6b7dabfb9f7dc67e\" href=\"#b6b7dabfb9f7dc67e\"><span class=\"fusion-toggle-icon-wrapper\" aria-hidden=\"true\"><i class=\"fa-fusion-box active-icon awb-icon-minus\" aria-hidden=\"true\"><\/i><i class=\"fa-fusion-box inactive-icon awb-icon-plus\" aria-hidden=\"true\"><\/i><\/span><span class=\"fusion-toggle-heading\">Qu'est-ce que l'authentification multi-facteurs?<\/span><\/a><\/h4><\/div><div id=\"b6b7dabfb9f7dc67e\" class=\"panel-collapse collapse \" aria-labelledby=\"toggle_b6b7dabfb9f7dc67e\"><div class=\"panel-body toggle-content fusion-clearfix\">\n<p>L&#8217;authentification multi-facteurs garantit qu&#8217;un utilisateur est ce qu&#8217;il pr\u00e9tend \u00eatre. Plus le nombre de facteurs utilis\u00e9s pour d\u00e9terminer l\u2019identit\u00e9 d\u2019une personne est grand, plus la confiance en l\u2019authenticit\u00e9 est grande.<\/p>\n<\/div><\/div><\/div><div class=\"fusion-panel panel-default panel-22a5fe68db5ecb2ff fusion-toggle-has-divider\"><div class=\"panel-heading\"><h4 class=\"panel-title toggle\" id=\"toggle_22a5fe68db5ecb2ff\"><a aria-expanded=\"false\" aria-controls=\"22a5fe68db5ecb2ff\" role=\"button\" data-toggle=\"collapse\" data-parent=\"#accordion-27588-1\" data-target=\"#22a5fe68db5ecb2ff\" href=\"#22a5fe68db5ecb2ff\"><span class=\"fusion-toggle-icon-wrapper\" aria-hidden=\"true\"><i class=\"fa-fusion-box active-icon awb-icon-minus\" aria-hidden=\"true\"><\/i><i class=\"fa-fusion-box inactive-icon awb-icon-plus\" aria-hidden=\"true\"><\/i><\/span><span class=\"fusion-toggle-heading\">L\u2019authentification multifactorielle peut \u00eatre r\u00e9alis\u00e9e en combinant les facteurs suivants:<\/span><\/a><\/h4><\/div><div id=\"22a5fe68db5ecb2ff\" class=\"panel-collapse collapse \" aria-labelledby=\"toggle_22a5fe68db5ecb2ff\"><div class=\"panel-body toggle-content fusion-clearfix\">\n<ul>\n<li>Quelque chose que vous savez &#8211; mot de passe ou code PIN<\/li>\n<li>Quelque chose que vous avez &#8211; jeton ou carte \u00e0 puce (authentification \u00e0 deux facteurs)<\/li>\n<li>Quelque chose que vous soyez &#8211; biom\u00e9trie, telle qu&#8217;une empreinte digitale (authentification \u00e0 trois facteurs)<\/li>\n<\/ul>\n<\/div><\/div><\/div><\/div><\/div><div class=\"fusion-clearfix\"><\/div><\/div><\/div><\/div><\/div>\n","protected":false},"excerpt":{"rendered":"","protected":false},"author":26,"featured_media":0,"parent":14100,"menu_order":0,"comment_status":"closed","ping_status":"closed","template":"","meta":{"footnotes":""},"class_list":["post-27588","page","type-page","status-publish","hentry"],"yoast_head":"<!-- This site is optimized with the Yoast SEO plugin v27.3 - https:\/\/yoast.com\/product\/yoast-seo-wordpress\/ -->\n<title>Solutions d&#039;authentification multifactorielle - RJR Innovations<\/title>\n<meta name=\"description\" content=\"Multi-Factor Authentication Solutions that secures access to corporate networks, protecting the identities of users, and ensuring that a user is who he claims to be.\" \/>\n<meta name=\"robots\" content=\"index, follow, max-snippet:-1, max-image-preview:large, max-video-preview:-1\" \/>\n<link rel=\"canonical\" href=\"https:\/\/www.rjrinnovations.com\/fr\/produits\/safenet-gemalto\/multi-factor-authentication\/\" \/>\n<meta property=\"og:locale\" content=\"fr_FR\" \/>\n<meta property=\"og:type\" content=\"article\" \/>\n<meta property=\"og:title\" content=\"Solutions d&#039;authentification multifactorielle - RJR Innovations\" \/>\n<meta property=\"og:description\" content=\"Multi-Factor Authentication Solutions that secures access to corporate networks, protecting the identities of users, and ensuring that a user is who he claims to be.\" \/>\n<meta property=\"og:url\" content=\"https:\/\/www.rjrinnovations.com\/fr\/produits\/safenet-gemalto\/multi-factor-authentication\/\" \/>\n<meta property=\"og:site_name\" content=\"RJR Innovations\" \/>\n<meta property=\"article:publisher\" content=\"https:\/\/www.facebook.com\/RJR-Innovations-107107129324171\/\" \/>\n<meta property=\"article:modified_time\" content=\"2019-08-14T14:36:59+00:00\" \/>\n<meta name=\"twitter:card\" content=\"summary_large_image\" \/>\n<meta name=\"twitter:site\" content=\"@RJRInnovations\" \/>\n<script type=\"application\/ld+json\" class=\"yoast-schema-graph\">{\"@context\":\"https:\\\/\\\/schema.org\",\"@graph\":[{\"@type\":\"WebPage\",\"@id\":\"https:\\\/\\\/www.rjrinnovations.com\\\/fr\\\/produits\\\/safenet-gemalto\\\/multi-factor-authentication\\\/\",\"url\":\"https:\\\/\\\/www.rjrinnovations.com\\\/fr\\\/produits\\\/safenet-gemalto\\\/multi-factor-authentication\\\/\",\"name\":\"Solutions d'authentification multifactorielle - RJR Innovations\",\"isPartOf\":{\"@id\":\"https:\\\/\\\/www.rjrinnovations.com\\\/#website\"},\"datePublished\":\"2017-04-19T16:34:21+00:00\",\"dateModified\":\"2019-08-14T14:36:59+00:00\",\"description\":\"Multi-Factor Authentication Solutions that secures access to corporate networks, protecting the identities of users, and ensuring that a user is who he claims to be.\",\"breadcrumb\":{\"@id\":\"https:\\\/\\\/www.rjrinnovations.com\\\/fr\\\/produits\\\/safenet-gemalto\\\/multi-factor-authentication\\\/#breadcrumb\"},\"inLanguage\":\"fr-FR\",\"potentialAction\":[{\"@type\":\"ReadAction\",\"target\":[\"https:\\\/\\\/www.rjrinnovations.com\\\/fr\\\/produits\\\/safenet-gemalto\\\/multi-factor-authentication\\\/\"]}]},{\"@type\":\"BreadcrumbList\",\"@id\":\"https:\\\/\\\/www.rjrinnovations.com\\\/fr\\\/produits\\\/safenet-gemalto\\\/multi-factor-authentication\\\/#breadcrumb\",\"itemListElement\":[{\"@type\":\"ListItem\",\"position\":1,\"name\":\"Home\",\"item\":\"https:\\\/\\\/www.rjrinnovations.com\\\/fr\\\/\"},{\"@type\":\"ListItem\",\"position\":2,\"name\":\"Produits\",\"item\":\"https:\\\/\\\/www.rjrinnovations.com\\\/fr\\\/produits\\\/\"},{\"@type\":\"ListItem\",\"position\":3,\"name\":\"Gestion des donn\u00e9es\",\"item\":\"https:\\\/\\\/www.rjrinnovations.com\\\/fr\\\/produits\\\/safenet-gemalto\\\/\"},{\"@type\":\"ListItem\",\"position\":4,\"name\":\"Solutions d&#8217;authentification multifactorielle\"}]},{\"@type\":\"WebSite\",\"@id\":\"https:\\\/\\\/www.rjrinnovations.com\\\/#website\",\"url\":\"https:\\\/\\\/www.rjrinnovations.com\\\/\",\"name\":\"RJR Innovations\",\"description\":\"Connect your business... All of IT\",\"publisher\":{\"@id\":\"https:\\\/\\\/www.rjrinnovations.com\\\/#organization\"},\"potentialAction\":[{\"@type\":\"SearchAction\",\"target\":{\"@type\":\"EntryPoint\",\"urlTemplate\":\"https:\\\/\\\/www.rjrinnovations.com\\\/?s={search_term_string}\"},\"query-input\":{\"@type\":\"PropertyValueSpecification\",\"valueRequired\":true,\"valueName\":\"search_term_string\"}}],\"inLanguage\":\"fr-FR\"},{\"@type\":\"Organization\",\"@id\":\"https:\\\/\\\/www.rjrinnovations.com\\\/#organization\",\"name\":\"RJR Innovations\",\"url\":\"https:\\\/\\\/www.rjrinnovations.com\\\/\",\"logo\":{\"@type\":\"ImageObject\",\"inLanguage\":\"fr-FR\",\"@id\":\"https:\\\/\\\/www.rjrinnovations.com\\\/#\\\/schema\\\/logo\\\/image\\\/\",\"url\":\"https:\\\/\\\/www.rjrinnovations.com\\\/wp-content\\\/uploads\\\/2015\\\/07\\\/RJR_Logo_Blue_Text_400x263.png\",\"contentUrl\":\"https:\\\/\\\/www.rjrinnovations.com\\\/wp-content\\\/uploads\\\/2015\\\/07\\\/RJR_Logo_Blue_Text_400x263.png\",\"width\":400,\"height\":237,\"caption\":\"RJR Innovations\"},\"image\":{\"@id\":\"https:\\\/\\\/www.rjrinnovations.com\\\/#\\\/schema\\\/logo\\\/image\\\/\"},\"sameAs\":[\"https:\\\/\\\/www.facebook.com\\\/RJR-Innovations-107107129324171\\\/\",\"https:\\\/\\\/x.com\\\/RJRInnovations\",\"https:\\\/\\\/www.linkedin.com\\\/company\\\/rjr-innovations\",\"https:\\\/\\\/www.youtube.com\\\/user\\\/RJRInnovations\"]}]}<\/script>\n<!-- \/ Yoast SEO plugin. -->","yoast_head_json":{"title":"Solutions d'authentification multifactorielle - RJR Innovations","description":"Multi-Factor Authentication Solutions that secures access to corporate networks, protecting the identities of users, and ensuring that a user is who he claims to be.","robots":{"index":"index","follow":"follow","max-snippet":"max-snippet:-1","max-image-preview":"max-image-preview:large","max-video-preview":"max-video-preview:-1"},"canonical":"https:\/\/www.rjrinnovations.com\/fr\/produits\/safenet-gemalto\/multi-factor-authentication\/","og_locale":"fr_FR","og_type":"article","og_title":"Solutions d'authentification multifactorielle - RJR Innovations","og_description":"Multi-Factor Authentication Solutions that secures access to corporate networks, protecting the identities of users, and ensuring that a user is who he claims to be.","og_url":"https:\/\/www.rjrinnovations.com\/fr\/produits\/safenet-gemalto\/multi-factor-authentication\/","og_site_name":"RJR Innovations","article_publisher":"https:\/\/www.facebook.com\/RJR-Innovations-107107129324171\/","article_modified_time":"2019-08-14T14:36:59+00:00","twitter_card":"summary_large_image","twitter_site":"@RJRInnovations","schema":{"@context":"https:\/\/schema.org","@graph":[{"@type":"WebPage","@id":"https:\/\/www.rjrinnovations.com\/fr\/produits\/safenet-gemalto\/multi-factor-authentication\/","url":"https:\/\/www.rjrinnovations.com\/fr\/produits\/safenet-gemalto\/multi-factor-authentication\/","name":"Solutions d'authentification multifactorielle - RJR Innovations","isPartOf":{"@id":"https:\/\/www.rjrinnovations.com\/#website"},"datePublished":"2017-04-19T16:34:21+00:00","dateModified":"2019-08-14T14:36:59+00:00","description":"Multi-Factor Authentication Solutions that secures access to corporate networks, protecting the identities of users, and ensuring that a user is who he claims to be.","breadcrumb":{"@id":"https:\/\/www.rjrinnovations.com\/fr\/produits\/safenet-gemalto\/multi-factor-authentication\/#breadcrumb"},"inLanguage":"fr-FR","potentialAction":[{"@type":"ReadAction","target":["https:\/\/www.rjrinnovations.com\/fr\/produits\/safenet-gemalto\/multi-factor-authentication\/"]}]},{"@type":"BreadcrumbList","@id":"https:\/\/www.rjrinnovations.com\/fr\/produits\/safenet-gemalto\/multi-factor-authentication\/#breadcrumb","itemListElement":[{"@type":"ListItem","position":1,"name":"Home","item":"https:\/\/www.rjrinnovations.com\/fr\/"},{"@type":"ListItem","position":2,"name":"Produits","item":"https:\/\/www.rjrinnovations.com\/fr\/produits\/"},{"@type":"ListItem","position":3,"name":"Gestion des donn\u00e9es","item":"https:\/\/www.rjrinnovations.com\/fr\/produits\/safenet-gemalto\/"},{"@type":"ListItem","position":4,"name":"Solutions d&#8217;authentification multifactorielle"}]},{"@type":"WebSite","@id":"https:\/\/www.rjrinnovations.com\/#website","url":"https:\/\/www.rjrinnovations.com\/","name":"RJR Innovations","description":"Connect your business... All of IT","publisher":{"@id":"https:\/\/www.rjrinnovations.com\/#organization"},"potentialAction":[{"@type":"SearchAction","target":{"@type":"EntryPoint","urlTemplate":"https:\/\/www.rjrinnovations.com\/?s={search_term_string}"},"query-input":{"@type":"PropertyValueSpecification","valueRequired":true,"valueName":"search_term_string"}}],"inLanguage":"fr-FR"},{"@type":"Organization","@id":"https:\/\/www.rjrinnovations.com\/#organization","name":"RJR Innovations","url":"https:\/\/www.rjrinnovations.com\/","logo":{"@type":"ImageObject","inLanguage":"fr-FR","@id":"https:\/\/www.rjrinnovations.com\/#\/schema\/logo\/image\/","url":"https:\/\/www.rjrinnovations.com\/wp-content\/uploads\/2015\/07\/RJR_Logo_Blue_Text_400x263.png","contentUrl":"https:\/\/www.rjrinnovations.com\/wp-content\/uploads\/2015\/07\/RJR_Logo_Blue_Text_400x263.png","width":400,"height":237,"caption":"RJR Innovations"},"image":{"@id":"https:\/\/www.rjrinnovations.com\/#\/schema\/logo\/image\/"},"sameAs":["https:\/\/www.facebook.com\/RJR-Innovations-107107129324171\/","https:\/\/x.com\/RJRInnovations","https:\/\/www.linkedin.com\/company\/rjr-innovations","https:\/\/www.youtube.com\/user\/RJRInnovations"]}]}},"_links":{"self":[{"href":"https:\/\/www.rjrinnovations.com\/fr\/wp-json\/wp\/v2\/pages\/27588","targetHints":{"allow":["GET"]}}],"collection":[{"href":"https:\/\/www.rjrinnovations.com\/fr\/wp-json\/wp\/v2\/pages"}],"about":[{"href":"https:\/\/www.rjrinnovations.com\/fr\/wp-json\/wp\/v2\/types\/page"}],"author":[{"embeddable":true,"href":"https:\/\/www.rjrinnovations.com\/fr\/wp-json\/wp\/v2\/users\/26"}],"replies":[{"embeddable":true,"href":"https:\/\/www.rjrinnovations.com\/fr\/wp-json\/wp\/v2\/comments?post=27588"}],"version-history":[{"count":0,"href":"https:\/\/www.rjrinnovations.com\/fr\/wp-json\/wp\/v2\/pages\/27588\/revisions"}],"up":[{"embeddable":true,"href":"https:\/\/www.rjrinnovations.com\/fr\/wp-json\/wp\/v2\/pages\/14100"}],"wp:attachment":[{"href":"https:\/\/www.rjrinnovations.com\/fr\/wp-json\/wp\/v2\/media?parent=27588"}],"curies":[{"name":"wp","href":"https:\/\/api.w.org\/{rel}","templated":true}]}}