{"id":27592,"date":"2017-04-19T12:57:15","date_gmt":"2017-04-19T16:57:15","guid":{"rendered":"https:\/\/rjrinnovations.com\/fr\/produits\/safenet-gemalto\/encryption-solutions\/"},"modified":"2020-08-06T09:40:54","modified_gmt":"2020-08-06T13:40:54","slug":"encryption-solutions","status":"publish","type":"page","link":"https:\/\/www.rjrinnovations.com\/fr\/produits\/safenet-gemalto\/encryption-solutions\/","title":{"rendered":"Solutions de cryptage"},"content":{"rendered":"<div class=\"fusion-fullwidth fullwidth-box fusion-builder-row-1 nonhundred-percent-fullwidth non-hundred-percent-height-scrolling\" style=\"--awb-border-radius-top-left:0px;--awb-border-radius-top-right:0px;--awb-border-radius-bottom-right:0px;--awb-border-radius-bottom-left:0px;--awb-flex-wrap:wrap;\" ><div class=\"fusion-builder-row fusion-row\"><div class=\"fusion-layout-column fusion_builder_column fusion-builder-column-0 fusion_builder_column_1_1 1_1 fusion-one-full fusion-column-first fusion-column-last\" style=\"--awb-bg-size:cover;\"><div class=\"fusion-column-wrapper fusion-flex-column-wrapper-legacy\"><div class=\"fusion-title title fusion-title-1 fusion-sep-none fusion-title-text fusion-title-size-one\"><h1 class=\"fusion-title-heading title-heading-left\" style=\"margin:0;\">Solutions de cryptage<\/h1><\/div><div class=\"fusion-text fusion-text-1\"><p>Afin de se prot\u00e9ger contre les menaces avanc\u00e9es dans un climat complexe et en pleine \u00e9volution de virtualisation, de services cloud et de mobilit\u00e9, tout en maintenant la conformit\u00e9 r\u00e9glementaire, les entreprises doivent de plus en plus adopter une approche centr\u00e9e sur les donn\u00e9es pour la sauvegarde de leurs informations sensibles. Thales offre le seul portefeuille complet de solutions de chiffrement offrant une protection permanente des donn\u00e9es sensibles \u00e0 tous les moments critiques de son cycle de vie. Du datacenter physique et virtuel au cloud, Thales aide les organisations \u00e0 rester prot\u00e9g\u00e9es, conformes et sous contr\u00f4le. Les produits de gestion des cl\u00e9s de chiffrement et de chiffrement Thales permettent aux entreprises de s\u00e9curiser les donn\u00e9es sensibles dans les bases de donn\u00e9es, les applications, les syst\u00e8mes de stockage, les plates-formes virtualis\u00e9es et les environnements en nuage.<\/p>\n<h2 data-fontsize=\"26\" data-lineheight=\"31.98px\" class=\"fusion-responsive-typography-calculated\" style=\"--fontSize:26; line-height: 1.23;\">Pourquoi utiliser Thales pour le cryptage des donn\u00e9es et la gestion cryptographique?<\/h2>\n<p>Thales propose toute une gamme de solutions qui permettent aux \u00e9quipes de s\u00e9curit\u00e9 d\u2019appliquer de mani\u00e8re centralis\u00e9e des strat\u00e9gies de d\u00e9fense en profondeur et garantissent en fin de compte que le cryptage offre une v\u00e9ritable s\u00e9curit\u00e9. Si les contr\u00f4les d&#8217;acc\u00e8s font d\u00e9faut, l&#8217;efficacit\u00e9 du cryptage peut \u00eatre compromise. Si les cl\u00e9s cryptographiques sont vuln\u00e9rables, les donn\u00e9es crypt\u00e9es le sont \u00e9galement.<\/p>\n<p>Pour v\u00e9ritablement prot\u00e9ger les donn\u00e9es sensibles, les entreprises doivent mettre en place une base solide Crypto Foundation &#8211; une approche int\u00e9grant le traitement et l\u2019acc\u00e9l\u00e9ration de la cryptographie, le stockage des cl\u00e9s, la gestion des cl\u00e9s et la gestion des ressources cryptographiques. Parall\u00e8lement \u00e0 un ensemble complet de plates-formes de cryptage, Thales fournit des contr\u00f4les d&#8217;acc\u00e8s robustes et des fonctionnalit\u00e9s de gestion de cl\u00e9s qui permettent aux organisations d&#8217;utiliser le cryptage de mani\u00e8re pratique, \u00e9conomique et globale pour r\u00e9pondre \u00e0 leurs objectifs de s\u00e9curit\u00e9. Avec Thales , les organisations peuvent appliquer la protection des donn\u00e9es l\u00e0 o\u00f9 elles en ont besoin, quand elles en ont besoin et quand elles en ont besoin.<\/p>\n<h3 data-fontsize=\"24\" data-lineheight=\"28.8px\" class=\"fusion-responsive-typography-calculated\" style=\"--fontSize:24; line-height: 1.2;\">Produits de cryptage et de gestion cryptographique<\/h3>\n<p>Les solutions Thales Encryption vous permettent de prot\u00e9ger et de contr\u00f4ler les donn\u00e9es sensibles \u00e0 mesure qu\u2019elles augmentent en volume, type et emplacement, du centre de donn\u00e9es aux environnements virtuels et au cloud, tout en am\u00e9liorant la visibilit\u00e9 et l\u2019efficacit\u00e9 de la gouvernance et de la gouvernance gr\u00e2ce \u00e0 la gestion centralis\u00e9e et \u00e0 l\u2019application des r\u00e8gles.<\/p>\n<p>Plus que jamais, les clients recherchent des solutions de gestion des identit\u00e9s et des acc\u00e8s alliant simplicit\u00e9, automatisation, co\u00fbt total de possession r\u00e9duit et choix.<\/p>\n<\/div><div class=\"fusion-clearfix\"><\/div><\/div><\/div><\/div><\/div>\n","protected":false},"excerpt":{"rendered":"","protected":false},"author":26,"featured_media":0,"parent":14100,"menu_order":0,"comment_status":"closed","ping_status":"closed","template":"","meta":{"footnotes":""},"class_list":["post-27592","page","type-page","status-publish","hentry"],"yoast_head":"<!-- This site is optimized with the Yoast SEO plugin v27.3 - https:\/\/yoast.com\/product\/yoast-seo-wordpress\/ -->\n<title>Solutions de cryptage - RJR Innovations<\/title>\n<meta name=\"description\" content=\"Gemalto offers a complete encryption solutions portfolio that provides persistent protection of sensitive data at all critical points in its life-cycle.\" \/>\n<meta name=\"robots\" content=\"index, follow, max-snippet:-1, max-image-preview:large, max-video-preview:-1\" \/>\n<link rel=\"canonical\" href=\"https:\/\/www.rjrinnovations.com\/fr\/produits\/safenet-gemalto\/encryption-solutions\/\" \/>\n<meta property=\"og:locale\" content=\"fr_FR\" \/>\n<meta property=\"og:type\" content=\"article\" \/>\n<meta property=\"og:title\" content=\"Solutions de cryptage - RJR Innovations\" \/>\n<meta property=\"og:description\" content=\"Gemalto offers a complete encryption solutions portfolio that provides persistent protection of sensitive data at all critical points in its life-cycle.\" \/>\n<meta property=\"og:url\" content=\"https:\/\/www.rjrinnovations.com\/fr\/produits\/safenet-gemalto\/encryption-solutions\/\" \/>\n<meta property=\"og:site_name\" content=\"RJR Innovations\" \/>\n<meta property=\"article:publisher\" content=\"https:\/\/www.facebook.com\/RJR-Innovations-107107129324171\/\" \/>\n<meta property=\"article:modified_time\" content=\"2020-08-06T13:40:54+00:00\" \/>\n<meta name=\"twitter:card\" content=\"summary_large_image\" \/>\n<meta name=\"twitter:site\" content=\"@RJRInnovations\" \/>\n<script type=\"application\/ld+json\" class=\"yoast-schema-graph\">{\"@context\":\"https:\\\/\\\/schema.org\",\"@graph\":[{\"@type\":\"WebPage\",\"@id\":\"https:\\\/\\\/www.rjrinnovations.com\\\/fr\\\/produits\\\/safenet-gemalto\\\/encryption-solutions\\\/\",\"url\":\"https:\\\/\\\/www.rjrinnovations.com\\\/fr\\\/produits\\\/safenet-gemalto\\\/encryption-solutions\\\/\",\"name\":\"Solutions de cryptage - RJR Innovations\",\"isPartOf\":{\"@id\":\"https:\\\/\\\/www.rjrinnovations.com\\\/#website\"},\"datePublished\":\"2017-04-19T16:57:15+00:00\",\"dateModified\":\"2020-08-06T13:40:54+00:00\",\"description\":\"Gemalto offers a complete encryption solutions portfolio that provides persistent protection of sensitive data at all critical points in its life-cycle.\",\"breadcrumb\":{\"@id\":\"https:\\\/\\\/www.rjrinnovations.com\\\/fr\\\/produits\\\/safenet-gemalto\\\/encryption-solutions\\\/#breadcrumb\"},\"inLanguage\":\"fr-FR\",\"potentialAction\":[{\"@type\":\"ReadAction\",\"target\":[\"https:\\\/\\\/www.rjrinnovations.com\\\/fr\\\/produits\\\/safenet-gemalto\\\/encryption-solutions\\\/\"]}]},{\"@type\":\"BreadcrumbList\",\"@id\":\"https:\\\/\\\/www.rjrinnovations.com\\\/fr\\\/produits\\\/safenet-gemalto\\\/encryption-solutions\\\/#breadcrumb\",\"itemListElement\":[{\"@type\":\"ListItem\",\"position\":1,\"name\":\"Home\",\"item\":\"https:\\\/\\\/www.rjrinnovations.com\\\/fr\\\/\"},{\"@type\":\"ListItem\",\"position\":2,\"name\":\"Produits\",\"item\":\"https:\\\/\\\/www.rjrinnovations.com\\\/fr\\\/produits\\\/\"},{\"@type\":\"ListItem\",\"position\":3,\"name\":\"Gestion des donn\u00e9es\",\"item\":\"https:\\\/\\\/www.rjrinnovations.com\\\/fr\\\/produits\\\/safenet-gemalto\\\/\"},{\"@type\":\"ListItem\",\"position\":4,\"name\":\"Solutions de cryptage\"}]},{\"@type\":\"WebSite\",\"@id\":\"https:\\\/\\\/www.rjrinnovations.com\\\/#website\",\"url\":\"https:\\\/\\\/www.rjrinnovations.com\\\/\",\"name\":\"RJR Innovations\",\"description\":\"Connect your business... All of IT\",\"publisher\":{\"@id\":\"https:\\\/\\\/www.rjrinnovations.com\\\/#organization\"},\"potentialAction\":[{\"@type\":\"SearchAction\",\"target\":{\"@type\":\"EntryPoint\",\"urlTemplate\":\"https:\\\/\\\/www.rjrinnovations.com\\\/?s={search_term_string}\"},\"query-input\":{\"@type\":\"PropertyValueSpecification\",\"valueRequired\":true,\"valueName\":\"search_term_string\"}}],\"inLanguage\":\"fr-FR\"},{\"@type\":\"Organization\",\"@id\":\"https:\\\/\\\/www.rjrinnovations.com\\\/#organization\",\"name\":\"RJR Innovations\",\"url\":\"https:\\\/\\\/www.rjrinnovations.com\\\/\",\"logo\":{\"@type\":\"ImageObject\",\"inLanguage\":\"fr-FR\",\"@id\":\"https:\\\/\\\/www.rjrinnovations.com\\\/#\\\/schema\\\/logo\\\/image\\\/\",\"url\":\"https:\\\/\\\/www.rjrinnovations.com\\\/wp-content\\\/uploads\\\/2015\\\/07\\\/RJR_Logo_Blue_Text_400x263.png\",\"contentUrl\":\"https:\\\/\\\/www.rjrinnovations.com\\\/wp-content\\\/uploads\\\/2015\\\/07\\\/RJR_Logo_Blue_Text_400x263.png\",\"width\":400,\"height\":237,\"caption\":\"RJR Innovations\"},\"image\":{\"@id\":\"https:\\\/\\\/www.rjrinnovations.com\\\/#\\\/schema\\\/logo\\\/image\\\/\"},\"sameAs\":[\"https:\\\/\\\/www.facebook.com\\\/RJR-Innovations-107107129324171\\\/\",\"https:\\\/\\\/x.com\\\/RJRInnovations\",\"https:\\\/\\\/www.linkedin.com\\\/company\\\/rjr-innovations\",\"https:\\\/\\\/www.youtube.com\\\/user\\\/RJRInnovations\"]}]}<\/script>\n<!-- \/ Yoast SEO plugin. -->","yoast_head_json":{"title":"Solutions de cryptage - RJR Innovations","description":"Gemalto offers a complete encryption solutions portfolio that provides persistent protection of sensitive data at all critical points in its life-cycle.","robots":{"index":"index","follow":"follow","max-snippet":"max-snippet:-1","max-image-preview":"max-image-preview:large","max-video-preview":"max-video-preview:-1"},"canonical":"https:\/\/www.rjrinnovations.com\/fr\/produits\/safenet-gemalto\/encryption-solutions\/","og_locale":"fr_FR","og_type":"article","og_title":"Solutions de cryptage - RJR Innovations","og_description":"Gemalto offers a complete encryption solutions portfolio that provides persistent protection of sensitive data at all critical points in its life-cycle.","og_url":"https:\/\/www.rjrinnovations.com\/fr\/produits\/safenet-gemalto\/encryption-solutions\/","og_site_name":"RJR Innovations","article_publisher":"https:\/\/www.facebook.com\/RJR-Innovations-107107129324171\/","article_modified_time":"2020-08-06T13:40:54+00:00","twitter_card":"summary_large_image","twitter_site":"@RJRInnovations","schema":{"@context":"https:\/\/schema.org","@graph":[{"@type":"WebPage","@id":"https:\/\/www.rjrinnovations.com\/fr\/produits\/safenet-gemalto\/encryption-solutions\/","url":"https:\/\/www.rjrinnovations.com\/fr\/produits\/safenet-gemalto\/encryption-solutions\/","name":"Solutions de cryptage - RJR Innovations","isPartOf":{"@id":"https:\/\/www.rjrinnovations.com\/#website"},"datePublished":"2017-04-19T16:57:15+00:00","dateModified":"2020-08-06T13:40:54+00:00","description":"Gemalto offers a complete encryption solutions portfolio that provides persistent protection of sensitive data at all critical points in its life-cycle.","breadcrumb":{"@id":"https:\/\/www.rjrinnovations.com\/fr\/produits\/safenet-gemalto\/encryption-solutions\/#breadcrumb"},"inLanguage":"fr-FR","potentialAction":[{"@type":"ReadAction","target":["https:\/\/www.rjrinnovations.com\/fr\/produits\/safenet-gemalto\/encryption-solutions\/"]}]},{"@type":"BreadcrumbList","@id":"https:\/\/www.rjrinnovations.com\/fr\/produits\/safenet-gemalto\/encryption-solutions\/#breadcrumb","itemListElement":[{"@type":"ListItem","position":1,"name":"Home","item":"https:\/\/www.rjrinnovations.com\/fr\/"},{"@type":"ListItem","position":2,"name":"Produits","item":"https:\/\/www.rjrinnovations.com\/fr\/produits\/"},{"@type":"ListItem","position":3,"name":"Gestion des donn\u00e9es","item":"https:\/\/www.rjrinnovations.com\/fr\/produits\/safenet-gemalto\/"},{"@type":"ListItem","position":4,"name":"Solutions de cryptage"}]},{"@type":"WebSite","@id":"https:\/\/www.rjrinnovations.com\/#website","url":"https:\/\/www.rjrinnovations.com\/","name":"RJR Innovations","description":"Connect your business... All of IT","publisher":{"@id":"https:\/\/www.rjrinnovations.com\/#organization"},"potentialAction":[{"@type":"SearchAction","target":{"@type":"EntryPoint","urlTemplate":"https:\/\/www.rjrinnovations.com\/?s={search_term_string}"},"query-input":{"@type":"PropertyValueSpecification","valueRequired":true,"valueName":"search_term_string"}}],"inLanguage":"fr-FR"},{"@type":"Organization","@id":"https:\/\/www.rjrinnovations.com\/#organization","name":"RJR Innovations","url":"https:\/\/www.rjrinnovations.com\/","logo":{"@type":"ImageObject","inLanguage":"fr-FR","@id":"https:\/\/www.rjrinnovations.com\/#\/schema\/logo\/image\/","url":"https:\/\/www.rjrinnovations.com\/wp-content\/uploads\/2015\/07\/RJR_Logo_Blue_Text_400x263.png","contentUrl":"https:\/\/www.rjrinnovations.com\/wp-content\/uploads\/2015\/07\/RJR_Logo_Blue_Text_400x263.png","width":400,"height":237,"caption":"RJR Innovations"},"image":{"@id":"https:\/\/www.rjrinnovations.com\/#\/schema\/logo\/image\/"},"sameAs":["https:\/\/www.facebook.com\/RJR-Innovations-107107129324171\/","https:\/\/x.com\/RJRInnovations","https:\/\/www.linkedin.com\/company\/rjr-innovations","https:\/\/www.youtube.com\/user\/RJRInnovations"]}]}},"_links":{"self":[{"href":"https:\/\/www.rjrinnovations.com\/fr\/wp-json\/wp\/v2\/pages\/27592","targetHints":{"allow":["GET"]}}],"collection":[{"href":"https:\/\/www.rjrinnovations.com\/fr\/wp-json\/wp\/v2\/pages"}],"about":[{"href":"https:\/\/www.rjrinnovations.com\/fr\/wp-json\/wp\/v2\/types\/page"}],"author":[{"embeddable":true,"href":"https:\/\/www.rjrinnovations.com\/fr\/wp-json\/wp\/v2\/users\/26"}],"replies":[{"embeddable":true,"href":"https:\/\/www.rjrinnovations.com\/fr\/wp-json\/wp\/v2\/comments?post=27592"}],"version-history":[{"count":0,"href":"https:\/\/www.rjrinnovations.com\/fr\/wp-json\/wp\/v2\/pages\/27592\/revisions"}],"up":[{"embeddable":true,"href":"https:\/\/www.rjrinnovations.com\/fr\/wp-json\/wp\/v2\/pages\/14100"}],"wp:attachment":[{"href":"https:\/\/www.rjrinnovations.com\/fr\/wp-json\/wp\/v2\/media?parent=27592"}],"curies":[{"name":"wp","href":"https:\/\/api.w.org\/{rel}","templated":true}]}}