{"id":27611,"date":"2017-04-20T12:34:44","date_gmt":"2017-04-20T16:34:44","guid":{"rendered":"https:\/\/rjrinnovations.com\/fr\/produits\/winmagic\/enterprise-server\/"},"modified":"2019-08-14T13:17:30","modified_gmt":"2019-08-14T17:17:30","slug":"enterprise-server","status":"publish","type":"page","link":"https:\/\/www.rjrinnovations.com\/fr\/produits\/winmagic\/enterprise-server\/","title":{"rendered":"Serveur d&#8217;entreprise"},"content":{"rendered":"<div class=\"fusion-fullwidth fullwidth-box fusion-builder-row-1 nonhundred-percent-fullwidth non-hundred-percent-height-scrolling\" style=\"--awb-border-radius-top-left:0px;--awb-border-radius-top-right:0px;--awb-border-radius-bottom-right:0px;--awb-border-radius-bottom-left:0px;--awb-flex-wrap:wrap;\" ><div class=\"fusion-builder-row fusion-row\"><div class=\"fusion-layout-column fusion_builder_column fusion-builder-column-0 fusion_builder_column_1_1 1_1 fusion-one-full fusion-column-first fusion-column-last\" style=\"--awb-bg-size:cover;\"><div class=\"fusion-column-wrapper fusion-flex-column-wrapper-legacy\"><div class=\"fusion-title title fusion-title-1 fusion-sep-none fusion-title-text fusion-title-size-one\"><h1 class=\"fusion-title-heading title-heading-left\" style=\"margin:0;\">Serveur d&#8217;entreprise<\/h1><\/div><div class=\"fusion-text fusion-text-1\"><h2>Vue d&#8217;ensemble<\/h2>\n<p>Le serveur SecureDoc Enterprise (SES) de WinMagic offre aux organisations un contr\u00f4le total sur leur environnement de s\u00e9curit\u00e9 des donn\u00e9es, garantissant une s\u00e9curit\u00e9 et une transparence maximales dans les flux de travail normaux. Gr\u00e2ce \u00e0 la technologie FDE (Full Disk Encryption) de pointe du march\u00e9 et \u00e0 la technologie PBConnex \u2122, premi\u00e8re technologie du secteur, SES permet aux clients de rationaliser leurs processus informatiques et contribue ainsi \u00e0 r\u00e9duire le co\u00fbt total de possession.<\/p>\n<p>SES g\u00e8re tout le chiffrement au sein de l\u2019entreprise, qu\u2019il s\u2019agisse de FDE, de supports amovibles ou de fichiers et dossiers individuels. Il place toute la gestion li\u00e9e \u00e0 la s\u00e9curit\u00e9 sous un serveur d&#8217;entreprise centralis\u00e9, y compris les strat\u00e9gies, les r\u00e8gles de mot de passe et la facilit\u00e9 de gestion du cryptage sur les plates-formes PC, Mac et Linux. Il s&#8217;int\u00e8gre \u00e9galement facilement aux technologies standard telles que les disques SED (Self-Encrypting Drives) compatibles avec Opal, tout en g\u00e9rant des solutions de chiffrement de syst\u00e8me d&#8217;exploitation natif telles que Microsoft BitLocker, Mac OS X FileVault2, iOS et Android.<\/p>\n<h4>Caract\u00e9ristiques en un coup d&#8217;\u0153il:<\/h4>\n<ul>\n<li>G\u00e9rez des logiciels FDE pour ordinateurs portables, ordinateurs de bureau et tablettes, etc.<\/li>\n<li>Prise en charge de Microsoft Windows BitLocker (Win 8, Win 7 et Vista)<\/li>\n<li>Prise en charge de Mac OS X et\u00a0FileVault\u00a02<\/li>\n<li>Prise en charge compl\u00e8te de la gestion du lecteur \u00e0 cryptage automatique (SED) Opal<\/li>\n<li>Dispositifs MDM (Mobile Device Management) iOS et Android<\/li>\n<li>Gestion centralis\u00e9e via une console Web ou serveur standard<\/li>\n<li>Seule solution de chiffrement de disque complet offrant une authentification r\u00e9seau c\u00e2bl\u00e9e et sans fil pr\u00e9alable au d\u00e9marrage via\u00a0PBConnex<\/li>\n<li>G\u00e9rer et chiffrer les supports amovibles et les fichiers et dossiers individuels<\/li>\n<li>FIPS 140-2 valid\u00e9e<\/li>\n<li><\/li>\n<\/ul>\n<\/div><div class=\"fusion-clearfix\"><\/div><\/div><\/div><div class=\"fusion-layout-column fusion_builder_column fusion-builder-column-1 fusion_builder_column_1_1 1_1 fusion-one-full fusion-column-first fusion-column-last\" style=\"--awb-bg-size:cover;\"><div class=\"fusion-column-wrapper fusion-flex-column-wrapper-legacy\"><div class=\"accordian fusion-accordian\" style=\"--awb-border-size:1px;--awb-icon-size:13px;--awb-content-font-size:16px;--awb-icon-alignment:left;--awb-hover-color:#f9f9f9;--awb-border-color:#cccccc;--awb-background-color:#ffffff;--awb-divider-color:#e3e3e3;--awb-divider-hover-color:#e3e3e3;--awb-icon-color:#ffffff;--awb-title-color:#ff8800;--awb-content-color:#4c4c4c;--awb-icon-box-color:#fdbc16;--awb-toggle-hover-accent-color:#0a162f;--awb-title-font-family:&quot;Open Sans&quot;;--awb-title-font-weight:600;--awb-title-font-style:normal;--awb-title-font-size:17px;--awb-content-font-family:&quot;Open Sans&quot;;--awb-content-font-style:normal;--awb-content-font-weight:400;\"><div class=\"panel-group fusion-toggle-icon-boxed\" id=\"accordion-27611-1\"><div class=\"fusion-panel panel-default panel-46304c06a885f3ffa fusion-toggle-has-divider\"><div class=\"panel-heading\"><h4 class=\"panel-title toggle\" id=\"toggle_46304c06a885f3ffa\"><a aria-expanded=\"false\" aria-controls=\"46304c06a885f3ffa\" role=\"button\" data-toggle=\"collapse\" data-parent=\"#accordion-27611-1\" data-target=\"#46304c06a885f3ffa\" href=\"#46304c06a885f3ffa\"><span class=\"fusion-toggle-icon-wrapper\" aria-hidden=\"true\"><i class=\"fa-fusion-box active-icon awb-icon-minus\" aria-hidden=\"true\"><\/i><i class=\"fa-fusion-box inactive-icon awb-icon-plus\" aria-hidden=\"true\"><\/i><\/span><span class=\"fusion-toggle-heading\">PBConnex<\/span><\/a><\/h4><\/div><div id=\"46304c06a885f3ffa\" class=\"panel-collapse collapse \" aria-labelledby=\"toggle_46304c06a885f3ffa\"><div class=\"panel-body toggle-content fusion-clearfix\">\n<p>SecureDoc avec PBConnex est la seule solution de cryptage et de gestion de donn\u00e9es permettant une authentification r\u00e9seau pr\u00e9alable au d\u00e9marrage, avec ou sans fil. PBConnex utilise des ressources r\u00e9seau pour authentifier les utilisateurs, appliquer des contr\u00f4les d&#8217;acc\u00e8s et g\u00e9rer les p\u00e9riph\u00e9riques d&#8217;extr\u00e9mit\u00e9 avant le chargement du syst\u00e8me d&#8217;exploitation. Cette approche unique et r\u00e9volutionnaire de la gestion FDE (Full Disk Encryption) permet \u00e9galement aux entreprises de r\u00e9aliser des \u00e9conomies consid\u00e9rables en rationalisant le temps et les co\u00fbts associ\u00e9s \u00e0 des t\u00e2ches telles que la r\u00e9initialisation des mots de passe et le transfert de p\u00e9riph\u00e9rique. De plus, plusieurs utilisateurs peuvent utiliser en toute s\u00e9curit\u00e9 le m\u00eame appareil sans jamais mettre en p\u00e9ril les donn\u00e9es confidentielles.<\/p>\n<\/div><\/div><\/div><div class=\"fusion-panel panel-default panel-5353dcb0065b895c3 fusion-toggle-has-divider\"><div class=\"panel-heading\"><h4 class=\"panel-title toggle\" id=\"toggle_5353dcb0065b895c3\"><a aria-expanded=\"false\" aria-controls=\"5353dcb0065b895c3\" role=\"button\" data-toggle=\"collapse\" data-parent=\"#accordion-27611-1\" data-target=\"#5353dcb0065b895c3\" href=\"#5353dcb0065b895c3\"><span class=\"fusion-toggle-icon-wrapper\" aria-hidden=\"true\"><i class=\"fa-fusion-box active-icon awb-icon-minus\" aria-hidden=\"true\"><\/i><i class=\"fa-fusion-box inactive-icon awb-icon-plus\" aria-hidden=\"true\"><\/i><\/span><span class=\"fusion-toggle-heading\">Tout g\u00e9rer li\u00e9 au cryptage<\/span><\/a><\/h4><\/div><div id=\"5353dcb0065b895c3\" class=\"panel-collapse collapse \" aria-labelledby=\"toggle_5353dcb0065b895c3\"><div class=\"panel-body toggle-content fusion-clearfix\">\n<p>SecureDoc est la seule solution actuellement disponible sur le march\u00e9 et capable de g\u00e9rer tout ce qui concerne le chiffrement au sein de l&#8217;entreprise. Le logiciel de chiffrement de SecureDoc utilise un moteur de chiffrement AES-NI 256 bits certifi\u00e9 FIPS 140-2 pour chiffrer les donn\u00e9es et est compatible avec toutes les \u00e9ditions de Microsoft Windows 8, Windows 7, Vista et XP. Pour les clients qui pr\u00e9f\u00e8rent tirer parti des solutions de chiffrement de syst\u00e8me d\u2019exploitation natives disponibles avec Windows, OS X, iOS ou Android d\u2019Apple, SES peut \u00e9galement les g\u00e9rer.<\/p>\n<\/div><\/div><\/div><div class=\"fusion-panel panel-default panel-43c1bf38be6391fea fusion-toggle-has-divider\"><div class=\"panel-heading\"><h4 class=\"panel-title toggle\" id=\"toggle_43c1bf38be6391fea\"><a aria-expanded=\"false\" aria-controls=\"43c1bf38be6391fea\" role=\"button\" data-toggle=\"collapse\" data-parent=\"#accordion-27611-1\" data-target=\"#43c1bf38be6391fea\" href=\"#43c1bf38be6391fea\"><span class=\"fusion-toggle-icon-wrapper\" aria-hidden=\"true\"><i class=\"fa-fusion-box active-icon awb-icon-minus\" aria-hidden=\"true\"><\/i><i class=\"fa-fusion-box inactive-icon awb-icon-plus\" aria-hidden=\"true\"><\/i><\/span><span class=\"fusion-toggle-heading\">Gestion de BitLocker<\/span><\/a><\/h4><\/div><div id=\"43c1bf38be6391fea\" class=\"panel-collapse collapse \" aria-labelledby=\"toggle_43c1bf38be6391fea\"><div class=\"panel-body toggle-content fusion-clearfix\">\n<p>SES prend en charge la gestion compl\u00e8te de la solution de chiffrement BitLocker de Microsoft, mais apporte \u00e9galement une valeur ajout\u00e9e aux clients en permettant l\u2019authentification r\u00e9seau pr\u00e9alable au d\u00e9marrage, l\u2019authentification multifactorielle, la r\u00e9cup\u00e9ration du mot de passe challenge \/ r\u00e9ponse, la connexion unique, le contr\u00f4le des ports, le provisionnement automatique du TPM, etc. SES est la meilleure solution du secteur pour la gestion des d\u00e9ploiements BitLocker, offrant des fonctionnalit\u00e9s innovantes trouv\u00e9es dans SecureDoc en combinaison avec le cryptage natif Windows. C\u2019est le meilleur des deux mondes pour les clients qui recherchent une solution de gestion plus robuste pour leurs d\u00e9ploiements BitLocker.<\/p>\n<\/div><\/div><\/div><div class=\"fusion-panel panel-default panel-d05e59e70376f30af fusion-toggle-has-divider\"><div class=\"panel-heading\"><h4 class=\"panel-title toggle\" id=\"toggle_d05e59e70376f30af\"><a aria-expanded=\"false\" aria-controls=\"d05e59e70376f30af\" role=\"button\" data-toggle=\"collapse\" data-parent=\"#accordion-27611-1\" data-target=\"#d05e59e70376f30af\" href=\"#d05e59e70376f30af\"><span class=\"fusion-toggle-icon-wrapper\" aria-hidden=\"true\"><i class=\"fa-fusion-box active-icon awb-icon-minus\" aria-hidden=\"true\"><\/i><i class=\"fa-fusion-box inactive-icon awb-icon-plus\" aria-hidden=\"true\"><\/i><\/span><span class=\"fusion-toggle-heading\">Gestion de FileVault 2<\/span><\/a><\/h4><\/div><div id=\"d05e59e70376f30af\" class=\"panel-collapse collapse \" aria-labelledby=\"toggle_d05e59e70376f30af\"><div class=\"panel-body toggle-content fusion-clearfix\">\n<p>Reconnaissant que les clients disposent d&#8217;environnements informatiques vari\u00e9s, SecureDoc offre \u00e9galement la possibilit\u00e9 de g\u00e9rer FileVault 2 de Mac OS X. Tirant parti du cryptage natif fourni par Mac OS X, SecureDoc pour FileVault 2 peut donner aux administrateurs le contr\u00f4le n\u00e9cessaire pour g\u00e9rer leur mat\u00e9riel Apple. La gestion d&#8217;entreprise FileVault 2 offre aux entreprises la possibilit\u00e9 de choisir le mode de cryptage et de gestion de leurs appareils Apple, tout en leur permettant de g\u00e9rer tous leurs appareils \u00e0 l&#8217;aide de la console de gestion centrale de SES.<\/p>\n<\/div><\/div><\/div><div class=\"fusion-panel panel-default panel-044bdc119b0cd9863 fusion-toggle-has-divider\"><div class=\"panel-heading\"><h4 class=\"panel-title toggle\" id=\"toggle_044bdc119b0cd9863\"><a aria-expanded=\"false\" aria-controls=\"044bdc119b0cd9863\" role=\"button\" data-toggle=\"collapse\" data-parent=\"#accordion-27611-1\" data-target=\"#044bdc119b0cd9863\" href=\"#044bdc119b0cd9863\"><span class=\"fusion-toggle-icon-wrapper\" aria-hidden=\"true\"><i class=\"fa-fusion-box active-icon awb-icon-minus\" aria-hidden=\"true\"><\/i><i class=\"fa-fusion-box inactive-icon awb-icon-plus\" aria-hidden=\"true\"><\/i><\/span><span class=\"fusion-toggle-heading\">Gestion des appareils mobiles<\/span><\/a><\/h4><\/div><div id=\"044bdc119b0cd9863\" class=\"panel-collapse collapse \" aria-labelledby=\"toggle_044bdc119b0cd9863\"><div class=\"panel-body toggle-content fusion-clearfix\">\n<p>Pour les smartphones et les tablettes, la fonction de gestion des appareils mobiles de SecureDoc offre aux clients une vue globale de l\u2019\u00e9tat de leur statut sur les appareils mobiles; leur permettant de g\u00e9rer le d\u00e9ploiement des appareils Android\u00ae et iOS\u00ae et de s&#8217;assurer que les strat\u00e9gies de s\u00e9curit\u00e9 et de mot de passe appropri\u00e9es sont appliqu\u00e9es. SecureDoc MDM offre la &#8220;preuve&#8221; dont les administrateurs informatiques ont besoin pour assurer la conformit\u00e9 avec les r\u00e9glementations cl\u00e9s du secteur tout en offrant une solution solide pour les environnements BYOD.<\/p>\n<\/div><\/div><\/div><div class=\"fusion-panel panel-default panel-693435f0685bd38db fusion-toggle-has-divider\"><div class=\"panel-heading\"><h4 class=\"panel-title toggle\" id=\"toggle_693435f0685bd38db\"><a aria-expanded=\"false\" aria-controls=\"693435f0685bd38db\" role=\"button\" data-toggle=\"collapse\" data-parent=\"#accordion-27611-1\" data-target=\"#693435f0685bd38db\" href=\"#693435f0685bd38db\"><span class=\"fusion-toggle-icon-wrapper\" aria-hidden=\"true\"><i class=\"fa-fusion-box active-icon awb-icon-minus\" aria-hidden=\"true\"><\/i><i class=\"fa-fusion-box inactive-icon awb-icon-plus\" aria-hidden=\"true\"><\/i><\/span><span class=\"fusion-toggle-heading\">Lecteurs \u00e0 auto-cryptage<\/span><\/a><\/h4><\/div><div id=\"693435f0685bd38db\" class=\"panel-collapse collapse \" aria-labelledby=\"toggle_693435f0685bd38db\"><div class=\"panel-body toggle-content fusion-clearfix\">\n<p>Les SED sont en passe de devenir la norme pour les clients qui souhaitent un niveau de s\u00e9curit\u00e9 int\u00e9gr\u00e9 \u00e0 leurs appareils. SES offre la meilleure gestion SED du secteur, prenant en charge les sp\u00e9cifications Opal 1 et 2. Gr\u00e2ce \u00e0 l&#8217;utilisation innovante de PBConnex, associ\u00e9e \u00e0 la gestion SED experte, SecureDoc OSA (Operating System Agnostic) permet aux organisations d&#8217;ex\u00e9cuter virtuellement n&#8217;importe quel syst\u00e8me d&#8217;exploitation sur un SED sans se soucier des probl\u00e8mes de compatibilit\u00e9.<\/p>\n<p>SecureDoc OSA permet aux utilisateurs de SecureDoc de chiffrer leur disque dur sans avoir \u00e0 installer de logiciel dans le syst\u00e8me d&#8217;exploitation. \u00c0 l\u2019aide des SED d\u2019Opal, la gestion et l\u2019authentification sont effectu\u00e9es au pr\u00e9-d\u00e9marrage, ce qui \u00e9vite de cr\u00e9er un package d\u2019installation sp\u00e9cifique au syst\u00e8me d\u2019exploitation. C\u2019est une solution id\u00e9ale pour les d\u00e9ploiements Linux ou Unix et \u00e9limine la complexit\u00e9 de la gestion des environnements multi-OS.<\/p>\n<\/div><\/div><\/div><\/div><\/div><div class=\"fusion-clearfix\"><\/div><\/div><\/div><\/div><\/div>\n","protected":false},"excerpt":{"rendered":"","protected":false},"author":26,"featured_media":0,"parent":14107,"menu_order":0,"comment_status":"closed","ping_status":"closed","template":"","meta":{"footnotes":""},"class_list":["post-27611","page","type-page","status-publish","hentry"],"yoast_head":"<!-- This site is optimized with the Yoast SEO plugin v27.3 - https:\/\/yoast.com\/product\/yoast-seo-wordpress\/ -->\n<title>Serveur d&#039;entreprise - RJR Innovations<\/title>\n<meta name=\"description\" content=\"WinMagic\u2019s SecureDoc Enterprise Server offers organizations total control over their data security environment ensuring maximum security and transparency.\" \/>\n<meta name=\"robots\" content=\"index, follow, max-snippet:-1, max-image-preview:large, max-video-preview:-1\" \/>\n<link rel=\"canonical\" href=\"https:\/\/www.rjrinnovations.com\/fr\/produits\/winmagic\/enterprise-server\/\" \/>\n<meta property=\"og:locale\" content=\"fr_FR\" \/>\n<meta property=\"og:type\" content=\"article\" \/>\n<meta property=\"og:title\" content=\"Serveur d&#039;entreprise - RJR Innovations\" \/>\n<meta property=\"og:description\" content=\"WinMagic\u2019s SecureDoc Enterprise Server offers organizations total control over their data security environment ensuring maximum security and transparency.\" \/>\n<meta property=\"og:url\" content=\"https:\/\/www.rjrinnovations.com\/fr\/produits\/winmagic\/enterprise-server\/\" \/>\n<meta property=\"og:site_name\" content=\"RJR Innovations\" \/>\n<meta property=\"article:publisher\" content=\"https:\/\/www.facebook.com\/RJR-Innovations-107107129324171\/\" \/>\n<meta property=\"article:modified_time\" content=\"2019-08-14T17:17:30+00:00\" \/>\n<meta name=\"twitter:card\" content=\"summary_large_image\" \/>\n<meta name=\"twitter:site\" content=\"@RJRInnovations\" \/>\n<script type=\"application\/ld+json\" class=\"yoast-schema-graph\">{\"@context\":\"https:\\\/\\\/schema.org\",\"@graph\":[{\"@type\":\"WebPage\",\"@id\":\"https:\\\/\\\/www.rjrinnovations.com\\\/fr\\\/produits\\\/winmagic\\\/enterprise-server\\\/\",\"url\":\"https:\\\/\\\/www.rjrinnovations.com\\\/fr\\\/produits\\\/winmagic\\\/enterprise-server\\\/\",\"name\":\"Serveur d'entreprise - RJR Innovations\",\"isPartOf\":{\"@id\":\"https:\\\/\\\/www.rjrinnovations.com\\\/#website\"},\"datePublished\":\"2017-04-20T16:34:44+00:00\",\"dateModified\":\"2019-08-14T17:17:30+00:00\",\"description\":\"WinMagic\u2019s SecureDoc Enterprise Server offers organizations total control over their data security environment ensuring maximum security and transparency.\",\"breadcrumb\":{\"@id\":\"https:\\\/\\\/www.rjrinnovations.com\\\/fr\\\/produits\\\/winmagic\\\/enterprise-server\\\/#breadcrumb\"},\"inLanguage\":\"fr-FR\",\"potentialAction\":[{\"@type\":\"ReadAction\",\"target\":[\"https:\\\/\\\/www.rjrinnovations.com\\\/fr\\\/produits\\\/winmagic\\\/enterprise-server\\\/\"]}]},{\"@type\":\"BreadcrumbList\",\"@id\":\"https:\\\/\\\/www.rjrinnovations.com\\\/fr\\\/produits\\\/winmagic\\\/enterprise-server\\\/#breadcrumb\",\"itemListElement\":[{\"@type\":\"ListItem\",\"position\":1,\"name\":\"Home\",\"item\":\"https:\\\/\\\/www.rjrinnovations.com\\\/fr\\\/\"},{\"@type\":\"ListItem\",\"position\":2,\"name\":\"Produits\",\"item\":\"https:\\\/\\\/www.rjrinnovations.com\\\/fr\\\/produits\\\/\"},{\"@type\":\"ListItem\",\"position\":3,\"name\":\"Chiffrement de disque\",\"item\":\"https:\\\/\\\/www.rjrinnovations.com\\\/fr\\\/produits\\\/winmagic\\\/\"},{\"@type\":\"ListItem\",\"position\":4,\"name\":\"Serveur d&#8217;entreprise\"}]},{\"@type\":\"WebSite\",\"@id\":\"https:\\\/\\\/www.rjrinnovations.com\\\/#website\",\"url\":\"https:\\\/\\\/www.rjrinnovations.com\\\/\",\"name\":\"RJR Innovations\",\"description\":\"Connect your business... All of IT\",\"publisher\":{\"@id\":\"https:\\\/\\\/www.rjrinnovations.com\\\/#organization\"},\"potentialAction\":[{\"@type\":\"SearchAction\",\"target\":{\"@type\":\"EntryPoint\",\"urlTemplate\":\"https:\\\/\\\/www.rjrinnovations.com\\\/?s={search_term_string}\"},\"query-input\":{\"@type\":\"PropertyValueSpecification\",\"valueRequired\":true,\"valueName\":\"search_term_string\"}}],\"inLanguage\":\"fr-FR\"},{\"@type\":\"Organization\",\"@id\":\"https:\\\/\\\/www.rjrinnovations.com\\\/#organization\",\"name\":\"RJR Innovations\",\"url\":\"https:\\\/\\\/www.rjrinnovations.com\\\/\",\"logo\":{\"@type\":\"ImageObject\",\"inLanguage\":\"fr-FR\",\"@id\":\"https:\\\/\\\/www.rjrinnovations.com\\\/#\\\/schema\\\/logo\\\/image\\\/\",\"url\":\"https:\\\/\\\/www.rjrinnovations.com\\\/wp-content\\\/uploads\\\/2015\\\/07\\\/RJR_Logo_Blue_Text_400x263.png\",\"contentUrl\":\"https:\\\/\\\/www.rjrinnovations.com\\\/wp-content\\\/uploads\\\/2015\\\/07\\\/RJR_Logo_Blue_Text_400x263.png\",\"width\":400,\"height\":237,\"caption\":\"RJR Innovations\"},\"image\":{\"@id\":\"https:\\\/\\\/www.rjrinnovations.com\\\/#\\\/schema\\\/logo\\\/image\\\/\"},\"sameAs\":[\"https:\\\/\\\/www.facebook.com\\\/RJR-Innovations-107107129324171\\\/\",\"https:\\\/\\\/x.com\\\/RJRInnovations\",\"https:\\\/\\\/www.linkedin.com\\\/company\\\/rjr-innovations\",\"https:\\\/\\\/www.youtube.com\\\/user\\\/RJRInnovations\"]}]}<\/script>\n<!-- \/ Yoast SEO plugin. -->","yoast_head_json":{"title":"Serveur d'entreprise - RJR Innovations","description":"WinMagic\u2019s SecureDoc Enterprise Server offers organizations total control over their data security environment ensuring maximum security and transparency.","robots":{"index":"index","follow":"follow","max-snippet":"max-snippet:-1","max-image-preview":"max-image-preview:large","max-video-preview":"max-video-preview:-1"},"canonical":"https:\/\/www.rjrinnovations.com\/fr\/produits\/winmagic\/enterprise-server\/","og_locale":"fr_FR","og_type":"article","og_title":"Serveur d'entreprise - RJR Innovations","og_description":"WinMagic\u2019s SecureDoc Enterprise Server offers organizations total control over their data security environment ensuring maximum security and transparency.","og_url":"https:\/\/www.rjrinnovations.com\/fr\/produits\/winmagic\/enterprise-server\/","og_site_name":"RJR Innovations","article_publisher":"https:\/\/www.facebook.com\/RJR-Innovations-107107129324171\/","article_modified_time":"2019-08-14T17:17:30+00:00","twitter_card":"summary_large_image","twitter_site":"@RJRInnovations","schema":{"@context":"https:\/\/schema.org","@graph":[{"@type":"WebPage","@id":"https:\/\/www.rjrinnovations.com\/fr\/produits\/winmagic\/enterprise-server\/","url":"https:\/\/www.rjrinnovations.com\/fr\/produits\/winmagic\/enterprise-server\/","name":"Serveur d'entreprise - RJR Innovations","isPartOf":{"@id":"https:\/\/www.rjrinnovations.com\/#website"},"datePublished":"2017-04-20T16:34:44+00:00","dateModified":"2019-08-14T17:17:30+00:00","description":"WinMagic\u2019s SecureDoc Enterprise Server offers organizations total control over their data security environment ensuring maximum security and transparency.","breadcrumb":{"@id":"https:\/\/www.rjrinnovations.com\/fr\/produits\/winmagic\/enterprise-server\/#breadcrumb"},"inLanguage":"fr-FR","potentialAction":[{"@type":"ReadAction","target":["https:\/\/www.rjrinnovations.com\/fr\/produits\/winmagic\/enterprise-server\/"]}]},{"@type":"BreadcrumbList","@id":"https:\/\/www.rjrinnovations.com\/fr\/produits\/winmagic\/enterprise-server\/#breadcrumb","itemListElement":[{"@type":"ListItem","position":1,"name":"Home","item":"https:\/\/www.rjrinnovations.com\/fr\/"},{"@type":"ListItem","position":2,"name":"Produits","item":"https:\/\/www.rjrinnovations.com\/fr\/produits\/"},{"@type":"ListItem","position":3,"name":"Chiffrement de disque","item":"https:\/\/www.rjrinnovations.com\/fr\/produits\/winmagic\/"},{"@type":"ListItem","position":4,"name":"Serveur d&#8217;entreprise"}]},{"@type":"WebSite","@id":"https:\/\/www.rjrinnovations.com\/#website","url":"https:\/\/www.rjrinnovations.com\/","name":"RJR Innovations","description":"Connect your business... All of IT","publisher":{"@id":"https:\/\/www.rjrinnovations.com\/#organization"},"potentialAction":[{"@type":"SearchAction","target":{"@type":"EntryPoint","urlTemplate":"https:\/\/www.rjrinnovations.com\/?s={search_term_string}"},"query-input":{"@type":"PropertyValueSpecification","valueRequired":true,"valueName":"search_term_string"}}],"inLanguage":"fr-FR"},{"@type":"Organization","@id":"https:\/\/www.rjrinnovations.com\/#organization","name":"RJR Innovations","url":"https:\/\/www.rjrinnovations.com\/","logo":{"@type":"ImageObject","inLanguage":"fr-FR","@id":"https:\/\/www.rjrinnovations.com\/#\/schema\/logo\/image\/","url":"https:\/\/www.rjrinnovations.com\/wp-content\/uploads\/2015\/07\/RJR_Logo_Blue_Text_400x263.png","contentUrl":"https:\/\/www.rjrinnovations.com\/wp-content\/uploads\/2015\/07\/RJR_Logo_Blue_Text_400x263.png","width":400,"height":237,"caption":"RJR Innovations"},"image":{"@id":"https:\/\/www.rjrinnovations.com\/#\/schema\/logo\/image\/"},"sameAs":["https:\/\/www.facebook.com\/RJR-Innovations-107107129324171\/","https:\/\/x.com\/RJRInnovations","https:\/\/www.linkedin.com\/company\/rjr-innovations","https:\/\/www.youtube.com\/user\/RJRInnovations"]}]}},"_links":{"self":[{"href":"https:\/\/www.rjrinnovations.com\/fr\/wp-json\/wp\/v2\/pages\/27611","targetHints":{"allow":["GET"]}}],"collection":[{"href":"https:\/\/www.rjrinnovations.com\/fr\/wp-json\/wp\/v2\/pages"}],"about":[{"href":"https:\/\/www.rjrinnovations.com\/fr\/wp-json\/wp\/v2\/types\/page"}],"author":[{"embeddable":true,"href":"https:\/\/www.rjrinnovations.com\/fr\/wp-json\/wp\/v2\/users\/26"}],"replies":[{"embeddable":true,"href":"https:\/\/www.rjrinnovations.com\/fr\/wp-json\/wp\/v2\/comments?post=27611"}],"version-history":[{"count":0,"href":"https:\/\/www.rjrinnovations.com\/fr\/wp-json\/wp\/v2\/pages\/27611\/revisions"}],"up":[{"embeddable":true,"href":"https:\/\/www.rjrinnovations.com\/fr\/wp-json\/wp\/v2\/pages\/14107"}],"wp:attachment":[{"href":"https:\/\/www.rjrinnovations.com\/fr\/wp-json\/wp\/v2\/media?parent=27611"}],"curies":[{"name":"wp","href":"https:\/\/api.w.org\/{rel}","templated":true}]}}