{"id":27620,"date":"2017-04-20T12:48:00","date_gmt":"2017-04-20T16:48:00","guid":{"rendered":"https:\/\/rjrinnovations.com\/fr\/produits\/winmagic\/standalone\/"},"modified":"2019-08-14T13:57:36","modified_gmt":"2019-08-14T17:57:36","slug":"standalone","status":"publish","type":"page","link":"https:\/\/www.rjrinnovations.com\/fr\/produits\/winmagic\/standalone\/","title":{"rendered":"Chiffrement de disque autonome"},"content":{"rendered":"<div class=\"fusion-fullwidth fullwidth-box fusion-builder-row-1 nonhundred-percent-fullwidth non-hundred-percent-height-scrolling\" style=\"--awb-border-radius-top-left:0px;--awb-border-radius-top-right:0px;--awb-border-radius-bottom-right:0px;--awb-border-radius-bottom-left:0px;--awb-flex-wrap:wrap;\" ><div class=\"fusion-builder-row fusion-row\"><div class=\"fusion-layout-column fusion_builder_column fusion-builder-column-0 fusion_builder_column_1_1 1_1 fusion-one-full fusion-column-first fusion-column-last\" style=\"--awb-bg-size:cover;\"><div class=\"fusion-column-wrapper fusion-flex-column-wrapper-legacy\"><div class=\"fusion-title title fusion-title-1 fusion-sep-none fusion-title-text fusion-title-size-one\"><h1 class=\"fusion-title-heading title-heading-left\" style=\"margin:0;\">Chiffrement de disque autonome<\/h1><\/div><div class=\"fusion-text fusion-text-1\"><h2>Vue d&#8217;ensemble<\/h2>\n<p>L\u2019\u00e9dition SecureDoc Standalone Edition de WinMagic maintient la productivit\u00e9 de l\u2019utilisateur final tout en garantissant une s\u00e9curit\u00e9 et une transparence maximales dans les processus de travail normaux. SecureDoc permet aux entreprises de g\u00e9rer la s\u00e9curit\u00e9 de leur environnement informatique en exploitant efficacement les fonctionnalit\u00e9s suivantes: Full Disk Encryption (FDE), authentification multifactorielle, cryptage du conteneur de m\u00e9dia amovible (RMCE) et cryptage des fichiers et des dossiers (FFE). Ces fonctionnalit\u00e9s aident les entreprises \u00e0 se conformer aux exigences gouvernementales et r\u00e9glementaires en vigueur dans leur secteur d&#8217;activit\u00e9.<\/p>\n<h3>Avantages de SecureDoc Standalone for Windows:<\/h3>\n<ul>\n<li>S\u00e9curit\u00e9 de classe entreprise pour PC individuels<\/li>\n<li>Mise \u00e0 niveau transparente vers Enterprise Edition si n\u00e9cessaire<\/li>\n<li>Flexibilit\u00e9 et contr\u00f4le sur comment et ce que vous partagez et qui peut le voir<\/li>\n<li>S\u00e9curisez les dossiers r\u00e9seau des regards indiscrets avec le chiffrement de fichiers et de dossiers<\/li>\n<li>R\u00e9duisez les risques globaux pour votre entreprise en cas de perte ou de vol<\/li>\n<\/ul>\n<p>SecureDoc est pr\u00eat \u00e0 prendre en charge tous vos besoins de chiffrement, maintenant et \u00e0 l&#8217;avenir.<\/p>\n<h4>Aujourd&#8217;hui, les organisations demandent:<\/h4>\n<ul>\n<li>Puis-je r\u00e9pondre aux nouvelles demandes de mon entreprise, telles que le cloud et les appareils mobiles?<\/li>\n<li>Comment mapper les m\u00e9thodes de contr\u00f4le d&#8217;acc\u00e8s aux risques de l&#8217;entreprise et aux besoins de mes utilisateurs?<\/li>\n<li>Puis-je g\u00e9rer, contr\u00f4ler et administrer de mani\u00e8re centralis\u00e9e tous mes utilisateurs et points de terminaison?<\/li>\n<li>Qui contr\u00f4le mes donn\u00e9es d&#8217;utilisateur?<\/li>\n<li>Comment puis-je incorporer des couches de s\u00e9curit\u00e9 suppl\u00e9mentaires pour m&#8217;aider \u00e0 renforcer ma protection contre les menaces?<\/li>\n<li>Et comment puis-je garder tout cela pratique et rentable?<\/li>\n<\/ul>\n<p>Plus que jamais, les clients recherchent des solutions de gestion des identit\u00e9s et des acc\u00e8s alliant simplicit\u00e9, automatisation, co\u00fbt total de possession r\u00e9duit et choix.<\/p>\n<\/div><div class=\"fusion-clearfix\"><\/div><\/div><\/div><div class=\"fusion-layout-column fusion_builder_column fusion-builder-column-1 fusion_builder_column_1_1 1_1 fusion-one-full fusion-column-first fusion-column-last\" style=\"--awb-bg-size:cover;\"><div class=\"fusion-column-wrapper fusion-flex-column-wrapper-legacy\"><div class=\"accordian fusion-accordian\" style=\"--awb-border-size:1px;--awb-icon-size:13px;--awb-content-font-size:16px;--awb-icon-alignment:left;--awb-hover-color:#f9f9f9;--awb-border-color:#cccccc;--awb-background-color:#ffffff;--awb-divider-color:#e3e3e3;--awb-divider-hover-color:#e3e3e3;--awb-icon-color:#ffffff;--awb-title-color:#ff8800;--awb-content-color:#4c4c4c;--awb-icon-box-color:#fdbc16;--awb-toggle-hover-accent-color:#0a162f;--awb-title-font-family:&quot;Open Sans&quot;;--awb-title-font-weight:600;--awb-title-font-style:normal;--awb-title-font-size:17px;--awb-content-font-family:&quot;Open Sans&quot;;--awb-content-font-style:normal;--awb-content-font-weight:400;\"><div class=\"panel-group fusion-toggle-icon-boxed\" id=\"accordion-27620-1\"><div class=\"fusion-panel panel-default panel-56a7ccfa4eda44988 fusion-toggle-has-divider\"><div class=\"panel-heading\"><h4 class=\"panel-title toggle\" id=\"toggle_56a7ccfa4eda44988\"><a aria-expanded=\"false\" aria-controls=\"56a7ccfa4eda44988\" role=\"button\" data-toggle=\"collapse\" data-parent=\"#accordion-27620-1\" data-target=\"#56a7ccfa4eda44988\" href=\"#56a7ccfa4eda44988\"><span class=\"fusion-toggle-icon-wrapper\" aria-hidden=\"true\"><i class=\"fa-fusion-box active-icon awb-icon-minus\" aria-hidden=\"true\"><\/i><i class=\"fa-fusion-box inactive-icon awb-icon-plus\" aria-hidden=\"true\"><\/i><\/span><span class=\"fusion-toggle-heading\">Cryptage de fichiers et de dossiers<\/span><\/a><\/h4><\/div><div id=\"56a7ccfa4eda44988\" class=\"panel-collapse collapse \" aria-labelledby=\"toggle_56a7ccfa4eda44988\"><div class=\"panel-body toggle-content fusion-clearfix\">\n<p>FFE est une option de mise \u00e0 niveau pour l&#8217;\u00e9dition SecureDoc Standalone. Avec FFE, les utilisateurs peuvent crypter de mani\u00e8re s\u00e9lective des fichiers et des dossiers sur leur appareil, en veillant \u00e0 ce que des informations sp\u00e9cifiques qui pourraient \u00eatre extr\u00eamement sensibles et confidentielles le restent. La possibilit\u00e9 d\u2019utiliser des fonctions classiques de \u00abglisser-d\u00e9poser\u00bb pour placer des feuilles de calcul, des documents et d\u2019autres donn\u00e9es dans un dossier crypt\u00e9 et s\u00e9curis\u00e9 permet aux utilisateurs de g\u00e9rer les donn\u00e9es sensibles de mani\u00e8re simple et efficace. De plus, les utilisateurs peuvent chiffrer des dossiers sur des lecteurs r\u00e9seau partag\u00e9s pour garantir la s\u00e9curit\u00e9 des donn\u00e9es laiss\u00e9es sur le r\u00e9seau plus large.<\/p>\n<p>Pour plus de s\u00e9curit\u00e9 et de tranquillit\u00e9 d&#8217;esprit, SecureDoc offre \u00e9galement plusieurs mani\u00e8res de s&#8217;authentifier. Que ce soit un mot de passe dans l\u2019environnement de pr\u00e9-lancement, un capteur d\u2019empreintes digitales, une carte \u00e0 puce ou un jeton, SecureDoc peut g\u00e9rer et garantir que les exigences d\u2019authentification dont vous avez besoin sont disponibles et garantissent une s\u00e9curit\u00e9 maximale.<\/p>\n<p>SecureDoc utilise un moteur cryptographique AES 256 bits certifi\u00e9 FIPS 140-2 pour chiffrer les donn\u00e9es et est certifi\u00e9 Common Criteria EAL4 par le Centre de la s\u00e9curit\u00e9 des t\u00e9l\u00e9communications. SecureDoc crypte l&#8217;int\u00e9gralit\u00e9 du disque dur (cryptage int\u00e9gral du disque) secteur par secteur.<\/p>\n<\/div><\/div><\/div><div class=\"fusion-panel panel-default panel-11e4c4284241bcf44 fusion-toggle-has-divider\"><div class=\"panel-heading\"><h4 class=\"panel-title toggle\" id=\"toggle_11e4c4284241bcf44\"><a aria-expanded=\"false\" aria-controls=\"11e4c4284241bcf44\" role=\"button\" data-toggle=\"collapse\" data-parent=\"#accordion-27620-1\" data-target=\"#11e4c4284241bcf44\" href=\"#11e4c4284241bcf44\"><span class=\"fusion-toggle-icon-wrapper\" aria-hidden=\"true\"><i class=\"fa-fusion-box active-icon awb-icon-minus\" aria-hidden=\"true\"><\/i><i class=\"fa-fusion-box inactive-icon awb-icon-plus\" aria-hidden=\"true\"><\/i><\/span><span class=\"fusion-toggle-heading\">Cryptage de conteneur de m\u00e9dia amovible<\/span><\/a><\/h4><\/div><div id=\"11e4c4284241bcf44\" class=\"panel-collapse collapse \" aria-labelledby=\"toggle_11e4c4284241bcf44\"><div class=\"panel-body toggle-content fusion-clearfix\">\n<p>RMCE permet aux utilisateurs non seulement de chiffrer compl\u00e8tement une cl\u00e9 USB, mais \u00e9galement de cr\u00e9er un conteneur chiffr\u00e9 sur une cl\u00e9 USB amovible. Cela diff\u00e8re du cryptage des supports amovibles traditionnels dans la mesure o\u00f9 l\u2019utilisateur n\u2019est pas tenu de chiffrer l\u2019ensemble du volume du support. Avec RMCE, les utilisateurs peuvent cr\u00e9er efficacement une partition chiffr\u00e9e sur le support amovible, laissant le reste du volume non chiffr\u00e9 et libre d&#8217;utilisation \u00e0 d&#8217;autres fins. Lors de l&#8217;utilisation de RMCE, une visionneuse de supports est \u00e9galement ajout\u00e9e au lecteur USB afin que les clients ou partenaires qui n&#8217;utilisent pas SecureDoc puissent afficher, modifier et enregistrer les fichiers dans le conteneur.<\/p>\n<\/div><\/div><\/div><div class=\"fusion-panel panel-default panel-c37d03b0becab743a fusion-toggle-has-divider\"><div class=\"panel-heading\"><h4 class=\"panel-title toggle\" id=\"toggle_c37d03b0becab743a\"><a aria-expanded=\"false\" aria-controls=\"c37d03b0becab743a\" role=\"button\" data-toggle=\"collapse\" data-parent=\"#accordion-27620-1\" data-target=\"#c37d03b0becab743a\" href=\"#c37d03b0becab743a\"><span class=\"fusion-toggle-icon-wrapper\" aria-hidden=\"true\"><i class=\"fa-fusion-box active-icon awb-icon-minus\" aria-hidden=\"true\"><\/i><i class=\"fa-fusion-box inactive-icon awb-icon-plus\" aria-hidden=\"true\"><\/i><\/span><span class=\"fusion-toggle-heading\">SecureDoc Standalone - Mise \u00e0 niveau transparente<\/span><\/a><\/h4><\/div><div id=\"c37d03b0becab743a\" class=\"panel-collapse collapse \" aria-labelledby=\"toggle_c37d03b0becab743a\"><div class=\"panel-body toggle-content fusion-clearfix\">\n<p>Vos besoins et vos affaires vont probablement changer et grandir et SecureDoc peut suivre le rythme. WinMagic est en mesure d\u2019offrir un moyen d\u2019adapter \u00e0 la fois la s\u00e9curit\u00e9 et la gestion \u00e0 mesure que votre portefeuille d\u2019appareils se d\u00e9veloppe. Si votre entreprise a besoin d&#8217;une gestion et d&#8217;un contr\u00f4le centralis\u00e9s, vous pouvez effectuer une mise \u00e0 niveau transparente vers SecureDoc Enterprise Edition et SecureDoc Enterprise Server (SES). Id\u00e9ale pour les environnements comptant au moins dix appareils \u00e0 g\u00e9rer (http:\/\/www.winmagic.com\/products\/enterprise-server-encryption), les licences peuvent \u00eatre harmonis\u00e9es pour passer au niveau Entreprise avec un impact minimal pour les utilisateurs finaux et prendre en charge des dizaines de milliers de utilisateurs. Si vous avez \u00e9galement besoin de la capacit\u00e9 de g\u00e9rer des appareils mobiles tels que des smartphones et des tablettes, SES peut \u00e9galement le faire.<\/p>\n<\/div><\/div><\/div><\/div><\/div><div class=\"fusion-clearfix\"><\/div><\/div><\/div><\/div><\/div>\n","protected":false},"excerpt":{"rendered":"","protected":false},"author":26,"featured_media":0,"parent":14107,"menu_order":0,"comment_status":"closed","ping_status":"closed","template":"","meta":{"footnotes":""},"class_list":["post-27620","page","type-page","status-publish","hentry"],"yoast_head":"<!-- This site is optimized with the Yoast SEO plugin v27.3 - https:\/\/yoast.com\/product\/yoast-seo-wordpress\/ -->\n<title>Chiffrement de disque autonome - RJR Innovations<\/title>\n<meta name=\"description\" content=\"WinMagic\u2019s SecureDoc Standalone Edition maintains end user productivity while ensuring maximum security.\" \/>\n<meta name=\"robots\" content=\"index, follow, max-snippet:-1, max-image-preview:large, max-video-preview:-1\" \/>\n<link rel=\"canonical\" href=\"https:\/\/www.rjrinnovations.com\/fr\/produits\/winmagic\/standalone\/\" \/>\n<meta property=\"og:locale\" content=\"fr_FR\" \/>\n<meta property=\"og:type\" content=\"article\" \/>\n<meta property=\"og:title\" content=\"Chiffrement de disque autonome - RJR Innovations\" \/>\n<meta property=\"og:description\" content=\"WinMagic\u2019s SecureDoc Standalone Edition maintains end user productivity while ensuring maximum security.\" \/>\n<meta property=\"og:url\" content=\"https:\/\/www.rjrinnovations.com\/fr\/produits\/winmagic\/standalone\/\" \/>\n<meta property=\"og:site_name\" content=\"RJR Innovations\" \/>\n<meta property=\"article:publisher\" content=\"https:\/\/www.facebook.com\/RJR-Innovations-107107129324171\/\" \/>\n<meta property=\"article:modified_time\" content=\"2019-08-14T17:57:36+00:00\" \/>\n<meta name=\"twitter:card\" content=\"summary_large_image\" \/>\n<meta name=\"twitter:site\" content=\"@RJRInnovations\" \/>\n<script type=\"application\/ld+json\" class=\"yoast-schema-graph\">{\"@context\":\"https:\\\/\\\/schema.org\",\"@graph\":[{\"@type\":\"WebPage\",\"@id\":\"https:\\\/\\\/www.rjrinnovations.com\\\/fr\\\/produits\\\/winmagic\\\/standalone\\\/\",\"url\":\"https:\\\/\\\/www.rjrinnovations.com\\\/fr\\\/produits\\\/winmagic\\\/standalone\\\/\",\"name\":\"Chiffrement de disque autonome - RJR Innovations\",\"isPartOf\":{\"@id\":\"https:\\\/\\\/www.rjrinnovations.com\\\/#website\"},\"datePublished\":\"2017-04-20T16:48:00+00:00\",\"dateModified\":\"2019-08-14T17:57:36+00:00\",\"description\":\"WinMagic\u2019s SecureDoc Standalone Edition maintains end user productivity while ensuring maximum security.\",\"breadcrumb\":{\"@id\":\"https:\\\/\\\/www.rjrinnovations.com\\\/fr\\\/produits\\\/winmagic\\\/standalone\\\/#breadcrumb\"},\"inLanguage\":\"fr-FR\",\"potentialAction\":[{\"@type\":\"ReadAction\",\"target\":[\"https:\\\/\\\/www.rjrinnovations.com\\\/fr\\\/produits\\\/winmagic\\\/standalone\\\/\"]}]},{\"@type\":\"BreadcrumbList\",\"@id\":\"https:\\\/\\\/www.rjrinnovations.com\\\/fr\\\/produits\\\/winmagic\\\/standalone\\\/#breadcrumb\",\"itemListElement\":[{\"@type\":\"ListItem\",\"position\":1,\"name\":\"Home\",\"item\":\"https:\\\/\\\/www.rjrinnovations.com\\\/fr\\\/\"},{\"@type\":\"ListItem\",\"position\":2,\"name\":\"Produits\",\"item\":\"https:\\\/\\\/www.rjrinnovations.com\\\/fr\\\/produits\\\/\"},{\"@type\":\"ListItem\",\"position\":3,\"name\":\"Chiffrement de disque\",\"item\":\"https:\\\/\\\/www.rjrinnovations.com\\\/fr\\\/produits\\\/winmagic\\\/\"},{\"@type\":\"ListItem\",\"position\":4,\"name\":\"Chiffrement de disque autonome\"}]},{\"@type\":\"WebSite\",\"@id\":\"https:\\\/\\\/www.rjrinnovations.com\\\/#website\",\"url\":\"https:\\\/\\\/www.rjrinnovations.com\\\/\",\"name\":\"RJR Innovations\",\"description\":\"Connect your business... All of IT\",\"publisher\":{\"@id\":\"https:\\\/\\\/www.rjrinnovations.com\\\/#organization\"},\"potentialAction\":[{\"@type\":\"SearchAction\",\"target\":{\"@type\":\"EntryPoint\",\"urlTemplate\":\"https:\\\/\\\/www.rjrinnovations.com\\\/?s={search_term_string}\"},\"query-input\":{\"@type\":\"PropertyValueSpecification\",\"valueRequired\":true,\"valueName\":\"search_term_string\"}}],\"inLanguage\":\"fr-FR\"},{\"@type\":\"Organization\",\"@id\":\"https:\\\/\\\/www.rjrinnovations.com\\\/#organization\",\"name\":\"RJR Innovations\",\"url\":\"https:\\\/\\\/www.rjrinnovations.com\\\/\",\"logo\":{\"@type\":\"ImageObject\",\"inLanguage\":\"fr-FR\",\"@id\":\"https:\\\/\\\/www.rjrinnovations.com\\\/#\\\/schema\\\/logo\\\/image\\\/\",\"url\":\"https:\\\/\\\/www.rjrinnovations.com\\\/wp-content\\\/uploads\\\/2015\\\/07\\\/RJR_Logo_Blue_Text_400x263.png\",\"contentUrl\":\"https:\\\/\\\/www.rjrinnovations.com\\\/wp-content\\\/uploads\\\/2015\\\/07\\\/RJR_Logo_Blue_Text_400x263.png\",\"width\":400,\"height\":237,\"caption\":\"RJR Innovations\"},\"image\":{\"@id\":\"https:\\\/\\\/www.rjrinnovations.com\\\/#\\\/schema\\\/logo\\\/image\\\/\"},\"sameAs\":[\"https:\\\/\\\/www.facebook.com\\\/RJR-Innovations-107107129324171\\\/\",\"https:\\\/\\\/x.com\\\/RJRInnovations\",\"https:\\\/\\\/www.linkedin.com\\\/company\\\/rjr-innovations\",\"https:\\\/\\\/www.youtube.com\\\/user\\\/RJRInnovations\"]}]}<\/script>\n<!-- \/ Yoast SEO plugin. -->","yoast_head_json":{"title":"Chiffrement de disque autonome - RJR Innovations","description":"WinMagic\u2019s SecureDoc Standalone Edition maintains end user productivity while ensuring maximum security.","robots":{"index":"index","follow":"follow","max-snippet":"max-snippet:-1","max-image-preview":"max-image-preview:large","max-video-preview":"max-video-preview:-1"},"canonical":"https:\/\/www.rjrinnovations.com\/fr\/produits\/winmagic\/standalone\/","og_locale":"fr_FR","og_type":"article","og_title":"Chiffrement de disque autonome - RJR Innovations","og_description":"WinMagic\u2019s SecureDoc Standalone Edition maintains end user productivity while ensuring maximum security.","og_url":"https:\/\/www.rjrinnovations.com\/fr\/produits\/winmagic\/standalone\/","og_site_name":"RJR Innovations","article_publisher":"https:\/\/www.facebook.com\/RJR-Innovations-107107129324171\/","article_modified_time":"2019-08-14T17:57:36+00:00","twitter_card":"summary_large_image","twitter_site":"@RJRInnovations","schema":{"@context":"https:\/\/schema.org","@graph":[{"@type":"WebPage","@id":"https:\/\/www.rjrinnovations.com\/fr\/produits\/winmagic\/standalone\/","url":"https:\/\/www.rjrinnovations.com\/fr\/produits\/winmagic\/standalone\/","name":"Chiffrement de disque autonome - RJR Innovations","isPartOf":{"@id":"https:\/\/www.rjrinnovations.com\/#website"},"datePublished":"2017-04-20T16:48:00+00:00","dateModified":"2019-08-14T17:57:36+00:00","description":"WinMagic\u2019s SecureDoc Standalone Edition maintains end user productivity while ensuring maximum security.","breadcrumb":{"@id":"https:\/\/www.rjrinnovations.com\/fr\/produits\/winmagic\/standalone\/#breadcrumb"},"inLanguage":"fr-FR","potentialAction":[{"@type":"ReadAction","target":["https:\/\/www.rjrinnovations.com\/fr\/produits\/winmagic\/standalone\/"]}]},{"@type":"BreadcrumbList","@id":"https:\/\/www.rjrinnovations.com\/fr\/produits\/winmagic\/standalone\/#breadcrumb","itemListElement":[{"@type":"ListItem","position":1,"name":"Home","item":"https:\/\/www.rjrinnovations.com\/fr\/"},{"@type":"ListItem","position":2,"name":"Produits","item":"https:\/\/www.rjrinnovations.com\/fr\/produits\/"},{"@type":"ListItem","position":3,"name":"Chiffrement de disque","item":"https:\/\/www.rjrinnovations.com\/fr\/produits\/winmagic\/"},{"@type":"ListItem","position":4,"name":"Chiffrement de disque autonome"}]},{"@type":"WebSite","@id":"https:\/\/www.rjrinnovations.com\/#website","url":"https:\/\/www.rjrinnovations.com\/","name":"RJR Innovations","description":"Connect your business... All of IT","publisher":{"@id":"https:\/\/www.rjrinnovations.com\/#organization"},"potentialAction":[{"@type":"SearchAction","target":{"@type":"EntryPoint","urlTemplate":"https:\/\/www.rjrinnovations.com\/?s={search_term_string}"},"query-input":{"@type":"PropertyValueSpecification","valueRequired":true,"valueName":"search_term_string"}}],"inLanguage":"fr-FR"},{"@type":"Organization","@id":"https:\/\/www.rjrinnovations.com\/#organization","name":"RJR Innovations","url":"https:\/\/www.rjrinnovations.com\/","logo":{"@type":"ImageObject","inLanguage":"fr-FR","@id":"https:\/\/www.rjrinnovations.com\/#\/schema\/logo\/image\/","url":"https:\/\/www.rjrinnovations.com\/wp-content\/uploads\/2015\/07\/RJR_Logo_Blue_Text_400x263.png","contentUrl":"https:\/\/www.rjrinnovations.com\/wp-content\/uploads\/2015\/07\/RJR_Logo_Blue_Text_400x263.png","width":400,"height":237,"caption":"RJR Innovations"},"image":{"@id":"https:\/\/www.rjrinnovations.com\/#\/schema\/logo\/image\/"},"sameAs":["https:\/\/www.facebook.com\/RJR-Innovations-107107129324171\/","https:\/\/x.com\/RJRInnovations","https:\/\/www.linkedin.com\/company\/rjr-innovations","https:\/\/www.youtube.com\/user\/RJRInnovations"]}]}},"_links":{"self":[{"href":"https:\/\/www.rjrinnovations.com\/fr\/wp-json\/wp\/v2\/pages\/27620","targetHints":{"allow":["GET"]}}],"collection":[{"href":"https:\/\/www.rjrinnovations.com\/fr\/wp-json\/wp\/v2\/pages"}],"about":[{"href":"https:\/\/www.rjrinnovations.com\/fr\/wp-json\/wp\/v2\/types\/page"}],"author":[{"embeddable":true,"href":"https:\/\/www.rjrinnovations.com\/fr\/wp-json\/wp\/v2\/users\/26"}],"replies":[{"embeddable":true,"href":"https:\/\/www.rjrinnovations.com\/fr\/wp-json\/wp\/v2\/comments?post=27620"}],"version-history":[{"count":0,"href":"https:\/\/www.rjrinnovations.com\/fr\/wp-json\/wp\/v2\/pages\/27620\/revisions"}],"up":[{"embeddable":true,"href":"https:\/\/www.rjrinnovations.com\/fr\/wp-json\/wp\/v2\/pages\/14107"}],"wp:attachment":[{"href":"https:\/\/www.rjrinnovations.com\/fr\/wp-json\/wp\/v2\/media?parent=27620"}],"curies":[{"name":"wp","href":"https:\/\/api.w.org\/{rel}","templated":true}]}}