{"id":27672,"date":"2017-04-20T13:07:49","date_gmt":"2017-04-20T17:07:49","guid":{"rendered":"https:\/\/rjrinnovations.com\/fr\/produits\/winmagic\/servers\/"},"modified":"2019-08-15T10:45:17","modified_gmt":"2019-08-15T14:45:17","slug":"servers","status":"publish","type":"page","link":"https:\/\/www.rjrinnovations.com\/fr\/produits\/winmagic\/servers\/","title":{"rendered":"Cryptage de disque pour serveurs"},"content":{"rendered":"<div class=\"fusion-fullwidth fullwidth-box fusion-builder-row-1 nonhundred-percent-fullwidth non-hundred-percent-height-scrolling\" style=\"--awb-border-radius-top-left:0px;--awb-border-radius-top-right:0px;--awb-border-radius-bottom-right:0px;--awb-border-radius-bottom-left:0px;--awb-flex-wrap:wrap;\" ><div class=\"fusion-builder-row fusion-row\"><div class=\"fusion-layout-column fusion_builder_column fusion-builder-column-0 fusion_builder_column_1_1 1_1 fusion-one-full fusion-column-first fusion-column-last\" style=\"--awb-bg-size:cover;\"><div class=\"fusion-column-wrapper fusion-flex-column-wrapper-legacy\"><div class=\"fusion-title title fusion-title-1 fusion-sep-none fusion-title-text fusion-title-size-one\"><h1 class=\"fusion-title-heading title-heading-left\" style=\"margin:0;\">Cryptage de disque pour serveurs<\/h1><\/div><div class=\"fusion-text fusion-text-1\"><h2>Vue d&#8217;ensemble<\/h2>\n<p>Les serveurs des d\u00e9partements doivent toujours \u00eatre crypt\u00e9s, m\u00eame s&#8217;ils ne font que suivre un processus aussi simple que des services d&#8217;impression, car ils r\u00e9sident souvent dans des environnements non s\u00e9curis\u00e9s. Tout serveur g\u00e9rant des donn\u00e9es relatives \u00e0 une entreprise et \u00e0 ses clients doit \u00eatre prot\u00e9g\u00e9 des regards indiscrets.<\/p>\n<p>Le fait que les serveurs r\u00e9sident dans certaines des zones les plus s\u00e9curis\u00e9es d\u2019une entreprise n\u2019exclut pas leur risque de perte ou de vol de donn\u00e9es. Quelque chose d&#8217;aussi simple qu&#8217;un gestionnaire informatique qui permute de mal remplacer des disques de stockage sur un serveur peut entra\u00eener une perte de donn\u00e9es. Si ce disque n\u2019est pas crypt\u00e9, ses informations risquent d\u2019\u00eatre r\u00e9v\u00e9l\u00e9es, ce qui expose une organisation \u00e0 des violations des r\u00e9glementations, \u00e0 des poursuites personnelles et \u00e0 une atteinte \u00e0 la r\u00e9putation de l\u2019entreprise.<\/p>\n<p>SecureDoc for Server et OSA (Operating System Agnostic) pour serveurs de WinMagic aident les entreprises \u00e0 s\u00e9curiser leurs investissements en infrastructure, en offrant un logiciel ou un mat\u00e9riel de chiffrement de disque et une foule d\u2019autres fonctionnalit\u00e9s pour g\u00e9rer et s\u00e9curiser en toute transparence les donn\u00e9es stock\u00e9es sur les serveurs de la soci\u00e9t\u00e9.<\/p>\n<h4 data-fontsize=\"17\" data-lineheight=\"21\">Caract\u00e9ristiques en un coup d&#8217;\u0153il:<\/h4>\n<ul>\n<li>Id\u00e9al pour les serveurs d\u00e9partementaux<\/li>\n<li>Prise en charge des disques d&#8217;entreprise TCG<\/li>\n<li>Seule solution de chiffrement de disque complet offrant une authentification r\u00e9seau pr\u00e9alable au d\u00e9marrage via\u00a0PBConnex<\/li>\n<li>Certifications: FIPS 140-2, validation AES<\/li>\n<li>Peut \u00eatre g\u00e9r\u00e9 de mani\u00e8re centralis\u00e9e par\u00a0SecureDoc\u00a0Enterprise Server (SES)<\/li>\n<li>Prise en charge RAID<\/li>\n<\/ul>\n<\/div><div class=\"fusion-clearfix\"><\/div><\/div><\/div><div class=\"fusion-layout-column fusion_builder_column fusion-builder-column-1 fusion_builder_column_1_1 1_1 fusion-one-full fusion-column-first fusion-column-last\" style=\"--awb-bg-size:cover;\"><div class=\"fusion-column-wrapper fusion-flex-column-wrapper-legacy\"><div class=\"accordian fusion-accordian\" style=\"--awb-border-size:1px;--awb-icon-size:13px;--awb-content-font-size:16px;--awb-icon-alignment:left;--awb-hover-color:#f9f9f9;--awb-border-color:#cccccc;--awb-background-color:#ffffff;--awb-divider-color:#e3e3e3;--awb-divider-hover-color:#e3e3e3;--awb-icon-color:#ffffff;--awb-title-color:#ff8800;--awb-content-color:#4c4c4c;--awb-icon-box-color:#fdbc16;--awb-toggle-hover-accent-color:#0a162f;--awb-title-font-family:&quot;Open Sans&quot;;--awb-title-font-weight:600;--awb-title-font-style:normal;--awb-title-font-size:17px;--awb-content-font-family:&quot;Open Sans&quot;;--awb-content-font-style:normal;--awb-content-font-weight:400;\"><div class=\"panel-group fusion-toggle-icon-boxed\" id=\"accordion-27672-1\"><div class=\"fusion-panel panel-default panel-70c55536a6f8cbb3f fusion-toggle-has-divider\"><div class=\"panel-heading\"><h4 class=\"panel-title toggle\" id=\"toggle_70c55536a6f8cbb3f\"><a aria-expanded=\"false\" aria-controls=\"70c55536a6f8cbb3f\" role=\"button\" data-toggle=\"collapse\" data-parent=\"#accordion-27672-1\" data-target=\"#70c55536a6f8cbb3f\" href=\"#70c55536a6f8cbb3f\"><span class=\"fusion-toggle-icon-wrapper\" aria-hidden=\"true\"><i class=\"fa-fusion-box active-icon awb-icon-minus\" aria-hidden=\"true\"><\/i><i class=\"fa-fusion-box inactive-icon awb-icon-plus\" aria-hidden=\"true\"><\/i><\/span><span class=\"fusion-toggle-heading\">SecureDoc OSA pour serveurs<\/span><\/a><\/h4><\/div><div id=\"70c55536a6f8cbb3f\" class=\"panel-collapse collapse \" aria-labelledby=\"toggle_70c55536a6f8cbb3f\"><div class=\"panel-body toggle-content fusion-clearfix\">\n<p>WinMagic travaille avec le TCG et prend en charge la sp\u00e9cification Opal SED depuis sa cr\u00e9ation. Le leadership de WinMagic dans cet espace s\u2019illustre par sa prise en charge leader des lecteurs conformes \u00e0 Opal, ainsi que par l\u2019utilisation innovante de PBConnex, associ\u00e9e \u00e0 la gestion SED &#8211; SecureDoc OSA.<\/p>\n<p>WinMagic a adopt\u00e9 une approche similaire aux lecteurs TCG Enterprise. Afin de r\u00e9pondre aux demandes des serveurs, un stockage plus important, compatible avec les disques d&#8217;entreprise TCG Enterprise, est n\u00e9cessaire. Les Enterprise Drives constituent le meilleur moyen, le plus s\u00fbr et le plus efficace, de chiffrer des donn\u00e9es sur un disque. Avec OSA for Servers, WinMagic a supprim\u00e9 un point de douleur cl\u00e9 pour les administrateurs informatiques et activ\u00e9 le d\u00e9marrage \/ le red\u00e9marrage sans surveillance \u00e0 distance de serveurs de d\u00e9partement via notre authentification r\u00e9seau pr\u00e9alable au d\u00e9marrage &#8211; chose traditionnellement impossible pour les serveurs chiffr\u00e9s.<\/p>\n<\/div><\/div><\/div><div class=\"fusion-panel panel-default panel-e5b7aa6b8662b292f fusion-toggle-has-divider\"><div class=\"panel-heading\"><h4 class=\"panel-title toggle\" id=\"toggle_e5b7aa6b8662b292f\"><a aria-expanded=\"false\" aria-controls=\"e5b7aa6b8662b292f\" role=\"button\" data-toggle=\"collapse\" data-parent=\"#accordion-27672-1\" data-target=\"#e5b7aa6b8662b292f\" href=\"#e5b7aa6b8662b292f\"><span class=\"fusion-toggle-icon-wrapper\" aria-hidden=\"true\"><i class=\"fa-fusion-box active-icon awb-icon-minus\" aria-hidden=\"true\"><\/i><i class=\"fa-fusion-box inactive-icon awb-icon-plus\" aria-hidden=\"true\"><\/i><\/span><span class=\"fusion-toggle-heading\">PBConnexTM<\/span><\/a><\/h4><\/div><div id=\"e5b7aa6b8662b292f\" class=\"panel-collapse collapse \" aria-labelledby=\"toggle_e5b7aa6b8662b292f\"><div class=\"panel-body toggle-content fusion-clearfix\">\n<p>SecureDoc avec PBConnex est la seule solution de cryptage et de gestion de donn\u00e9es permettant une authentification r\u00e9seau pr\u00e9alable au d\u00e9marrage. La possibilit\u00e9 d&#8217;activer un d\u00e9marrage s\u00e9curis\u00e9 dans un environnement de serveur, o\u00f9 le red\u00e9marrage sans surveillance d&#8217;un ordinateur est commun, ajoute une couche de s\u00e9curit\u00e9 qui aide \u00e0 assurer la continuit\u00e9 des activit\u00e9s. Cela signifie que si un serveur doit red\u00e9marrer en raison d&#8217;une panne ou d&#8217;une autre cause, il peut facilement \u00eatre red\u00e9marr\u00e9 et authentifi\u00e9 sans aucune gestion sur site. PBConnex utilise des ressources r\u00e9seau pour authentifier et appliquer des contr\u00f4les d&#8217;acc\u00e8s avant le chargement du syst\u00e8me d&#8217;exploitation. Cette approche unique et r\u00e9volutionnaire de la gestion FDE (Full Disk Encryption) permet aux entreprises de r\u00e9aliser des \u00e9conomies consid\u00e9rables en rationalisant la gestion informatique.<\/p>\n<p>L&#8217;autre avantage cl\u00e9 de cette approche est l&#8217;exposition \u00e0 la responsabilit\u00e9 limit\u00e9e due \u00e0 la perte physique ou au vol d&#8217;un serveur ou d&#8217;un disque dur. Si un serveur ou un disque dur quittait les lieux et \u00e9tait perdu ou vol\u00e9, les donn\u00e9es r\u00e9sidant sur ces p\u00e9riph\u00e9riques seraient illisibles. aucune cl\u00e9 sur les machines ou les disques durs ne permettrait \u00e0 un attaquant de d\u00e9chiffrer les donn\u00e9es.<\/p>\n<\/div><\/div><\/div><\/div><\/div><div class=\"fusion-clearfix\"><\/div><\/div><\/div><\/div><\/div>\n","protected":false},"excerpt":{"rendered":"","protected":false},"author":26,"featured_media":0,"parent":14107,"menu_order":0,"comment_status":"closed","ping_status":"closed","template":"","meta":{"footnotes":""},"class_list":["post-27672","page","type-page","status-publish","hentry"],"yoast_head":"<!-- This site is optimized with the Yoast SEO plugin v27.3 - https:\/\/yoast.com\/product\/yoast-seo-wordpress\/ -->\n<title>Cryptage de disque pour serveurs - RJR Innovations<\/title>\n<meta name=\"description\" content=\"WinMagic SecureDoc for Servers. Departmental servers should always be encrypted as they often reside in unsecured environments.\" \/>\n<meta name=\"robots\" content=\"index, follow, max-snippet:-1, max-image-preview:large, max-video-preview:-1\" \/>\n<link rel=\"canonical\" href=\"https:\/\/www.rjrinnovations.com\/fr\/produits\/winmagic\/servers\/\" \/>\n<meta property=\"og:locale\" content=\"fr_FR\" \/>\n<meta property=\"og:type\" content=\"article\" \/>\n<meta property=\"og:title\" content=\"Cryptage de disque pour serveurs - RJR Innovations\" \/>\n<meta property=\"og:description\" content=\"WinMagic SecureDoc for Servers. Departmental servers should always be encrypted as they often reside in unsecured environments.\" \/>\n<meta property=\"og:url\" content=\"https:\/\/www.rjrinnovations.com\/fr\/produits\/winmagic\/servers\/\" \/>\n<meta property=\"og:site_name\" content=\"RJR Innovations\" \/>\n<meta property=\"article:publisher\" content=\"https:\/\/www.facebook.com\/RJR-Innovations-107107129324171\/\" \/>\n<meta property=\"article:modified_time\" content=\"2019-08-15T14:45:17+00:00\" \/>\n<meta name=\"twitter:card\" content=\"summary_large_image\" \/>\n<meta name=\"twitter:site\" content=\"@RJRInnovations\" \/>\n<script type=\"application\/ld+json\" class=\"yoast-schema-graph\">{\"@context\":\"https:\\\/\\\/schema.org\",\"@graph\":[{\"@type\":\"WebPage\",\"@id\":\"https:\\\/\\\/www.rjrinnovations.com\\\/fr\\\/produits\\\/winmagic\\\/servers\\\/\",\"url\":\"https:\\\/\\\/www.rjrinnovations.com\\\/fr\\\/produits\\\/winmagic\\\/servers\\\/\",\"name\":\"Cryptage de disque pour serveurs - RJR Innovations\",\"isPartOf\":{\"@id\":\"https:\\\/\\\/www.rjrinnovations.com\\\/#website\"},\"datePublished\":\"2017-04-20T17:07:49+00:00\",\"dateModified\":\"2019-08-15T14:45:17+00:00\",\"description\":\"WinMagic SecureDoc for Servers. Departmental servers should always be encrypted as they often reside in unsecured environments.\",\"breadcrumb\":{\"@id\":\"https:\\\/\\\/www.rjrinnovations.com\\\/fr\\\/produits\\\/winmagic\\\/servers\\\/#breadcrumb\"},\"inLanguage\":\"fr-FR\",\"potentialAction\":[{\"@type\":\"ReadAction\",\"target\":[\"https:\\\/\\\/www.rjrinnovations.com\\\/fr\\\/produits\\\/winmagic\\\/servers\\\/\"]}]},{\"@type\":\"BreadcrumbList\",\"@id\":\"https:\\\/\\\/www.rjrinnovations.com\\\/fr\\\/produits\\\/winmagic\\\/servers\\\/#breadcrumb\",\"itemListElement\":[{\"@type\":\"ListItem\",\"position\":1,\"name\":\"Home\",\"item\":\"https:\\\/\\\/www.rjrinnovations.com\\\/fr\\\/\"},{\"@type\":\"ListItem\",\"position\":2,\"name\":\"Produits\",\"item\":\"https:\\\/\\\/www.rjrinnovations.com\\\/fr\\\/produits\\\/\"},{\"@type\":\"ListItem\",\"position\":3,\"name\":\"Chiffrement de disque\",\"item\":\"https:\\\/\\\/www.rjrinnovations.com\\\/fr\\\/produits\\\/winmagic\\\/\"},{\"@type\":\"ListItem\",\"position\":4,\"name\":\"Cryptage de disque pour serveurs\"}]},{\"@type\":\"WebSite\",\"@id\":\"https:\\\/\\\/www.rjrinnovations.com\\\/#website\",\"url\":\"https:\\\/\\\/www.rjrinnovations.com\\\/\",\"name\":\"RJR Innovations\",\"description\":\"Connect your business... All of IT\",\"publisher\":{\"@id\":\"https:\\\/\\\/www.rjrinnovations.com\\\/#organization\"},\"potentialAction\":[{\"@type\":\"SearchAction\",\"target\":{\"@type\":\"EntryPoint\",\"urlTemplate\":\"https:\\\/\\\/www.rjrinnovations.com\\\/?s={search_term_string}\"},\"query-input\":{\"@type\":\"PropertyValueSpecification\",\"valueRequired\":true,\"valueName\":\"search_term_string\"}}],\"inLanguage\":\"fr-FR\"},{\"@type\":\"Organization\",\"@id\":\"https:\\\/\\\/www.rjrinnovations.com\\\/#organization\",\"name\":\"RJR Innovations\",\"url\":\"https:\\\/\\\/www.rjrinnovations.com\\\/\",\"logo\":{\"@type\":\"ImageObject\",\"inLanguage\":\"fr-FR\",\"@id\":\"https:\\\/\\\/www.rjrinnovations.com\\\/#\\\/schema\\\/logo\\\/image\\\/\",\"url\":\"https:\\\/\\\/www.rjrinnovations.com\\\/wp-content\\\/uploads\\\/2015\\\/07\\\/RJR_Logo_Blue_Text_400x263.png\",\"contentUrl\":\"https:\\\/\\\/www.rjrinnovations.com\\\/wp-content\\\/uploads\\\/2015\\\/07\\\/RJR_Logo_Blue_Text_400x263.png\",\"width\":400,\"height\":237,\"caption\":\"RJR Innovations\"},\"image\":{\"@id\":\"https:\\\/\\\/www.rjrinnovations.com\\\/#\\\/schema\\\/logo\\\/image\\\/\"},\"sameAs\":[\"https:\\\/\\\/www.facebook.com\\\/RJR-Innovations-107107129324171\\\/\",\"https:\\\/\\\/x.com\\\/RJRInnovations\",\"https:\\\/\\\/www.linkedin.com\\\/company\\\/rjr-innovations\",\"https:\\\/\\\/www.youtube.com\\\/user\\\/RJRInnovations\"]}]}<\/script>\n<!-- \/ Yoast SEO plugin. -->","yoast_head_json":{"title":"Cryptage de disque pour serveurs - RJR Innovations","description":"WinMagic SecureDoc for Servers. Departmental servers should always be encrypted as they often reside in unsecured environments.","robots":{"index":"index","follow":"follow","max-snippet":"max-snippet:-1","max-image-preview":"max-image-preview:large","max-video-preview":"max-video-preview:-1"},"canonical":"https:\/\/www.rjrinnovations.com\/fr\/produits\/winmagic\/servers\/","og_locale":"fr_FR","og_type":"article","og_title":"Cryptage de disque pour serveurs - RJR Innovations","og_description":"WinMagic SecureDoc for Servers. Departmental servers should always be encrypted as they often reside in unsecured environments.","og_url":"https:\/\/www.rjrinnovations.com\/fr\/produits\/winmagic\/servers\/","og_site_name":"RJR Innovations","article_publisher":"https:\/\/www.facebook.com\/RJR-Innovations-107107129324171\/","article_modified_time":"2019-08-15T14:45:17+00:00","twitter_card":"summary_large_image","twitter_site":"@RJRInnovations","schema":{"@context":"https:\/\/schema.org","@graph":[{"@type":"WebPage","@id":"https:\/\/www.rjrinnovations.com\/fr\/produits\/winmagic\/servers\/","url":"https:\/\/www.rjrinnovations.com\/fr\/produits\/winmagic\/servers\/","name":"Cryptage de disque pour serveurs - RJR Innovations","isPartOf":{"@id":"https:\/\/www.rjrinnovations.com\/#website"},"datePublished":"2017-04-20T17:07:49+00:00","dateModified":"2019-08-15T14:45:17+00:00","description":"WinMagic SecureDoc for Servers. Departmental servers should always be encrypted as they often reside in unsecured environments.","breadcrumb":{"@id":"https:\/\/www.rjrinnovations.com\/fr\/produits\/winmagic\/servers\/#breadcrumb"},"inLanguage":"fr-FR","potentialAction":[{"@type":"ReadAction","target":["https:\/\/www.rjrinnovations.com\/fr\/produits\/winmagic\/servers\/"]}]},{"@type":"BreadcrumbList","@id":"https:\/\/www.rjrinnovations.com\/fr\/produits\/winmagic\/servers\/#breadcrumb","itemListElement":[{"@type":"ListItem","position":1,"name":"Home","item":"https:\/\/www.rjrinnovations.com\/fr\/"},{"@type":"ListItem","position":2,"name":"Produits","item":"https:\/\/www.rjrinnovations.com\/fr\/produits\/"},{"@type":"ListItem","position":3,"name":"Chiffrement de disque","item":"https:\/\/www.rjrinnovations.com\/fr\/produits\/winmagic\/"},{"@type":"ListItem","position":4,"name":"Cryptage de disque pour serveurs"}]},{"@type":"WebSite","@id":"https:\/\/www.rjrinnovations.com\/#website","url":"https:\/\/www.rjrinnovations.com\/","name":"RJR Innovations","description":"Connect your business... All of IT","publisher":{"@id":"https:\/\/www.rjrinnovations.com\/#organization"},"potentialAction":[{"@type":"SearchAction","target":{"@type":"EntryPoint","urlTemplate":"https:\/\/www.rjrinnovations.com\/?s={search_term_string}"},"query-input":{"@type":"PropertyValueSpecification","valueRequired":true,"valueName":"search_term_string"}}],"inLanguage":"fr-FR"},{"@type":"Organization","@id":"https:\/\/www.rjrinnovations.com\/#organization","name":"RJR Innovations","url":"https:\/\/www.rjrinnovations.com\/","logo":{"@type":"ImageObject","inLanguage":"fr-FR","@id":"https:\/\/www.rjrinnovations.com\/#\/schema\/logo\/image\/","url":"https:\/\/www.rjrinnovations.com\/wp-content\/uploads\/2015\/07\/RJR_Logo_Blue_Text_400x263.png","contentUrl":"https:\/\/www.rjrinnovations.com\/wp-content\/uploads\/2015\/07\/RJR_Logo_Blue_Text_400x263.png","width":400,"height":237,"caption":"RJR Innovations"},"image":{"@id":"https:\/\/www.rjrinnovations.com\/#\/schema\/logo\/image\/"},"sameAs":["https:\/\/www.facebook.com\/RJR-Innovations-107107129324171\/","https:\/\/x.com\/RJRInnovations","https:\/\/www.linkedin.com\/company\/rjr-innovations","https:\/\/www.youtube.com\/user\/RJRInnovations"]}]}},"_links":{"self":[{"href":"https:\/\/www.rjrinnovations.com\/fr\/wp-json\/wp\/v2\/pages\/27672","targetHints":{"allow":["GET"]}}],"collection":[{"href":"https:\/\/www.rjrinnovations.com\/fr\/wp-json\/wp\/v2\/pages"}],"about":[{"href":"https:\/\/www.rjrinnovations.com\/fr\/wp-json\/wp\/v2\/types\/page"}],"author":[{"embeddable":true,"href":"https:\/\/www.rjrinnovations.com\/fr\/wp-json\/wp\/v2\/users\/26"}],"replies":[{"embeddable":true,"href":"https:\/\/www.rjrinnovations.com\/fr\/wp-json\/wp\/v2\/comments?post=27672"}],"version-history":[{"count":0,"href":"https:\/\/www.rjrinnovations.com\/fr\/wp-json\/wp\/v2\/pages\/27672\/revisions"}],"up":[{"embeddable":true,"href":"https:\/\/www.rjrinnovations.com\/fr\/wp-json\/wp\/v2\/pages\/14107"}],"wp:attachment":[{"href":"https:\/\/www.rjrinnovations.com\/fr\/wp-json\/wp\/v2\/media?parent=27672"}],"curies":[{"name":"wp","href":"https:\/\/api.w.org\/{rel}","templated":true}]}}