{"id":27684,"date":"2017-04-20T13:18:57","date_gmt":"2017-04-20T17:18:57","guid":{"rendered":"https:\/\/rjrinnovations.com\/fr\/produits\/winmagic\/cloud\/"},"modified":"2019-08-15T10:59:46","modified_gmt":"2019-08-15T14:59:46","slug":"cloud","status":"publish","type":"page","link":"https:\/\/www.rjrinnovations.com\/fr\/produits\/winmagic\/cloud\/","title":{"rendered":"Chiffrement de disque pour le cloud"},"content":{"rendered":"<div class=\"fusion-fullwidth fullwidth-box fusion-builder-row-1 nonhundred-percent-fullwidth non-hundred-percent-height-scrolling\" style=\"--awb-border-radius-top-left:0px;--awb-border-radius-top-right:0px;--awb-border-radius-bottom-right:0px;--awb-border-radius-bottom-left:0px;--awb-flex-wrap:wrap;\" ><div class=\"fusion-builder-row fusion-row\"><div class=\"fusion-layout-column fusion_builder_column fusion-builder-column-0 fusion_builder_column_1_1 1_1 fusion-one-full fusion-column-first fusion-column-last\" style=\"--awb-bg-size:cover;\"><div class=\"fusion-column-wrapper fusion-flex-column-wrapper-legacy\"><div class=\"fusion-title title fusion-title-1 fusion-sep-none fusion-title-text fusion-title-size-one\"><h1 class=\"fusion-title-heading title-heading-left\" style=\"margin:0;\">Chiffrement de disque pour le cloud<\/h1><\/div><div class=\"fusion-text fusion-text-1\"><h2>Vue d&#8217;ensemble<\/h2>\n<p>Les employ\u00e9s de presque toutes les entreprises utilisent les services en nuage pour stocker et partager des fichiers. Les entreprises comprennent que ces services apportent une aide pr\u00e9cieuse \u00e0 la productivit\u00e9 des utilisateurs, mais les services informatiques et les directeurs informatiques craignent que les donn\u00e9es d\u00e9passent le pare-feu.<\/p>\n<p>SecureDoc Cloud est une application qui applique le principe de chiffrement de fichier transparent sur les dossiers en nuage via une strat\u00e9gie, afin de garantir la protection des donn\u00e9es. Il offre une couche de s\u00e9curit\u00e9 suppl\u00e9mentaire pour compl\u00e9ter le chiffrement int\u00e9gral du disque.<\/p>\n<p>Quel que soit le lieu o\u00f9 les donn\u00e9es se trouvent dans le cloud, SecureDoc Cloud garantit que les fichiers sont toujours chiffr\u00e9s au niveau du point de terminaison avant d&#8217;\u00eatre d\u00e9plac\u00e9s vers un service de cloud, \u00e9liminant ainsi les risques de violation de donn\u00e9es dans le cloud.<\/p>\n<p>Avec SecureDoc Cloud, le contenu du dossier de stockage sur un p\u00e9riph\u00e9rique est toujours chiffr\u00e9. La synchronisation du contenu crypt\u00e9 s&#8217;effectue de mani\u00e8re transparente, garantissant que tous les fichiers restent crypt\u00e9s dans le cloud.<\/p>\n<\/div><div class=\"fusion-clearfix\"><\/div><\/div><\/div><div class=\"fusion-layout-column fusion_builder_column fusion-builder-column-1 fusion_builder_column_1_1 1_1 fusion-one-full fusion-column-first fusion-column-last\" style=\"--awb-bg-size:cover;\"><div class=\"fusion-column-wrapper fusion-flex-column-wrapper-legacy\"><div class=\"accordian fusion-accordian\" style=\"--awb-border-size:1px;--awb-icon-size:13px;--awb-content-font-size:16px;--awb-icon-alignment:left;--awb-hover-color:#f9f9f9;--awb-border-color:#cccccc;--awb-background-color:#ffffff;--awb-divider-color:#e3e3e3;--awb-divider-hover-color:#e3e3e3;--awb-icon-color:#ffffff;--awb-title-color:#ff8800;--awb-content-color:#4c4c4c;--awb-icon-box-color:#fdbc16;--awb-toggle-hover-accent-color:#0a162f;--awb-title-font-family:&quot;Open Sans&quot;;--awb-title-font-weight:600;--awb-title-font-style:normal;--awb-title-font-size:17px;--awb-content-font-family:&quot;Open Sans&quot;;--awb-content-font-style:normal;--awb-content-font-weight:400;\"><div class=\"panel-group fusion-toggle-icon-boxed\" id=\"accordion-27684-1\"><div class=\"fusion-panel panel-default panel-9c594756067218bb1 fusion-toggle-has-divider\"><div class=\"panel-heading\"><h4 class=\"panel-title toggle\" id=\"toggle_9c594756067218bb1\"><a aria-expanded=\"false\" aria-controls=\"9c594756067218bb1\" role=\"button\" data-toggle=\"collapse\" data-parent=\"#accordion-27684-1\" data-target=\"#9c594756067218bb1\" href=\"#9c594756067218bb1\"><span class=\"fusion-toggle-icon-wrapper\" aria-hidden=\"true\"><i class=\"fa-fusion-box active-icon awb-icon-minus\" aria-hidden=\"true\"><\/i><i class=\"fa-fusion-box inactive-icon awb-icon-plus\" aria-hidden=\"true\"><\/i><\/span><span class=\"fusion-toggle-heading\">S\u00e9curit\u00e9<\/span><\/a><\/h4><\/div><div id=\"9c594756067218bb1\" class=\"panel-collapse collapse \" aria-labelledby=\"toggle_9c594756067218bb1\"><div class=\"panel-body toggle-content fusion-clearfix\">\n<ul>\n<li>Moteur cryptographique 256 bits certifi\u00e9 FIPS 140-2<\/li>\n<li>Le chiffrement a lieu au point final. Les fichiers d\u00e9plac\u00e9s d&#8217;un lecteur crypt\u00e9 restent crypt\u00e9s dans le cloud<\/li>\n<li>Les cl\u00e9s sont g\u00e9r\u00e9es par l&#8217;entreprise et non par des tiers<\/li>\n<\/ul>\n<\/div><\/div><\/div><div class=\"fusion-panel panel-default panel-3610a34f2acdc54ba fusion-toggle-has-divider\"><div class=\"panel-heading\"><h4 class=\"panel-title toggle\" id=\"toggle_3610a34f2acdc54ba\"><a aria-expanded=\"false\" aria-controls=\"3610a34f2acdc54ba\" role=\"button\" data-toggle=\"collapse\" data-parent=\"#accordion-27684-1\" data-target=\"#3610a34f2acdc54ba\" href=\"#3610a34f2acdc54ba\"><span class=\"fusion-toggle-icon-wrapper\" aria-hidden=\"true\"><i class=\"fa-fusion-box active-icon awb-icon-minus\" aria-hidden=\"true\"><\/i><i class=\"fa-fusion-box inactive-icon awb-icon-plus\" aria-hidden=\"true\"><\/i><\/span><span class=\"fusion-toggle-heading\">Facilit\u00e9 d'utilisation<\/span><\/a><\/h4><\/div><div id=\"3610a34f2acdc54ba\" class=\"panel-collapse collapse \" aria-labelledby=\"toggle_3610a34f2acdc54ba\"><div class=\"panel-body toggle-content fusion-clearfix\">\n<ul>\n<li>La m\u00e9thode du glisser-d\u00e9poser pour chiffrer des fichiers sp\u00e9cifiques offre aux utilisateurs un moyen simple et familier de g\u00e9rer des fichiers et des dossiers \u00e0 chiffrer.<\/li>\n<li>Maintenir la productivit\u00e9 de l&#8217;utilisateur final tout en garantissant une s\u00e9curit\u00e9 maximale et un flux de travail transparent<\/li>\n<li>Support multiplateforme<\/li>\n<\/ul>\n<\/div><\/div><\/div><div class=\"fusion-panel panel-default panel-67b08970fd6870e08 fusion-toggle-has-divider\"><div class=\"panel-heading\"><h4 class=\"panel-title toggle\" id=\"toggle_67b08970fd6870e08\"><a aria-expanded=\"false\" aria-controls=\"67b08970fd6870e08\" role=\"button\" data-toggle=\"collapse\" data-parent=\"#accordion-27684-1\" data-target=\"#67b08970fd6870e08\" href=\"#67b08970fd6870e08\"><span class=\"fusion-toggle-icon-wrapper\" aria-hidden=\"true\"><i class=\"fa-fusion-box active-icon awb-icon-minus\" aria-hidden=\"true\"><\/i><i class=\"fa-fusion-box inactive-icon awb-icon-plus\" aria-hidden=\"true\"><\/i><\/span><span class=\"fusion-toggle-heading\">Gestion centrale<\/span><\/a><\/h4><\/div><div id=\"67b08970fd6870e08\" class=\"panel-collapse collapse \" aria-labelledby=\"toggle_67b08970fd6870e08\"><div class=\"panel-body toggle-content fusion-clearfix\">\n<ul>\n<li>Les administrateurs informatiques peuvent g\u00e9rer de mani\u00e8re centralis\u00e9e les cl\u00e9s de chiffrement et les fournir aux utilisateurs autoris\u00e9s.<\/li>\n<li>Les administrateurs peuvent choisir d&#8217;appliquer le chiffrement \u00e0 l&#8217;int\u00e9gralit\u00e9 du dossier cloud ou d&#8217;appliquer le chiffrement aux dossiers cloud contenant uniquement des donn\u00e9es d&#8217;entreprise. et permettant aux utilisateurs d&#8217;utiliser le cloud pour leurs donn\u00e9es personnelles<\/li>\n<\/ul>\n<\/div><\/div><\/div><\/div><\/div><div class=\"fusion-clearfix\"><\/div><\/div><\/div><\/div><\/div>\n","protected":false},"excerpt":{"rendered":"","protected":false},"author":26,"featured_media":0,"parent":14107,"menu_order":0,"comment_status":"closed","ping_status":"closed","template":"","meta":{"footnotes":""},"class_list":["post-27684","page","type-page","status-publish","hentry"],"yoast_head":"<!-- This site is optimized with the Yoast SEO plugin v27.3 - https:\/\/yoast.com\/product\/yoast-seo-wordpress\/ -->\n<title>Chiffrement de disque pour le cloud - RJR Innovations<\/title>\n<meta name=\"description\" content=\"Employees at almost every company use cloud services to store and share files.\" \/>\n<meta name=\"robots\" content=\"index, follow, max-snippet:-1, max-image-preview:large, max-video-preview:-1\" \/>\n<link rel=\"canonical\" href=\"https:\/\/www.rjrinnovations.com\/fr\/produits\/winmagic\/cloud\/\" \/>\n<meta property=\"og:locale\" content=\"fr_FR\" \/>\n<meta property=\"og:type\" content=\"article\" \/>\n<meta property=\"og:title\" content=\"Chiffrement de disque pour le cloud - RJR Innovations\" \/>\n<meta property=\"og:description\" content=\"Employees at almost every company use cloud services to store and share files.\" \/>\n<meta property=\"og:url\" content=\"https:\/\/www.rjrinnovations.com\/fr\/produits\/winmagic\/cloud\/\" \/>\n<meta property=\"og:site_name\" content=\"RJR Innovations\" \/>\n<meta property=\"article:publisher\" content=\"https:\/\/www.facebook.com\/RJR-Innovations-107107129324171\/\" \/>\n<meta property=\"article:modified_time\" content=\"2019-08-15T14:59:46+00:00\" \/>\n<meta name=\"twitter:card\" content=\"summary_large_image\" \/>\n<meta name=\"twitter:site\" content=\"@RJRInnovations\" \/>\n<script type=\"application\/ld+json\" class=\"yoast-schema-graph\">{\"@context\":\"https:\\\/\\\/schema.org\",\"@graph\":[{\"@type\":\"WebPage\",\"@id\":\"https:\\\/\\\/www.rjrinnovations.com\\\/fr\\\/produits\\\/winmagic\\\/cloud\\\/\",\"url\":\"https:\\\/\\\/www.rjrinnovations.com\\\/fr\\\/produits\\\/winmagic\\\/cloud\\\/\",\"name\":\"Chiffrement de disque pour le cloud - RJR Innovations\",\"isPartOf\":{\"@id\":\"https:\\\/\\\/www.rjrinnovations.com\\\/#website\"},\"datePublished\":\"2017-04-20T17:18:57+00:00\",\"dateModified\":\"2019-08-15T14:59:46+00:00\",\"description\":\"Employees at almost every company use cloud services to store and share files.\",\"breadcrumb\":{\"@id\":\"https:\\\/\\\/www.rjrinnovations.com\\\/fr\\\/produits\\\/winmagic\\\/cloud\\\/#breadcrumb\"},\"inLanguage\":\"fr-FR\",\"potentialAction\":[{\"@type\":\"ReadAction\",\"target\":[\"https:\\\/\\\/www.rjrinnovations.com\\\/fr\\\/produits\\\/winmagic\\\/cloud\\\/\"]}]},{\"@type\":\"BreadcrumbList\",\"@id\":\"https:\\\/\\\/www.rjrinnovations.com\\\/fr\\\/produits\\\/winmagic\\\/cloud\\\/#breadcrumb\",\"itemListElement\":[{\"@type\":\"ListItem\",\"position\":1,\"name\":\"Home\",\"item\":\"https:\\\/\\\/www.rjrinnovations.com\\\/fr\\\/\"},{\"@type\":\"ListItem\",\"position\":2,\"name\":\"Produits\",\"item\":\"https:\\\/\\\/www.rjrinnovations.com\\\/fr\\\/produits\\\/\"},{\"@type\":\"ListItem\",\"position\":3,\"name\":\"Chiffrement de disque\",\"item\":\"https:\\\/\\\/www.rjrinnovations.com\\\/fr\\\/produits\\\/winmagic\\\/\"},{\"@type\":\"ListItem\",\"position\":4,\"name\":\"Chiffrement de disque pour le cloud\"}]},{\"@type\":\"WebSite\",\"@id\":\"https:\\\/\\\/www.rjrinnovations.com\\\/#website\",\"url\":\"https:\\\/\\\/www.rjrinnovations.com\\\/\",\"name\":\"RJR Innovations\",\"description\":\"Connect your business... All of IT\",\"publisher\":{\"@id\":\"https:\\\/\\\/www.rjrinnovations.com\\\/#organization\"},\"potentialAction\":[{\"@type\":\"SearchAction\",\"target\":{\"@type\":\"EntryPoint\",\"urlTemplate\":\"https:\\\/\\\/www.rjrinnovations.com\\\/?s={search_term_string}\"},\"query-input\":{\"@type\":\"PropertyValueSpecification\",\"valueRequired\":true,\"valueName\":\"search_term_string\"}}],\"inLanguage\":\"fr-FR\"},{\"@type\":\"Organization\",\"@id\":\"https:\\\/\\\/www.rjrinnovations.com\\\/#organization\",\"name\":\"RJR Innovations\",\"url\":\"https:\\\/\\\/www.rjrinnovations.com\\\/\",\"logo\":{\"@type\":\"ImageObject\",\"inLanguage\":\"fr-FR\",\"@id\":\"https:\\\/\\\/www.rjrinnovations.com\\\/#\\\/schema\\\/logo\\\/image\\\/\",\"url\":\"https:\\\/\\\/www.rjrinnovations.com\\\/wp-content\\\/uploads\\\/2015\\\/07\\\/RJR_Logo_Blue_Text_400x263.png\",\"contentUrl\":\"https:\\\/\\\/www.rjrinnovations.com\\\/wp-content\\\/uploads\\\/2015\\\/07\\\/RJR_Logo_Blue_Text_400x263.png\",\"width\":400,\"height\":237,\"caption\":\"RJR Innovations\"},\"image\":{\"@id\":\"https:\\\/\\\/www.rjrinnovations.com\\\/#\\\/schema\\\/logo\\\/image\\\/\"},\"sameAs\":[\"https:\\\/\\\/www.facebook.com\\\/RJR-Innovations-107107129324171\\\/\",\"https:\\\/\\\/x.com\\\/RJRInnovations\",\"https:\\\/\\\/www.linkedin.com\\\/company\\\/rjr-innovations\",\"https:\\\/\\\/www.youtube.com\\\/user\\\/RJRInnovations\"]}]}<\/script>\n<!-- \/ Yoast SEO plugin. -->","yoast_head_json":{"title":"Chiffrement de disque pour le cloud - RJR Innovations","description":"Employees at almost every company use cloud services to store and share files.","robots":{"index":"index","follow":"follow","max-snippet":"max-snippet:-1","max-image-preview":"max-image-preview:large","max-video-preview":"max-video-preview:-1"},"canonical":"https:\/\/www.rjrinnovations.com\/fr\/produits\/winmagic\/cloud\/","og_locale":"fr_FR","og_type":"article","og_title":"Chiffrement de disque pour le cloud - RJR Innovations","og_description":"Employees at almost every company use cloud services to store and share files.","og_url":"https:\/\/www.rjrinnovations.com\/fr\/produits\/winmagic\/cloud\/","og_site_name":"RJR Innovations","article_publisher":"https:\/\/www.facebook.com\/RJR-Innovations-107107129324171\/","article_modified_time":"2019-08-15T14:59:46+00:00","twitter_card":"summary_large_image","twitter_site":"@RJRInnovations","schema":{"@context":"https:\/\/schema.org","@graph":[{"@type":"WebPage","@id":"https:\/\/www.rjrinnovations.com\/fr\/produits\/winmagic\/cloud\/","url":"https:\/\/www.rjrinnovations.com\/fr\/produits\/winmagic\/cloud\/","name":"Chiffrement de disque pour le cloud - RJR Innovations","isPartOf":{"@id":"https:\/\/www.rjrinnovations.com\/#website"},"datePublished":"2017-04-20T17:18:57+00:00","dateModified":"2019-08-15T14:59:46+00:00","description":"Employees at almost every company use cloud services to store and share files.","breadcrumb":{"@id":"https:\/\/www.rjrinnovations.com\/fr\/produits\/winmagic\/cloud\/#breadcrumb"},"inLanguage":"fr-FR","potentialAction":[{"@type":"ReadAction","target":["https:\/\/www.rjrinnovations.com\/fr\/produits\/winmagic\/cloud\/"]}]},{"@type":"BreadcrumbList","@id":"https:\/\/www.rjrinnovations.com\/fr\/produits\/winmagic\/cloud\/#breadcrumb","itemListElement":[{"@type":"ListItem","position":1,"name":"Home","item":"https:\/\/www.rjrinnovations.com\/fr\/"},{"@type":"ListItem","position":2,"name":"Produits","item":"https:\/\/www.rjrinnovations.com\/fr\/produits\/"},{"@type":"ListItem","position":3,"name":"Chiffrement de disque","item":"https:\/\/www.rjrinnovations.com\/fr\/produits\/winmagic\/"},{"@type":"ListItem","position":4,"name":"Chiffrement de disque pour le cloud"}]},{"@type":"WebSite","@id":"https:\/\/www.rjrinnovations.com\/#website","url":"https:\/\/www.rjrinnovations.com\/","name":"RJR Innovations","description":"Connect your business... All of IT","publisher":{"@id":"https:\/\/www.rjrinnovations.com\/#organization"},"potentialAction":[{"@type":"SearchAction","target":{"@type":"EntryPoint","urlTemplate":"https:\/\/www.rjrinnovations.com\/?s={search_term_string}"},"query-input":{"@type":"PropertyValueSpecification","valueRequired":true,"valueName":"search_term_string"}}],"inLanguage":"fr-FR"},{"@type":"Organization","@id":"https:\/\/www.rjrinnovations.com\/#organization","name":"RJR Innovations","url":"https:\/\/www.rjrinnovations.com\/","logo":{"@type":"ImageObject","inLanguage":"fr-FR","@id":"https:\/\/www.rjrinnovations.com\/#\/schema\/logo\/image\/","url":"https:\/\/www.rjrinnovations.com\/wp-content\/uploads\/2015\/07\/RJR_Logo_Blue_Text_400x263.png","contentUrl":"https:\/\/www.rjrinnovations.com\/wp-content\/uploads\/2015\/07\/RJR_Logo_Blue_Text_400x263.png","width":400,"height":237,"caption":"RJR Innovations"},"image":{"@id":"https:\/\/www.rjrinnovations.com\/#\/schema\/logo\/image\/"},"sameAs":["https:\/\/www.facebook.com\/RJR-Innovations-107107129324171\/","https:\/\/x.com\/RJRInnovations","https:\/\/www.linkedin.com\/company\/rjr-innovations","https:\/\/www.youtube.com\/user\/RJRInnovations"]}]}},"_links":{"self":[{"href":"https:\/\/www.rjrinnovations.com\/fr\/wp-json\/wp\/v2\/pages\/27684","targetHints":{"allow":["GET"]}}],"collection":[{"href":"https:\/\/www.rjrinnovations.com\/fr\/wp-json\/wp\/v2\/pages"}],"about":[{"href":"https:\/\/www.rjrinnovations.com\/fr\/wp-json\/wp\/v2\/types\/page"}],"author":[{"embeddable":true,"href":"https:\/\/www.rjrinnovations.com\/fr\/wp-json\/wp\/v2\/users\/26"}],"replies":[{"embeddable":true,"href":"https:\/\/www.rjrinnovations.com\/fr\/wp-json\/wp\/v2\/comments?post=27684"}],"version-history":[{"count":0,"href":"https:\/\/www.rjrinnovations.com\/fr\/wp-json\/wp\/v2\/pages\/27684\/revisions"}],"up":[{"embeddable":true,"href":"https:\/\/www.rjrinnovations.com\/fr\/wp-json\/wp\/v2\/pages\/14107"}],"wp:attachment":[{"href":"https:\/\/www.rjrinnovations.com\/fr\/wp-json\/wp\/v2\/media?parent=27684"}],"curies":[{"name":"wp","href":"https:\/\/api.w.org\/{rel}","templated":true}]}}