{"id":33388,"date":"2015-02-26T14:06:24","date_gmt":"2015-02-26T19:06:24","guid":{"rendered":"https:\/\/rjrinnovations.com\/fr\/managed-services\/"},"modified":"2020-08-07T08:33:27","modified_gmt":"2020-08-07T12:33:27","slug":"services-geres","status":"publish","type":"page","link":"https:\/\/www.rjrinnovations.com\/fr\/services-geres\/","title":{"rendered":"Services g\u00e9r\u00e9s"},"content":{"rendered":"<p><div class=\"fusion-fullwidth fullwidth-box fusion-builder-row-1 nonhundred-percent-fullwidth non-hundred-percent-height-scrolling\" style=\"--awb-border-radius-top-left:0px;--awb-border-radius-top-right:0px;--awb-border-radius-bottom-right:0px;--awb-border-radius-bottom-left:0px;--awb-flex-wrap:wrap;\" ><div class=\"fusion-builder-row fusion-row\"><div class=\"fusion-layout-column fusion_builder_column fusion-builder-column-0 fusion_builder_column_1_1 1_1 fusion-one-full fusion-column-first fusion-column-last fusion-column-no-min-height\" style=\"--awb-bg-size:cover;--awb-margin-top:0px;--awb-margin-bottom:0px;\"><div class=\"fusion-column-wrapper fusion-flex-column-wrapper-legacy\"><div class=\"fusion-title title fusion-title-1 fusion-sep-none fusion-title-text fusion-title-size-one\"><h1 class=\"fusion-title-heading title-heading-left\" style=\"margin:0;\">Services g\u00e9r\u00e9s<\/h1><\/div><div class=\"fusion-text fusion-text-1\"><p><img decoding=\"async\" class=\"lazyload alignleft wp-image-37495\" title=\"Managed Services\" src=\"https:\/\/rjrinnovations.com\/wp-content\/uploads\/2020\/08\/pexels-lukas-669615.jpg\" data-orig-src=\"https:\/\/rjrinnovations.com\/wp-content\/uploads\/2020\/08\/pexels-lukas-669615.jpg\" alt=\"\" width=\"300\" height=\"198\" srcset=\"data:image\/svg+xml,%3Csvg%20xmlns%3D%27http%3A%2F%2Fwww.w3.org%2F2000%2Fsvg%27%20width%3D%27300%27%20height%3D%27198%27%20viewBox%3D%270%200%20300%20198%27%3E%3Crect%20width%3D%27300%27%20height%3D%27198%27%20fill-opacity%3D%220%22%2F%3E%3C%2Fsvg%3E\" data-srcset=\"https:\/\/www.rjrinnovations.com\/wp-content\/uploads\/2020\/08\/pexels-lukas-669615-150x99.jpg 150w, https:\/\/www.rjrinnovations.com\/wp-content\/uploads\/2020\/08\/pexels-lukas-669615-200x132.jpg 200w, https:\/\/www.rjrinnovations.com\/wp-content\/uploads\/2020\/08\/pexels-lukas-669615-400x264.jpg 400w, https:\/\/www.rjrinnovations.com\/wp-content\/uploads\/2020\/08\/pexels-lukas-669615-600x397.jpg 600w, https:\/\/www.rjrinnovations.com\/wp-content\/uploads\/2020\/08\/pexels-lukas-669615.jpg 640w\" data-sizes=\"auto\" data-orig-sizes=\"(max-width: 300px) 100vw, 300px\" \/>Les services g\u00e9r\u00e9s de RJR suppriment l&#8217;obligation de votre organisation d&#8217;engager des ressources internes pour mettre en \u0153uvre, maintenir et g\u00e9rer de nouveaux processus et \/ ou fonctionnalit\u00e9s. Pas besoin de retarder de nouveaux projets car vous n&#8217;avez pas l&#8217;expertise de la solution.<\/p>\n<h3>Nos professionnels form\u00e9s et certifi\u00e9s:<\/h3>\n<p>\u2022 Am\u00e9liorez vos processus.<br \/>\n\u2022 Augmentez le retour sur investissement (ROI) en tirant parti de l&#8217;utilisation compl\u00e8te des produits.<br \/>\n\u2022 Assurez-vous que toutes les am\u00e9liorations r\u00e9pondent aux meilleures pratiques de l&#8217;industrie.<\/p>\n<p><div class=\"fusion-button-wrapper\"><a class=\"fusion-button button-flat fusion-button-default-size button-custom fusion-button-default button-1 fusion-button-default-span fusion-button-default-type\" style=\"--button_accent_color:#fdbc16;--button_accent_hover_color:#fdbc16;--button_border_hover_color:#fdbc16;--button_gradient_top_color:#0a162f;--button_gradient_bottom_color:#0a162f;--button_gradient_top_color_hover:#22489b;--button_gradient_bottom_color_hover:#22489b;\" target=\"_self\" title=\"Contact us about Managed Services\" aria-label=\"Contact us about Managed Services\" href=\"\/fr\/contact-us-for-more-info\/\"><span class=\"fusion-button-text awb-button__text awb-button__text--default\">Nous contacter<\/span><\/a><\/div><div class=\"fusion-sep-clear\"><\/div><div class=\"fusion-separator fusion-full-width-sep\" style=\"margin-left: auto;margin-right: auto;margin-top:20px;margin-bottom:20px;width:100%;\"><\/div><div class=\"fusion-sep-clear\"><\/div><\/p>\n<h2>Nos niveaux de service<\/h2>\n<p>Les niveaux de service g\u00e9r\u00e9 de RJR varient en fonction de leur niveau de performance de base, plus ou premium et vous permettent de vous concentrer sur vos activit\u00e9s quotidiennes plut\u00f4t que de vous soucier de la maintenance de vos logiciels et mat\u00e9riels.<\/p>\n<p>Managed Basic comprend l&#8217;administration et la maintenance de votre produit pour garantir qu&#8217;il fonctionne de mani\u00e8re transparente au niveau Basic, tandis que les niveaux Plus et Premium \u00e9tendent ces services \u00e0 la gestion des demandes, des fonctionnalit\u00e9s ajout\u00e9es et des fonctionnalit\u00e9s \u00e9tendues.<\/p>\n<\/div><div class=\"fusion-clearfix\"><\/div><\/div><\/div><\/div><\/div><div class=\"fusion-fullwidth fullwidth-box fusion-builder-row-2 nonhundred-percent-fullwidth non-hundred-percent-height-scrolling\" style=\"--awb-border-sizes-top:0px;--awb-border-sizes-bottom:0px;--awb-border-sizes-left:0px;--awb-border-sizes-right:0px;--awb-border-radius-top-left:0px;--awb-border-radius-top-right:0px;--awb-border-radius-bottom-right:0px;--awb-border-radius-bottom-left:0px;--awb-padding-top:25px;--awb-background-color:#f9f9f9;--awb-flex-wrap:wrap;\" ><div class=\"fusion-builder-row fusion-row\"><div class=\"fusion-layout-column fusion_builder_column fusion-builder-column-1 fusion_builder_column_1_1 1_1 fusion-one-full fusion-column-first fusion-column-last\" style=\"--awb-bg-size:cover;\"><div class=\"fusion-column-wrapper fusion-flex-column-wrapper-legacy\"><div class=\"fusion-tabs fusion-tabs-1 clean nav-is-justified horizontal-tabs icon-position-left mobile-mode-accordion\" style=\"--awb-title-border-radius-top-left:0px;--awb-title-border-radius-top-right:0px;--awb-title-border-radius-bottom-right:0px;--awb-title-border-radius-bottom-left:0px;--awb-inactive-color:#fdbc16;--awb-background-color:#ffffff;--awb-border-color:#ffffff;--awb-active-border-color:#fdbc16;\"><div class=\"nav\"><ul class=\"nav-tabs nav-justified\" role=\"tablist\"><li class=\"active\" role=\"presentation\"><a class=\"tab-link\" data-toggle=\"tab\" role=\"tab\" aria-controls=\"tab-caef852b9157ffb606d\" aria-selected=\"true\" id=\"fusion-tab-g\u00e9r\u00e9debase\" href=\"#tab-caef852b9157ffb606d\"><h4 class=\"fusion-tab-heading\"><i class=\"fontawesome-icon fa-check fas\" aria-hidden=\"true\" style=\"font-size:13px;\"><\/i>G\u00e9r\u00e9 de base<\/h4><\/a><\/li><li role=\"presentation\"><a class=\"tab-link\" data-toggle=\"tab\" role=\"tab\" aria-controls=\"tab-90d8ce0a43a4147169d\" aria-selected=\"false\" tabindex=\"-1\" id=\"fusion-tab-g\u00e9r\u00e9plus\" href=\"#tab-90d8ce0a43a4147169d\"><h4 class=\"fusion-tab-heading\"><i class=\"fontawesome-icon fa-check fas\" aria-hidden=\"true\" style=\"font-size:13px;\"><\/i>G\u00e9r\u00e9 plus<\/h4><\/a><\/li><li role=\"presentation\"><a class=\"tab-link\" data-toggle=\"tab\" role=\"tab\" aria-controls=\"tab-df82d001a7850429a1d\" aria-selected=\"false\" tabindex=\"-1\" id=\"fusion-tab-primeg\u00e9r\u00e9e\" href=\"#tab-df82d001a7850429a1d\"><h4 class=\"fusion-tab-heading\"><i class=\"fontawesome-icon fa-check fas\" aria-hidden=\"true\" style=\"font-size:13px;\"><\/i>Prime g\u00e9r\u00e9e<\/h4><\/a><\/li><\/ul><\/div><div class=\"tab-content\"><div class=\"nav fusion-mobile-tab-nav\"><ul class=\"nav-tabs nav-justified\" role=\"tablist\"><li class=\"active\" role=\"presentation\"><a class=\"tab-link\" data-toggle=\"tab\" role=\"tab\" aria-controls=\"tab-caef852b9157ffb606d\" aria-selected=\"true\" id=\"mobile-fusion-tab-g\u00e9r\u00e9debase\" href=\"#tab-caef852b9157ffb606d\"><h4 class=\"fusion-tab-heading\"><i class=\"fontawesome-icon fa-check fas\" aria-hidden=\"true\" style=\"font-size:13px;\"><\/i>G\u00e9r\u00e9 de base<\/h4><\/a><\/li><\/ul><\/div><div class=\"tab-pane fade fusion-clearfix in active\" role=\"tabpanel\" tabindex=\"0\" aria-labelledby=\"fusion-tab-g\u00e9r\u00e9debase\" id=\"tab-caef852b9157ffb606d\">\n<p>Le service Managed Basic de RJR comprend l&#8217;administration et la maintenance de votre produit, pour vous assurer qu&#8217;il fonctionne de mani\u00e8re transparente \u00e0 son niveau de performance de base.<\/p>\n<\/div><div class=\"nav fusion-mobile-tab-nav\"><ul class=\"nav-tabs nav-justified\" role=\"tablist\"><li role=\"presentation\"><a class=\"tab-link\" data-toggle=\"tab\" role=\"tab\" aria-controls=\"tab-90d8ce0a43a4147169d\" aria-selected=\"false\" tabindex=\"-1\" id=\"mobile-fusion-tab-g\u00e9r\u00e9plus\" href=\"#tab-90d8ce0a43a4147169d\"><h4 class=\"fusion-tab-heading\"><i class=\"fontawesome-icon fa-check fas\" aria-hidden=\"true\" style=\"font-size:13px;\"><\/i>G\u00e9r\u00e9 plus<\/h4><\/a><\/li><\/ul><\/div><div class=\"tab-pane fade fusion-clearfix\" role=\"tabpanel\" tabindex=\"0\" aria-labelledby=\"fusion-tab-g\u00e9r\u00e9plus\" id=\"tab-90d8ce0a43a4147169d\">\n<p>Le service Managed Plus de RJR comprend non seulement l&#8217;administration et la maintenance de votre produit, mais inclut la gestion de vos demandes, des fonctionnalit\u00e9s ajout\u00e9es et des fonctionnalit\u00e9s \u00e9tendues \u00e0 son niveau de performance sup\u00e9rieur.<\/p>\n<\/div><div class=\"nav fusion-mobile-tab-nav\"><ul class=\"nav-tabs nav-justified\" role=\"tablist\"><li role=\"presentation\"><a class=\"tab-link\" data-toggle=\"tab\" role=\"tab\" aria-controls=\"tab-df82d001a7850429a1d\" aria-selected=\"false\" tabindex=\"-1\" id=\"mobile-fusion-tab-primeg\u00e9r\u00e9e\" href=\"#tab-df82d001a7850429a1d\"><h4 class=\"fusion-tab-heading\"><i class=\"fontawesome-icon fa-check fas\" aria-hidden=\"true\" style=\"font-size:13px;\"><\/i>Prime g\u00e9r\u00e9e<\/h4><\/a><\/li><\/ul><\/div><div class=\"tab-pane fade fusion-clearfix\" role=\"tabpanel\" tabindex=\"0\" aria-labelledby=\"fusion-tab-primeg\u00e9r\u00e9e\" id=\"tab-df82d001a7850429a1d\">\n<p>Le service Managed Premium de RJR comprend non seulement l&#8217;administration et la maintenance de votre produit, mais inclut la gestion de vos demandes, des fonctionnalit\u00e9s ajout\u00e9es et des fonctionnalit\u00e9s \u00e9tendues \u00e0 son niveau de performance premium.<\/p>\n<p>Pour plus d&#8217;informations sur les niveaux de service de RJR, veuillez t\u00e9l\u00e9charger notre brochure sur les services g\u00e9r\u00e9s ou contacter RJR Innovations \u00e0 services@rjrinnovations.com pour cr\u00e9er une offre de services g\u00e9r\u00e9s qui r\u00e9pond le mieux \u00e0 vos besoins ind\u00e9pendants.<\/p>\n<\/div><\/div><\/div><div class=\"fusion-clearfix\"><\/div><\/div><\/div><\/div><\/div><\/p>\n","protected":false},"excerpt":{"rendered":"","protected":false},"author":26,"featured_media":0,"parent":0,"menu_order":0,"comment_status":"closed","ping_status":"open","template":"100-width.php","meta":{"footnotes":""},"class_list":["post-33388","page","type-page","status-publish","hentry"],"yoast_head":"<!-- This site is optimized with the Yoast SEO plugin v27.3 - https:\/\/yoast.com\/product\/yoast-seo-wordpress\/ -->\n<title>Managed Services - RJR Innovations<\/title>\n<meta name=\"description\" content=\"RJR\u2019s Managed Services removes your organization\u2019s requirement to commit internal resources.\" \/>\n<meta name=\"robots\" content=\"index, follow, max-snippet:-1, max-image-preview:large, max-video-preview:-1\" \/>\n<link rel=\"canonical\" href=\"https:\/\/www.rjrinnovations.com\/fr\/services-geres\/\" \/>\n<meta property=\"og:locale\" content=\"fr_FR\" \/>\n<meta property=\"og:type\" content=\"article\" \/>\n<meta property=\"og:title\" content=\"Managed Services - RJR Innovations\" \/>\n<meta property=\"og:description\" content=\"RJR\u2019s Managed Services removes your organization\u2019s requirement to commit internal resources.\" \/>\n<meta property=\"og:url\" content=\"https:\/\/www.rjrinnovations.com\/fr\/services-geres\/\" \/>\n<meta property=\"og:site_name\" content=\"RJR Innovations\" \/>\n<meta property=\"article:publisher\" content=\"https:\/\/www.facebook.com\/RJR-Innovations-107107129324171\/\" \/>\n<meta property=\"article:modified_time\" content=\"2020-08-07T12:33:27+00:00\" \/>\n<meta property=\"og:image\" content=\"https:\/\/www.rjrinnovations.com\/wp-content\/uploads\/2020\/08\/pexels-lukas-669615.jpg\" \/>\n\t<meta property=\"og:image:width\" content=\"640\" \/>\n\t<meta property=\"og:image:height\" content=\"423\" \/>\n\t<meta property=\"og:image:type\" content=\"image\/jpeg\" \/>\n<meta name=\"twitter:card\" content=\"summary_large_image\" \/>\n<meta name=\"twitter:site\" content=\"@RJRInnovations\" \/>\n<script type=\"application\/ld+json\" class=\"yoast-schema-graph\">{\"@context\":\"https:\\\/\\\/schema.org\",\"@graph\":[{\"@type\":\"WebPage\",\"@id\":\"https:\\\/\\\/www.rjrinnovations.com\\\/fr\\\/services-geres\\\/\",\"url\":\"https:\\\/\\\/www.rjrinnovations.com\\\/fr\\\/services-geres\\\/\",\"name\":\"Managed Services - RJR Innovations\",\"isPartOf\":{\"@id\":\"https:\\\/\\\/www.rjrinnovations.com\\\/#website\"},\"primaryImageOfPage\":{\"@id\":\"https:\\\/\\\/www.rjrinnovations.com\\\/fr\\\/services-geres\\\/#primaryimage\"},\"image\":{\"@id\":\"https:\\\/\\\/www.rjrinnovations.com\\\/fr\\\/services-geres\\\/#primaryimage\"},\"thumbnailUrl\":\"https:\\\/\\\/rjrinnovations.com\\\/wp-content\\\/uploads\\\/2020\\\/08\\\/pexels-lukas-669615.jpg\",\"datePublished\":\"2015-02-26T19:06:24+00:00\",\"dateModified\":\"2020-08-07T12:33:27+00:00\",\"description\":\"RJR\u2019s Managed Services removes your organization\u2019s requirement to commit internal resources.\",\"breadcrumb\":{\"@id\":\"https:\\\/\\\/www.rjrinnovations.com\\\/fr\\\/services-geres\\\/#breadcrumb\"},\"inLanguage\":\"fr-FR\",\"potentialAction\":[{\"@type\":\"ReadAction\",\"target\":[\"https:\\\/\\\/www.rjrinnovations.com\\\/fr\\\/services-geres\\\/\"]}]},{\"@type\":\"ImageObject\",\"inLanguage\":\"fr-FR\",\"@id\":\"https:\\\/\\\/www.rjrinnovations.com\\\/fr\\\/services-geres\\\/#primaryimage\",\"url\":\"https:\\\/\\\/rjrinnovations.com\\\/wp-content\\\/uploads\\\/2020\\\/08\\\/pexels-lukas-669615.jpg\",\"contentUrl\":\"https:\\\/\\\/rjrinnovations.com\\\/wp-content\\\/uploads\\\/2020\\\/08\\\/pexels-lukas-669615.jpg\"},{\"@type\":\"BreadcrumbList\",\"@id\":\"https:\\\/\\\/www.rjrinnovations.com\\\/fr\\\/services-geres\\\/#breadcrumb\",\"itemListElement\":[{\"@type\":\"ListItem\",\"position\":1,\"name\":\"Home\",\"item\":\"https:\\\/\\\/www.rjrinnovations.com\\\/fr\\\/\"},{\"@type\":\"ListItem\",\"position\":2,\"name\":\"Services g\u00e9r\u00e9s\"}]},{\"@type\":\"WebSite\",\"@id\":\"https:\\\/\\\/www.rjrinnovations.com\\\/#website\",\"url\":\"https:\\\/\\\/www.rjrinnovations.com\\\/\",\"name\":\"RJR Innovations\",\"description\":\"Connect your business... All of IT\",\"publisher\":{\"@id\":\"https:\\\/\\\/www.rjrinnovations.com\\\/#organization\"},\"potentialAction\":[{\"@type\":\"SearchAction\",\"target\":{\"@type\":\"EntryPoint\",\"urlTemplate\":\"https:\\\/\\\/www.rjrinnovations.com\\\/?s={search_term_string}\"},\"query-input\":{\"@type\":\"PropertyValueSpecification\",\"valueRequired\":true,\"valueName\":\"search_term_string\"}}],\"inLanguage\":\"fr-FR\"},{\"@type\":\"Organization\",\"@id\":\"https:\\\/\\\/www.rjrinnovations.com\\\/#organization\",\"name\":\"RJR Innovations\",\"url\":\"https:\\\/\\\/www.rjrinnovations.com\\\/\",\"logo\":{\"@type\":\"ImageObject\",\"inLanguage\":\"fr-FR\",\"@id\":\"https:\\\/\\\/www.rjrinnovations.com\\\/#\\\/schema\\\/logo\\\/image\\\/\",\"url\":\"https:\\\/\\\/www.rjrinnovations.com\\\/wp-content\\\/uploads\\\/2015\\\/07\\\/RJR_Logo_Blue_Text_400x263.png\",\"contentUrl\":\"https:\\\/\\\/www.rjrinnovations.com\\\/wp-content\\\/uploads\\\/2015\\\/07\\\/RJR_Logo_Blue_Text_400x263.png\",\"width\":400,\"height\":237,\"caption\":\"RJR Innovations\"},\"image\":{\"@id\":\"https:\\\/\\\/www.rjrinnovations.com\\\/#\\\/schema\\\/logo\\\/image\\\/\"},\"sameAs\":[\"https:\\\/\\\/www.facebook.com\\\/RJR-Innovations-107107129324171\\\/\",\"https:\\\/\\\/x.com\\\/RJRInnovations\",\"https:\\\/\\\/www.linkedin.com\\\/company\\\/rjr-innovations\",\"https:\\\/\\\/www.youtube.com\\\/user\\\/RJRInnovations\"]}]}<\/script>\n<!-- \/ Yoast SEO plugin. -->","yoast_head_json":{"title":"Managed Services - RJR Innovations","description":"RJR\u2019s Managed Services removes your organization\u2019s requirement to commit internal resources.","robots":{"index":"index","follow":"follow","max-snippet":"max-snippet:-1","max-image-preview":"max-image-preview:large","max-video-preview":"max-video-preview:-1"},"canonical":"https:\/\/www.rjrinnovations.com\/fr\/services-geres\/","og_locale":"fr_FR","og_type":"article","og_title":"Managed Services - RJR Innovations","og_description":"RJR\u2019s Managed Services removes your organization\u2019s requirement to commit internal resources.","og_url":"https:\/\/www.rjrinnovations.com\/fr\/services-geres\/","og_site_name":"RJR Innovations","article_publisher":"https:\/\/www.facebook.com\/RJR-Innovations-107107129324171\/","article_modified_time":"2020-08-07T12:33:27+00:00","og_image":[{"width":640,"height":423,"url":"https:\/\/www.rjrinnovations.com\/wp-content\/uploads\/2020\/08\/pexels-lukas-669615.jpg","type":"image\/jpeg"}],"twitter_card":"summary_large_image","twitter_site":"@RJRInnovations","schema":{"@context":"https:\/\/schema.org","@graph":[{"@type":"WebPage","@id":"https:\/\/www.rjrinnovations.com\/fr\/services-geres\/","url":"https:\/\/www.rjrinnovations.com\/fr\/services-geres\/","name":"Managed Services - RJR Innovations","isPartOf":{"@id":"https:\/\/www.rjrinnovations.com\/#website"},"primaryImageOfPage":{"@id":"https:\/\/www.rjrinnovations.com\/fr\/services-geres\/#primaryimage"},"image":{"@id":"https:\/\/www.rjrinnovations.com\/fr\/services-geres\/#primaryimage"},"thumbnailUrl":"https:\/\/rjrinnovations.com\/wp-content\/uploads\/2020\/08\/pexels-lukas-669615.jpg","datePublished":"2015-02-26T19:06:24+00:00","dateModified":"2020-08-07T12:33:27+00:00","description":"RJR\u2019s Managed Services removes your organization\u2019s requirement to commit internal resources.","breadcrumb":{"@id":"https:\/\/www.rjrinnovations.com\/fr\/services-geres\/#breadcrumb"},"inLanguage":"fr-FR","potentialAction":[{"@type":"ReadAction","target":["https:\/\/www.rjrinnovations.com\/fr\/services-geres\/"]}]},{"@type":"ImageObject","inLanguage":"fr-FR","@id":"https:\/\/www.rjrinnovations.com\/fr\/services-geres\/#primaryimage","url":"https:\/\/rjrinnovations.com\/wp-content\/uploads\/2020\/08\/pexels-lukas-669615.jpg","contentUrl":"https:\/\/rjrinnovations.com\/wp-content\/uploads\/2020\/08\/pexels-lukas-669615.jpg"},{"@type":"BreadcrumbList","@id":"https:\/\/www.rjrinnovations.com\/fr\/services-geres\/#breadcrumb","itemListElement":[{"@type":"ListItem","position":1,"name":"Home","item":"https:\/\/www.rjrinnovations.com\/fr\/"},{"@type":"ListItem","position":2,"name":"Services g\u00e9r\u00e9s"}]},{"@type":"WebSite","@id":"https:\/\/www.rjrinnovations.com\/#website","url":"https:\/\/www.rjrinnovations.com\/","name":"RJR Innovations","description":"Connect your business... All of IT","publisher":{"@id":"https:\/\/www.rjrinnovations.com\/#organization"},"potentialAction":[{"@type":"SearchAction","target":{"@type":"EntryPoint","urlTemplate":"https:\/\/www.rjrinnovations.com\/?s={search_term_string}"},"query-input":{"@type":"PropertyValueSpecification","valueRequired":true,"valueName":"search_term_string"}}],"inLanguage":"fr-FR"},{"@type":"Organization","@id":"https:\/\/www.rjrinnovations.com\/#organization","name":"RJR Innovations","url":"https:\/\/www.rjrinnovations.com\/","logo":{"@type":"ImageObject","inLanguage":"fr-FR","@id":"https:\/\/www.rjrinnovations.com\/#\/schema\/logo\/image\/","url":"https:\/\/www.rjrinnovations.com\/wp-content\/uploads\/2015\/07\/RJR_Logo_Blue_Text_400x263.png","contentUrl":"https:\/\/www.rjrinnovations.com\/wp-content\/uploads\/2015\/07\/RJR_Logo_Blue_Text_400x263.png","width":400,"height":237,"caption":"RJR Innovations"},"image":{"@id":"https:\/\/www.rjrinnovations.com\/#\/schema\/logo\/image\/"},"sameAs":["https:\/\/www.facebook.com\/RJR-Innovations-107107129324171\/","https:\/\/x.com\/RJRInnovations","https:\/\/www.linkedin.com\/company\/rjr-innovations","https:\/\/www.youtube.com\/user\/RJRInnovations"]}]}},"_links":{"self":[{"href":"https:\/\/www.rjrinnovations.com\/fr\/wp-json\/wp\/v2\/pages\/33388","targetHints":{"allow":["GET"]}}],"collection":[{"href":"https:\/\/www.rjrinnovations.com\/fr\/wp-json\/wp\/v2\/pages"}],"about":[{"href":"https:\/\/www.rjrinnovations.com\/fr\/wp-json\/wp\/v2\/types\/page"}],"author":[{"embeddable":true,"href":"https:\/\/www.rjrinnovations.com\/fr\/wp-json\/wp\/v2\/users\/26"}],"replies":[{"embeddable":true,"href":"https:\/\/www.rjrinnovations.com\/fr\/wp-json\/wp\/v2\/comments?post=33388"}],"version-history":[{"count":0,"href":"https:\/\/www.rjrinnovations.com\/fr\/wp-json\/wp\/v2\/pages\/33388\/revisions"}],"wp:attachment":[{"href":"https:\/\/www.rjrinnovations.com\/fr\/wp-json\/wp\/v2\/media?parent=33388"}],"curies":[{"name":"wp","href":"https:\/\/api.w.org\/{rel}","templated":true}]}}