{"id":40556,"date":"2021-04-08T10:11:43","date_gmt":"2021-04-08T14:11:43","guid":{"rendered":"https:\/\/www.rjrinnovations.com\/produits\/agiloft-take-charge-of-your-contract-lifecycle-management\/contract-lifecycle-management-for-procurement\/"},"modified":"2021-04-08T12:00:54","modified_gmt":"2021-04-08T16:00:54","slug":"contract-lifecycle-management-for-procurement","status":"publish","type":"page","link":"https:\/\/www.rjrinnovations.com\/fr\/produits\/agiloft-take-charge-of-your-contract-lifecycle-management\/contract-lifecycle-management-for-procurement\/","title":{"rendered":"Gestion du cycle de vie des contrats pour l&#8217;approvisionnement"},"content":{"rendered":"<div class=\"fusion-fullwidth fullwidth-box fusion-builder-row-1 nonhundred-percent-fullwidth non-hundred-percent-height-scrolling\" style=\"--awb-border-radius-top-left:0px;--awb-border-radius-top-right:0px;--awb-border-radius-bottom-right:0px;--awb-border-radius-bottom-left:0px;--awb-flex-wrap:wrap;\" ><div class=\"fusion-builder-row fusion-row\"><div class=\"fusion-layout-column fusion_builder_column fusion-builder-column-0 fusion_builder_column_1_1 1_1 fusion-one-full fusion-column-first fusion-column-last\" style=\"--awb-bg-size:cover;\"><div class=\"fusion-column-wrapper fusion-flex-column-wrapper-legacy\"><div class=\"fusion-title title fusion-title-1 fusion-sep-none fusion-title-text fusion-title-size-one\"><h1 class=\"fusion-title-heading title-heading-left\" style=\"margin:0;\"><p class=\"title-heading-left\" data-fontsize=\"34\" data-lineheight=\"45\">Gestion du cycle de vie des contrats pour l&#8217;approvisionnement<\/p><\/h1><\/div><div class=\"fusion-text fusion-text-1\"><h2>Aper\u00e7u<\/h2>\n<p>Acc\u00e9l\u00e9rez le processus &#8211; R\u00e9duisez jusqu&#8217;\u00e0 10 fois le temps d&#8217;int\u00e9gration des fournisseurs et des fournisseurs en automatisant les flux de travail tels que la gestion des demandes d&#8217;informations obligatoires.<\/p>\n<h3>Optimisez les achats avec un syst\u00e8me CLM qui fait le gros du travail<\/h3>\n<p>\u00c9tablir la coh\u00e9rence et la gouvernance &#8211; Assurez-vous que chaque contrat est conforme aux normes de l&#8217;entreprise et inclut un langage coh\u00e9rent et appropri\u00e9 avec un r\u00e9f\u00e9rentiel num\u00e9rique, une biblioth\u00e8que de clauses et un moteur de r\u00e8gles m\u00e9tier configurable. Un portail fournisseur s\u00e9curis\u00e9 et bas\u00e9 sur les autorisations facilite les n\u00e9gociations. Obtenez une visibilit\u00e9 sur les opportunit\u00e9s et les risques gr\u00e2ce \u00e0 des rapports personnalis\u00e9s et des alertes automatiques pour les d\u00e9penses, les expirations, la conformit\u00e9, etc.<\/p>\n<\/div><div class=\"fusion-clearfix\"><\/div><\/div><\/div><div class=\"fusion-layout-column fusion_builder_column fusion-builder-column-1 fusion_builder_column_1_3 1_3 fusion-one-third fusion-column-first\" style=\"--awb-bg-size:cover;width:33.333333333333%;width:calc(33.333333333333% - ( ( 4% + 4% ) * 0.33333333333333 ) );margin-right: 4%;\"><div class=\"fusion-column-wrapper fusion-flex-column-wrapper-legacy\"><div class=\"fusion-text fusion-text-2\"><p><img decoding=\"async\" class=\"lazyload aligncenter wp-image-37454 size-full\" src=\"https:\/\/rjrinnovations.com\/wp-content\/uploads\/2020\/08\/Artboard-1Person.png\" data-orig-src=\"https:\/\/rjrinnovations.com\/wp-content\/uploads\/2020\/08\/Artboard-1Person.png\" alt=\"\" width=\"100\" height=\"100\" srcset=\"data:image\/svg+xml,%3Csvg%20xmlns%3D%27http%3A%2F%2Fwww.w3.org%2F2000%2Fsvg%27%20width%3D%27100%27%20height%3D%27100%27%20viewBox%3D%270%200%20100%20100%27%3E%3Crect%20width%3D%27100%27%20height%3D%27100%27%20fill-opacity%3D%220%22%2F%3E%3C%2Fsvg%3E\" data-srcset=\"https:\/\/www.rjrinnovations.com\/wp-content\/uploads\/2020\/08\/Artboard-1Person-66x66.png 66w, https:\/\/www.rjrinnovations.com\/wp-content\/uploads\/2020\/08\/Artboard-1Person.png 100w\" data-sizes=\"auto\" data-orig-sizes=\"(max-width: 100px) 100vw, 100px\" \/><\/p>\n<p style=\"text-align: center;\"><strong><span dir=\"ltr\">Honn\u00eatet\u00e9, int\u00e9grit\u00e9 et respect.Responsabilit\u00e9.Focalisation client.Am\u00e9lioration continue.<\/span><\/strong><\/p>\n<\/div><div class=\"fusion-clearfix\"><\/div><\/div><\/div><div class=\"fusion-layout-column fusion_builder_column fusion-builder-column-2 fusion_builder_column_1_3 1_3 fusion-one-third\" style=\"--awb-bg-size:cover;width:33.333333333333%;width:calc(33.333333333333% - ( ( 4% + 4% ) * 0.33333333333333 ) );margin-right: 4%;\"><div class=\"fusion-column-wrapper fusion-flex-column-wrapper-legacy\"><div class=\"fusion-text fusion-text-3\"><p><img decoding=\"async\" class=\"lazyload aligncenter wp-image-37442 size-full\" src=\"data:image\/svg+xml,%3Csvg%20xmlns%3D%27http%3A%2F%2Fwww.w3.org%2F2000%2Fsvg%27%20width%3D%27100%27%20height%3D%27100%27%20viewBox%3D%270%200%20100%20100%27%3E%3Crect%20width%3D%27100%27%20height%3D%27100%27%20fill-opacity%3D%220%22%2F%3E%3C%2Fsvg%3E\" data-orig-src=\"https:\/\/rjrinnovations.com\/wp-content\/uploads\/2020\/08\/Artboard-1Tools.png\" alt=\"\" width=\"100\" height=\"100\" \/><\/p>\n<p style=\"text-align: center;\"><strong><span dir=\"ltr\">Nous fournissons des solutions d&#8217;affaires flexibles qui aident les clients \u00e0 \u00e9voluer et \u00e0 s&#8217;adapter rapidement.<\/span><\/strong><\/p>\n<\/div><div class=\"fusion-clearfix\"><\/div><\/div><\/div><div class=\"fusion-layout-column fusion_builder_column fusion-builder-column-3 fusion_builder_column_1_3 1_3 fusion-one-third fusion-column-last\" style=\"--awb-bg-size:cover;width:33.333333333333%;width:calc(33.333333333333% - ( ( 4% + 4% ) * 0.33333333333333 ) );\"><div class=\"fusion-column-wrapper fusion-flex-column-wrapper-legacy\"><div class=\"fusion-text fusion-text-4\"><p><img decoding=\"async\" class=\"lazyload aligncenter wp-image-37445 size-full\" src=\"https:\/\/rjrinnovations.com\/wp-content\/uploads\/2020\/08\/Artboard-1Database.png\" data-orig-src=\"https:\/\/rjrinnovations.com\/wp-content\/uploads\/2020\/08\/Artboard-1Database.png\" alt=\"\" width=\"100\" height=\"100\" srcset=\"data:image\/svg+xml,%3Csvg%20xmlns%3D%27http%3A%2F%2Fwww.w3.org%2F2000%2Fsvg%27%20width%3D%27100%27%20height%3D%27100%27%20viewBox%3D%270%200%20100%20100%27%3E%3Crect%20width%3D%27100%27%20height%3D%27100%27%20fill-opacity%3D%220%22%2F%3E%3C%2Fsvg%3E\" data-srcset=\"https:\/\/www.rjrinnovations.com\/wp-content\/uploads\/2020\/08\/Artboard-1Database-66x66.png 66w, https:\/\/www.rjrinnovations.com\/wp-content\/uploads\/2020\/08\/Artboard-1Database.png 100w\" data-sizes=\"auto\" data-orig-sizes=\"(max-width: 100px) 100vw, 100px\" \/><\/p>\n<p style=\"text-align: center;\"><strong><span dir=\"ltr\">En tant que fournisseur de solutions et partenaire de confiance, aidez les organisations \u00e0 devenir plus agiles avec des applications qui fonctionnent comme elles le font.<\/span><\/strong><\/p>\n<\/div><div class=\"fusion-clearfix\"><\/div><\/div><\/div><\/div><\/div>\n","protected":false},"excerpt":{"rendered":"","protected":false},"author":26,"featured_media":0,"parent":40548,"menu_order":0,"comment_status":"closed","ping_status":"closed","template":"","meta":{"footnotes":""},"class_list":["post-40556","page","type-page","status-publish","hentry"],"yoast_head":"<!-- This site is optimized with the Yoast SEO plugin v27.3 - https:\/\/yoast.com\/product\/yoast-seo-wordpress\/ -->\n<title>Gestion du cycle de vie des contrats pour l&#039;approvisionnement - RJR Innovations<\/title>\n<meta name=\"robots\" content=\"index, follow, max-snippet:-1, max-image-preview:large, max-video-preview:-1\" \/>\n<link rel=\"canonical\" href=\"https:\/\/www.rjrinnovations.com\/fr\/produits\/agiloft-take-charge-of-your-contract-lifecycle-management\/contract-lifecycle-management-for-procurement\/\" \/>\n<meta property=\"og:locale\" content=\"fr_FR\" \/>\n<meta property=\"og:type\" content=\"article\" \/>\n<meta property=\"og:title\" content=\"Gestion du cycle de vie des contrats pour l&#039;approvisionnement - RJR Innovations\" \/>\n<meta property=\"og:url\" content=\"https:\/\/www.rjrinnovations.com\/fr\/produits\/agiloft-take-charge-of-your-contract-lifecycle-management\/contract-lifecycle-management-for-procurement\/\" \/>\n<meta property=\"og:site_name\" content=\"RJR Innovations\" \/>\n<meta property=\"article:publisher\" content=\"https:\/\/www.facebook.com\/RJR-Innovations-107107129324171\/\" \/>\n<meta property=\"article:modified_time\" content=\"2021-04-08T16:00:54+00:00\" \/>\n<meta property=\"og:image\" content=\"https:\/\/www.rjrinnovations.com\/wp-content\/uploads\/2020\/08\/Artboard-1Person.png\" \/>\n\t<meta property=\"og:image:width\" content=\"100\" \/>\n\t<meta property=\"og:image:height\" content=\"100\" \/>\n\t<meta property=\"og:image:type\" content=\"image\/png\" \/>\n<meta name=\"twitter:card\" content=\"summary_large_image\" \/>\n<meta name=\"twitter:site\" content=\"@RJRInnovations\" \/>\n<script type=\"application\/ld+json\" class=\"yoast-schema-graph\">{\"@context\":\"https:\\\/\\\/schema.org\",\"@graph\":[{\"@type\":\"WebPage\",\"@id\":\"https:\\\/\\\/www.rjrinnovations.com\\\/fr\\\/produits\\\/agiloft-take-charge-of-your-contract-lifecycle-management\\\/contract-lifecycle-management-for-procurement\\\/\",\"url\":\"https:\\\/\\\/www.rjrinnovations.com\\\/fr\\\/produits\\\/agiloft-take-charge-of-your-contract-lifecycle-management\\\/contract-lifecycle-management-for-procurement\\\/\",\"name\":\"Gestion du cycle de vie des contrats pour l'approvisionnement - RJR Innovations\",\"isPartOf\":{\"@id\":\"https:\\\/\\\/www.rjrinnovations.com\\\/#website\"},\"primaryImageOfPage\":{\"@id\":\"https:\\\/\\\/www.rjrinnovations.com\\\/fr\\\/produits\\\/agiloft-take-charge-of-your-contract-lifecycle-management\\\/contract-lifecycle-management-for-procurement\\\/#primaryimage\"},\"image\":{\"@id\":\"https:\\\/\\\/www.rjrinnovations.com\\\/fr\\\/produits\\\/agiloft-take-charge-of-your-contract-lifecycle-management\\\/contract-lifecycle-management-for-procurement\\\/#primaryimage\"},\"thumbnailUrl\":\"https:\\\/\\\/rjrinnovations.com\\\/wp-content\\\/uploads\\\/2020\\\/08\\\/Artboard-1Person.png\",\"datePublished\":\"2021-04-08T14:11:43+00:00\",\"dateModified\":\"2021-04-08T16:00:54+00:00\",\"breadcrumb\":{\"@id\":\"https:\\\/\\\/www.rjrinnovations.com\\\/fr\\\/produits\\\/agiloft-take-charge-of-your-contract-lifecycle-management\\\/contract-lifecycle-management-for-procurement\\\/#breadcrumb\"},\"inLanguage\":\"fr-FR\",\"potentialAction\":[{\"@type\":\"ReadAction\",\"target\":[\"https:\\\/\\\/www.rjrinnovations.com\\\/fr\\\/produits\\\/agiloft-take-charge-of-your-contract-lifecycle-management\\\/contract-lifecycle-management-for-procurement\\\/\"]}]},{\"@type\":\"ImageObject\",\"inLanguage\":\"fr-FR\",\"@id\":\"https:\\\/\\\/www.rjrinnovations.com\\\/fr\\\/produits\\\/agiloft-take-charge-of-your-contract-lifecycle-management\\\/contract-lifecycle-management-for-procurement\\\/#primaryimage\",\"url\":\"https:\\\/\\\/rjrinnovations.com\\\/wp-content\\\/uploads\\\/2020\\\/08\\\/Artboard-1Person.png\",\"contentUrl\":\"https:\\\/\\\/rjrinnovations.com\\\/wp-content\\\/uploads\\\/2020\\\/08\\\/Artboard-1Person.png\"},{\"@type\":\"BreadcrumbList\",\"@id\":\"https:\\\/\\\/www.rjrinnovations.com\\\/fr\\\/produits\\\/agiloft-take-charge-of-your-contract-lifecycle-management\\\/contract-lifecycle-management-for-procurement\\\/#breadcrumb\",\"itemListElement\":[{\"@type\":\"ListItem\",\"position\":1,\"name\":\"Home\",\"item\":\"https:\\\/\\\/www.rjrinnovations.com\\\/fr\\\/\"},{\"@type\":\"ListItem\",\"position\":2,\"name\":\"Produits\",\"item\":\"https:\\\/\\\/www.rjrinnovations.com\\\/fr\\\/produits\\\/\"},{\"@type\":\"ListItem\",\"position\":3,\"name\":\"Agiloft prend en charge la gestion du cycle de vie de vos contrats\",\"item\":\"https:\\\/\\\/www.rjrinnovations.com\\\/fr\\\/produits\\\/agiloft-take-charge-of-your-contract-lifecycle-management\\\/\"},{\"@type\":\"ListItem\",\"position\":4,\"name\":\"Gestion du cycle de vie des contrats pour l&#8217;approvisionnement\"}]},{\"@type\":\"WebSite\",\"@id\":\"https:\\\/\\\/www.rjrinnovations.com\\\/#website\",\"url\":\"https:\\\/\\\/www.rjrinnovations.com\\\/\",\"name\":\"RJR Innovations\",\"description\":\"Connect your business... All of IT\",\"publisher\":{\"@id\":\"https:\\\/\\\/www.rjrinnovations.com\\\/#organization\"},\"potentialAction\":[{\"@type\":\"SearchAction\",\"target\":{\"@type\":\"EntryPoint\",\"urlTemplate\":\"https:\\\/\\\/www.rjrinnovations.com\\\/?s={search_term_string}\"},\"query-input\":{\"@type\":\"PropertyValueSpecification\",\"valueRequired\":true,\"valueName\":\"search_term_string\"}}],\"inLanguage\":\"fr-FR\"},{\"@type\":\"Organization\",\"@id\":\"https:\\\/\\\/www.rjrinnovations.com\\\/#organization\",\"name\":\"RJR Innovations\",\"url\":\"https:\\\/\\\/www.rjrinnovations.com\\\/\",\"logo\":{\"@type\":\"ImageObject\",\"inLanguage\":\"fr-FR\",\"@id\":\"https:\\\/\\\/www.rjrinnovations.com\\\/#\\\/schema\\\/logo\\\/image\\\/\",\"url\":\"https:\\\/\\\/www.rjrinnovations.com\\\/wp-content\\\/uploads\\\/2015\\\/07\\\/RJR_Logo_Blue_Text_400x263.png\",\"contentUrl\":\"https:\\\/\\\/www.rjrinnovations.com\\\/wp-content\\\/uploads\\\/2015\\\/07\\\/RJR_Logo_Blue_Text_400x263.png\",\"width\":400,\"height\":237,\"caption\":\"RJR Innovations\"},\"image\":{\"@id\":\"https:\\\/\\\/www.rjrinnovations.com\\\/#\\\/schema\\\/logo\\\/image\\\/\"},\"sameAs\":[\"https:\\\/\\\/www.facebook.com\\\/RJR-Innovations-107107129324171\\\/\",\"https:\\\/\\\/x.com\\\/RJRInnovations\",\"https:\\\/\\\/www.linkedin.com\\\/company\\\/rjr-innovations\",\"https:\\\/\\\/www.youtube.com\\\/user\\\/RJRInnovations\"]}]}<\/script>\n<!-- \/ Yoast SEO plugin. -->","yoast_head_json":{"title":"Gestion du cycle de vie des contrats pour l'approvisionnement - RJR Innovations","robots":{"index":"index","follow":"follow","max-snippet":"max-snippet:-1","max-image-preview":"max-image-preview:large","max-video-preview":"max-video-preview:-1"},"canonical":"https:\/\/www.rjrinnovations.com\/fr\/produits\/agiloft-take-charge-of-your-contract-lifecycle-management\/contract-lifecycle-management-for-procurement\/","og_locale":"fr_FR","og_type":"article","og_title":"Gestion du cycle de vie des contrats pour l'approvisionnement - RJR Innovations","og_url":"https:\/\/www.rjrinnovations.com\/fr\/produits\/agiloft-take-charge-of-your-contract-lifecycle-management\/contract-lifecycle-management-for-procurement\/","og_site_name":"RJR Innovations","article_publisher":"https:\/\/www.facebook.com\/RJR-Innovations-107107129324171\/","article_modified_time":"2021-04-08T16:00:54+00:00","og_image":[{"width":100,"height":100,"url":"https:\/\/www.rjrinnovations.com\/wp-content\/uploads\/2020\/08\/Artboard-1Person.png","type":"image\/png"}],"twitter_card":"summary_large_image","twitter_site":"@RJRInnovations","schema":{"@context":"https:\/\/schema.org","@graph":[{"@type":"WebPage","@id":"https:\/\/www.rjrinnovations.com\/fr\/produits\/agiloft-take-charge-of-your-contract-lifecycle-management\/contract-lifecycle-management-for-procurement\/","url":"https:\/\/www.rjrinnovations.com\/fr\/produits\/agiloft-take-charge-of-your-contract-lifecycle-management\/contract-lifecycle-management-for-procurement\/","name":"Gestion du cycle de vie des contrats pour l'approvisionnement - RJR Innovations","isPartOf":{"@id":"https:\/\/www.rjrinnovations.com\/#website"},"primaryImageOfPage":{"@id":"https:\/\/www.rjrinnovations.com\/fr\/produits\/agiloft-take-charge-of-your-contract-lifecycle-management\/contract-lifecycle-management-for-procurement\/#primaryimage"},"image":{"@id":"https:\/\/www.rjrinnovations.com\/fr\/produits\/agiloft-take-charge-of-your-contract-lifecycle-management\/contract-lifecycle-management-for-procurement\/#primaryimage"},"thumbnailUrl":"https:\/\/rjrinnovations.com\/wp-content\/uploads\/2020\/08\/Artboard-1Person.png","datePublished":"2021-04-08T14:11:43+00:00","dateModified":"2021-04-08T16:00:54+00:00","breadcrumb":{"@id":"https:\/\/www.rjrinnovations.com\/fr\/produits\/agiloft-take-charge-of-your-contract-lifecycle-management\/contract-lifecycle-management-for-procurement\/#breadcrumb"},"inLanguage":"fr-FR","potentialAction":[{"@type":"ReadAction","target":["https:\/\/www.rjrinnovations.com\/fr\/produits\/agiloft-take-charge-of-your-contract-lifecycle-management\/contract-lifecycle-management-for-procurement\/"]}]},{"@type":"ImageObject","inLanguage":"fr-FR","@id":"https:\/\/www.rjrinnovations.com\/fr\/produits\/agiloft-take-charge-of-your-contract-lifecycle-management\/contract-lifecycle-management-for-procurement\/#primaryimage","url":"https:\/\/rjrinnovations.com\/wp-content\/uploads\/2020\/08\/Artboard-1Person.png","contentUrl":"https:\/\/rjrinnovations.com\/wp-content\/uploads\/2020\/08\/Artboard-1Person.png"},{"@type":"BreadcrumbList","@id":"https:\/\/www.rjrinnovations.com\/fr\/produits\/agiloft-take-charge-of-your-contract-lifecycle-management\/contract-lifecycle-management-for-procurement\/#breadcrumb","itemListElement":[{"@type":"ListItem","position":1,"name":"Home","item":"https:\/\/www.rjrinnovations.com\/fr\/"},{"@type":"ListItem","position":2,"name":"Produits","item":"https:\/\/www.rjrinnovations.com\/fr\/produits\/"},{"@type":"ListItem","position":3,"name":"Agiloft prend en charge la gestion du cycle de vie de vos contrats","item":"https:\/\/www.rjrinnovations.com\/fr\/produits\/agiloft-take-charge-of-your-contract-lifecycle-management\/"},{"@type":"ListItem","position":4,"name":"Gestion du cycle de vie des contrats pour l&#8217;approvisionnement"}]},{"@type":"WebSite","@id":"https:\/\/www.rjrinnovations.com\/#website","url":"https:\/\/www.rjrinnovations.com\/","name":"RJR Innovations","description":"Connect your business... All of IT","publisher":{"@id":"https:\/\/www.rjrinnovations.com\/#organization"},"potentialAction":[{"@type":"SearchAction","target":{"@type":"EntryPoint","urlTemplate":"https:\/\/www.rjrinnovations.com\/?s={search_term_string}"},"query-input":{"@type":"PropertyValueSpecification","valueRequired":true,"valueName":"search_term_string"}}],"inLanguage":"fr-FR"},{"@type":"Organization","@id":"https:\/\/www.rjrinnovations.com\/#organization","name":"RJR Innovations","url":"https:\/\/www.rjrinnovations.com\/","logo":{"@type":"ImageObject","inLanguage":"fr-FR","@id":"https:\/\/www.rjrinnovations.com\/#\/schema\/logo\/image\/","url":"https:\/\/www.rjrinnovations.com\/wp-content\/uploads\/2015\/07\/RJR_Logo_Blue_Text_400x263.png","contentUrl":"https:\/\/www.rjrinnovations.com\/wp-content\/uploads\/2015\/07\/RJR_Logo_Blue_Text_400x263.png","width":400,"height":237,"caption":"RJR Innovations"},"image":{"@id":"https:\/\/www.rjrinnovations.com\/#\/schema\/logo\/image\/"},"sameAs":["https:\/\/www.facebook.com\/RJR-Innovations-107107129324171\/","https:\/\/x.com\/RJRInnovations","https:\/\/www.linkedin.com\/company\/rjr-innovations","https:\/\/www.youtube.com\/user\/RJRInnovations"]}]}},"_links":{"self":[{"href":"https:\/\/www.rjrinnovations.com\/fr\/wp-json\/wp\/v2\/pages\/40556","targetHints":{"allow":["GET"]}}],"collection":[{"href":"https:\/\/www.rjrinnovations.com\/fr\/wp-json\/wp\/v2\/pages"}],"about":[{"href":"https:\/\/www.rjrinnovations.com\/fr\/wp-json\/wp\/v2\/types\/page"}],"author":[{"embeddable":true,"href":"https:\/\/www.rjrinnovations.com\/fr\/wp-json\/wp\/v2\/users\/26"}],"replies":[{"embeddable":true,"href":"https:\/\/www.rjrinnovations.com\/fr\/wp-json\/wp\/v2\/comments?post=40556"}],"version-history":[{"count":0,"href":"https:\/\/www.rjrinnovations.com\/fr\/wp-json\/wp\/v2\/pages\/40556\/revisions"}],"up":[{"embeddable":true,"href":"https:\/\/www.rjrinnovations.com\/fr\/wp-json\/wp\/v2\/pages\/40548"}],"wp:attachment":[{"href":"https:\/\/www.rjrinnovations.com\/fr\/wp-json\/wp\/v2\/media?parent=40556"}],"curies":[{"name":"wp","href":"https:\/\/api.w.org\/{rel}","templated":true}]}}